{"id":12538,"date":"2021-05-31T11:43:38","date_gmt":"2021-05-31T09:43:38","guid":{"rendered":"https:\/\/www.comagricola.com\/?page_id=12538"},"modified":"2021-06-16T17:46:48","modified_gmt":"2021-06-16T15:46:48","slug":"saatgut","status":"publish","type":"page","link":"https:\/\/www.comagricola.com\/de\/saatgut\/","title":{"rendered":"Saatgut"},"content":{"rendered":"[vc_section full_width=&#8221;stretch_row&#8221; el_id=&#8221;sementi&#8221; css=&#8221;.vc_custom_1613512527970{padding-bottom: 90px !important;background-image: url(https:\/\/www.comagricola.com\/wp-content\/uploads\/2021\/01\/sementi-1.jpg?id=10963) !important;}&#8221;][vc_row full_width=&#8221;stretch_row&#8221; css=&#8221;.vc_custom_1611075546358{background-image: url(https:\/\/www.comagricola.com\/wp-content\/uploads\/2021\/01\/seeds.svg?id=11234) !important;}&#8221; el_id=&#8221;titolo_sementi&#8221;][vc_column width=&#8221;7\/12&#8243;][vc_custom_heading text=&#8221;Pure quality blending, since 1977&#8243; font_container=&#8221;tag:h2|font_size:40px|text_align:left&#8221; google_fonts=&#8221;font_family:Ubuntu%3A300%2C300italic%2Cregular%2Citalic%2C500%2C500italic%2C700%2C700italic|font_style:700%20bold%20regular%3A700%3Anormal&#8221;][\/vc_column][vc_column width=&#8221;5\/12&#8243;][\/vc_column][\/vc_row][vc_row el_id=&#8221;perche&#8221;][vc_column][vc_text_separator title=&#8221;Sieben Gr\u00fcnde, sich f\u00fcr<br \/>\nGREEN EUROPE Comagricola zu entscheiden&#8221; i_icon_fontawesome=&#8221;fab fa-pagelines&#8221; title_align=&#8221;separator_align_left&#8221; add_icon=&#8221;true&#8221;][\/vc_column][\/vc_row][vc_row gap=&#8221;30&#8243; equal_height=&#8221;yes&#8221; content_placement=&#8221;top&#8221;][vc_column width=&#8221;1\/3&#8243; css=&#8221;.vc_custom_1610753659108{margin-bottom: 30px !important;}&#8221; el_class=&#8221;box_sementi&#8221;][vc_icon icon_fontawesome=&#8221;fas fa-history&#8221; css=&#8221;.vc_custom_1610729065266{margin-bottom: 10px !important;}&#8221;][vc_column_text]\n<h3>ERFAHRUNG<\/h3>\n[\/vc_column_text][vc_column_text css=&#8221;.vc_custom_1622453819638{margin-bottom: 10px !important;}&#8221;]Green Europe Comagricola ist eine der angesehensten Marken im italienischen Saatgutsektor und verf\u00fcgt \u00fcber mehr als 45 Jahre Erfahrung und Wissen \u00fcber Rollrasen.[\/vc_column_text][\/vc_column][vc_column width=&#8221;1\/3&#8243; css=&#8221;.vc_custom_1610753999623{margin-bottom: 30px !important;}&#8221; el_class=&#8221;box_sementi&#8221;][vc_icon icon_fontawesome=&#8221;fas fa-crown&#8221; css=&#8221;.vc_custom_1610729467923{margin-bottom: 10px !important;}&#8221;][vc_column_text]\n<h3>QUALIT\u00c4T<\/h3>\n[\/vc_column_text][vc_column_text css=&#8221;.vc_custom_1622453851086{margin-bottom: 10px !important;}&#8221;]Die Qualit\u00e4t unseres Saatguts ist un\u00fcbertroffen. Wir haben schon immer Saatgut mit sehr hoher Keimf\u00e4higkeit und Reinheit angeboten. Wir wissen, dass die Qualit\u00e4t des Saatguts entscheidend ist, daher sind Kompromisse keine Option.[\/vc_column_text][\/vc_column][vc_column width=&#8221;1\/3&#8243; css=&#8221;.vc_custom_1610754011063{margin-bottom: 30px !important;}&#8221; el_class=&#8221;box_sementi&#8221;][vc_icon icon_fontawesome=&#8221;fas fa-trophy&#8221; css=&#8221;.vc_custom_1610729265239{margin-bottom: 10px !important;}&#8221;][vc_column_text]\n<h3>EXZELLENZ<\/h3>\n[\/vc_column_text][vc_column_text css=&#8221;.vc_custom_1622453864044{margin-bottom: 10px !important;}&#8221;]Unser Produktportfolio ist un\u00fcbertroffen dank bew\u00e4hrter Mischungslinien wie Blue Line und Green Line, die an vielen f\u00fchrenden Standorten in Italien und Europa eingesetzt werden.[\/vc_column_text][\/vc_column][\/vc_row][vc_row gap=&#8221;30&#8243; equal_height=&#8221;yes&#8221; content_placement=&#8221;top&#8221;][vc_column width=&#8221;1\/3&#8243; css=&#8221;.vc_custom_1610754025750{margin-bottom: 30px !important;}&#8221; el_class=&#8221;box_sementi&#8221;][vc_icon icon_fontawesome=&#8221;fas fa-award&#8221; css=&#8221;.vc_custom_1606409763315{margin-bottom: 10px !important;}&#8221;][vc_column_text]\n<h3>SELECTION<\/h3>\n[\/vc_column_text][vc_column_text css=&#8221;.vc_custom_1622453890331{margin-bottom: 10px !important;}&#8221;]Alle von uns vermarkteten Sorten haben einen ausgezeichneten &#8220;Stammbaum&#8221; und wurden aufgrund ihrer F\u00e4higkeit, hochwertige Raseneigenschaften zu liefern, ausgew\u00e4hlt und gez\u00fcchtet[\/vc_column_text][\/vc_column][vc_column width=&#8221;1\/3&#8243; css=&#8221;.vc_custom_1610754036117{margin-bottom: 30px !important;}&#8221; el_class=&#8221;box_sementi&#8221;][vc_icon icon_fontawesome=&#8221;fas fa-leaf&#8221; css=&#8221;.vc_custom_1606409699833{margin-bottom: 10px !important;}&#8221;][vc_column_text]\n<h3>WIDERSTAND<\/h3>\n[\/vc_column_text][vc_column_text css=&#8221;.vc_custom_1622453914107{margin-bottom: 10px !important;}&#8221;]Unsere SAFE SEED-Saatgutbehandlung sorgt f\u00fcr st\u00e4rkere Keimlinge und gibt Ihrem Rasen den bestm\u00f6glichen Start[\/vc_column_text][\/vc_column][vc_column width=&#8221;1\/3&#8243; css=&#8221;.vc_custom_1610754047000{margin-bottom: 30px !important;}&#8221; el_class=&#8221;box_sementi&#8221;][vc_icon icon_fontawesome=&#8221;fas fa-user-friends&#8221; css=&#8221;.vc_custom_1606409720772{margin-bottom: 10px !important;}&#8221;][vc_column_text]\n<h3>BERATUNG<\/h3>\n[\/vc_column_text][vc_column_text css=&#8221;.vc_custom_1622813329708{margin-bottom: 10px !important;}&#8221;]Unser Team von Beratern und autorisierten Distributoren wurde ausgew\u00e4hlt f\u00fcr seine Erfahrung auf dem Gebiet des Rollrasens und ist bestens vorbereitet, um Informationen und technische Beratung zu geben[\/vc_column_text][\/vc_column][\/vc_row][vc_row gap=&#8221;30&#8243; equal_height=&#8221;yes&#8221; content_placement=&#8221;top&#8221; el_class=&#8221;affidabilita&#8221;][vc_column width=&#8221;1\/3&#8243; css=&#8221;.vc_custom_1610754062348{margin-bottom: 30px !important;}&#8221; el_class=&#8221;box_sementi&#8221;][vc_icon icon_fontawesome=&#8221;fas fa-thumbs-up&#8221; css=&#8221;.vc_custom_1607692310875{margin-bottom: 10px !important;}&#8221;][vc_column_text]\n<h3>ZUVERL\u00c4SSIGKEIT<\/h3>\n[\/vc_column_text][vc_column_text css=&#8221;.vc_custom_1622813347522{margin-bottom: 10px !important;}&#8221;]Die Wahl ist also klar: Wenn Sie Qualit\u00e4tsrasen produzieren wollen, muss er mit Green Europa Comagricola[\/vc_column_text][\/vc_column][vc_column width=&#8221;2\/3&#8243; css=&#8221;.vc_custom_1606384972944{margin-bottom: 30px !important;}&#8221;][\/vc_column][\/vc_row][\/vc_section][vc_section full_width=&#8221;stretch_row&#8221; el_id=&#8221;linee_sementi&#8221; css=&#8221;.vc_custom_1613512461776{background-color: #f6f5f1 !important;}&#8221; el_class=&#8221;bg-top-bottom&#8221;][vc_row el_class=&#8221;linea&#8221; el_id=&#8221;blue_line&#8221; css=&#8221;.vc_custom_1610754319660{padding-top: 30px !important;}&#8221;][vc_column width=&#8221;2\/3&#8243;][vc_column_text]\n<h2><strong>BLUE<\/strong> LINE<\/h2>\n<h3>Der Profi-Rasen<\/h3>\n<p>Der Wettbewerb treibt uns zu st\u00e4ndiger Verbesserung an, und nichts ist wahrer, wenn es um den Rasen geht.<br \/>\nBlue Line ist das Ergebnis st\u00e4ndiger Forschung nach den besten auf dem Weltmarkt erh\u00e4ltlichen Sorten und besteht aus f\u00fcnf Mischungen, die f\u00fcr die Anlage von Sportpl\u00e4tzen und hochwertigen Wohng\u00e4rten geeignet sind. Die ausgew\u00e4hlten Sorten haben eine dunkelgr\u00fcne Farbe und hohe Dichte, eine hohe Trockentoleranz und sind resistent gegen Krankheiten, Parasiten und Verschlei\u00df.[\/vc_column_text][vc_btn title=&#8221;Weiterlesen&#8221; style=&#8221;flat&#8221; shape=&#8221;round&#8221; color=&#8221;blue&#8221; link=&#8221;url:https%3A%2F%2Fwww.comagricola.com%2Fde%2Fsaatgut%2Fblue-line%2F|title:Blue%20Line&#8221;][\/vc_column][vc_column width=&#8221;1\/3&#8243;][vc_single_image image=&#8221;10051&#8243; img_size=&#8221;large&#8221; alignment=&#8221;center&#8221;][\/vc_column][\/vc_row][vc_row][vc_column][vc_separator border_width=&#8221;2&#8243;][\/vc_column][\/vc_row][vc_row el_class=&#8221;linea&#8221; el_id=&#8221;green_line&#8221; css=&#8221;.vc_custom_1610754306105{padding-bottom: 60px !important;}&#8221;][vc_column width=&#8221;2\/3&#8243;][vc_column_text]\n<h2><strong>GREEN<\/strong> LINE<\/h2>\n<h3>Der Rasen, unserer Meinung nach<\/h3>\n<p>Bei der Auswahl von Mischungen f\u00fcr die Landschaftsgestaltung ist es wichtig, dass sowohl die Endanwendung als auch das beabsichtigte Pflegesystem ber\u00fccksichtigt werden.<br \/>\nGreen Line wurde entwickelt, um die unterschiedlichsten \u00e4sthetischen und funktionalen Anforderungen zu erf\u00fcllen und dem Endanwender die volle Vorstellungskraft bei der Nutzung der Oberfl\u00e4che zu garantieren resultierend, magisch lebendig und nat\u00fcrlich.[\/vc_column_text][vc_btn title=&#8221;Weiterlesen&#8221; style=&#8221;flat&#8221; shape=&#8221;round&#8221; color=&#8221;blue&#8221; link=&#8221;url:https%3A%2F%2Fwww.comagricola.com%2Fde%2Fsaatgut%2Fgreen-line%2F|title:Green%20Line&#8221;][\/vc_column][vc_column width=&#8221;1\/3&#8243;][vc_single_image image=&#8221;10079&#8243; img_size=&#8221;large&#8221; alignment=&#8221;center&#8221;][\/vc_column][\/vc_row][\/vc_section][vc_section full_width=&#8221;stretch_row&#8221; el_class=&#8221;calltoaction&#8221;][vc_row full_width=&#8221;stretch_row&#8221; css_animation=&#8221;fadeIn&#8221; css=&#8221;.vc_custom_1610752023218{padding-top: 30px !important;padding-bottom: 0px !important;background-image: url(https:\/\/www.comagricola.com\/wp-content\/uploads\/2020\/11\/bg_calltoaction2.gif?id=10241) !important;background-position: center !important;background-repeat: no-repeat !important;background-size: cover !important;}&#8221;][vc_column][vc_cta h2=&#8221;Welches sind die richtigen Samen f\u00fcr Ihren Rasen?&#8221; style=&#8221;flat&#8221; add_button=&#8221;bottom&#8221; btn_title=&#8221;MEHR LERNEN?&#8221; btn_style=&#8221;outline&#8221; btn_shape=&#8221;round&#8221; btn_color=&#8221;white&#8221; btn_size=&#8221;lg&#8221; btn_align=&#8221;right&#8221; btn_i_align=&#8221;right&#8221; btn_i_icon_fontawesome=&#8221;fas fa-angle-right&#8221; btn_add_icon=&#8221;true&#8221; el_class=&#8221;box_calltoaction&#8221; btn_link=&#8221;url:https%3A%2F%2Fwww.comagricola.com%2Fde%2Fdas-richtige-saatgut-fuer-ihren-rasen%2F|title:Le%20sementi%20giuste%20per%20il%20tuo%20prato&#8221;]Wenn Sie m\u00f6chten, dass Ihr Rasen wunderbar aussieht, ist es entscheidend, keine Kompromisse einzugehen, Auswahl und Aussaat der richtigen Mischung.<br \/>\nDiese Auswahl umfasst eine Reihe von wichtigen Merkmalen[\/vc_cta][\/vc_column][\/vc_row][\/vc_section]\n","protected":false},"excerpt":{"rendered":"<p>[vc_section full_width=&#8221;stretch_row&#8221; el_id=&#8221;sementi&#8221; css=&#8221;.vc_custom_1613512527970{padding-bottom: 90px !important;background-image: url(https:\/\/www.comagricola.com\/wp-content\/uploads\/2021\/01\/sementi-1.jpg?id=10963) !important;}&#8221;][vc_row full_width=&#8221;stretch_row&#8221; css=&#8221;.vc_custom_1611075546358{background-image: url(https:\/\/www.comagricola.com\/wp-content\/uploads\/2021\/01\/seeds.svg?id=11234) !important;}&#8221; el_id=&#8221;titolo_sementi&#8221;][vc_column width=&#8221;7\/12&#8243;][vc_custom_heading text=&#8221;Pure quality blending, since 1977&#8243; font_container=&#8221;tag:h2|font_size:40px|text_align:left&#8221; google_fonts=&#8221;font_family:Ubuntu%3A300%2C300italic%2Cregular%2Citalic%2C500%2C500italic%2C700%2C700italic|font_style:700%20bold%20regular%3A700%3Anormal&#8221;][\/vc_column][vc_column width=&#8221;5\/12&#8243;][\/vc_column][\/vc_row][vc_row<\/p>\n","protected":false},"author":1,"featured_media":0,"parent":0,"menu_order":0,"comment_status":"closed","ping_status":"closed","template":"page-templates\/fullwidth.php","meta":{"inline_featured_image":false,"footnotes":""},"class_list":["post-12538","page","type-page","status-publish","hentry"],"yoast_head":"<!-- This site is optimized with the Yoast SEO plugin v25.3.1 - https:\/\/yoast.com\/wordpress\/plugins\/seo\/ -->\n<title>Saatgut - Comagricola Green Europe<\/title>\n<meta name=\"robots\" content=\"index, follow, max-snippet:-1, max-image-preview:large, max-video-preview:-1\" \/>\n<link rel=\"canonical\" href=\"https:\/\/www.comagricola.com\/de\/saatgut\/\" \/>\n<meta property=\"og:locale\" content=\"de_DE\" \/>\n<meta property=\"og:type\" content=\"article\" \/>\n<meta property=\"og:title\" content=\"Saatgut - Comagricola Green Europe\" \/>\n<meta property=\"og:description\" content=\"[vc_section full_width=&#8221;stretch_row&#8221; el_id=&#8221;sementi&#8221; css=&#8221;.vc_custom_1613512527970{padding-bottom: 90px !important;background-image: url(https:\/\/www.comagricola.com\/wp-content\/uploads\/2021\/01\/sementi-1.jpg?id=10963) !important;}&#8221;][vc_row full_width=&#8221;stretch_row&#8221; css=&#8221;.vc_custom_1611075546358{background-image: url(https:\/\/www.comagricola.com\/wp-content\/uploads\/2021\/01\/seeds.svg?id=11234) !important;}&#8221; el_id=&#8221;titolo_sementi&#8221;][vc_column width=&#8221;7\/12&#8243;][vc_custom_heading text=&#8221;Pure quality blending, since 1977&#8243; font_container=&#8221;tag:h2|font_size:40px|text_align:left&#8221; google_fonts=&#8221;font_family:Ubuntu%3A300%2C300italic%2Cregular%2Citalic%2C500%2C500italic%2C700%2C700italic|font_style:700%20bold%20regular%3A700%3Anormal&#8221;][\/vc_column][vc_column width=&#8221;5\/12&#8243;][\/vc_column][\/vc_row][vc_row\" \/>\n<meta property=\"og:url\" content=\"https:\/\/www.comagricola.com\/de\/saatgut\/\" \/>\n<meta property=\"og:site_name\" content=\"Comagricola Green Europe\" \/>\n<meta property=\"article:publisher\" content=\"https:\/\/it-it.facebook.com\/pages\/category\/Company\/Comagricola-Green-Europe-srl-1189465271123595\/\" \/>\n<meta property=\"article:modified_time\" content=\"2021-06-16T15:46:48+00:00\" \/>\n<meta name=\"twitter:card\" content=\"summary_large_image\" \/>\n<meta name=\"twitter:label1\" content=\"Gesch\u00e4tzte Lesezeit\" \/>\n\t<meta name=\"twitter:data1\" content=\"3\u00a0Minuten\" \/>\n<script type=\"application\/ld+json\" class=\"yoast-schema-graph\">{\"@context\":\"https:\/\/schema.org\",\"@graph\":[{\"@type\":\"WebPage\",\"@id\":\"https:\/\/www.comagricola.com\/de\/saatgut\/\",\"url\":\"https:\/\/www.comagricola.com\/de\/saatgut\/\",\"name\":\"Saatgut - Comagricola Green Europe\",\"isPartOf\":{\"@id\":\"https:\/\/www.comagricola.com\/de\/#website\"},\"datePublished\":\"2021-05-31T09:43:38+00:00\",\"dateModified\":\"2021-06-16T15:46:48+00:00\",\"breadcrumb\":{\"@id\":\"https:\/\/www.comagricola.com\/de\/saatgut\/#breadcrumb\"},\"inLanguage\":\"de\",\"potentialAction\":[{\"@type\":\"ReadAction\",\"target\":[\"https:\/\/www.comagricola.com\/de\/saatgut\/\"]}]},{\"@type\":\"BreadcrumbList\",\"@id\":\"https:\/\/www.comagricola.com\/de\/saatgut\/#breadcrumb\",\"itemListElement\":[{\"@type\":\"ListItem\",\"position\":1,\"name\":\"Home\",\"item\":\"https:\/\/www.comagricola.com\/de\/\"},{\"@type\":\"ListItem\",\"position\":2,\"name\":\"Saatgut\"}]},{\"@type\":\"WebSite\",\"@id\":\"https:\/\/www.comagricola.com\/de\/#website\",\"url\":\"https:\/\/www.comagricola.com\/de\/\",\"name\":\"Green Europe Comagricola\",\"description\":\"Semi e Fertilizzanti\",\"publisher\":{\"@id\":\"https:\/\/www.comagricola.com\/de\/#organization\"},\"potentialAction\":[{\"@type\":\"SearchAction\",\"target\":{\"@type\":\"EntryPoint\",\"urlTemplate\":\"https:\/\/www.comagricola.com\/de\/?s={search_term_string}\"},\"query-input\":{\"@type\":\"PropertyValueSpecification\",\"valueRequired\":true,\"valueName\":\"search_term_string\"}}],\"inLanguage\":\"de\"},{\"@type\":\"Organization\",\"@id\":\"https:\/\/www.comagricola.com\/de\/#organization\",\"name\":\"COMAGRICOLA GREEN EUROPE SRL\",\"url\":\"https:\/\/www.comagricola.com\/de\/\",\"logo\":{\"@type\":\"ImageObject\",\"inLanguage\":\"de\",\"@id\":\"https:\/\/www.comagricola.com\/de\/#\/schema\/logo\/image\/\",\"url\":\"https:\/\/www.comagricola.com\/wp-content\/uploads\/2020\/12\/logo-comagricola.svg\",\"contentUrl\":\"https:\/\/www.comagricola.com\/wp-content\/uploads\/2020\/12\/logo-comagricola.svg\",\"width\":\"1024\",\"height\":\"1024\",\"caption\":\"COMAGRICOLA GREEN EUROPE SRL\"},\"image\":{\"@id\":\"https:\/\/www.comagricola.com\/de\/#\/schema\/logo\/image\/\"},\"sameAs\":[\"https:\/\/it-it.facebook.com\/pages\/category\/Company\/Comagricola-Green-Europe-srl-1189465271123595\/\"]}]}<\/script>\n<!-- \/ Yoast SEO plugin. -->","yoast_head_json":{"title":"Saatgut - Comagricola Green Europe","robots":{"index":"index","follow":"follow","max-snippet":"max-snippet:-1","max-image-preview":"max-image-preview:large","max-video-preview":"max-video-preview:-1"},"canonical":"https:\/\/www.comagricola.com\/de\/saatgut\/","og_locale":"de_DE","og_type":"article","og_title":"Saatgut - Comagricola Green Europe","og_description":"[vc_section full_width=&#8221;stretch_row&#8221; el_id=&#8221;sementi&#8221; css=&#8221;.vc_custom_1613512527970{padding-bottom: 90px !important;background-image: url(https:\/\/www.comagricola.com\/wp-content\/uploads\/2021\/01\/sementi-1.jpg?id=10963) !important;}&#8221;][vc_row full_width=&#8221;stretch_row&#8221; css=&#8221;.vc_custom_1611075546358{background-image: url(https:\/\/www.comagricola.com\/wp-content\/uploads\/2021\/01\/seeds.svg?id=11234) !important;}&#8221; el_id=&#8221;titolo_sementi&#8221;][vc_column width=&#8221;7\/12&#8243;][vc_custom_heading text=&#8221;Pure quality blending, since 1977&#8243; font_container=&#8221;tag:h2|font_size:40px|text_align:left&#8221; google_fonts=&#8221;font_family:Ubuntu%3A300%2C300italic%2Cregular%2Citalic%2C500%2C500italic%2C700%2C700italic|font_style:700%20bold%20regular%3A700%3Anormal&#8221;][\/vc_column][vc_column width=&#8221;5\/12&#8243;][\/vc_column][\/vc_row][vc_row","og_url":"https:\/\/www.comagricola.com\/de\/saatgut\/","og_site_name":"Comagricola Green Europe","article_publisher":"https:\/\/it-it.facebook.com\/pages\/category\/Company\/Comagricola-Green-Europe-srl-1189465271123595\/","article_modified_time":"2021-06-16T15:46:48+00:00","twitter_card":"summary_large_image","twitter_misc":{"Gesch\u00e4tzte Lesezeit":"3\u00a0Minuten"},"schema":{"@context":"https:\/\/schema.org","@graph":[{"@type":"WebPage","@id":"https:\/\/www.comagricola.com\/de\/saatgut\/","url":"https:\/\/www.comagricola.com\/de\/saatgut\/","name":"Saatgut - Comagricola Green Europe","isPartOf":{"@id":"https:\/\/www.comagricola.com\/de\/#website"},"datePublished":"2021-05-31T09:43:38+00:00","dateModified":"2021-06-16T15:46:48+00:00","breadcrumb":{"@id":"https:\/\/www.comagricola.com\/de\/saatgut\/#breadcrumb"},"inLanguage":"de","potentialAction":[{"@type":"ReadAction","target":["https:\/\/www.comagricola.com\/de\/saatgut\/"]}]},{"@type":"BreadcrumbList","@id":"https:\/\/www.comagricola.com\/de\/saatgut\/#breadcrumb","itemListElement":[{"@type":"ListItem","position":1,"name":"Home","item":"https:\/\/www.comagricola.com\/de\/"},{"@type":"ListItem","position":2,"name":"Saatgut"}]},{"@type":"WebSite","@id":"https:\/\/www.comagricola.com\/de\/#website","url":"https:\/\/www.comagricola.com\/de\/","name":"Green Europe Comagricola","description":"Semi e Fertilizzanti","publisher":{"@id":"https:\/\/www.comagricola.com\/de\/#organization"},"potentialAction":[{"@type":"SearchAction","target":{"@type":"EntryPoint","urlTemplate":"https:\/\/www.comagricola.com\/de\/?s={search_term_string}"},"query-input":{"@type":"PropertyValueSpecification","valueRequired":true,"valueName":"search_term_string"}}],"inLanguage":"de"},{"@type":"Organization","@id":"https:\/\/www.comagricola.com\/de\/#organization","name":"COMAGRICOLA GREEN EUROPE SRL","url":"https:\/\/www.comagricola.com\/de\/","logo":{"@type":"ImageObject","inLanguage":"de","@id":"https:\/\/www.comagricola.com\/de\/#\/schema\/logo\/image\/","url":"https:\/\/www.comagricola.com\/wp-content\/uploads\/2020\/12\/logo-comagricola.svg","contentUrl":"https:\/\/www.comagricola.com\/wp-content\/uploads\/2020\/12\/logo-comagricola.svg","width":"1024","height":"1024","caption":"COMAGRICOLA GREEN EUROPE SRL"},"image":{"@id":"https:\/\/www.comagricola.com\/de\/#\/schema\/logo\/image\/"},"sameAs":["https:\/\/it-it.facebook.com\/pages\/category\/Company\/Comagricola-Green-Europe-srl-1189465271123595\/"]}]}},"_links":{"self":[{"href":"https:\/\/www.comagricola.com\/de\/wp-json\/wp\/v2\/pages\/12538","targetHints":{"allow":["GET"]}}],"collection":[{"href":"https:\/\/www.comagricola.com\/de\/wp-json\/wp\/v2\/pages"}],"about":[{"href":"https:\/\/www.comagricola.com\/de\/wp-json\/wp\/v2\/types\/page"}],"author":[{"embeddable":true,"href":"https:\/\/www.comagricola.com\/de\/wp-json\/wp\/v2\/users\/1"}],"replies":[{"embeddable":true,"href":"https:\/\/www.comagricola.com\/de\/wp-json\/wp\/v2\/comments?post=12538"}],"version-history":[{"count":5,"href":"https:\/\/www.comagricola.com\/de\/wp-json\/wp\/v2\/pages\/12538\/revisions"}],"predecessor-version":[{"id":12768,"href":"https:\/\/www.comagricola.com\/de\/wp-json\/wp\/v2\/pages\/12538\/revisions\/12768"}],"wp:attachment":[{"href":"https:\/\/www.comagricola.com\/de\/wp-json\/wp\/v2\/media?parent=12538"}],"curies":[{"name":"wp","href":"https:\/\/api.w.org\/{rel}","templated":true}]}}