{"id":12561,"date":"2021-05-31T12:11:02","date_gmt":"2021-05-31T10:11:02","guid":{"rendered":"https:\/\/www.comagricola.com\/?page_id=12561"},"modified":"2021-06-16T17:55:48","modified_gmt":"2021-06-16T15:55:48","slug":"blumenwiese","status":"publish","type":"page","link":"https:\/\/www.comagricola.com\/de\/blumenwiese\/","title":{"rendered":"Blumenwiese"},"content":{"rendered":"[vc_section full_width=&#8221;stretch_row&#8221; el_id=&#8221;pratofiorito&#8221; css=&#8221;.vc_custom_1613513965753{padding-bottom: 0px !important;}&#8221;][vc_row full_width=&#8221;stretch_row&#8221; css=&#8221;.vc_custom_1610845238318{padding-bottom: 30px !important;background-image: url(https:\/\/www.comagricola.com\/wp-content\/uploads\/2020\/12\/flower.svg?id=10660) !important;background-position: center !important;background-repeat: no-repeat !important;background-size: contain !important;}&#8221; el_id=&#8221;titolo_pratofiorito&#8221;][vc_column width=&#8221;2\/3&#8243; el_class=&#8221;titolo_sezione&#8221;][vc_custom_heading text=&#8221;Technik und \u00c4sthetik&#8221; font_container=&#8221;tag:h2|font_size:40px|text_align:left&#8221; google_fonts=&#8221;font_family:Ubuntu%3A300%2C300italic%2Cregular%2Citalic%2C500%2C500italic%2C700%2C700italic|font_style:400%20regular%3A400%3Anormal&#8221;][vc_empty_space height=&#8221;10px&#8221;][vc_column_text]<span style=\"font-size: 18px;\">Der Schutz der Umwelt, die Wiederherstellung degradierter oder besch\u00e4digter Standorte und die Verbesserung der Lebensqualit\u00e4t sind seit vielen Jahren Teil unserer DNA und unseres Know-hows bei GREEN EUROPE COMAGRICOLA.<br \/>\nDesign, Herstellung von Qualit\u00e4tsmischungen und Ber\u00fccksichtigung der lokalen Biodiversit\u00e4t erm\u00f6glichen es uns, die optimale Entwicklung der Essenzen auf Ihrem Gel\u00e4nde zu erarbeiten.<br \/>\nQualifizierte Mitarbeiter stehen Ihnen jederzeit zur Verf\u00fcgung, um Sie zuverl\u00e4ssig \u00fcber die richtigen Mischungen f\u00fcr Ihre Bed\u00fcrfnisse zu beraten.<\/span><\/p>\n<p><span style=\"font-size: 18px;\"><strong>Unsere Mischungen sind nur aus zertifizierten Bl\u00fctenessenzen zusammengestellt<\/strong><\/span>[\/vc_column_text][\/vc_column][vc_column width=&#8221;1\/3&#8243;][vc_single_image image=&#8221;10830&#8243; img_size=&#8221;large&#8221; alignment=&#8221;center&#8221;][\/vc_column][\/vc_row][\/vc_section][vc_section full_width=&#8221;stretch_row&#8221; el_id=&#8221;linee_pratofiorito&#8221; css=&#8221;.vc_custom_1613513951998{background-color: #f6f5f1 !important;}&#8221; el_class=&#8221;bg-top-bottom&#8221;][vc_row el_id=&#8221;linea_paesaggio&#8221; el_class=&#8221;linea&#8221;][vc_column width=&#8221;2\/3&#8243;][vc_column_text]\n<h2>Landschaft<\/h2>\n<p>Wenn Sie sich zur\u00fccklehnen und der Natur ihren Lauf lassen wollen, dann sind dies die richtigen Wildblumenmischungen f\u00fcr Sie. Ideal f\u00fcr gro\u00dfe Fl\u00e4chen.[\/vc_column_text][vc_btn title=&#8221;Weiterlesen&#8221; style=&#8221;flat&#8221; shape=&#8221;round&#8221; color=&#8221;blue&#8221; link=&#8221;url:https%3A%2F%2Fwww.comagricola.com%2Fde%2Fblumenwiese%2Flandschaft%2F|title:Paesaggio&#8221;][\/vc_column][vc_column width=&#8221;1\/3&#8243;][vc_single_image image=&#8221;10504&#8243; img_size=&#8221;medium&#8221; style=&#8221;vc_box_border_circle_2&#8243;][\/vc_column][\/vc_row][vc_row][vc_column][vc_separator border_width=&#8221;2&#8243;][\/vc_column][\/vc_row][vc_row el_class=&#8221;linea&#8221;][vc_column width=&#8221;2\/3&#8243;][vc_column_text]\n<h2>Ornamentalien<\/h2>\n<p>Wenn Sie auf der Suche nach einer dekorativen Alternative f\u00fcr Ihren Garten sind, k\u00f6nnen Sie aus unserem Angebot an bl\u00fchenden Rasenfl\u00e4chen w\u00e4hlen, die aus Essenzen bestehen, die das ganze Jahr \u00fcber ein einzigartiges und wunderbares Schauspiel bieten.[\/vc_column_text][vc_btn title=&#8221;Weiterlesen&#8221; style=&#8221;flat&#8221; shape=&#8221;round&#8221; color=&#8221;blue&#8221; link=&#8221;url:https%3A%2F%2Fwww.comagricola.com%2Fde%2Fblumenwiese%2Fornamentalien%2F|title:Ornamentali&#8221;][\/vc_column][vc_column width=&#8221;1\/3&#8243;][vc_single_image image=&#8221;10522&#8243; img_size=&#8221;medium&#8221; style=&#8221;vc_box_border_circle_2&#8243;][\/vc_column][\/vc_row][vc_row][vc_column][vc_separator border_width=&#8221;2&#8243;][\/vc_column][\/vc_row][vc_row el_class=&#8221;linea&#8221;][vc_column width=&#8221;2\/3&#8243;][vc_column_text]\n<h2>Speziale<\/h2>\n<p>Um mit Bl\u00fctenessenzen v\u00f6llig unterschiedliche Umgebungen zu gestalten und zu versch\u00f6nern, bedarf es des Studiums und der Expertise. Unsere Vorschl\u00e4ge f\u00fcr Spezialmischungen erleichtern Ihnen die Auswahl.[\/vc_column_text][vc_btn title=&#8221;Weiterlesen&#8221; style=&#8221;flat&#8221; shape=&#8221;round&#8221; color=&#8221;blue&#8221; link=&#8221;url:https%3A%2F%2Fwww.comagricola.com%2Fde%2Fblumenwiese%2Fspeziale%2F|title:Speciali&#8221;][\/vc_column][vc_column width=&#8221;1\/3&#8243;][vc_single_image image=&#8221;10551&#8243; img_size=&#8221;medium&#8221; style=&#8221;vc_box_border_circle_2&#8243;][\/vc_column][\/vc_row][vc_row][vc_column][vc_separator border_width=&#8221;2&#8243;][\/vc_column][\/vc_row][vc_row el_class=&#8221;linea&#8221;][vc_column width=&#8221;2\/3&#8243;][vc_column_text]\n<h2>Insektenpopulation<\/h2>\n<p>Eines unserer Ziele ist die F\u00f6rderung der Artenvielfalt durch die Schaffung einer floralen Umgebung, die f\u00fcr die Wiederbesiedlung geeignet ist. Bienen, Schmetterlinge und viele andere Insekten finden dank unserer Mischungen Nahrung f\u00fcr ihren Lebenszyklus.[\/vc_column_text][vc_btn title=&#8221;Weiterlesen&#8221; style=&#8221;flat&#8221; shape=&#8221;round&#8221; color=&#8221;blue&#8221; link=&#8221;url:https%3A%2F%2Fwww.comagricola.com%2Fde%2Fblumenwiese%2Finsektenpopulation%2F|title:Ripopolazione%20insetti&#8221;][\/vc_column][vc_column width=&#8221;1\/3&#8243;][vc_single_image image=&#8221;10559&#8243; img_size=&#8221;medium&#8221; style=&#8221;vc_box_border_circle_2&#8243;][\/vc_column][\/vc_row][\/vc_section][vc_section full_width=&#8221;stretch_row&#8221; el_id=&#8221;scelta_sementi&#8221; el_class=&#8221;calltoaction&#8221;][vc_row full_width=&#8221;stretch_row&#8221; css_animation=&#8221;fadeIn&#8221; css=&#8221;.vc_custom_1610553904322{padding-top: 60px !important;padding-bottom: 30px !important;background-image: url(https:\/\/www.comagricola.com\/wp-content\/uploads\/2020\/11\/bg_calltoaction2.gif?id=10241) !important;background-position: center !important;background-repeat: no-repeat !important;background-size: cover !important;}&#8221;][vc_column][vc_cta h2=&#8221;Protokoll f\u00fcr die Anlage von Blumenwiesen&#8221; style=&#8221;flat&#8221; add_button=&#8221;bottom&#8221; btn_title=&#8221;Weiterlesen&#8221; btn_style=&#8221;outline&#8221; btn_shape=&#8221;round&#8221; btn_color=&#8221;white&#8221; btn_size=&#8221;lg&#8221; btn_align=&#8221;right&#8221; btn_i_align=&#8221;right&#8221; btn_i_icon_fontawesome=&#8221;fas fa-angle-right&#8221; btn_add_icon=&#8221;true&#8221; el_class=&#8221;box_calltoaction&#8221; btn_link=&#8221;url:https%3A%2F%2Fwww.comagricola.com%2Fde%2Fprotokoll-fuer-die-anlage-von-blumenwiesen%2F|title:Protokoll%20f%C3%BCr%20die%20Anlage%20von%20Blumenwiesen&#8221;]Wenn Sie die Regeln und Techniken f\u00fcr die richtige Anlage und Pflege Ihrer Blumenwiese befolgen, k\u00f6nnen Sie eine nachhaltige, fr\u00f6hliche und jahreszeitlich wechselnde nat\u00fcrliche Umgebung schaffen.[\/vc_cta][\/vc_column][\/vc_row][\/vc_section]\n","protected":false},"excerpt":{"rendered":"<p>[vc_section full_width=&#8221;stretch_row&#8221; el_id=&#8221;pratofiorito&#8221; css=&#8221;.vc_custom_1613513965753{padding-bottom: 0px !important;}&#8221;][vc_row full_width=&#8221;stretch_row&#8221; css=&#8221;.vc_custom_1610845238318{padding-bottom: 30px !important;background-image: url(https:\/\/www.comagricola.com\/wp-content\/uploads\/2020\/12\/flower.svg?id=10660) !important;background-position: center !important;background-repeat: no-repeat !important;background-size: contain !important;}&#8221; el_id=&#8221;titolo_pratofiorito&#8221;][vc_column width=&#8221;2\/3&#8243; el_class=&#8221;titolo_sezione&#8221;][vc_custom_heading text=&#8221;Technik<\/p>\n","protected":false},"author":1,"featured_media":0,"parent":0,"menu_order":0,"comment_status":"closed","ping_status":"closed","template":"page-templates\/fullwidth.php","meta":{"inline_featured_image":false,"footnotes":""},"class_list":["post-12561","page","type-page","status-publish","hentry"],"yoast_head":"<!-- This site is optimized with the Yoast SEO plugin v25.3.1 - https:\/\/yoast.com\/wordpress\/plugins\/seo\/ -->\n<title>Blumenwiese - Comagricola Green Europe<\/title>\n<meta name=\"robots\" content=\"index, follow, max-snippet:-1, max-image-preview:large, max-video-preview:-1\" \/>\n<link rel=\"canonical\" href=\"https:\/\/www.comagricola.com\/de\/blumenwiese\/\" \/>\n<meta property=\"og:locale\" content=\"de_DE\" \/>\n<meta property=\"og:type\" content=\"article\" \/>\n<meta property=\"og:title\" content=\"Blumenwiese - Comagricola Green Europe\" \/>\n<meta property=\"og:description\" content=\"[vc_section full_width=&#8221;stretch_row&#8221; el_id=&#8221;pratofiorito&#8221; css=&#8221;.vc_custom_1613513965753{padding-bottom: 0px !important;}&#8221;][vc_row full_width=&#8221;stretch_row&#8221; css=&#8221;.vc_custom_1610845238318{padding-bottom: 30px !important;background-image: url(https:\/\/www.comagricola.com\/wp-content\/uploads\/2020\/12\/flower.svg?id=10660) !important;background-position: center !important;background-repeat: no-repeat !important;background-size: contain !important;}&#8221; el_id=&#8221;titolo_pratofiorito&#8221;][vc_column width=&#8221;2\/3&#8243; el_class=&#8221;titolo_sezione&#8221;][vc_custom_heading text=&#8221;Technik\" \/>\n<meta property=\"og:url\" content=\"https:\/\/www.comagricola.com\/de\/blumenwiese\/\" \/>\n<meta property=\"og:site_name\" content=\"Comagricola Green Europe\" \/>\n<meta property=\"article:publisher\" content=\"https:\/\/it-it.facebook.com\/pages\/category\/Company\/Comagricola-Green-Europe-srl-1189465271123595\/\" \/>\n<meta property=\"article:modified_time\" content=\"2021-06-16T15:55:48+00:00\" \/>\n<meta name=\"twitter:card\" content=\"summary_large_image\" \/>\n<meta name=\"twitter:label1\" content=\"Gesch\u00e4tzte Lesezeit\" \/>\n\t<meta name=\"twitter:data1\" content=\"2\u00a0Minuten\" \/>\n<script type=\"application\/ld+json\" class=\"yoast-schema-graph\">{\"@context\":\"https:\/\/schema.org\",\"@graph\":[{\"@type\":\"WebPage\",\"@id\":\"https:\/\/www.comagricola.com\/de\/blumenwiese\/\",\"url\":\"https:\/\/www.comagricola.com\/de\/blumenwiese\/\",\"name\":\"Blumenwiese - Comagricola Green Europe\",\"isPartOf\":{\"@id\":\"https:\/\/www.comagricola.com\/de\/#website\"},\"datePublished\":\"2021-05-31T10:11:02+00:00\",\"dateModified\":\"2021-06-16T15:55:48+00:00\",\"breadcrumb\":{\"@id\":\"https:\/\/www.comagricola.com\/de\/blumenwiese\/#breadcrumb\"},\"inLanguage\":\"de\",\"potentialAction\":[{\"@type\":\"ReadAction\",\"target\":[\"https:\/\/www.comagricola.com\/de\/blumenwiese\/\"]}]},{\"@type\":\"BreadcrumbList\",\"@id\":\"https:\/\/www.comagricola.com\/de\/blumenwiese\/#breadcrumb\",\"itemListElement\":[{\"@type\":\"ListItem\",\"position\":1,\"name\":\"Home\",\"item\":\"https:\/\/www.comagricola.com\/de\/\"},{\"@type\":\"ListItem\",\"position\":2,\"name\":\"Blumenwiese\"}]},{\"@type\":\"WebSite\",\"@id\":\"https:\/\/www.comagricola.com\/de\/#website\",\"url\":\"https:\/\/www.comagricola.com\/de\/\",\"name\":\"Green Europe Comagricola\",\"description\":\"Semi e Fertilizzanti\",\"publisher\":{\"@id\":\"https:\/\/www.comagricola.com\/de\/#organization\"},\"potentialAction\":[{\"@type\":\"SearchAction\",\"target\":{\"@type\":\"EntryPoint\",\"urlTemplate\":\"https:\/\/www.comagricola.com\/de\/?s={search_term_string}\"},\"query-input\":{\"@type\":\"PropertyValueSpecification\",\"valueRequired\":true,\"valueName\":\"search_term_string\"}}],\"inLanguage\":\"de\"},{\"@type\":\"Organization\",\"@id\":\"https:\/\/www.comagricola.com\/de\/#organization\",\"name\":\"COMAGRICOLA GREEN EUROPE SRL\",\"url\":\"https:\/\/www.comagricola.com\/de\/\",\"logo\":{\"@type\":\"ImageObject\",\"inLanguage\":\"de\",\"@id\":\"https:\/\/www.comagricola.com\/de\/#\/schema\/logo\/image\/\",\"url\":\"https:\/\/www.comagricola.com\/wp-content\/uploads\/2020\/12\/logo-comagricola.svg\",\"contentUrl\":\"https:\/\/www.comagricola.com\/wp-content\/uploads\/2020\/12\/logo-comagricola.svg\",\"width\":\"1024\",\"height\":\"1024\",\"caption\":\"COMAGRICOLA GREEN EUROPE SRL\"},\"image\":{\"@id\":\"https:\/\/www.comagricola.com\/de\/#\/schema\/logo\/image\/\"},\"sameAs\":[\"https:\/\/it-it.facebook.com\/pages\/category\/Company\/Comagricola-Green-Europe-srl-1189465271123595\/\"]}]}<\/script>\n<!-- \/ Yoast SEO plugin. -->","yoast_head_json":{"title":"Blumenwiese - Comagricola Green Europe","robots":{"index":"index","follow":"follow","max-snippet":"max-snippet:-1","max-image-preview":"max-image-preview:large","max-video-preview":"max-video-preview:-1"},"canonical":"https:\/\/www.comagricola.com\/de\/blumenwiese\/","og_locale":"de_DE","og_type":"article","og_title":"Blumenwiese - Comagricola Green Europe","og_description":"[vc_section full_width=&#8221;stretch_row&#8221; el_id=&#8221;pratofiorito&#8221; css=&#8221;.vc_custom_1613513965753{padding-bottom: 0px !important;}&#8221;][vc_row full_width=&#8221;stretch_row&#8221; css=&#8221;.vc_custom_1610845238318{padding-bottom: 30px !important;background-image: url(https:\/\/www.comagricola.com\/wp-content\/uploads\/2020\/12\/flower.svg?id=10660) !important;background-position: center !important;background-repeat: no-repeat !important;background-size: contain !important;}&#8221; el_id=&#8221;titolo_pratofiorito&#8221;][vc_column width=&#8221;2\/3&#8243; el_class=&#8221;titolo_sezione&#8221;][vc_custom_heading text=&#8221;Technik","og_url":"https:\/\/www.comagricola.com\/de\/blumenwiese\/","og_site_name":"Comagricola Green Europe","article_publisher":"https:\/\/it-it.facebook.com\/pages\/category\/Company\/Comagricola-Green-Europe-srl-1189465271123595\/","article_modified_time":"2021-06-16T15:55:48+00:00","twitter_card":"summary_large_image","twitter_misc":{"Gesch\u00e4tzte Lesezeit":"2\u00a0Minuten"},"schema":{"@context":"https:\/\/schema.org","@graph":[{"@type":"WebPage","@id":"https:\/\/www.comagricola.com\/de\/blumenwiese\/","url":"https:\/\/www.comagricola.com\/de\/blumenwiese\/","name":"Blumenwiese - Comagricola Green Europe","isPartOf":{"@id":"https:\/\/www.comagricola.com\/de\/#website"},"datePublished":"2021-05-31T10:11:02+00:00","dateModified":"2021-06-16T15:55:48+00:00","breadcrumb":{"@id":"https:\/\/www.comagricola.com\/de\/blumenwiese\/#breadcrumb"},"inLanguage":"de","potentialAction":[{"@type":"ReadAction","target":["https:\/\/www.comagricola.com\/de\/blumenwiese\/"]}]},{"@type":"BreadcrumbList","@id":"https:\/\/www.comagricola.com\/de\/blumenwiese\/#breadcrumb","itemListElement":[{"@type":"ListItem","position":1,"name":"Home","item":"https:\/\/www.comagricola.com\/de\/"},{"@type":"ListItem","position":2,"name":"Blumenwiese"}]},{"@type":"WebSite","@id":"https:\/\/www.comagricola.com\/de\/#website","url":"https:\/\/www.comagricola.com\/de\/","name":"Green Europe Comagricola","description":"Semi e Fertilizzanti","publisher":{"@id":"https:\/\/www.comagricola.com\/de\/#organization"},"potentialAction":[{"@type":"SearchAction","target":{"@type":"EntryPoint","urlTemplate":"https:\/\/www.comagricola.com\/de\/?s={search_term_string}"},"query-input":{"@type":"PropertyValueSpecification","valueRequired":true,"valueName":"search_term_string"}}],"inLanguage":"de"},{"@type":"Organization","@id":"https:\/\/www.comagricola.com\/de\/#organization","name":"COMAGRICOLA GREEN EUROPE SRL","url":"https:\/\/www.comagricola.com\/de\/","logo":{"@type":"ImageObject","inLanguage":"de","@id":"https:\/\/www.comagricola.com\/de\/#\/schema\/logo\/image\/","url":"https:\/\/www.comagricola.com\/wp-content\/uploads\/2020\/12\/logo-comagricola.svg","contentUrl":"https:\/\/www.comagricola.com\/wp-content\/uploads\/2020\/12\/logo-comagricola.svg","width":"1024","height":"1024","caption":"COMAGRICOLA GREEN EUROPE SRL"},"image":{"@id":"https:\/\/www.comagricola.com\/de\/#\/schema\/logo\/image\/"},"sameAs":["https:\/\/it-it.facebook.com\/pages\/category\/Company\/Comagricola-Green-Europe-srl-1189465271123595\/"]}]}},"_links":{"self":[{"href":"https:\/\/www.comagricola.com\/de\/wp-json\/wp\/v2\/pages\/12561","targetHints":{"allow":["GET"]}}],"collection":[{"href":"https:\/\/www.comagricola.com\/de\/wp-json\/wp\/v2\/pages"}],"about":[{"href":"https:\/\/www.comagricola.com\/de\/wp-json\/wp\/v2\/types\/page"}],"author":[{"embeddable":true,"href":"https:\/\/www.comagricola.com\/de\/wp-json\/wp\/v2\/users\/1"}],"replies":[{"embeddable":true,"href":"https:\/\/www.comagricola.com\/de\/wp-json\/wp\/v2\/comments?post=12561"}],"version-history":[{"count":4,"href":"https:\/\/www.comagricola.com\/de\/wp-json\/wp\/v2\/pages\/12561\/revisions"}],"predecessor-version":[{"id":12773,"href":"https:\/\/www.comagricola.com\/de\/wp-json\/wp\/v2\/pages\/12561\/revisions\/12773"}],"wp:attachment":[{"href":"https:\/\/www.comagricola.com\/de\/wp-json\/wp\/v2\/media?parent=12561"}],"curies":[{"name":"wp","href":"https:\/\/api.w.org\/{rel}","templated":true}]}}