{"id":12725,"date":"2021-06-16T12:17:29","date_gmt":"2021-06-16T10:17:29","guid":{"rendered":"https:\/\/www.comagricola.com\/?page_id=12725"},"modified":"2021-06-16T12:33:40","modified_gmt":"2021-06-16T10:33:40","slug":"unser-produktionssystem","status":"publish","type":"page","link":"https:\/\/www.comagricola.com\/de\/unser-produktionssystem\/","title":{"rendered":"Unser Produktionssystem"},"content":{"rendered":"[vc_section full_width=&#8221;stretch_row&#8221; el_class=&#8221;bg-top-bottom&#8221; css=&#8221;.vc_custom_1613553339618{padding-top: 20px !important;padding-bottom: 20px !important;}&#8221;][vc_row full_width=&#8221;stretch_row&#8221; equal_height=&#8221;yes&#8221; content_placement=&#8221;middle&#8221; css=&#8221;.vc_custom_1623838745272{margin-bottom: 0px !important;padding-top: 40px !important;background-color: #f6f5f1 !important;}&#8221; el_class=&#8221;hidden&#8221;][vc_column][vc_column_text]\n<h3>Alcuni ricercatori dell&#8217;Universit\u00e0 degli Studi di Bergamo hanno effettuato un&#8217;accurata analisi del nostro sistema produttivo.<br \/>\nPer conoscerne i risultati <a href=\"https:\/\/www.comagricola.com\/wp-content\/uploads\/2021\/02\/Assignment-1-.pdf\" target=\"_blank\" rel=\"noopener\">scarica il pdf<\/a>.<\/h3>\n[\/vc_column_text][\/vc_column][\/vc_row][\/vc_section][vc_row full_width=&#8221;stretch_row&#8221; equal_height=&#8221;yes&#8221; content_placement=&#8221;middle&#8221; css=&#8221;.vc_custom_1610839411769{margin-bottom: 0px !important;}&#8221;][vc_column width=&#8221;1\/6&#8243;][\/vc_column][vc_column width=&#8221;2\/3&#8243;][vc_column_text el_class=&#8221;titolo_centrato&#8221;]\n<h2>Systembeschreibung<\/h2>\n[\/vc_column_text][\/vc_column][vc_column width=&#8221;1\/6&#8243;][\/vc_column][\/vc_row][vc_section full_width=&#8221;stretch_row&#8221; el_id=&#8221;processo-produttivo&#8221;][vc_row gap=&#8221;30&#8243; equal_height=&#8221;yes&#8221; content_placement=&#8221;top&#8221; el_class=&#8221;riga_bordo_stondato&#8221; css=&#8221;.vc_custom_1613385164526{padding-bottom: 20px !important;}&#8221;][vc_column width=&#8221;1\/2&#8243;][vc_column_text]\n<h3>PRODUKT<\/h3>\n[\/vc_column_text][vc_column_text]Comagricola Green Europe besch\u00e4ftigt sich mit der Produktion, Verpackung und Vermarktung von professionellen Rasenmischungen.<br \/>\nDie Diversifizierung der Auswahl der Essenzen f\u00fcr die Zusammensetzung der verschiedenen Mischungen wird mit spezialisierten landwirtschaftlichen Instituten und dem Rat von Agronomen abgestimmt, um ein Produkt zu erhalten, das perfekt an die Anforderungen der Kunden angepasst ist und die maximale Anpassungsf\u00e4higkeit an die verschiedenen pedoklimatischen Bedingungen oder Einsatzorte erreicht.<br \/>\nEs besteht auch die M\u00f6glichkeit, das Gemisch durch Zugabe von Mikroorganismen anzureichern.[\/vc_column_text][vc_column_text el_class=&#8221;margin-top-30&#8243;]\n<h3>ST\u00dcCKLISTE<\/h3>\n[\/vc_column_text][vc_column_text]Im Allgemeinen sind alle Mischungen aus mindestens 3 bis maximal 6 Essenzen oder Sorten zusammengesetzt und mit spezifischen Mikroorganismen angereichert, die den Prozess der Besiedlung und des Wachstums des Produkts verbessern.<br \/>\nAls Beispiel berichten wir von der St\u00fcckliste eines der meistverkauften Produkte unter den im Unternehmen hergestellten.[\/vc_column_text][\/vc_column][vc_column width=&#8221;1\/2&#8243;][vc_column_text]\n<h3>DER PRODUKTIONSPROZESS<\/h3>\n[\/vc_column_text][vc_column_text]Die Produktionsabteilung besteht aus einer hochautomatisierten Produktionslinie, die st\u00e4ndig weiterentwickelt wird, um eine maximale Qualit\u00e4tsleistung zu erreichen.<br \/>\nDie Arbeiter haben die Aufgabe, die vom kaufm\u00e4nnischen B\u00fcro kommende Liste zu \u00fcberpr\u00fcfen und die ben\u00f6tigten Sorten und Mengen an Bord der Maschine f\u00fcr das Einbringen des Materials in die Produktionsanlage vorzubereiten.[\/vc_column_text][vc_single_image image=&#8221;11077&#8243; img_size=&#8221;large&#8221; style=&#8221;vc_box_rounded&#8221; css=&#8221;.vc_custom_1610721017256{padding-top: 20px !important;}&#8221; el_class=&#8221;distinta&#8221;][\/vc_column][\/vc_row][\/vc_section][vc_row full_width=&#8221;stretch_row&#8221; equal_height=&#8221;yes&#8221; content_placement=&#8221;middle&#8221; css=&#8221;.vc_custom_1610839428167{margin-bottom: 0px !important;}&#8221;][vc_column][vc_column_text el_class=&#8221;titolo_centrato&#8221; css=&#8221;.vc_custom_1623838949826{margin-top: 50px !important;}&#8221;]\n<h2>Klassifizierung Des Systems<\/h2>\n[\/vc_column_text][\/vc_column][\/vc_row][vc_section full_width=&#8221;stretch_row&#8221; el_id=&#8221;sistema&#8221;][vc_row el_class=&#8221;riga_bordo_stondato&#8221; css=&#8221;.vc_custom_1610713306876{margin-bottom: 20px !important;}&#8221;][vc_column width=&#8221;1\/3&#8243;][vc_single_image image=&#8221;11044&#8243; alignment=&#8221;center&#8221; el_class=&#8221;icona&#8221;][vc_column_text css=&#8221;.vc_custom_1623838974617{margin-bottom: 10px !important;}&#8221;]\n<h3>Technologische Achse<\/h3>\n<h4>Prozessfertigung<\/h4>\n<p>Hochautomatisierter Ein-Maschinen-Prozess, der dem vorgeschriebenen Zyklus von Mischen, Anreichern, Wiegen, Absacken, Heften und Verpacken folgt.[\/vc_column_text][\/vc_column][vc_column width=&#8221;1\/3&#8243;][vc_single_image image=&#8221;11043&#8243; alignment=&#8221;center&#8221; el_class=&#8221;icona&#8221;][vc_column_text css=&#8221;.vc_custom_1623839021897{margin-bottom: 10px !important;}&#8221;]\n<h3>Marktachse<\/h3>\n<h4>Wiederholte Auftragsfertigung<\/h4>\n<p>Das Produkt wird nach Beutelgr\u00f6\u00dfe und Mischungszusammensetzung unterschieden.<br \/>\nDer Kunde kann f\u00fcr seine Bestellung Anpassungen sowohl bei der Zusammensetzung der Mischung als auch bei der Grafik der Verpackung verlangen<\/p>\n<h4>Produktion auf Prognose<\/h4>\n<p>Um einen schnellen und p\u00fcnktlichen Service bieten zu k\u00f6nnen, r\u00e4umt Comagricola Green Europe den Kundenauftr\u00e4gen absolute Priorit\u00e4t ein.<br \/>\nIn der Nebensaison konzentriert sich der Produktionsprozess auf die Wiederherstellung der Best\u00e4nde von Katalogprodukten, die f\u00fcr den Verkauf in der folgenden Saison bestimmt sind (Winter auf Fr\u00fchling &#8211; Sommer auf Herbst).[\/vc_column_text][\/vc_column][vc_column width=&#8221;1\/3&#8243;][vc_single_image image=&#8221;11041&#8243; alignment=&#8221;center&#8221; el_class=&#8221;icona&#8221;][vc_column_text css=&#8221;.vc_custom_1623839064648{margin-bottom: 10px !important;}&#8221;]\n<h3>F\u00fchrungsachse<\/h3>\n<h4>Intermittierende Chargenproduktion<\/h4>\n<p>In der Produktion werden gro\u00dfe S\u00e4cke verwendet, die Rasensaatgut in einer einzigen Essenz enthalten. Die in den Prim\u00e4rpackungen enthaltenen verschiedenen Sorten werden je nach den verwendeten Essenzen intermittierend auf den Boden gelegt, um eine Vormischung zu erhalten.<br \/>\nDie fertigen Produktpakete werden dann im Lager zur Auslieferung oder zum sp\u00e4teren Verkauf bereitgehalten.[\/vc_column_text][\/vc_column][\/vc_row][\/vc_section][vc_section full_width=&#8221;stretch_row&#8221; el_id=&#8221;wortmann&#8221;][vc_row el_class=&#8221;riga_bordo_stondato&#8221; css=&#8221;.vc_custom_1610631443441{margin-bottom: 20px !important;}&#8221;][vc_column width=&#8221;7\/12&#8243;][vc_column_text]\n<h3>Wortmann-Klassifizierung<\/h3>\n[\/vc_column_text][vc_column_text css=&#8221;.vc_custom_1623839104392{margin-bottom: 10px !important;}&#8221;]Comagricola Green Europe verfolgt haupts\u00e4chlich einen &#8220;Make To Order&#8221;-Ansatz, dem sie im Produktionsprozess h\u00f6chste Priorit\u00e4t einr\u00e4umt.<br \/>\nDie Produkte im Katalog sind immer auf Lager, ebenso wie die Rohstoffe, aus denen sie sich zusammensetzen, und sind immer verf\u00fcgbar, um kundenspezifische Anfragen zu erf\u00fcllen<br \/>\nDie Gesamtproduktion von Rasenmischungen f\u00fcr Zier- und Sportzwecke betr\u00e4gt rund 300.000 kg.<br \/>\nIn der Nebensaison produziert Comagricola Material mit einem &#8220;Make To Stock&#8221;-Ansatz, wobei individuelle Kundenw\u00fcnsche immer Vorrang haben.[\/vc_column_text][\/vc_column][vc_column width=&#8221;5\/12&#8243; css=&#8221;.vc_custom_1610720258738{padding: 30px !important;}&#8221;][vc_single_image image=&#8221;10838&#8243; img_size=&#8221;large&#8221;][\/vc_column][\/vc_row][\/vc_section][vc_section full_width=&#8221;stretch_row&#8221; el_id=&#8221;tipologia&#8221;][vc_row el_class=&#8221;riga_bordo_stondato&#8221; css=&#8221;.vc_custom_1610631443441{margin-bottom: 20px !important;}&#8221;][vc_column width=&#8221;1\/2&#8243;][vc_column_text]\n<h3>Art Des Prozesses<\/h3>\n[\/vc_column_text][vc_column_text css=&#8221;.vc_custom_1623839225283{margin-bottom: 10px !important;}&#8221;]Der Prozess findet auf einer hochspezialisierten Produktionslinie zum Mischen und Verpacken von Rasenmischungen statt.<\/p>\n<p>Die komplett in Italien gefertigte Anlage besteht aus einem Mischer, F\u00f6rderband, Ladetrichter, elektronischer Waage, Absack- und N\u00e4hmaschine.<\/p>\n<p>Der technologisch komplexeste Teil ist die Absackung<\/p>\n<ul>\n<li>Beutelklemmeinheit f\u00fcr Pinch-Bottom-Beutel, Dosierd\u00fcse, Bef\u00fcllsystem f\u00fcr Beutel, Vibrationssystem, Kontrollwaage<\/li>\n<li>Hefterkopf, Fadenschneidsystem, Krepppapiersystem<\/li>\n<li>Inline-Greifertaschen-Faltsystem<\/li>\n<\/ul>\n[\/vc_column_text][\/vc_column][vc_column width=&#8221;1\/2&#8243;][vc_single_image image=&#8221;11681&#8243; img_size=&#8221;large&#8221; style=&#8221;vc_box_rounded&#8221;][\/vc_column][\/vc_row][\/vc_section][vc_row full_width=&#8221;stretch_row&#8221; equal_height=&#8221;yes&#8221; content_placement=&#8221;middle&#8221; css=&#8221;.vc_custom_1610612319412{margin-bottom: 30px !important;}&#8221;][vc_column][vc_column_text css=&#8221;.vc_custom_1623839253487{margin-top: 50px !important;margin-bottom: 0px !important;}&#8221; el_class=&#8221;titolo_centrato&#8221;]\n<h2>Systemeigenschaften<\/h2>\n[\/vc_column_text][\/vc_column][\/vc_row][vc_section full_width=&#8221;stretch_row&#8221; el_id=&#8221;caratteristiche&#8221;][vc_row el_class=&#8221;riga_bordo_stondato&#8221; css=&#8221;.vc_custom_1610631443441{margin-bottom: 20px !important;}&#8221;][vc_column width=&#8221;1\/2&#8243;][vc_column_text]\n<h3>VOLUMEN, VIELFALT, NACHFRAGE UND KUNDENKONTAKT<\/h3>\n[\/vc_column_text][vc_column_text]\n<h4>VOLUME<\/h4>\n<p><strong>ELEVATED<\/strong> &#8211; Die Anlage ist hoch automatisiert und erm\u00f6glicht hohe Produktionsmengen. Die Maschine ist in der Lage, bis zu 1500 kg.10 Beutel\/Tag zu produzieren<\/p>\n<h4>VIELFALT<\/h4>\n<p><strong>HOCH<\/strong> &#8211; Die Verf\u00fcgbarkeit verschiedener Saatgutarten erm\u00f6glicht die Erstellung zahlreicher Mischungen mit unterschiedlichen Zusammensetzungen<\/p>\n<h4>ANFRAGE<\/h4>\n<p><strong>SAISONAL<\/strong> &#8211; Die Kundennachfrage folgt einem saisonalen Muster mit hohen Spitzen im Fr\u00fchjahr und Herbst<\/p>\n<h4>KUNDENKONTAKT<\/h4>\n<p><strong>INTENSIV<\/strong> &#8211; Der Kunde steht st\u00e4ndig im Mittelpunkt, um spezifische W\u00fcnsche zu erf\u00fcllen[\/vc_column_text][vc_column_text el_class=&#8221;margin-top-30&#8243;]\n<h3>Interne Leistung<\/h3>\n[\/vc_column_text][vc_column_text css=&#8221;.vc_custom_1623839427753{margin-bottom: 10px !important;}&#8221;]<strong>R: <\/strong>1kg\/5000kg<\/p>\n<h4>PRODUKTIONSKAPAZIT\u00c4T<\/h4>\n<p><strong>Theoretisch<\/strong>: 1.500 S\u00e4cke\/Tag<br \/>\n<strong>Mit zwei Personen<\/strong>: 900 S\u00e4cke\/Tag<br \/>\n<strong>Mit einer Person<\/strong>: 600 S\u00e4cke\/Tag<\/p>\n<h4>ZEIT DER KLEINEN STOPPS<\/h4>\n<p>Tfm= 60 min\/Tag<br \/>\n(Wert aufgezeichnet aufgrund m\u00f6glicher Anpassungen wie z. B. Bag-Drop oder Formatwechsel)[\/vc_column_text][\/vc_column][vc_column width=&#8221;1\/2&#8243;][vc_column_text]\n<h3>Externe Dienstleistungen<\/h3>\n[\/vc_column_text][vc_column_text css=&#8221;.vc_custom_1623839548131{margin-bottom: 10px !important;}&#8221;]Gesamtvorlaufzeit: 3 Tage<\/p>\n<h4>FLEXIBILIT\u00c4T<\/h4>\n<p><strong>PRODUKT<\/strong>: Das Unternehmen ist in der Lage, auf Wunsch des Kunden neue Produkte in die Produktion einzuf\u00fchren<\/p>\n<p><strong>VON DER MISCHUNG<\/strong>: Das Unternehmen kann die Art des Produkts in der Produktion leicht \u00e4ndern, indem es verschiedene Samen einf\u00fchrt, die von einer Charge zur anderen gemischt werden<\/p>\n<h4>DIENST<\/h4>\n<p><strong>BEREIT<\/strong>: Hoch. Green Europe Comagricola ist in der Lage, eine Bestellung, auch bei sehr hohen St\u00fcckzahlen, innerhalb von 3 Tagen zu erf\u00fcllen. Die Wartezeit auf Rohstoffe ist praktisch gleich Null, da sie im Lager immer verf\u00fcgbar sind<\/p>\n<p><strong>PUNKTLICHKEIT<\/strong>: Green Europe Comagricola liefert kaum Produkte sp\u00e4ter als zu dem bei Produktionsbeginn kommunizierten Termin<\/p>\n<p><strong>REGELM\u00c4SSIGKEIT<\/strong>: Green Europe Comagricola gibt immer die genaue Lieferzeit des fertigen Produkts an.<\/p>\n<p><strong>VERF\u00dcGBARKEIT<\/strong>: Green Europe Comagricola ist in der Lage, auf Anfragen zur Produktionssteigerung zu reagieren<\/p>\n<p><strong>UNTERST\u00dcTZUNG<\/strong>: Green Europe Comagricola bietet auf Wunsch einen Beratungsservice an, um die Bestellung bestm\u00f6glich auf die Kundenbed\u00fcrfnisse abzustimmen[\/vc_column_text][\/vc_column][\/vc_row][\/vc_section][vc_section full_width=&#8221;stretch_row&#8221; el_class=&#8221;conclusione&#8221;][vc_row full_width=&#8221;stretch_row&#8221; css=&#8221;.vc_custom_1613387794210{padding-top: 60px !important;padding-bottom: 30px !important;background-position: center !important;background-repeat: no-repeat !important;background-size: cover !important;}&#8221;][vc_column][vc_cta h2=&#8221;SCHLUSSFOLGERUNGEN&#8221; txt_align=&#8221;center&#8221; css=&#8221;.vc_custom_1623839615056{padding-top: 30px !important;padding-right: 20px !important;padding-bottom: 30px !important;padding-left: 20px !important;}&#8221;]\n<p class=\"Corpo\" style=\"text-align: justify;\"><strong>Die in 45 Jahren gesammelte Erfahrung macht Green Europe Comagricola zu einem f\u00fchrenden Unternehmen im Bereich Rasensaatgut in Italien<\/strong><\/p>\n<p class=\"Corpo\" style=\"text-align: justify;\">Green Europe Comagricola unterh\u00e4lt eine enge Zusammenarbeit mit der Universit\u00e4t Mailand f\u00fcr die Forschung und Entwicklung neuer L\u00f6sungen und mit anderen kommerziellen Unternehmen, um den Produktkatalog zu erweitern.<\/p>\n<p class=\"Corpo\" style=\"text-align: justify;\">Der Markt erkennt die hohe Qualit\u00e4t der Produkte von Green Europe Comagricola an, die eng mit den Rohstoffen verbunden ist. Das Unternehmen versteht es, diese sorgf\u00e4ltig auszuw\u00e4hlen und die besten Produzenten der Welt zu nutzen.<\/p>\n[\/vc_cta][\/vc_column][\/vc_row][\/vc_section]\n","protected":false},"excerpt":{"rendered":"<p>[vc_section full_width=&#8221;stretch_row&#8221; el_class=&#8221;bg-top-bottom&#8221; css=&#8221;.vc_custom_1613553339618{padding-top: 20px !important;padding-bottom: 20px !important;}&#8221;][vc_row full_width=&#8221;stretch_row&#8221; equal_height=&#8221;yes&#8221; content_placement=&#8221;middle&#8221; css=&#8221;.vc_custom_1623838745272{margin-bottom: 0px !important;padding-top: 40px !important;background-color: #f6f5f1 !important;}&#8221; el_class=&#8221;hidden&#8221;][vc_column][vc_column_text] Alcuni ricercatori dell&#8217;Universit\u00e0<\/p>\n","protected":false},"author":1,"featured_media":0,"parent":0,"menu_order":0,"comment_status":"closed","ping_status":"closed","template":"page-templates\/fullwidth.php","meta":{"inline_featured_image":false,"footnotes":""},"class_list":["post-12725","page","type-page","status-publish","hentry"],"yoast_head":"<!-- This site is optimized with the Yoast SEO plugin v25.3.1 - https:\/\/yoast.com\/wordpress\/plugins\/seo\/ -->\n<title>Unser Produktionssystem - Comagricola Green Europe<\/title>\n<meta name=\"robots\" content=\"index, follow, max-snippet:-1, max-image-preview:large, max-video-preview:-1\" \/>\n<link rel=\"canonical\" href=\"https:\/\/www.comagricola.com\/de\/unser-produktionssystem\/\" \/>\n<meta property=\"og:locale\" content=\"de_DE\" \/>\n<meta property=\"og:type\" content=\"article\" \/>\n<meta property=\"og:title\" content=\"Unser Produktionssystem - Comagricola Green Europe\" \/>\n<meta property=\"og:description\" content=\"[vc_section full_width=&#8221;stretch_row&#8221; el_class=&#8221;bg-top-bottom&#8221; css=&#8221;.vc_custom_1613553339618{padding-top: 20px !important;padding-bottom: 20px !important;}&#8221;][vc_row full_width=&#8221;stretch_row&#8221; equal_height=&#8221;yes&#8221; content_placement=&#8221;middle&#8221; css=&#8221;.vc_custom_1623838745272{margin-bottom: 0px !important;padding-top: 40px !important;background-color: #f6f5f1 !important;}&#8221; el_class=&#8221;hidden&#8221;][vc_column][vc_column_text] Alcuni ricercatori dell&#8217;Universit\u00e0\" \/>\n<meta property=\"og:url\" content=\"https:\/\/www.comagricola.com\/de\/unser-produktionssystem\/\" \/>\n<meta property=\"og:site_name\" content=\"Comagricola Green Europe\" \/>\n<meta property=\"article:publisher\" content=\"https:\/\/it-it.facebook.com\/pages\/category\/Company\/Comagricola-Green-Europe-srl-1189465271123595\/\" \/>\n<meta property=\"article:modified_time\" content=\"2021-06-16T10:33:40+00:00\" \/>\n<meta name=\"twitter:card\" content=\"summary_large_image\" \/>\n<meta name=\"twitter:label1\" content=\"Gesch\u00e4tzte Lesezeit\" \/>\n\t<meta name=\"twitter:data1\" content=\"5\u00a0Minuten\" \/>\n<script type=\"application\/ld+json\" class=\"yoast-schema-graph\">{\"@context\":\"https:\/\/schema.org\",\"@graph\":[{\"@type\":\"WebPage\",\"@id\":\"https:\/\/www.comagricola.com\/de\/unser-produktionssystem\/\",\"url\":\"https:\/\/www.comagricola.com\/de\/unser-produktionssystem\/\",\"name\":\"Unser Produktionssystem - Comagricola Green Europe\",\"isPartOf\":{\"@id\":\"https:\/\/www.comagricola.com\/de\/#website\"},\"datePublished\":\"2021-06-16T10:17:29+00:00\",\"dateModified\":\"2021-06-16T10:33:40+00:00\",\"breadcrumb\":{\"@id\":\"https:\/\/www.comagricola.com\/de\/unser-produktionssystem\/#breadcrumb\"},\"inLanguage\":\"de\",\"potentialAction\":[{\"@type\":\"ReadAction\",\"target\":[\"https:\/\/www.comagricola.com\/de\/unser-produktionssystem\/\"]}]},{\"@type\":\"BreadcrumbList\",\"@id\":\"https:\/\/www.comagricola.com\/de\/unser-produktionssystem\/#breadcrumb\",\"itemListElement\":[{\"@type\":\"ListItem\",\"position\":1,\"name\":\"Home\",\"item\":\"https:\/\/www.comagricola.com\/de\/\"},{\"@type\":\"ListItem\",\"position\":2,\"name\":\"Unser Produktionssystem\"}]},{\"@type\":\"WebSite\",\"@id\":\"https:\/\/www.comagricola.com\/de\/#website\",\"url\":\"https:\/\/www.comagricola.com\/de\/\",\"name\":\"Green Europe Comagricola\",\"description\":\"Semi e Fertilizzanti\",\"publisher\":{\"@id\":\"https:\/\/www.comagricola.com\/de\/#organization\"},\"potentialAction\":[{\"@type\":\"SearchAction\",\"target\":{\"@type\":\"EntryPoint\",\"urlTemplate\":\"https:\/\/www.comagricola.com\/de\/?s={search_term_string}\"},\"query-input\":{\"@type\":\"PropertyValueSpecification\",\"valueRequired\":true,\"valueName\":\"search_term_string\"}}],\"inLanguage\":\"de\"},{\"@type\":\"Organization\",\"@id\":\"https:\/\/www.comagricola.com\/de\/#organization\",\"name\":\"COMAGRICOLA GREEN EUROPE SRL\",\"url\":\"https:\/\/www.comagricola.com\/de\/\",\"logo\":{\"@type\":\"ImageObject\",\"inLanguage\":\"de\",\"@id\":\"https:\/\/www.comagricola.com\/de\/#\/schema\/logo\/image\/\",\"url\":\"https:\/\/www.comagricola.com\/wp-content\/uploads\/2020\/12\/logo-comagricola.svg\",\"contentUrl\":\"https:\/\/www.comagricola.com\/wp-content\/uploads\/2020\/12\/logo-comagricola.svg\",\"width\":\"1024\",\"height\":\"1024\",\"caption\":\"COMAGRICOLA GREEN EUROPE SRL\"},\"image\":{\"@id\":\"https:\/\/www.comagricola.com\/de\/#\/schema\/logo\/image\/\"},\"sameAs\":[\"https:\/\/it-it.facebook.com\/pages\/category\/Company\/Comagricola-Green-Europe-srl-1189465271123595\/\"]}]}<\/script>\n<!-- \/ Yoast SEO plugin. -->","yoast_head_json":{"title":"Unser Produktionssystem - Comagricola Green Europe","robots":{"index":"index","follow":"follow","max-snippet":"max-snippet:-1","max-image-preview":"max-image-preview:large","max-video-preview":"max-video-preview:-1"},"canonical":"https:\/\/www.comagricola.com\/de\/unser-produktionssystem\/","og_locale":"de_DE","og_type":"article","og_title":"Unser Produktionssystem - Comagricola Green Europe","og_description":"[vc_section full_width=&#8221;stretch_row&#8221; el_class=&#8221;bg-top-bottom&#8221; css=&#8221;.vc_custom_1613553339618{padding-top: 20px !important;padding-bottom: 20px !important;}&#8221;][vc_row full_width=&#8221;stretch_row&#8221; equal_height=&#8221;yes&#8221; content_placement=&#8221;middle&#8221; css=&#8221;.vc_custom_1623838745272{margin-bottom: 0px !important;padding-top: 40px !important;background-color: #f6f5f1 !important;}&#8221; el_class=&#8221;hidden&#8221;][vc_column][vc_column_text] Alcuni ricercatori dell&#8217;Universit\u00e0","og_url":"https:\/\/www.comagricola.com\/de\/unser-produktionssystem\/","og_site_name":"Comagricola Green Europe","article_publisher":"https:\/\/it-it.facebook.com\/pages\/category\/Company\/Comagricola-Green-Europe-srl-1189465271123595\/","article_modified_time":"2021-06-16T10:33:40+00:00","twitter_card":"summary_large_image","twitter_misc":{"Gesch\u00e4tzte Lesezeit":"5\u00a0Minuten"},"schema":{"@context":"https:\/\/schema.org","@graph":[{"@type":"WebPage","@id":"https:\/\/www.comagricola.com\/de\/unser-produktionssystem\/","url":"https:\/\/www.comagricola.com\/de\/unser-produktionssystem\/","name":"Unser Produktionssystem - Comagricola Green Europe","isPartOf":{"@id":"https:\/\/www.comagricola.com\/de\/#website"},"datePublished":"2021-06-16T10:17:29+00:00","dateModified":"2021-06-16T10:33:40+00:00","breadcrumb":{"@id":"https:\/\/www.comagricola.com\/de\/unser-produktionssystem\/#breadcrumb"},"inLanguage":"de","potentialAction":[{"@type":"ReadAction","target":["https:\/\/www.comagricola.com\/de\/unser-produktionssystem\/"]}]},{"@type":"BreadcrumbList","@id":"https:\/\/www.comagricola.com\/de\/unser-produktionssystem\/#breadcrumb","itemListElement":[{"@type":"ListItem","position":1,"name":"Home","item":"https:\/\/www.comagricola.com\/de\/"},{"@type":"ListItem","position":2,"name":"Unser Produktionssystem"}]},{"@type":"WebSite","@id":"https:\/\/www.comagricola.com\/de\/#website","url":"https:\/\/www.comagricola.com\/de\/","name":"Green Europe Comagricola","description":"Semi e Fertilizzanti","publisher":{"@id":"https:\/\/www.comagricola.com\/de\/#organization"},"potentialAction":[{"@type":"SearchAction","target":{"@type":"EntryPoint","urlTemplate":"https:\/\/www.comagricola.com\/de\/?s={search_term_string}"},"query-input":{"@type":"PropertyValueSpecification","valueRequired":true,"valueName":"search_term_string"}}],"inLanguage":"de"},{"@type":"Organization","@id":"https:\/\/www.comagricola.com\/de\/#organization","name":"COMAGRICOLA GREEN EUROPE SRL","url":"https:\/\/www.comagricola.com\/de\/","logo":{"@type":"ImageObject","inLanguage":"de","@id":"https:\/\/www.comagricola.com\/de\/#\/schema\/logo\/image\/","url":"https:\/\/www.comagricola.com\/wp-content\/uploads\/2020\/12\/logo-comagricola.svg","contentUrl":"https:\/\/www.comagricola.com\/wp-content\/uploads\/2020\/12\/logo-comagricola.svg","width":"1024","height":"1024","caption":"COMAGRICOLA GREEN EUROPE SRL"},"image":{"@id":"https:\/\/www.comagricola.com\/de\/#\/schema\/logo\/image\/"},"sameAs":["https:\/\/it-it.facebook.com\/pages\/category\/Company\/Comagricola-Green-Europe-srl-1189465271123595\/"]}]}},"_links":{"self":[{"href":"https:\/\/www.comagricola.com\/de\/wp-json\/wp\/v2\/pages\/12725","targetHints":{"allow":["GET"]}}],"collection":[{"href":"https:\/\/www.comagricola.com\/de\/wp-json\/wp\/v2\/pages"}],"about":[{"href":"https:\/\/www.comagricola.com\/de\/wp-json\/wp\/v2\/types\/page"}],"author":[{"embeddable":true,"href":"https:\/\/www.comagricola.com\/de\/wp-json\/wp\/v2\/users\/1"}],"replies":[{"embeddable":true,"href":"https:\/\/www.comagricola.com\/de\/wp-json\/wp\/v2\/comments?post=12725"}],"version-history":[{"count":3,"href":"https:\/\/www.comagricola.com\/de\/wp-json\/wp\/v2\/pages\/12725\/revisions"}],"predecessor-version":[{"id":12741,"href":"https:\/\/www.comagricola.com\/de\/wp-json\/wp\/v2\/pages\/12725\/revisions\/12741"}],"wp:attachment":[{"href":"https:\/\/www.comagricola.com\/de\/wp-json\/wp\/v2\/media?parent=12725"}],"curies":[{"name":"wp","href":"https:\/\/api.w.org\/{rel}","templated":true}]}}