{"id":12742,"date":"2021-06-16T12:35:24","date_gmt":"2021-06-16T10:35:24","guid":{"rendered":"https:\/\/www.comagricola.com\/?page_id=12742"},"modified":"2021-06-16T12:36:46","modified_gmt":"2021-06-16T10:36:46","slug":"das-richtige-saatgut-fuer-ihren-rasen","status":"publish","type":"page","link":"https:\/\/www.comagricola.com\/de\/das-richtige-saatgut-fuer-ihren-rasen\/","title":{"rendered":"Das Richtige Saatgut F\u00fcr Ihren Rasen"},"content":{"rendered":"[vc_section full_width=&#8221;stretch_row&#8221; el_id=&#8221;qualita_semi&#8221; css=&#8221;.vc_custom_1611135567225{padding-bottom: 60px !important;}&#8221;][vc_row full_width=&#8221;stretch_row&#8221;][vc_column width=&#8221;1\/12&#8243;][\/vc_column][vc_column width=&#8221;10\/12&#8243;][vc_column_text el_class=&#8221;titolo_centrato&#8221;]\n<h2>Qualit\u00e4t Der Samen<\/h2>\n[\/vc_column_text][vc_row_inner el_class=&#8221;riga_bordo_stondato&#8221; css=&#8221;.vc_custom_1611075770638{background-image: url(https:\/\/www.comagricola.com\/wp-content\/uploads\/2021\/01\/seeds.svg?id=11234) !important;}&#8221;][vc_column_inner][vc_column_text]Wenn Sie m\u00f6chten, dass Ihr Rasen wundersch\u00f6n aussieht, ist es wichtig, dass Sie mit der Auswahl und dem S\u00e4en der richtigen Mischung beginnen.<br \/>\nDiese Auswahl beinhaltet eine Reihe von wichtigen Merkmalen.<br \/>\nIn erster Linie sollte die Mischung Arten und Sorten enthalten, die so ausgew\u00e4hlt und produziert wurden, dass sie die von Ihnen erwarteten Ergebnisse liefern, egal ob es sich um ein Fu\u00dfballfeld, einen Tennisplatz oder einen Zierrasen handelt.<br \/>\nAuch die Qualit\u00e4t des Saatguts ist entscheidend.<br \/>\nNiemand m\u00f6chte Unkraut in den zu s\u00e4enden Rasen einbringen, und das Vorhandensein von \u00fcberm\u00e4\u00dfigen Mengen an Staub oder Inertstoffen tr\u00e4gt absolut nicht zu dem von Ihnen geplanten Projekt bei.<br \/>\nAber die Reinheit des Saatguts ist nur die halbe Miete: Die F\u00e4higkeit des reinen Saatguts, zu keimen und sich schnell zu etablieren, ist genauso wichtig.<br \/>\nWenn Sie sich f\u00fcr eine Green Europe Comagricola-Mischung entscheiden, k\u00f6nnen Sie sicher sein, dass alle diese wichtigen Aspekte in unserem Qualit\u00e4tskontrollprogramm ber\u00fccksichtigt wurden.<br \/>\nMit hochmodernen Saatgut-Reinigungsanlagen und einem gut ausgestatteten Testlabor wissen wir, dass jedes Saatgut, das in unsere Verpackungen kommt, f\u00fcr den richtigen Zweck da ist.<\/p>\n<p>Bei Green Europe Comagricola gibt es einen zus\u00e4tzlichen Qualit\u00e4tsbonus: Unsere Mischungen sind mit SAFE SEED behandelt. Diese einfach anzuwendende, ungiftige Behandlung kann dem Saatgut helfen, optimal zu keimen, besonders wenn die Bedingungen zum Zeitpunkt der Aussaat nicht ideal sind.<\/p>\n<p><strong>Wenn Sie also das n\u00e4chste Mal eine Samenmischung kaufen, denken Sie daran, dass nicht alle Grassamen gleich sind!<\/strong><\/p>\n<p>Treffen Sie die falsche Wahl und Ihr Projekt k\u00f6nnte vom ersten Tag an gef\u00e4hrdet sein.<br \/>\nTreffen Sie die richtige Wahl: Die Green Europe-Mischungen von Comagricola und die dazugeh\u00f6rigen Pflegemittel sind die Basis f\u00fcr zuk\u00fcnftiges Wachstum.[\/vc_column_text][\/vc_column_inner][\/vc_row_inner][\/vc_column][vc_column width=&#8221;1\/12&#8243;][\/vc_column][\/vc_row][\/vc_section]\n","protected":false},"excerpt":{"rendered":"<p>[vc_section full_width=&#8221;stretch_row&#8221; el_id=&#8221;qualita_semi&#8221; css=&#8221;.vc_custom_1611135567225{padding-bottom: 60px !important;}&#8221;][vc_row full_width=&#8221;stretch_row&#8221;][vc_column width=&#8221;1\/12&#8243;][\/vc_column][vc_column width=&#8221;10\/12&#8243;][vc_column_text el_class=&#8221;titolo_centrato&#8221;] Qualit\u00e4t Der Samen [\/vc_column_text][vc_row_inner el_class=&#8221;riga_bordo_stondato&#8221; css=&#8221;.vc_custom_1611075770638{background-image: url(https:\/\/www.comagricola.com\/wp-content\/uploads\/2021\/01\/seeds.svg?id=11234) !important;}&#8221;][vc_column_inner][vc_column_text]Wenn Sie m\u00f6chten, dass Ihr<\/p>\n","protected":false},"author":1,"featured_media":0,"parent":0,"menu_order":0,"comment_status":"closed","ping_status":"closed","template":"page-templates\/fullwidth.php","meta":{"inline_featured_image":false,"footnotes":""},"class_list":["post-12742","page","type-page","status-publish","hentry"],"yoast_head":"<!-- This site is optimized with the Yoast SEO plugin v25.3.1 - https:\/\/yoast.com\/wordpress\/plugins\/seo\/ -->\n<title>Das Richtige Saatgut F\u00fcr Ihren Rasen - Comagricola Green Europe<\/title>\n<meta name=\"robots\" content=\"index, follow, max-snippet:-1, max-image-preview:large, max-video-preview:-1\" \/>\n<link rel=\"canonical\" href=\"https:\/\/www.comagricola.com\/de\/das-richtige-saatgut-fuer-ihren-rasen\/\" \/>\n<meta property=\"og:locale\" content=\"de_DE\" \/>\n<meta property=\"og:type\" content=\"article\" \/>\n<meta property=\"og:title\" content=\"Das Richtige Saatgut F\u00fcr Ihren Rasen - Comagricola Green Europe\" \/>\n<meta property=\"og:description\" content=\"[vc_section full_width=&#8221;stretch_row&#8221; el_id=&#8221;qualita_semi&#8221; css=&#8221;.vc_custom_1611135567225{padding-bottom: 60px !important;}&#8221;][vc_row full_width=&#8221;stretch_row&#8221;][vc_column width=&#8221;1\/12&#8243;][\/vc_column][vc_column width=&#8221;10\/12&#8243;][vc_column_text el_class=&#8221;titolo_centrato&#8221;] Qualit\u00e4t Der Samen [\/vc_column_text][vc_row_inner el_class=&#8221;riga_bordo_stondato&#8221; css=&#8221;.vc_custom_1611075770638{background-image: url(https:\/\/www.comagricola.com\/wp-content\/uploads\/2021\/01\/seeds.svg?id=11234) !important;}&#8221;][vc_column_inner][vc_column_text]Wenn Sie m\u00f6chten, dass Ihr\" \/>\n<meta property=\"og:url\" content=\"https:\/\/www.comagricola.com\/de\/das-richtige-saatgut-fuer-ihren-rasen\/\" \/>\n<meta property=\"og:site_name\" content=\"Comagricola Green Europe\" \/>\n<meta property=\"article:publisher\" content=\"https:\/\/it-it.facebook.com\/pages\/category\/Company\/Comagricola-Green-Europe-srl-1189465271123595\/\" \/>\n<meta property=\"article:modified_time\" content=\"2021-06-16T10:36:46+00:00\" \/>\n<meta name=\"twitter:card\" content=\"summary_large_image\" \/>\n<meta name=\"twitter:label1\" content=\"Gesch\u00e4tzte Lesezeit\" \/>\n\t<meta name=\"twitter:data1\" content=\"2\u00a0Minuten\" \/>\n<script type=\"application\/ld+json\" class=\"yoast-schema-graph\">{\"@context\":\"https:\/\/schema.org\",\"@graph\":[{\"@type\":\"WebPage\",\"@id\":\"https:\/\/www.comagricola.com\/de\/das-richtige-saatgut-fuer-ihren-rasen\/\",\"url\":\"https:\/\/www.comagricola.com\/de\/das-richtige-saatgut-fuer-ihren-rasen\/\",\"name\":\"Das Richtige Saatgut F\u00fcr Ihren Rasen - Comagricola Green Europe\",\"isPartOf\":{\"@id\":\"https:\/\/www.comagricola.com\/de\/#website\"},\"datePublished\":\"2021-06-16T10:35:24+00:00\",\"dateModified\":\"2021-06-16T10:36:46+00:00\",\"breadcrumb\":{\"@id\":\"https:\/\/www.comagricola.com\/de\/das-richtige-saatgut-fuer-ihren-rasen\/#breadcrumb\"},\"inLanguage\":\"de\",\"potentialAction\":[{\"@type\":\"ReadAction\",\"target\":[\"https:\/\/www.comagricola.com\/de\/das-richtige-saatgut-fuer-ihren-rasen\/\"]}]},{\"@type\":\"BreadcrumbList\",\"@id\":\"https:\/\/www.comagricola.com\/de\/das-richtige-saatgut-fuer-ihren-rasen\/#breadcrumb\",\"itemListElement\":[{\"@type\":\"ListItem\",\"position\":1,\"name\":\"Home\",\"item\":\"https:\/\/www.comagricola.com\/de\/\"},{\"@type\":\"ListItem\",\"position\":2,\"name\":\"Das Richtige Saatgut F\u00fcr Ihren Rasen\"}]},{\"@type\":\"WebSite\",\"@id\":\"https:\/\/www.comagricola.com\/de\/#website\",\"url\":\"https:\/\/www.comagricola.com\/de\/\",\"name\":\"Green Europe Comagricola\",\"description\":\"Semi e Fertilizzanti\",\"publisher\":{\"@id\":\"https:\/\/www.comagricola.com\/de\/#organization\"},\"potentialAction\":[{\"@type\":\"SearchAction\",\"target\":{\"@type\":\"EntryPoint\",\"urlTemplate\":\"https:\/\/www.comagricola.com\/de\/?s={search_term_string}\"},\"query-input\":{\"@type\":\"PropertyValueSpecification\",\"valueRequired\":true,\"valueName\":\"search_term_string\"}}],\"inLanguage\":\"de\"},{\"@type\":\"Organization\",\"@id\":\"https:\/\/www.comagricola.com\/de\/#organization\",\"name\":\"COMAGRICOLA GREEN EUROPE SRL\",\"url\":\"https:\/\/www.comagricola.com\/de\/\",\"logo\":{\"@type\":\"ImageObject\",\"inLanguage\":\"de\",\"@id\":\"https:\/\/www.comagricola.com\/de\/#\/schema\/logo\/image\/\",\"url\":\"https:\/\/www.comagricola.com\/wp-content\/uploads\/2020\/12\/logo-comagricola.svg\",\"contentUrl\":\"https:\/\/www.comagricola.com\/wp-content\/uploads\/2020\/12\/logo-comagricola.svg\",\"width\":\"1024\",\"height\":\"1024\",\"caption\":\"COMAGRICOLA GREEN EUROPE SRL\"},\"image\":{\"@id\":\"https:\/\/www.comagricola.com\/de\/#\/schema\/logo\/image\/\"},\"sameAs\":[\"https:\/\/it-it.facebook.com\/pages\/category\/Company\/Comagricola-Green-Europe-srl-1189465271123595\/\"]}]}<\/script>\n<!-- \/ Yoast SEO plugin. -->","yoast_head_json":{"title":"Das Richtige Saatgut F\u00fcr Ihren Rasen - Comagricola Green Europe","robots":{"index":"index","follow":"follow","max-snippet":"max-snippet:-1","max-image-preview":"max-image-preview:large","max-video-preview":"max-video-preview:-1"},"canonical":"https:\/\/www.comagricola.com\/de\/das-richtige-saatgut-fuer-ihren-rasen\/","og_locale":"de_DE","og_type":"article","og_title":"Das Richtige Saatgut F\u00fcr Ihren Rasen - Comagricola Green Europe","og_description":"[vc_section full_width=&#8221;stretch_row&#8221; el_id=&#8221;qualita_semi&#8221; css=&#8221;.vc_custom_1611135567225{padding-bottom: 60px !important;}&#8221;][vc_row full_width=&#8221;stretch_row&#8221;][vc_column width=&#8221;1\/12&#8243;][\/vc_column][vc_column width=&#8221;10\/12&#8243;][vc_column_text el_class=&#8221;titolo_centrato&#8221;] Qualit\u00e4t Der Samen [\/vc_column_text][vc_row_inner el_class=&#8221;riga_bordo_stondato&#8221; css=&#8221;.vc_custom_1611075770638{background-image: url(https:\/\/www.comagricola.com\/wp-content\/uploads\/2021\/01\/seeds.svg?id=11234) !important;}&#8221;][vc_column_inner][vc_column_text]Wenn Sie m\u00f6chten, dass Ihr","og_url":"https:\/\/www.comagricola.com\/de\/das-richtige-saatgut-fuer-ihren-rasen\/","og_site_name":"Comagricola Green Europe","article_publisher":"https:\/\/it-it.facebook.com\/pages\/category\/Company\/Comagricola-Green-Europe-srl-1189465271123595\/","article_modified_time":"2021-06-16T10:36:46+00:00","twitter_card":"summary_large_image","twitter_misc":{"Gesch\u00e4tzte Lesezeit":"2\u00a0Minuten"},"schema":{"@context":"https:\/\/schema.org","@graph":[{"@type":"WebPage","@id":"https:\/\/www.comagricola.com\/de\/das-richtige-saatgut-fuer-ihren-rasen\/","url":"https:\/\/www.comagricola.com\/de\/das-richtige-saatgut-fuer-ihren-rasen\/","name":"Das Richtige Saatgut F\u00fcr Ihren Rasen - Comagricola Green Europe","isPartOf":{"@id":"https:\/\/www.comagricola.com\/de\/#website"},"datePublished":"2021-06-16T10:35:24+00:00","dateModified":"2021-06-16T10:36:46+00:00","breadcrumb":{"@id":"https:\/\/www.comagricola.com\/de\/das-richtige-saatgut-fuer-ihren-rasen\/#breadcrumb"},"inLanguage":"de","potentialAction":[{"@type":"ReadAction","target":["https:\/\/www.comagricola.com\/de\/das-richtige-saatgut-fuer-ihren-rasen\/"]}]},{"@type":"BreadcrumbList","@id":"https:\/\/www.comagricola.com\/de\/das-richtige-saatgut-fuer-ihren-rasen\/#breadcrumb","itemListElement":[{"@type":"ListItem","position":1,"name":"Home","item":"https:\/\/www.comagricola.com\/de\/"},{"@type":"ListItem","position":2,"name":"Das Richtige Saatgut F\u00fcr Ihren Rasen"}]},{"@type":"WebSite","@id":"https:\/\/www.comagricola.com\/de\/#website","url":"https:\/\/www.comagricola.com\/de\/","name":"Green Europe Comagricola","description":"Semi e Fertilizzanti","publisher":{"@id":"https:\/\/www.comagricola.com\/de\/#organization"},"potentialAction":[{"@type":"SearchAction","target":{"@type":"EntryPoint","urlTemplate":"https:\/\/www.comagricola.com\/de\/?s={search_term_string}"},"query-input":{"@type":"PropertyValueSpecification","valueRequired":true,"valueName":"search_term_string"}}],"inLanguage":"de"},{"@type":"Organization","@id":"https:\/\/www.comagricola.com\/de\/#organization","name":"COMAGRICOLA GREEN EUROPE SRL","url":"https:\/\/www.comagricola.com\/de\/","logo":{"@type":"ImageObject","inLanguage":"de","@id":"https:\/\/www.comagricola.com\/de\/#\/schema\/logo\/image\/","url":"https:\/\/www.comagricola.com\/wp-content\/uploads\/2020\/12\/logo-comagricola.svg","contentUrl":"https:\/\/www.comagricola.com\/wp-content\/uploads\/2020\/12\/logo-comagricola.svg","width":"1024","height":"1024","caption":"COMAGRICOLA GREEN EUROPE SRL"},"image":{"@id":"https:\/\/www.comagricola.com\/de\/#\/schema\/logo\/image\/"},"sameAs":["https:\/\/it-it.facebook.com\/pages\/category\/Company\/Comagricola-Green-Europe-srl-1189465271123595\/"]}]}},"_links":{"self":[{"href":"https:\/\/www.comagricola.com\/de\/wp-json\/wp\/v2\/pages\/12742","targetHints":{"allow":["GET"]}}],"collection":[{"href":"https:\/\/www.comagricola.com\/de\/wp-json\/wp\/v2\/pages"}],"about":[{"href":"https:\/\/www.comagricola.com\/de\/wp-json\/wp\/v2\/types\/page"}],"author":[{"embeddable":true,"href":"https:\/\/www.comagricola.com\/de\/wp-json\/wp\/v2\/users\/1"}],"replies":[{"embeddable":true,"href":"https:\/\/www.comagricola.com\/de\/wp-json\/wp\/v2\/comments?post=12742"}],"version-history":[{"count":2,"href":"https:\/\/www.comagricola.com\/de\/wp-json\/wp\/v2\/pages\/12742\/revisions"}],"predecessor-version":[{"id":12744,"href":"https:\/\/www.comagricola.com\/de\/wp-json\/wp\/v2\/pages\/12742\/revisions\/12744"}],"wp:attachment":[{"href":"https:\/\/www.comagricola.com\/de\/wp-json\/wp\/v2\/media?parent=12742"}],"curies":[{"name":"wp","href":"https:\/\/api.w.org\/{rel}","templated":true}]}}