{"id":12830,"date":"2021-06-23T12:28:37","date_gmt":"2021-06-23T10:28:37","guid":{"rendered":"https:\/\/www.comagricola.com\/?page_id=12830"},"modified":"2021-09-07T12:24:52","modified_gmt":"2021-09-07T10:24:52","slug":"versand-und-lieferung","status":"publish","type":"page","link":"https:\/\/www.comagricola.com\/de\/versand-und-lieferung\/","title":{"rendered":"Versand und Lieferung"},"content":{"rendered":"<h2>Versand<\/h2>\n<p>comagricola.com versendet seine Waren in ganz Italien und Europa per Expresskurier. Die eingesetzten Kuriere f\u00fchren keine vorherigen Telefonate und bearbeiten auch keine Anfragen f\u00fcr Sendungen zu bestimmten Zeiten. Vorl\u00e4ufig, ohne irgendwelche Einschr\u00e4nkungen f\u00fcr comagricola.com zu implizieren und vorbehaltlich der Marktverf\u00fcgbarkeit der Produkte sowie jeglicher h\u00f6herer Gewalt, wird die Ware von comagricola.com an den Kurier innerhalb von 48\/72 Stunden ab dem ersten Werktag nach dem Datum des Eingangs der Bestellung (im Falle der Zahlung per Kreditkarte oder Zahlung per Nachnahme an den Kurier) geliefert. Der Kunde ist verpflichtet, bei Anlieferung der Ware zu pr\u00fcfen, ob die Anzahl der gelieferten Packst\u00fccke mit den Angaben im Transportdokument \u00fcbereinstimmt und ob die Verpackung nicht besch\u00e4digt, nass oder anderweitig ver\u00e4ndert ist, einschlie\u00dflich der Verschlussmaterialien (Klebeband oder Metall). Jede Besch\u00e4digung oder Unstimmigkeit in der Anzahl der Pakete oder Angaben, muss sofort mit dem Kurier, der die Lieferung macht besprochen werden. Sobald das Dokument des Kuriers unterschrieben ist, kann der Kunde keine Einw\u00e4nde mehr gegen die \u00e4u\u00dferen Merkmale der gelieferten Waren erheben.<\/p>\n<h2>Kosten und Lieferzeiten<\/h2>\n<p>Die Lieferzeiten beziehen sich auf die vom Kunden beim Kauf gew\u00e4hlte Versandart. Die eingesetzten Kuriere f\u00fchren keine vorherigen Telefonate und bearbeiten auch keine Anfragen f\u00fcr Sendungen zu bestimmten Zeiten. Die Transport- und Versicherungskosten betragen \u20ac 10,00 f\u00fcr Italien und Europa.<\/p>\n","protected":false},"excerpt":{"rendered":"<p>Versand comagricola.com versendet seine Waren in ganz Italien und Europa per Expresskurier. Die eingesetzten Kuriere f\u00fchren keine vorherigen Telefonate und bearbeiten auch<\/p>\n","protected":false},"author":1,"featured_media":0,"parent":0,"menu_order":0,"comment_status":"closed","ping_status":"closed","template":"","meta":{"inline_featured_image":false,"footnotes":""},"class_list":["post-12830","page","type-page","status-publish","hentry"],"yoast_head":"<!-- This site is optimized with the Yoast SEO plugin v25.3.1 - https:\/\/yoast.com\/wordpress\/plugins\/seo\/ -->\n<title>Versand und Lieferung - Comagricola Green Europe<\/title>\n<meta name=\"robots\" content=\"index, follow, max-snippet:-1, max-image-preview:large, max-video-preview:-1\" \/>\n<link rel=\"canonical\" href=\"https:\/\/www.comagricola.com\/de\/versand-und-lieferung\/\" \/>\n<meta property=\"og:locale\" content=\"de_DE\" \/>\n<meta property=\"og:type\" content=\"article\" \/>\n<meta property=\"og:title\" content=\"Versand und Lieferung - Comagricola Green Europe\" \/>\n<meta property=\"og:description\" content=\"Versand comagricola.com versendet seine Waren in ganz Italien und Europa per Expresskurier. Die eingesetzten Kuriere f\u00fchren keine vorherigen Telefonate und bearbeiten auch\" \/>\n<meta property=\"og:url\" content=\"https:\/\/www.comagricola.com\/de\/versand-und-lieferung\/\" \/>\n<meta property=\"og:site_name\" content=\"Comagricola Green Europe\" \/>\n<meta property=\"article:publisher\" content=\"https:\/\/it-it.facebook.com\/pages\/category\/Company\/Comagricola-Green-Europe-srl-1189465271123595\/\" \/>\n<meta property=\"article:modified_time\" content=\"2021-09-07T10:24:52+00:00\" \/>\n<meta name=\"twitter:card\" content=\"summary_large_image\" \/>\n<meta name=\"twitter:label1\" content=\"Gesch\u00e4tzte Lesezeit\" \/>\n\t<meta name=\"twitter:data1\" content=\"1\u00a0Minute\" \/>\n<script type=\"application\/ld+json\" class=\"yoast-schema-graph\">{\"@context\":\"https:\/\/schema.org\",\"@graph\":[{\"@type\":\"WebPage\",\"@id\":\"https:\/\/www.comagricola.com\/de\/versand-und-lieferung\/\",\"url\":\"https:\/\/www.comagricola.com\/de\/versand-und-lieferung\/\",\"name\":\"Versand und Lieferung - Comagricola Green Europe\",\"isPartOf\":{\"@id\":\"https:\/\/www.comagricola.com\/de\/#website\"},\"datePublished\":\"2021-06-23T10:28:37+00:00\",\"dateModified\":\"2021-09-07T10:24:52+00:00\",\"breadcrumb\":{\"@id\":\"https:\/\/www.comagricola.com\/de\/versand-und-lieferung\/#breadcrumb\"},\"inLanguage\":\"de\",\"potentialAction\":[{\"@type\":\"ReadAction\",\"target\":[\"https:\/\/www.comagricola.com\/de\/versand-und-lieferung\/\"]}]},{\"@type\":\"BreadcrumbList\",\"@id\":\"https:\/\/www.comagricola.com\/de\/versand-und-lieferung\/#breadcrumb\",\"itemListElement\":[{\"@type\":\"ListItem\",\"position\":1,\"name\":\"Home\",\"item\":\"https:\/\/www.comagricola.com\/de\/\"},{\"@type\":\"ListItem\",\"position\":2,\"name\":\"Versand und Lieferung\"}]},{\"@type\":\"WebSite\",\"@id\":\"https:\/\/www.comagricola.com\/de\/#website\",\"url\":\"https:\/\/www.comagricola.com\/de\/\",\"name\":\"Green Europe Comagricola\",\"description\":\"Semi e Fertilizzanti\",\"publisher\":{\"@id\":\"https:\/\/www.comagricola.com\/de\/#organization\"},\"potentialAction\":[{\"@type\":\"SearchAction\",\"target\":{\"@type\":\"EntryPoint\",\"urlTemplate\":\"https:\/\/www.comagricola.com\/de\/?s={search_term_string}\"},\"query-input\":{\"@type\":\"PropertyValueSpecification\",\"valueRequired\":true,\"valueName\":\"search_term_string\"}}],\"inLanguage\":\"de\"},{\"@type\":\"Organization\",\"@id\":\"https:\/\/www.comagricola.com\/de\/#organization\",\"name\":\"COMAGRICOLA GREEN EUROPE SRL\",\"url\":\"https:\/\/www.comagricola.com\/de\/\",\"logo\":{\"@type\":\"ImageObject\",\"inLanguage\":\"de\",\"@id\":\"https:\/\/www.comagricola.com\/de\/#\/schema\/logo\/image\/\",\"url\":\"https:\/\/www.comagricola.com\/wp-content\/uploads\/2020\/12\/logo-comagricola.svg\",\"contentUrl\":\"https:\/\/www.comagricola.com\/wp-content\/uploads\/2020\/12\/logo-comagricola.svg\",\"width\":\"1024\",\"height\":\"1024\",\"caption\":\"COMAGRICOLA GREEN EUROPE SRL\"},\"image\":{\"@id\":\"https:\/\/www.comagricola.com\/de\/#\/schema\/logo\/image\/\"},\"sameAs\":[\"https:\/\/it-it.facebook.com\/pages\/category\/Company\/Comagricola-Green-Europe-srl-1189465271123595\/\"]}]}<\/script>\n<!-- \/ Yoast SEO plugin. -->","yoast_head_json":{"title":"Versand und Lieferung - Comagricola Green Europe","robots":{"index":"index","follow":"follow","max-snippet":"max-snippet:-1","max-image-preview":"max-image-preview:large","max-video-preview":"max-video-preview:-1"},"canonical":"https:\/\/www.comagricola.com\/de\/versand-und-lieferung\/","og_locale":"de_DE","og_type":"article","og_title":"Versand und Lieferung - Comagricola Green Europe","og_description":"Versand comagricola.com versendet seine Waren in ganz Italien und Europa per Expresskurier. Die eingesetzten Kuriere f\u00fchren keine vorherigen Telefonate und bearbeiten auch","og_url":"https:\/\/www.comagricola.com\/de\/versand-und-lieferung\/","og_site_name":"Comagricola Green Europe","article_publisher":"https:\/\/it-it.facebook.com\/pages\/category\/Company\/Comagricola-Green-Europe-srl-1189465271123595\/","article_modified_time":"2021-09-07T10:24:52+00:00","twitter_card":"summary_large_image","twitter_misc":{"Gesch\u00e4tzte Lesezeit":"1\u00a0Minute"},"schema":{"@context":"https:\/\/schema.org","@graph":[{"@type":"WebPage","@id":"https:\/\/www.comagricola.com\/de\/versand-und-lieferung\/","url":"https:\/\/www.comagricola.com\/de\/versand-und-lieferung\/","name":"Versand und Lieferung - Comagricola Green Europe","isPartOf":{"@id":"https:\/\/www.comagricola.com\/de\/#website"},"datePublished":"2021-06-23T10:28:37+00:00","dateModified":"2021-09-07T10:24:52+00:00","breadcrumb":{"@id":"https:\/\/www.comagricola.com\/de\/versand-und-lieferung\/#breadcrumb"},"inLanguage":"de","potentialAction":[{"@type":"ReadAction","target":["https:\/\/www.comagricola.com\/de\/versand-und-lieferung\/"]}]},{"@type":"BreadcrumbList","@id":"https:\/\/www.comagricola.com\/de\/versand-und-lieferung\/#breadcrumb","itemListElement":[{"@type":"ListItem","position":1,"name":"Home","item":"https:\/\/www.comagricola.com\/de\/"},{"@type":"ListItem","position":2,"name":"Versand und Lieferung"}]},{"@type":"WebSite","@id":"https:\/\/www.comagricola.com\/de\/#website","url":"https:\/\/www.comagricola.com\/de\/","name":"Green Europe Comagricola","description":"Semi e Fertilizzanti","publisher":{"@id":"https:\/\/www.comagricola.com\/de\/#organization"},"potentialAction":[{"@type":"SearchAction","target":{"@type":"EntryPoint","urlTemplate":"https:\/\/www.comagricola.com\/de\/?s={search_term_string}"},"query-input":{"@type":"PropertyValueSpecification","valueRequired":true,"valueName":"search_term_string"}}],"inLanguage":"de"},{"@type":"Organization","@id":"https:\/\/www.comagricola.com\/de\/#organization","name":"COMAGRICOLA GREEN EUROPE SRL","url":"https:\/\/www.comagricola.com\/de\/","logo":{"@type":"ImageObject","inLanguage":"de","@id":"https:\/\/www.comagricola.com\/de\/#\/schema\/logo\/image\/","url":"https:\/\/www.comagricola.com\/wp-content\/uploads\/2020\/12\/logo-comagricola.svg","contentUrl":"https:\/\/www.comagricola.com\/wp-content\/uploads\/2020\/12\/logo-comagricola.svg","width":"1024","height":"1024","caption":"COMAGRICOLA GREEN EUROPE SRL"},"image":{"@id":"https:\/\/www.comagricola.com\/de\/#\/schema\/logo\/image\/"},"sameAs":["https:\/\/it-it.facebook.com\/pages\/category\/Company\/Comagricola-Green-Europe-srl-1189465271123595\/"]}]}},"_links":{"self":[{"href":"https:\/\/www.comagricola.com\/de\/wp-json\/wp\/v2\/pages\/12830","targetHints":{"allow":["GET"]}}],"collection":[{"href":"https:\/\/www.comagricola.com\/de\/wp-json\/wp\/v2\/pages"}],"about":[{"href":"https:\/\/www.comagricola.com\/de\/wp-json\/wp\/v2\/types\/page"}],"author":[{"embeddable":true,"href":"https:\/\/www.comagricola.com\/de\/wp-json\/wp\/v2\/users\/1"}],"replies":[{"embeddable":true,"href":"https:\/\/www.comagricola.com\/de\/wp-json\/wp\/v2\/comments?post=12830"}],"version-history":[{"count":3,"href":"https:\/\/www.comagricola.com\/de\/wp-json\/wp\/v2\/pages\/12830\/revisions"}],"predecessor-version":[{"id":12980,"href":"https:\/\/www.comagricola.com\/de\/wp-json\/wp\/v2\/pages\/12830\/revisions\/12980"}],"wp:attachment":[{"href":"https:\/\/www.comagricola.com\/de\/wp-json\/wp\/v2\/media?parent=12830"}],"curies":[{"name":"wp","href":"https:\/\/api.w.org\/{rel}","templated":true}]}}