{"id":12836,"date":"2021-06-23T12:39:42","date_gmt":"2021-06-23T10:39:42","guid":{"rendered":"https:\/\/www.comagricola.com\/?page_id=12836"},"modified":"2021-09-07T12:32:36","modified_gmt":"2021-09-07T10:32:36","slug":"zahlungsmethoden","status":"publish","type":"page","link":"https:\/\/www.comagricola.com\/de\/zahlungsmethoden\/","title":{"rendered":"Zahlungsmethoden"},"content":{"rendered":"<h2>Bank\u00fcberweisung<\/h2>\n<p>Bei Zahlung per Vorkasse wird die Bestellung nach Eingang der \u00dcberweisung und damit mit Wertstellung auf dem Girokonto bearbeitet. Um die Lieferzeit zu beschleunigen, ist es ratsam, die Abrechnung der Zahlung im Voraus per E-Mail an info@comagricola.it zu senden. Bestellungen, die per Bank\u00fcberweisung aufgegeben und nicht innerhalb von f\u00fcnf Arbeitstagen nach Erhalt bezahlt werden, werden automatisch storniert<\/p>\n<h3>Bankdaten:<\/h3>\n<p><strong>MONTE DEI PASCHI &#8211; Filiale Bergamo<\/strong><br \/>\n<strong>Beneficiary: <\/strong>Comagricola Green Europe srl<br \/>\n<strong>IBAN: <\/strong>IT83 F010 3011 1000-0000 1197 907<\/p>\n<p><strong>Achtung<\/strong>: Bei Zahlung per Bank\u00fcberweisung wird die f\u00fcr die Bestellung eventuell erforderliche Rechnung ausgestellt und steht erst nach der tats\u00e4chlichen Gutschrift des Betrages auf dem Girokonto zur Verf\u00fcgung. Im Verwendungszweck ist unbedingt der Code der get\u00e4tigten Bestellung anzugeben.<\/p>\n<h2>Kreditkarte &#8211; Paypal<\/h2>\n<p>F\u00fcr diejenigen, die Kreditkarten verwenden, hat comagricola.com den elektronischen Zahlungskreislauf Paypal gew\u00e4hlt. Die f\u00fcr Zahlungen auf comagricola.com akzeptierten Schaltungen sind Visa Circuit und MasterCard Circuit, d.h. diejenigen, die vom Paypal-Zahlungssystem akzeptiert werden. Um maximale Sicherheit zu gew\u00e4hrleisten, erfolgt die Zahlungstransaktion direkt \u00fcber den sicheren Server von Paypal. Daher werden die Kreditkartennummern der Kunden nicht auf der comagricola.com-Website gespeichert und die Daten befinden sich ausschlie\u00dflich im Paypal-Kreislauf. Paypal verwendet das SSL-Protokoll zur Verschl\u00fcsselung der zwischen Paypal und Ihrem Browser \u00fcbertragenen Daten.<\/p>\n","protected":false},"excerpt":{"rendered":"<p>Bank\u00fcberweisung Bei Zahlung per Vorkasse wird die Bestellung nach Eingang der \u00dcberweisung und damit mit Wertstellung auf dem Girokonto bearbeitet. Um die<\/p>\n","protected":false},"author":1,"featured_media":0,"parent":0,"menu_order":0,"comment_status":"closed","ping_status":"closed","template":"","meta":{"inline_featured_image":false,"footnotes":""},"class_list":["post-12836","page","type-page","status-publish","hentry"],"yoast_head":"<!-- This site is optimized with the Yoast SEO plugin v25.3.1 - https:\/\/yoast.com\/wordpress\/plugins\/seo\/ -->\n<title>Zahlungsmethoden - Comagricola Green Europe<\/title>\n<meta name=\"robots\" content=\"index, follow, max-snippet:-1, max-image-preview:large, max-video-preview:-1\" \/>\n<link rel=\"canonical\" href=\"https:\/\/www.comagricola.com\/de\/zahlungsmethoden\/\" \/>\n<meta property=\"og:locale\" content=\"de_DE\" \/>\n<meta property=\"og:type\" content=\"article\" \/>\n<meta property=\"og:title\" content=\"Zahlungsmethoden - Comagricola Green Europe\" \/>\n<meta property=\"og:description\" content=\"Bank\u00fcberweisung Bei Zahlung per Vorkasse wird die Bestellung nach Eingang der \u00dcberweisung und damit mit Wertstellung auf dem Girokonto bearbeitet. Um die\" \/>\n<meta property=\"og:url\" content=\"https:\/\/www.comagricola.com\/de\/zahlungsmethoden\/\" \/>\n<meta property=\"og:site_name\" content=\"Comagricola Green Europe\" \/>\n<meta property=\"article:publisher\" content=\"https:\/\/it-it.facebook.com\/pages\/category\/Company\/Comagricola-Green-Europe-srl-1189465271123595\/\" \/>\n<meta property=\"article:modified_time\" content=\"2021-09-07T10:32:36+00:00\" \/>\n<meta name=\"twitter:card\" content=\"summary_large_image\" \/>\n<meta name=\"twitter:label1\" content=\"Gesch\u00e4tzte Lesezeit\" \/>\n\t<meta name=\"twitter:data1\" content=\"1\u00a0Minute\" \/>\n<script type=\"application\/ld+json\" class=\"yoast-schema-graph\">{\"@context\":\"https:\/\/schema.org\",\"@graph\":[{\"@type\":\"WebPage\",\"@id\":\"https:\/\/www.comagricola.com\/de\/zahlungsmethoden\/\",\"url\":\"https:\/\/www.comagricola.com\/de\/zahlungsmethoden\/\",\"name\":\"Zahlungsmethoden - Comagricola Green Europe\",\"isPartOf\":{\"@id\":\"https:\/\/www.comagricola.com\/de\/#website\"},\"datePublished\":\"2021-06-23T10:39:42+00:00\",\"dateModified\":\"2021-09-07T10:32:36+00:00\",\"breadcrumb\":{\"@id\":\"https:\/\/www.comagricola.com\/de\/zahlungsmethoden\/#breadcrumb\"},\"inLanguage\":\"de\",\"potentialAction\":[{\"@type\":\"ReadAction\",\"target\":[\"https:\/\/www.comagricola.com\/de\/zahlungsmethoden\/\"]}]},{\"@type\":\"BreadcrumbList\",\"@id\":\"https:\/\/www.comagricola.com\/de\/zahlungsmethoden\/#breadcrumb\",\"itemListElement\":[{\"@type\":\"ListItem\",\"position\":1,\"name\":\"Home\",\"item\":\"https:\/\/www.comagricola.com\/de\/\"},{\"@type\":\"ListItem\",\"position\":2,\"name\":\"Zahlungsmethoden\"}]},{\"@type\":\"WebSite\",\"@id\":\"https:\/\/www.comagricola.com\/de\/#website\",\"url\":\"https:\/\/www.comagricola.com\/de\/\",\"name\":\"Green Europe Comagricola\",\"description\":\"Semi e Fertilizzanti\",\"publisher\":{\"@id\":\"https:\/\/www.comagricola.com\/de\/#organization\"},\"potentialAction\":[{\"@type\":\"SearchAction\",\"target\":{\"@type\":\"EntryPoint\",\"urlTemplate\":\"https:\/\/www.comagricola.com\/de\/?s={search_term_string}\"},\"query-input\":{\"@type\":\"PropertyValueSpecification\",\"valueRequired\":true,\"valueName\":\"search_term_string\"}}],\"inLanguage\":\"de\"},{\"@type\":\"Organization\",\"@id\":\"https:\/\/www.comagricola.com\/de\/#organization\",\"name\":\"COMAGRICOLA GREEN EUROPE SRL\",\"url\":\"https:\/\/www.comagricola.com\/de\/\",\"logo\":{\"@type\":\"ImageObject\",\"inLanguage\":\"de\",\"@id\":\"https:\/\/www.comagricola.com\/de\/#\/schema\/logo\/image\/\",\"url\":\"https:\/\/www.comagricola.com\/wp-content\/uploads\/2020\/12\/logo-comagricola.svg\",\"contentUrl\":\"https:\/\/www.comagricola.com\/wp-content\/uploads\/2020\/12\/logo-comagricola.svg\",\"width\":\"1024\",\"height\":\"1024\",\"caption\":\"COMAGRICOLA GREEN EUROPE SRL\"},\"image\":{\"@id\":\"https:\/\/www.comagricola.com\/de\/#\/schema\/logo\/image\/\"},\"sameAs\":[\"https:\/\/it-it.facebook.com\/pages\/category\/Company\/Comagricola-Green-Europe-srl-1189465271123595\/\"]}]}<\/script>\n<!-- \/ Yoast SEO plugin. -->","yoast_head_json":{"title":"Zahlungsmethoden - Comagricola Green Europe","robots":{"index":"index","follow":"follow","max-snippet":"max-snippet:-1","max-image-preview":"max-image-preview:large","max-video-preview":"max-video-preview:-1"},"canonical":"https:\/\/www.comagricola.com\/de\/zahlungsmethoden\/","og_locale":"de_DE","og_type":"article","og_title":"Zahlungsmethoden - Comagricola Green Europe","og_description":"Bank\u00fcberweisung Bei Zahlung per Vorkasse wird die Bestellung nach Eingang der \u00dcberweisung und damit mit Wertstellung auf dem Girokonto bearbeitet. Um die","og_url":"https:\/\/www.comagricola.com\/de\/zahlungsmethoden\/","og_site_name":"Comagricola Green Europe","article_publisher":"https:\/\/it-it.facebook.com\/pages\/category\/Company\/Comagricola-Green-Europe-srl-1189465271123595\/","article_modified_time":"2021-09-07T10:32:36+00:00","twitter_card":"summary_large_image","twitter_misc":{"Gesch\u00e4tzte Lesezeit":"1\u00a0Minute"},"schema":{"@context":"https:\/\/schema.org","@graph":[{"@type":"WebPage","@id":"https:\/\/www.comagricola.com\/de\/zahlungsmethoden\/","url":"https:\/\/www.comagricola.com\/de\/zahlungsmethoden\/","name":"Zahlungsmethoden - Comagricola Green Europe","isPartOf":{"@id":"https:\/\/www.comagricola.com\/de\/#website"},"datePublished":"2021-06-23T10:39:42+00:00","dateModified":"2021-09-07T10:32:36+00:00","breadcrumb":{"@id":"https:\/\/www.comagricola.com\/de\/zahlungsmethoden\/#breadcrumb"},"inLanguage":"de","potentialAction":[{"@type":"ReadAction","target":["https:\/\/www.comagricola.com\/de\/zahlungsmethoden\/"]}]},{"@type":"BreadcrumbList","@id":"https:\/\/www.comagricola.com\/de\/zahlungsmethoden\/#breadcrumb","itemListElement":[{"@type":"ListItem","position":1,"name":"Home","item":"https:\/\/www.comagricola.com\/de\/"},{"@type":"ListItem","position":2,"name":"Zahlungsmethoden"}]},{"@type":"WebSite","@id":"https:\/\/www.comagricola.com\/de\/#website","url":"https:\/\/www.comagricola.com\/de\/","name":"Green Europe Comagricola","description":"Semi e Fertilizzanti","publisher":{"@id":"https:\/\/www.comagricola.com\/de\/#organization"},"potentialAction":[{"@type":"SearchAction","target":{"@type":"EntryPoint","urlTemplate":"https:\/\/www.comagricola.com\/de\/?s={search_term_string}"},"query-input":{"@type":"PropertyValueSpecification","valueRequired":true,"valueName":"search_term_string"}}],"inLanguage":"de"},{"@type":"Organization","@id":"https:\/\/www.comagricola.com\/de\/#organization","name":"COMAGRICOLA GREEN EUROPE SRL","url":"https:\/\/www.comagricola.com\/de\/","logo":{"@type":"ImageObject","inLanguage":"de","@id":"https:\/\/www.comagricola.com\/de\/#\/schema\/logo\/image\/","url":"https:\/\/www.comagricola.com\/wp-content\/uploads\/2020\/12\/logo-comagricola.svg","contentUrl":"https:\/\/www.comagricola.com\/wp-content\/uploads\/2020\/12\/logo-comagricola.svg","width":"1024","height":"1024","caption":"COMAGRICOLA GREEN EUROPE SRL"},"image":{"@id":"https:\/\/www.comagricola.com\/de\/#\/schema\/logo\/image\/"},"sameAs":["https:\/\/it-it.facebook.com\/pages\/category\/Company\/Comagricola-Green-Europe-srl-1189465271123595\/"]}]}},"_links":{"self":[{"href":"https:\/\/www.comagricola.com\/de\/wp-json\/wp\/v2\/pages\/12836","targetHints":{"allow":["GET"]}}],"collection":[{"href":"https:\/\/www.comagricola.com\/de\/wp-json\/wp\/v2\/pages"}],"about":[{"href":"https:\/\/www.comagricola.com\/de\/wp-json\/wp\/v2\/types\/page"}],"author":[{"embeddable":true,"href":"https:\/\/www.comagricola.com\/de\/wp-json\/wp\/v2\/users\/1"}],"replies":[{"embeddable":true,"href":"https:\/\/www.comagricola.com\/de\/wp-json\/wp\/v2\/comments?post=12836"}],"version-history":[{"count":4,"href":"https:\/\/www.comagricola.com\/de\/wp-json\/wp\/v2\/pages\/12836\/revisions"}],"predecessor-version":[{"id":12983,"href":"https:\/\/www.comagricola.com\/de\/wp-json\/wp\/v2\/pages\/12836\/revisions\/12983"}],"wp:attachment":[{"href":"https:\/\/www.comagricola.com\/de\/wp-json\/wp\/v2\/media?parent=12836"}],"curies":[{"name":"wp","href":"https:\/\/api.w.org\/{rel}","templated":true}]}}