{"id":12843,"date":"2021-06-23T12:53:31","date_gmt":"2021-06-23T10:53:31","guid":{"rendered":"https:\/\/www.comagricola.com\/?page_id=12843"},"modified":"2021-09-07T12:26:10","modified_gmt":"2021-09-07T10:26:10","slug":"fuer-unternehmen-berufstaetige","status":"publish","type":"page","link":"https:\/\/www.comagricola.com\/de\/fuer-unternehmen-berufstaetige\/","title":{"rendered":"F\u00fcr Unternehmen\/Berufst\u00e4tige"},"content":{"rendered":"<p>Unternehmen, die am Kauf unserer Produkte interessiert sind, k\u00f6nnen einen Rabatt auf die offiziellen Listenpreise erhalten. Um als Firma\/Profi registriert zu werden und die f\u00fcr sie reservierten Vorteile und Rabatte in Anspruch zu nehmen, m\u00fcssen Sie zun\u00e4chst einen Antrag stellen, indem Sie das untenstehende Formular ausf\u00fcllen. Wenn die Anfrage akzeptiert wird, erh\u00e4lt der Benutzer eine Best\u00e4tigungs-E-Mail mit den Zugangsdaten zu seinem Konto, die er ben\u00f6tigt, um Eink\u00e4ufe auf der Website zu t\u00e4tigen. Bitte beachten Sie, dass Sie sich zur Ansicht der rabattierten Preise im Produktkatalog der Website zun\u00e4chst anmelden m\u00fcssen, indem Sie auf die Schaltfl\u00e4che &#8220;&#8221;Login&#8221;&#8221; klicken und den erhaltenen Benutzernamen und das Passwort eingeben. Andernfalls wird der Rabatt nur w\u00e4hrend des Checkout-Vorgangs, f\u00fcr dessen Abschluss Benutzername und Passwort erforderlich sind, angezeigt und angewendet.<\/p>\n\t<div class='user-registration ur-frontend-form  ur-frontend-form--flat ' id='user-registration-form-12879'>\n\t\t\t\t\t\t\t\t<form method='post' class='register' data-form-id=\"12879\"\n\t\t\t\tdata-enable-strength-password=\"1\" data-minimum-password-strength=\"2\"\n\t\t\t\t\t\t\t\t\t\t\t\t\t\t\t data-captcha-enabled=\"\">\n\n\t\t\t\t<div class=\"ur-form-row\" data-row-id=\"0\">\t\t\t\t\t\t<div class=\"ur-form-grid ur-grid-1\"\n\t\t\t\t\t\t\tstyle=\"width:99%\">\n\t\t\t\t\t\t\t\t\t\t\t\t\t\t<div  data-field-id=\"first_name\" class=\"ur-field-item field-first_name \" data-ref-id=\"first_name\" data-field-pattern-enabled=\"0\" data-field-pattern-value=\" \" data-field-pattern-message=\" \">\n\t\t\t\t\t\t\t\t\t<div class=\"form-row validate-required\" id=\"first_name_field\" data-priority=\"\" ><label for=\"first_name\" class=\"ur-label\">Vorname <abbr class=\"required\" title=\"required\">*<\/abbr><\/label> <span class=\"input-wrapper\"> <input  data-rules=\"\" data-id=\"first_name\" type=\"text\" class=\"input-text   input-text ur-frontend-field  \" name=\"first_name\" id=\"first_name\" placeholder=\"\"  value=\"\" required=\"required\" data-label=\"Vorname\" \/> <\/span> <\/div>\t\t\t\t\t\t\t\t<\/div>\n\t\t\t\t\t\t\t\t\t\t\t\t\t\t\t\t<div  data-field-id=\"last_name\" class=\"ur-field-item field-last_name \" data-ref-id=\"last_name\" data-field-pattern-enabled=\"0\" data-field-pattern-value=\" \" data-field-pattern-message=\" \">\n\t\t\t\t\t\t\t\t\t<div class=\"form-row validate-required\" id=\"last_name_field\" data-priority=\"\" ><label for=\"last_name\" class=\"ur-label\">Nachname <abbr class=\"required\" title=\"required\">*<\/abbr><\/label> <span class=\"input-wrapper\"> <input  data-rules=\"\" data-id=\"last_name\" type=\"text\" class=\"input-text   input-text ur-frontend-field  \" name=\"last_name\" id=\"last_name\" placeholder=\"\"  value=\"\" required=\"required\" data-label=\"Nachname\" \/> <\/span> <\/div>\t\t\t\t\t\t\t\t<\/div>\n\t\t\t\t\t\t\t\t\t\t\t\t\t\t\t\t<div  data-field-id=\"user_login\" class=\"ur-field-item field-user_login \" data-ref-id=\"user_login\" data-field-pattern-enabled=\"0\" data-field-pattern-value=\" \" data-field-pattern-message=\" \">\n\t\t\t\t\t\t\t\t\t<div class=\"form-row validate-required\" id=\"user_login_field\" data-priority=\"\" ><label for=\"user_login\" class=\"ur-label\">Username <abbr class=\"required\" title=\"required\">*<\/abbr><\/label> <span class=\"input-wrapper\"> <input  data-rules=\"\" data-id=\"user_login\" type=\"text\" class=\"input-text   input-text ur-frontend-field  \" name=\"user_login\" id=\"user_login\" placeholder=\"\"  value=\"\" required=\"required\" data-label=\"Username\" data-username-character=\"yes\"\/> <\/span> <\/div>\t\t\t\t\t\t\t\t<\/div>\n\t\t\t\t\t\t\t\t\t\t\t\t\t\t\t\t<div  data-field-id=\"user_email\" class=\"ur-field-item field-user_email \" data-ref-id=\"user_email\" data-field-pattern-enabled=\"0\" data-field-pattern-value=\" \" data-field-pattern-message=\" \">\n\t\t\t\t\t\t\t\t\t<div class=\"form-row validate-required\" id=\"user_email_field\" data-priority=\"\" ><label for=\"user_email\" class=\"ur-label\">User Email <abbr class=\"required\" title=\"required\">*<\/abbr><\/label> <span class=\"input-wrapper\"> <input  data-rules=\"\" data-id=\"user_email\" type=\"email\" class=\"input-text   input-email ur-frontend-field  \" name=\"user_email\" id=\"user_email\" placeholder=\"\"  value=\"\" required=\"required\" data-label=\"User Email\" \/> <\/span> <\/div>\t\t\t\t\t\t\t\t<\/div>\n\t\t\t\t\t\t\t\t\t\t\t\t\t\t\t\t<div  data-field-id=\"user_pass\" class=\"ur-field-item field-user_pass psw\" data-ref-id=\"user_pass\" data-field-pattern-enabled=\"0\" data-field-pattern-value=\" \" data-field-pattern-message=\" \">\n\t\t\t\t\t\t\t\t\t<div class=\"form-row validate-required hide_show_password\" id=\"user_pass_field\" data-priority=\"\"><label for=\"user_pass\" class=\"ur-label\">Password <abbr class=\"required\" title=\"required\">*<\/abbr><\/label> <span class=\"input-wrapper\"> <span class=\"password-input-group input-form-field-icons\"><input data-rules=\"\" data-id=\"user_pass\" type=\"password\" class=\"input-text  input-password ur-frontend-field \" name=\"user_pass\" id=\"user_pass\" placeholder=\"\"  value=\"\" required=\"required\" data-label=\"Password\" \/><a href=\"javaScript:void(0)\" class=\"password_preview dashicons dashicons-hidden\" title=\" Show password \"><\/a><\/span> <\/span> <\/div>\t\t\t\t\t\t\t\t<\/div>\n\t\t\t\t\t\t\t\t\t\t\t\t\t\t\t\t<div  data-field-id=\"user_confirm_password\" class=\"ur-field-item field-user_confirm_password psw\" data-ref-id=\"user_confirm_password\" data-field-pattern-enabled=\"0\" data-field-pattern-value=\" \" data-field-pattern-message=\" \">\n\t\t\t\t\t\t\t\t\t<div class=\"form-row validate-required hide_show_password\" id=\"user_confirm_password_field\" data-priority=\"\"><label for=\"user_confirm_password\" class=\"ur-label\">Password best\u00e4tigen <abbr class=\"required\" title=\"required\">*<\/abbr><\/label> <span class=\"input-wrapper\"> <span class=\"password-input-group input-form-field-icons\"><input data-rules=\"\" data-id=\"user_confirm_password\" type=\"password\" class=\"input-text  input-password ur-frontend-field \" name=\"user_confirm_password\" id=\"user_confirm_password\" placeholder=\"\"  value=\"\" required=\"required\" data-label=\"Password best\u00e4tigen\" \/><a href=\"javaScript:void(0)\" class=\"password_preview dashicons dashicons-hidden\" title=\" Show password \"><\/a><\/span> <\/span> <\/div>\t\t\t\t\t\t\t\t<\/div>\n\t\t\t\t\t\t\t\t\t\t\t\t\t\t\t\t<div  data-field-id=\"billing_city\" class=\"ur-field-item field-text indirizzo\" data-ref-id=\"billing_city\" data-field-pattern-enabled=\"0\" data-field-pattern-value=\" \" data-field-pattern-message=\" \">\n\t\t\t\t\t\t\t\t\t<div class=\"form-row \" id=\"billing_city_field\" data-priority=\"\" ><label for=\"billing_city\" class=\"ur-label\">Adresse<\/label> <span class=\"input-wrapper\"> <input  data-rules=\"\" data-id=\"billing_city\" type=\"text\" class=\"input-text   input-text ur-frontend-field \" name=\"billing_city\" id=\"billing_city\" placeholder=\"\"  value=\"\" data-label=\"Adresse\" maxlength=\"20\" \/> <\/span> <\/div>\t\t\t\t\t\t\t\t<\/div>\n\t\t\t\t\t\t\t\t\t\t\t\t\t\t\t\t<div  data-field-id=\"input_box_1624548209\" class=\"ur-field-item field-text \" data-ref-id=\"input_box_1624548209\" data-field-pattern-enabled=\"0\" data-field-pattern-value=\" \" data-field-pattern-message=\" \">\n\t\t\t\t\t\t\t\t\t<div class=\"form-row validate-required\" id=\"input_box_1624548209_field\" data-priority=\"\" ><label for=\"input_box_1624548209\" class=\"ur-label\">MwSt. <abbr class=\"required\" title=\"required\">*<\/abbr><\/label> <span class=\"input-wrapper\"> <input  data-rules=\"\" data-id=\"input_box_1624548209\" type=\"text\" class=\"input-text   input-text ur-frontend-field  \" name=\"input_box_1624548209\" id=\"input_box_1624548209\" placeholder=\"\"  value=\"\" required=\"required\" data-label=\"MwSt.\" maxlength=\"20\" \/> <\/span> <\/div>\t\t\t\t\t\t\t\t<\/div>\n\t\t\t\t\t\t\t\t\t\t\t\t\t\t\t\t<div  data-field-id=\"textarea_1619769746\" class=\"ur-field-item field-textarea \" data-ref-id=\"textarea_1619769746\" data-field-pattern-enabled=\"0\" data-field-pattern-value=\" \" data-field-pattern-message=\" \">\n\t\t\t\t\t\t\t\t\t<div class=\"form-row validate-required\" id=\"textarea_1619769746_field\" data-priority=\"\" ><label for=\"textarea_1619769746\" class=\"ur-label\">Botschaft <abbr class=\"required\" title=\"required\">*<\/abbr><\/label><textarea style=\"margin-bottom:0px;\" data-rules=\"\" data-id=\"textarea_1619769746\" name=\"textarea_1619769746\" class=\"input-text ur-frontend-field  \" id=\"textarea_1619769746\" placeholder=\"Beschreiben Sie kurz Ihr Unternehmen \/ Ihren Beruf\"  rows=\"2\" cols=\"5\"required=\"required\" data-label=\"Botschaft\"><\/textarea><div style=\"text-align: right; font-size:14px; color:#737373; margin-top:0px;\"> <div class=\"ur-input-count\" data-count-type=\"characters\" style=\"display: inline-block; margin-right: 1px;\">0<\/div><div style=\"display: inline-block;\"> characters<\/div><\/div><\/div>\t\t\t\t\t\t\t\t<\/div>\n\t\t\t\t\t\t\t\t\t\t\t\t\t\t\t\t<div  data-field-id=\"privacy_policy_1619427269\" class=\"ur-field-item field-privacy_policy \" data-ref-id=\"privacy_policy_1619427269\" data-field-pattern-enabled=\"0\" data-field-pattern-value=\" \" data-field-pattern-message=\" \">\n\t\t\t\t\t\t\t\t\t<div class=\"form-row validate-required\" id=\"privacy_policy_1619427269_field\" data-priority=\"\" ><label class=\"ur-label checkbox\" required=\"required\" data-label=\"Ich akzeptiere die Datenschutzerkl\u00e4rung\">\n\t\t\t\t\t\t\t<input data-rules=\"\" data-id=\"privacy_policy_1619427269\" required=\"required\" data-label=\"Ich akzeptiere die Datenschutzerkl\u00e4rung\" data-value=\"\" type=\"checkbox\" class=\"input-checkbox ur-frontend-field \" name=\"privacy_policy_1619427269\" id=\"privacy_policy_1619427269\" value=\"1\"  \/> Ich akzeptiere die Datenschutzerkl\u00e4rung <abbr class=\"required\" title=\"required\">*<\/abbr><\/label><\/div>\t\t\t\t\t\t\t\t<\/div>\n\t\t\t\t\t\t\t\t\t\t\t\t\t\t<\/div>\n\t\t\t\t\t\t\t\t\t\t\t<\/div>\n\t\t\t\t\t\t\t\t\t\t\t\t\t\t\t\t\t<div class=\"ur-button-container \" >\n\t\t\t\t\t\t\t\t\t\t\t\t\t\t<button type=\"submit\" class=\"btn button ur-submit-button \"  conditional_rules=\"&quot;&quot;\">\n\t\t\t\t\t\t\t\t<span><\/span>\n\t\t\t\t\t\t\t\tSENDEN\t\t\t\t\t\t\t<\/button>\n\t\t\t\t\t\t\t\t\t\t\t\t\t\t\t\t\t\t\t\t<\/div>\n\t\t\t\t\t\t\n\t\t\t\t<div style=\"clear:both\"><\/div>\n\t\t\t\t\t\t\t\t<input type=\"hidden\" name=\"ur-registration-language\" value=\"de\"\/>\n\t\t\t\t<input type=\"hidden\" name=\"ur-user-form-id\" value=\"12879\"\/>\n\t\t\t\t<input type=\"hidden\" name=\"ur-redirect-url\" value=\"\"\/>\n\t\t\t\t<input type=\"hidden\" id=\"ur_frontend_form_nonce\" name=\"ur_frontend_form_nonce\" value=\"1a35b62015\" \/>\n\t\t\t\t\t\t\t<\/form>\n\t\t\t\n\t\t<div style=\"clear:both\"><\/div>\n\t<\/div>\n\n","protected":false},"excerpt":{"rendered":"<p>Unternehmen, die am Kauf unserer Produkte interessiert sind, k\u00f6nnen einen Rabatt auf die offiziellen Listenpreise erhalten. Um als Firma\/Profi registriert zu werden<\/p>\n","protected":false},"author":1,"featured_media":0,"parent":0,"menu_order":0,"comment_status":"closed","ping_status":"closed","template":"","meta":{"inline_featured_image":false,"footnotes":""},"class_list":["post-12843","page","type-page","status-publish","hentry"],"yoast_head":"<!-- This site is optimized with the Yoast SEO plugin v25.3.1 - https:\/\/yoast.com\/wordpress\/plugins\/seo\/ -->\n<title>F\u00fcr Unternehmen\/Berufst\u00e4tige - Comagricola Green Europe<\/title>\n<meta name=\"robots\" content=\"index, follow, max-snippet:-1, max-image-preview:large, max-video-preview:-1\" \/>\n<link rel=\"canonical\" href=\"https:\/\/www.comagricola.com\/de\/fuer-unternehmen-berufstaetige\/\" \/>\n<meta property=\"og:locale\" content=\"de_DE\" \/>\n<meta property=\"og:type\" content=\"article\" \/>\n<meta property=\"og:title\" content=\"F\u00fcr Unternehmen\/Berufst\u00e4tige - Comagricola Green Europe\" \/>\n<meta property=\"og:description\" content=\"Unternehmen, die am Kauf unserer Produkte interessiert sind, k\u00f6nnen einen Rabatt auf die offiziellen Listenpreise erhalten. Um als Firma\/Profi registriert zu werden\" \/>\n<meta property=\"og:url\" content=\"https:\/\/www.comagricola.com\/de\/fuer-unternehmen-berufstaetige\/\" \/>\n<meta property=\"og:site_name\" content=\"Comagricola Green Europe\" \/>\n<meta property=\"article:publisher\" content=\"https:\/\/it-it.facebook.com\/pages\/category\/Company\/Comagricola-Green-Europe-srl-1189465271123595\/\" \/>\n<meta property=\"article:modified_time\" content=\"2021-09-07T10:26:10+00:00\" \/>\n<meta name=\"twitter:card\" content=\"summary_large_image\" \/>\n<meta name=\"twitter:label1\" content=\"Gesch\u00e4tzte Lesezeit\" \/>\n\t<meta name=\"twitter:data1\" content=\"1\u00a0Minute\" \/>\n<script type=\"application\/ld+json\" class=\"yoast-schema-graph\">{\"@context\":\"https:\/\/schema.org\",\"@graph\":[{\"@type\":\"WebPage\",\"@id\":\"https:\/\/www.comagricola.com\/de\/fuer-unternehmen-berufstaetige\/\",\"url\":\"https:\/\/www.comagricola.com\/de\/fuer-unternehmen-berufstaetige\/\",\"name\":\"F\u00fcr Unternehmen\/Berufst\u00e4tige - Comagricola Green Europe\",\"isPartOf\":{\"@id\":\"https:\/\/www.comagricola.com\/de\/#website\"},\"datePublished\":\"2021-06-23T10:53:31+00:00\",\"dateModified\":\"2021-09-07T10:26:10+00:00\",\"breadcrumb\":{\"@id\":\"https:\/\/www.comagricola.com\/de\/fuer-unternehmen-berufstaetige\/#breadcrumb\"},\"inLanguage\":\"de\",\"potentialAction\":[{\"@type\":\"ReadAction\",\"target\":[\"https:\/\/www.comagricola.com\/de\/fuer-unternehmen-berufstaetige\/\"]}]},{\"@type\":\"BreadcrumbList\",\"@id\":\"https:\/\/www.comagricola.com\/de\/fuer-unternehmen-berufstaetige\/#breadcrumb\",\"itemListElement\":[{\"@type\":\"ListItem\",\"position\":1,\"name\":\"Home\",\"item\":\"https:\/\/www.comagricola.com\/de\/\"},{\"@type\":\"ListItem\",\"position\":2,\"name\":\"F\u00fcr Unternehmen\/Berufst\u00e4tige\"}]},{\"@type\":\"WebSite\",\"@id\":\"https:\/\/www.comagricola.com\/de\/#website\",\"url\":\"https:\/\/www.comagricola.com\/de\/\",\"name\":\"Green Europe Comagricola\",\"description\":\"Semi e Fertilizzanti\",\"publisher\":{\"@id\":\"https:\/\/www.comagricola.com\/de\/#organization\"},\"potentialAction\":[{\"@type\":\"SearchAction\",\"target\":{\"@type\":\"EntryPoint\",\"urlTemplate\":\"https:\/\/www.comagricola.com\/de\/?s={search_term_string}\"},\"query-input\":{\"@type\":\"PropertyValueSpecification\",\"valueRequired\":true,\"valueName\":\"search_term_string\"}}],\"inLanguage\":\"de\"},{\"@type\":\"Organization\",\"@id\":\"https:\/\/www.comagricola.com\/de\/#organization\",\"name\":\"COMAGRICOLA GREEN EUROPE SRL\",\"url\":\"https:\/\/www.comagricola.com\/de\/\",\"logo\":{\"@type\":\"ImageObject\",\"inLanguage\":\"de\",\"@id\":\"https:\/\/www.comagricola.com\/de\/#\/schema\/logo\/image\/\",\"url\":\"https:\/\/www.comagricola.com\/wp-content\/uploads\/2020\/12\/logo-comagricola.svg\",\"contentUrl\":\"https:\/\/www.comagricola.com\/wp-content\/uploads\/2020\/12\/logo-comagricola.svg\",\"width\":\"1024\",\"height\":\"1024\",\"caption\":\"COMAGRICOLA GREEN EUROPE SRL\"},\"image\":{\"@id\":\"https:\/\/www.comagricola.com\/de\/#\/schema\/logo\/image\/\"},\"sameAs\":[\"https:\/\/it-it.facebook.com\/pages\/category\/Company\/Comagricola-Green-Europe-srl-1189465271123595\/\"]}]}<\/script>\n<!-- \/ Yoast SEO plugin. -->","yoast_head_json":{"title":"F\u00fcr Unternehmen\/Berufst\u00e4tige - Comagricola Green Europe","robots":{"index":"index","follow":"follow","max-snippet":"max-snippet:-1","max-image-preview":"max-image-preview:large","max-video-preview":"max-video-preview:-1"},"canonical":"https:\/\/www.comagricola.com\/de\/fuer-unternehmen-berufstaetige\/","og_locale":"de_DE","og_type":"article","og_title":"F\u00fcr Unternehmen\/Berufst\u00e4tige - Comagricola Green Europe","og_description":"Unternehmen, die am Kauf unserer Produkte interessiert sind, k\u00f6nnen einen Rabatt auf die offiziellen Listenpreise erhalten. Um als Firma\/Profi registriert zu werden","og_url":"https:\/\/www.comagricola.com\/de\/fuer-unternehmen-berufstaetige\/","og_site_name":"Comagricola Green Europe","article_publisher":"https:\/\/it-it.facebook.com\/pages\/category\/Company\/Comagricola-Green-Europe-srl-1189465271123595\/","article_modified_time":"2021-09-07T10:26:10+00:00","twitter_card":"summary_large_image","twitter_misc":{"Gesch\u00e4tzte Lesezeit":"1\u00a0Minute"},"schema":{"@context":"https:\/\/schema.org","@graph":[{"@type":"WebPage","@id":"https:\/\/www.comagricola.com\/de\/fuer-unternehmen-berufstaetige\/","url":"https:\/\/www.comagricola.com\/de\/fuer-unternehmen-berufstaetige\/","name":"F\u00fcr Unternehmen\/Berufst\u00e4tige - Comagricola Green Europe","isPartOf":{"@id":"https:\/\/www.comagricola.com\/de\/#website"},"datePublished":"2021-06-23T10:53:31+00:00","dateModified":"2021-09-07T10:26:10+00:00","breadcrumb":{"@id":"https:\/\/www.comagricola.com\/de\/fuer-unternehmen-berufstaetige\/#breadcrumb"},"inLanguage":"de","potentialAction":[{"@type":"ReadAction","target":["https:\/\/www.comagricola.com\/de\/fuer-unternehmen-berufstaetige\/"]}]},{"@type":"BreadcrumbList","@id":"https:\/\/www.comagricola.com\/de\/fuer-unternehmen-berufstaetige\/#breadcrumb","itemListElement":[{"@type":"ListItem","position":1,"name":"Home","item":"https:\/\/www.comagricola.com\/de\/"},{"@type":"ListItem","position":2,"name":"F\u00fcr Unternehmen\/Berufst\u00e4tige"}]},{"@type":"WebSite","@id":"https:\/\/www.comagricola.com\/de\/#website","url":"https:\/\/www.comagricola.com\/de\/","name":"Green Europe Comagricola","description":"Semi e Fertilizzanti","publisher":{"@id":"https:\/\/www.comagricola.com\/de\/#organization"},"potentialAction":[{"@type":"SearchAction","target":{"@type":"EntryPoint","urlTemplate":"https:\/\/www.comagricola.com\/de\/?s={search_term_string}"},"query-input":{"@type":"PropertyValueSpecification","valueRequired":true,"valueName":"search_term_string"}}],"inLanguage":"de"},{"@type":"Organization","@id":"https:\/\/www.comagricola.com\/de\/#organization","name":"COMAGRICOLA GREEN EUROPE SRL","url":"https:\/\/www.comagricola.com\/de\/","logo":{"@type":"ImageObject","inLanguage":"de","@id":"https:\/\/www.comagricola.com\/de\/#\/schema\/logo\/image\/","url":"https:\/\/www.comagricola.com\/wp-content\/uploads\/2020\/12\/logo-comagricola.svg","contentUrl":"https:\/\/www.comagricola.com\/wp-content\/uploads\/2020\/12\/logo-comagricola.svg","width":"1024","height":"1024","caption":"COMAGRICOLA GREEN EUROPE SRL"},"image":{"@id":"https:\/\/www.comagricola.com\/de\/#\/schema\/logo\/image\/"},"sameAs":["https:\/\/it-it.facebook.com\/pages\/category\/Company\/Comagricola-Green-Europe-srl-1189465271123595\/"]}]}},"_links":{"self":[{"href":"https:\/\/www.comagricola.com\/de\/wp-json\/wp\/v2\/pages\/12843","targetHints":{"allow":["GET"]}}],"collection":[{"href":"https:\/\/www.comagricola.com\/de\/wp-json\/wp\/v2\/pages"}],"about":[{"href":"https:\/\/www.comagricola.com\/de\/wp-json\/wp\/v2\/types\/page"}],"author":[{"embeddable":true,"href":"https:\/\/www.comagricola.com\/de\/wp-json\/wp\/v2\/users\/1"}],"replies":[{"embeddable":true,"href":"https:\/\/www.comagricola.com\/de\/wp-json\/wp\/v2\/comments?post=12843"}],"version-history":[{"count":3,"href":"https:\/\/www.comagricola.com\/de\/wp-json\/wp\/v2\/pages\/12843\/revisions"}],"predecessor-version":[{"id":12981,"href":"https:\/\/www.comagricola.com\/de\/wp-json\/wp\/v2\/pages\/12843\/revisions\/12981"}],"wp:attachment":[{"href":"https:\/\/www.comagricola.com\/de\/wp-json\/wp\/v2\/media?parent=12843"}],"curies":[{"name":"wp","href":"https:\/\/api.w.org\/{rel}","templated":true}]}}