{"id":15654,"date":"2024-09-03T10:12:50","date_gmt":"2024-09-03T08:12:50","guid":{"rendered":"https:\/\/www.comagricola.com\/varieta-in-purezza\/"},"modified":"2025-01-21T11:46:09","modified_gmt":"2025-01-21T10:46:09","slug":"varieta-in-purezza","status":"publish","type":"page","link":"https:\/\/www.comagricola.com\/de\/saatgut\/varieta-in-purezza\/","title":{"rendered":"Variet\u00e0 in purezza"},"content":{"rendered":"[vc_section full_width=&#8221;stretch_row&#8221; el_id=&#8221;Variet\u00e0_in_purezze&#8221; css=&#8221;.vc_custom_1725353305585{background-color: #f6f5f1 !important;}&#8221; el_class=&#8221;bg-top-bottom&#8221;][vc_row][vc_column width=&#8221;2\/3&#8243;][vc_custom_heading text=&#8221;Variet\u00e0 di sementi in purezza per tappeto erboso&#8221; font_container=&#8221;tag:h2|font_size:40%20px|text_align:left&#8221; google_fonts=&#8221;font_family:Ubuntu%3A300%2C300italic%2Cregular%2Citalic%2C500%2C500italic%2C700%2C700italic|font_style:700%20bold%20regular%3A700%3Anormal&#8221;][vc_column_text]<span style=\"font-size: 18px;\">Proponiamo una gamma di <strong>sementi in purezza<\/strong> per tappeto erboso, selezionate con la massima attenzione per garantire risultati eccellenti in termini di uniformit\u00e0, densit\u00e0 e resistenza. Le schede tecniche di ogni variet\u00e0 includono dettagliate informazioni, corredate dai dati delle classifiche <strong>NTEP<\/strong> (National Turfgrass Evaluation Program), offrendo una valutazione precisa delle caratteristiche e delle prestazioni delle sementi.<\/span>[\/vc_column_text][\/vc_column][vc_column width=&#8221;1\/3&#8243;][vc_single_image image=&#8221;15647&#8243; img_size=&#8221;medium&#8221; style=&#8221;vc_box_rounded&#8221;][\/vc_column][\/vc_row][vc_row el_class=&#8221;linea&#8221; el_id=&#8221;microterme&#8221; css=&#8221;.vc_custom_1725353332682{padding-top: 30px !important;}&#8221;][vc_column][vc_column_text][\/vc_column_text][\/vc_column][vc_column width=&#8221;1\/2&#8243;][vc_column_text]\n<h2><span style=\"color: #000000;\"><strong><span style=\"font-size: 28px;\">Microterme<\/span><\/strong><\/span><\/h2>\n[\/vc_column_text][vc_row_inner][vc_column_inner][\/vc_column_inner][\/vc_row_inner][vc_separator][vc_btn title=&#8221;FESTUCA ARUNDINACEA&#8221; style=&#8221;flat&#8221; shape=&#8221;round&#8221; color=&#8221;blue&#8221; align=&#8221;left&#8221; link=&#8221;url:https%3A%2F%2Fwww.comagricola.com%2Ffestuca-arundinacea%2F|title:Festuca%20arundinacea&#8221;][vc_separator][vc_btn title=&#8221;FESTUCA COMMUTATA&#8221; style=&#8221;flat&#8221; shape=&#8221;round&#8221; color=&#8221;blue&#8221; link=&#8221;url:https%3A%2F%2Fwww.comagricola.com%2Ffestuca-commutata%2F|title:Festuca%20commutata&#8221;][vc_separator][vc_btn title=&#8221;FESTUCA RUBRA&#8221; style=&#8221;flat&#8221; shape=&#8221;round&#8221; color=&#8221;blue&#8221; link=&#8221;url:https%3A%2F%2Fwww.comagricola.com%2Ffestuca-rubra%2F|title:Festuca%20rubra&#8221;][vc_separator][vc_btn title=&#8221;LOLIUM PERENNE&#8221; style=&#8221;flat&#8221; shape=&#8221;round&#8221; color=&#8221;blue&#8221; link=&#8221;url:https%3A%2F%2Fwww.comagricola.com%2Flolium-perenne%2F|title:Lolium%20Perenne&#8221;][vc_separator][vc_btn title=&#8221;POA NEMORALIS&#8221; style=&#8221;flat&#8221; shape=&#8221;round&#8221; color=&#8221;blue&#8221; link=&#8221;url:https%3A%2F%2Fwww.comagricola.com%2Fpoa-nemoralis%2F|title:Poa%20nemoralis%20&#8243;][vc_separator][vc_btn title=&#8221;POA PRATENSIS&#8221; style=&#8221;flat&#8221; shape=&#8221;round&#8221; color=&#8221;blue&#8221; link=&#8221;url:https%3A%2F%2Fwww.comagricola.com%2Fpoa-pratensis%2F|title:Poa%20pratensis&#8221;][vc_separator][vc_btn title=&#8221;AGROSTIS STOLONIFERA&#8221; style=&#8221;flat&#8221; shape=&#8221;round&#8221; color=&#8221;blue&#8221; link=&#8221;url:%20https%3A%2F%2Fwww.comagricola.com%2Fagrostis-stolonifera%2F|title:Agrostis%20stolinifera&#8221;][\/vc_column][vc_column width=&#8221;1\/2&#8243;][vc_column_text]\n<h2><span style=\"color: #000000;\"><strong><span style=\"font-size: 28px;\">Macroterme<\/span><\/strong><\/span><\/h2>\n[\/vc_column_text][vc_row_inner][vc_column_inner][\/vc_column_inner][\/vc_row_inner][vc_separator][vc_btn title=&#8221;BERMUDAGRASS&#8221; style=&#8221;flat&#8221; shape=&#8221;round&#8221; color=&#8221;blue&#8221; align=&#8221;left&#8221; link=&#8221;url:https%3A%2F%2Fwww.comagricola.com%2Fbermudagrass%2F|title:Bermudagrass&#8221;][\/vc_column][\/vc_row][\/vc_section][vc_section full_width=&#8221;stretch_row&#8221; el_class=&#8221;calltoaction&#8221;][vc_row full_width=&#8221;stretch_row&#8221; css_animation=&#8221;fadeIn&#8221; css=&#8221;.vc_custom_1610752023218{padding-top: 30px !important;padding-bottom: 0px !important;background-image: url(https:\/\/www.comagricola.com\/wp-content\/uploads\/2020\/11\/bg_calltoaction2.gif?id=10241) !important;background-position: center !important;background-repeat: no-repeat !important;background-size: cover !important;}&#8221;][vc_column][vc_cta h2=&#8221;Quali sono le sementi giuste per il tuo prato?&#8221; style=&#8221;flat&#8221; add_button=&#8221;bottom&#8221; btn_title=&#8221;VUOI SAPERNE DI PIU?&#8221; btn_style=&#8221;outline&#8221; btn_shape=&#8221;round&#8221; btn_color=&#8221;white&#8221; btn_size=&#8221;lg&#8221; btn_align=&#8221;right&#8221; btn_i_align=&#8221;right&#8221; btn_i_icon_fontawesome=&#8221;fas fa-angle-right&#8221; btn_add_icon=&#8221;true&#8221; el_class=&#8221;box_calltoaction&#8221; btn_link=&#8221;url:https%3A%2F%2Fwww.comagricola.com%2Fle-sementi-giuste-per-il-tuo-prato%2F|title:Le%20sementi%20giuste%20per%20il%20tuo%20prato&#8221;]Se vuoi che il tuo prato sia meraviglioso e\u0300 fondamentale non scendere a compromessi,<br \/>\nselezionando e seminando la giusta miscela.<br \/>\nQuesta scelta prevede una serie di caratteristiche chiave&#8230;[\/vc_cta][\/vc_column][\/vc_row][\/vc_section]\n","protected":false},"excerpt":{"rendered":"<p>[vc_section full_width=&#8221;stretch_row&#8221; el_id=&#8221;Variet\u00e0_in_purezze&#8221; css=&#8221;.vc_custom_1725353305585{background-color: #f6f5f1 !important;}&#8221; el_class=&#8221;bg-top-bottom&#8221;][vc_row][vc_column width=&#8221;2\/3&#8243;][vc_custom_heading text=&#8221;Variet\u00e0 di sementi in purezza per tappeto erboso&#8221; font_container=&#8221;tag:h2|font_size:40%20px|text_align:left&#8221; google_fonts=&#8221;font_family:Ubuntu%3A300%2C300italic%2Cregular%2Citalic%2C500%2C500italic%2C700%2C700italic|font_style:700%20bold%20regular%3A700%3Anormal&#8221;][vc_column_text]Proponiamo una gamma di sementi<\/p>\n","protected":false},"author":1,"featured_media":0,"parent":12538,"menu_order":0,"comment_status":"closed","ping_status":"closed","template":"page-templates\/fullwidth.php","meta":{"inline_featured_image":false,"footnotes":""},"class_list":["post-15654","page","type-page","status-publish","hentry"],"yoast_head":"<!-- This site is optimized with the Yoast SEO plugin v25.3.1 - https:\/\/yoast.com\/wordpress\/plugins\/seo\/ -->\n<title>Variet\u00e0 sementi in purezza - Comagricola Green Europe<\/title>\n<meta name=\"description\" content=\"Selezioniamo le migliori variet\u00e0 di sementi per tappeto erboso presenti sul mercato per garantire sempre un ottima qualit\u00e0.\" \/>\n<meta name=\"robots\" content=\"index, follow, max-snippet:-1, max-image-preview:large, max-video-preview:-1\" \/>\n<link rel=\"canonical\" href=\"https:\/\/www.comagricola.com\/de\/saatgut\/varieta-in-purezza\/\" \/>\n<meta property=\"og:locale\" content=\"de_DE\" \/>\n<meta property=\"og:type\" content=\"article\" \/>\n<meta property=\"og:title\" content=\"Variet\u00e0 sementi in purezza - Comagricola Green Europe\" \/>\n<meta property=\"og:description\" content=\"Selezioniamo le migliori variet\u00e0 di sementi per tappeto erboso presenti sul mercato per garantire sempre un ottima qualit\u00e0.\" \/>\n<meta property=\"og:url\" content=\"https:\/\/www.comagricola.com\/de\/saatgut\/varieta-in-purezza\/\" \/>\n<meta property=\"og:site_name\" content=\"Comagricola Green Europe\" \/>\n<meta property=\"article:publisher\" content=\"https:\/\/it-it.facebook.com\/pages\/category\/Company\/Comagricola-Green-Europe-srl-1189465271123595\/\" \/>\n<meta property=\"article:modified_time\" content=\"2025-01-21T10:46:09+00:00\" \/>\n<meta name=\"twitter:card\" content=\"summary_large_image\" \/>\n<meta name=\"twitter:label1\" content=\"Gesch\u00e4tzte Lesezeit\" \/>\n\t<meta name=\"twitter:data1\" content=\"1\u00a0Minute\" \/>\n<script type=\"application\/ld+json\" class=\"yoast-schema-graph\">{\"@context\":\"https:\/\/schema.org\",\"@graph\":[{\"@type\":\"WebPage\",\"@id\":\"https:\/\/www.comagricola.com\/de\/saatgut\/varieta-in-purezza\/\",\"url\":\"https:\/\/www.comagricola.com\/de\/saatgut\/varieta-in-purezza\/\",\"name\":\"Variet\u00e0 sementi in purezza - Comagricola Green Europe\",\"isPartOf\":{\"@id\":\"https:\/\/www.comagricola.com\/de\/#website\"},\"datePublished\":\"2024-09-03T08:12:50+00:00\",\"dateModified\":\"2025-01-21T10:46:09+00:00\",\"description\":\"Selezioniamo le migliori variet\u00e0 di sementi per tappeto erboso presenti sul mercato per garantire sempre un ottima qualit\u00e0.\",\"breadcrumb\":{\"@id\":\"https:\/\/www.comagricola.com\/de\/saatgut\/varieta-in-purezza\/#breadcrumb\"},\"inLanguage\":\"de\",\"potentialAction\":[{\"@type\":\"ReadAction\",\"target\":[\"https:\/\/www.comagricola.com\/de\/saatgut\/varieta-in-purezza\/\"]}]},{\"@type\":\"BreadcrumbList\",\"@id\":\"https:\/\/www.comagricola.com\/de\/saatgut\/varieta-in-purezza\/#breadcrumb\",\"itemListElement\":[{\"@type\":\"ListItem\",\"position\":1,\"name\":\"Home\",\"item\":\"https:\/\/www.comagricola.com\/de\/\"},{\"@type\":\"ListItem\",\"position\":2,\"name\":\"Saatgut\",\"item\":\"https:\/\/www.comagricola.com\/de\/saatgut\/\"},{\"@type\":\"ListItem\",\"position\":3,\"name\":\"Variet\u00e0 in purezza\"}]},{\"@type\":\"WebSite\",\"@id\":\"https:\/\/www.comagricola.com\/de\/#website\",\"url\":\"https:\/\/www.comagricola.com\/de\/\",\"name\":\"Green Europe Comagricola\",\"description\":\"Semi e Fertilizzanti\",\"publisher\":{\"@id\":\"https:\/\/www.comagricola.com\/de\/#organization\"},\"potentialAction\":[{\"@type\":\"SearchAction\",\"target\":{\"@type\":\"EntryPoint\",\"urlTemplate\":\"https:\/\/www.comagricola.com\/de\/?s={search_term_string}\"},\"query-input\":{\"@type\":\"PropertyValueSpecification\",\"valueRequired\":true,\"valueName\":\"search_term_string\"}}],\"inLanguage\":\"de\"},{\"@type\":\"Organization\",\"@id\":\"https:\/\/www.comagricola.com\/de\/#organization\",\"name\":\"COMAGRICOLA GREEN EUROPE SRL\",\"url\":\"https:\/\/www.comagricola.com\/de\/\",\"logo\":{\"@type\":\"ImageObject\",\"inLanguage\":\"de\",\"@id\":\"https:\/\/www.comagricola.com\/de\/#\/schema\/logo\/image\/\",\"url\":\"https:\/\/www.comagricola.com\/wp-content\/uploads\/2020\/12\/logo-comagricola.svg\",\"contentUrl\":\"https:\/\/www.comagricola.com\/wp-content\/uploads\/2020\/12\/logo-comagricola.svg\",\"width\":\"1024\",\"height\":\"1024\",\"caption\":\"COMAGRICOLA GREEN EUROPE SRL\"},\"image\":{\"@id\":\"https:\/\/www.comagricola.com\/de\/#\/schema\/logo\/image\/\"},\"sameAs\":[\"https:\/\/it-it.facebook.com\/pages\/category\/Company\/Comagricola-Green-Europe-srl-1189465271123595\/\"]}]}<\/script>\n<!-- \/ Yoast SEO plugin. -->","yoast_head_json":{"title":"Variet\u00e0 sementi in purezza - Comagricola Green Europe","description":"Selezioniamo le migliori variet\u00e0 di sementi per tappeto erboso presenti sul mercato per garantire sempre un ottima qualit\u00e0.","robots":{"index":"index","follow":"follow","max-snippet":"max-snippet:-1","max-image-preview":"max-image-preview:large","max-video-preview":"max-video-preview:-1"},"canonical":"https:\/\/www.comagricola.com\/de\/saatgut\/varieta-in-purezza\/","og_locale":"de_DE","og_type":"article","og_title":"Variet\u00e0 sementi in purezza - Comagricola Green Europe","og_description":"Selezioniamo le migliori variet\u00e0 di sementi per tappeto erboso presenti sul mercato per garantire sempre un ottima qualit\u00e0.","og_url":"https:\/\/www.comagricola.com\/de\/saatgut\/varieta-in-purezza\/","og_site_name":"Comagricola Green Europe","article_publisher":"https:\/\/it-it.facebook.com\/pages\/category\/Company\/Comagricola-Green-Europe-srl-1189465271123595\/","article_modified_time":"2025-01-21T10:46:09+00:00","twitter_card":"summary_large_image","twitter_misc":{"Gesch\u00e4tzte Lesezeit":"1\u00a0Minute"},"schema":{"@context":"https:\/\/schema.org","@graph":[{"@type":"WebPage","@id":"https:\/\/www.comagricola.com\/de\/saatgut\/varieta-in-purezza\/","url":"https:\/\/www.comagricola.com\/de\/saatgut\/varieta-in-purezza\/","name":"Variet\u00e0 sementi in purezza - Comagricola Green Europe","isPartOf":{"@id":"https:\/\/www.comagricola.com\/de\/#website"},"datePublished":"2024-09-03T08:12:50+00:00","dateModified":"2025-01-21T10:46:09+00:00","description":"Selezioniamo le migliori variet\u00e0 di sementi per tappeto erboso presenti sul mercato per garantire sempre un ottima qualit\u00e0.","breadcrumb":{"@id":"https:\/\/www.comagricola.com\/de\/saatgut\/varieta-in-purezza\/#breadcrumb"},"inLanguage":"de","potentialAction":[{"@type":"ReadAction","target":["https:\/\/www.comagricola.com\/de\/saatgut\/varieta-in-purezza\/"]}]},{"@type":"BreadcrumbList","@id":"https:\/\/www.comagricola.com\/de\/saatgut\/varieta-in-purezza\/#breadcrumb","itemListElement":[{"@type":"ListItem","position":1,"name":"Home","item":"https:\/\/www.comagricola.com\/de\/"},{"@type":"ListItem","position":2,"name":"Saatgut","item":"https:\/\/www.comagricola.com\/de\/saatgut\/"},{"@type":"ListItem","position":3,"name":"Variet\u00e0 in purezza"}]},{"@type":"WebSite","@id":"https:\/\/www.comagricola.com\/de\/#website","url":"https:\/\/www.comagricola.com\/de\/","name":"Green Europe Comagricola","description":"Semi e Fertilizzanti","publisher":{"@id":"https:\/\/www.comagricola.com\/de\/#organization"},"potentialAction":[{"@type":"SearchAction","target":{"@type":"EntryPoint","urlTemplate":"https:\/\/www.comagricola.com\/de\/?s={search_term_string}"},"query-input":{"@type":"PropertyValueSpecification","valueRequired":true,"valueName":"search_term_string"}}],"inLanguage":"de"},{"@type":"Organization","@id":"https:\/\/www.comagricola.com\/de\/#organization","name":"COMAGRICOLA GREEN EUROPE SRL","url":"https:\/\/www.comagricola.com\/de\/","logo":{"@type":"ImageObject","inLanguage":"de","@id":"https:\/\/www.comagricola.com\/de\/#\/schema\/logo\/image\/","url":"https:\/\/www.comagricola.com\/wp-content\/uploads\/2020\/12\/logo-comagricola.svg","contentUrl":"https:\/\/www.comagricola.com\/wp-content\/uploads\/2020\/12\/logo-comagricola.svg","width":"1024","height":"1024","caption":"COMAGRICOLA GREEN EUROPE SRL"},"image":{"@id":"https:\/\/www.comagricola.com\/de\/#\/schema\/logo\/image\/"},"sameAs":["https:\/\/it-it.facebook.com\/pages\/category\/Company\/Comagricola-Green-Europe-srl-1189465271123595\/"]}]}},"_links":{"self":[{"href":"https:\/\/www.comagricola.com\/de\/wp-json\/wp\/v2\/pages\/15654","targetHints":{"allow":["GET"]}}],"collection":[{"href":"https:\/\/www.comagricola.com\/de\/wp-json\/wp\/v2\/pages"}],"about":[{"href":"https:\/\/www.comagricola.com\/de\/wp-json\/wp\/v2\/types\/page"}],"author":[{"embeddable":true,"href":"https:\/\/www.comagricola.com\/de\/wp-json\/wp\/v2\/users\/1"}],"replies":[{"embeddable":true,"href":"https:\/\/www.comagricola.com\/de\/wp-json\/wp\/v2\/comments?post=15654"}],"version-history":[{"count":13,"href":"https:\/\/www.comagricola.com\/de\/wp-json\/wp\/v2\/pages\/15654\/revisions"}],"predecessor-version":[{"id":16729,"href":"https:\/\/www.comagricola.com\/de\/wp-json\/wp\/v2\/pages\/15654\/revisions\/16729"}],"up":[{"embeddable":true,"href":"https:\/\/www.comagricola.com\/de\/wp-json\/wp\/v2\/pages\/12538"}],"wp:attachment":[{"href":"https:\/\/www.comagricola.com\/de\/wp-json\/wp\/v2\/media?parent=15654"}],"curies":[{"name":"wp","href":"https:\/\/api.w.org\/{rel}","templated":true}]}}