{"id":12355,"date":"2020-12-14T16:37:35","date_gmt":"2020-12-14T15:37:35","guid":{"rendered":"https:\/\/www.comagricola.com\/prodotto\/blue-star-geschwindigkeit\/"},"modified":"2022-11-29T18:13:58","modified_gmt":"2022-11-29T17:13:58","slug":"blue-star-speed","status":"publish","type":"product","link":"https:\/\/www.comagricola.com\/de\/prodotto\/blue-star-speed\/","title":{"rendered":"Blue Star Speed"},"content":{"rendered":"<p><strong>Blue Star Speed<\/strong> ist die schnellw\u00fcchsige Variante dank der Anwesenheit von Lolium Perenne und Festuca Arundinacea. Die hohe Qualit\u00e4t und zertifizierte Reinheit machen es zu einer Mischung, die f\u00fcr jede pedoklimatische Situation geeignet ist und einen sehr geringen Pflegeaufwand hat.<\/p>\n<table class=\" aligncenter\" style=\"height: auto; width: 100%; border-collapse: collapse;\">\n<thead>\n<tr style=\"height: 23px;\">\n<th style=\"height: 23px; text-align: center; vertical-align: middle; width: 20%;\" scope=\"row\">%<\/th>\n<th style=\"text-align: center; vertical-align: middle; height: 23px; width: 20%;\" scope=\"row\">ZUSAMMENSETZUNG<\/th>\n<th style=\"text-align: center; vertical-align: middle; height: 23px; width: 20%;\" scope=\"row\">AUSSAATMENGE<\/th>\n<th style=\"text-align: center; vertical-align: middle; height: 23px; width: 20%;\" scope=\"row\">SCHNITTH\u00d6HE<\/th>\n<th style=\"text-align: center; vertical-align: middle; height: 23px; width: 20%;\" scope=\"row\">ZEITRAUM<\/th>\n<\/tr>\n<\/thead>\n<tbody>\n<tr style=\"height: 23px;\">\n<td style=\"text-align: center; height: 23px; width: 20%;\">35<\/td>\n<td style=\"text-align: center; height: 23px; width: 20%;\"><a href=\"https:\/\/www.comagricola.com\/wp-content\/uploads\/2020\/12\/FA-Raptor-III.pdf\" target=\"_blank\" rel=\"noopener noreferrer\">Festuca Arundinacea Raptor III<\/a><\/td>\n<td style=\"text-align: center; height: 69px; width: 20%;\" rowspan=\"4\">40GR\/QM<\/td>\n<td style=\"text-align: center; height: 69px; width: 20%;\" rowspan=\"4\">4\/5 CM<\/td>\n<td style=\"text-align: center; height: 69px; width: 20%;\" rowspan=\"4\">VON FEBRUAR BIS<br \/>\nNOVEMBER<\/td>\n<\/tr>\n<tr style=\"height: 23px;\">\n<td style=\"text-align: center; height: 23px; width: 20%;\">35<\/td>\n<td style=\"text-align: center; height: 23px; width: 20%;\"><a href=\"https:\/\/www.comagricola.com\/wp-content\/uploads\/2020\/12\/FA-Foxhound-ts.pdf\" target=\"_blank\" rel=\"noopener noreferrer\">Festuca Arundinacea Foxhound<\/a><\/td>\n<\/tr>\n<tr style=\"height: 23px;\">\n<td style=\"text-align: center; height: 23px; width: 20%;\">15<\/td>\n<td style=\"text-align: center; height: 23px; width: 20%;\"><a href=\"https:\/\/www.comagricola.com\/wp-content\/uploads\/2020\/12\/LP-Pizzazz-2_TMI_.pdf\" target=\"_blank\" rel=\"noopener noreferrer\">Lolium Perenne Pizzazz II<\/a><\/td>\n<\/tr>\n<tr>\n<td style=\"text-align: center; width: 20%;\">15<\/td>\n<td style=\"text-align: center; width: 20%;\"><a href=\"https:\/\/www.comagricola.com\/wp-content\/uploads\/2022\/11\/LP-ASPIRE.pdf\" target=\"_blank\" rel=\"noopener noreferrer\">Lolium Perenne Aspire<\/a><\/td>\n<\/tr>\n<\/tbody>\n<\/table>\n","protected":false},"excerpt":{"rendered":"<ul>\n<li>Ausgezeichnete Trockenheitsresistenz<\/li>\n<li>Geringer Wartungsaufwand<\/li>\n<li>Hohe Resistenz gegen Krankheiten<\/li>\n<li>Gute Winterfarbe<\/li>\n<li>Bestehend aus der neuesten Generation von Kultivaren<\/li>\n<\/ul>\n","protected":false},"featured_media":13390,"template":"","meta":{"inline_featured_image":false},"product_brand":[],"product_cat":[139,138],"product_tag":[],"class_list":{"0":"post-12355","1":"product","2":"type-product","3":"status-publish","4":"has-post-thumbnail","6":"product_cat-blue-line","7":"product_cat-saatgut","9":"first","10":"instock","11":"taxable","12":"shipping-taxable","13":"product-type-simple"},"yoast_head":"<!-- This site is optimized with the Yoast SEO plugin v25.3.1 - https:\/\/yoast.com\/wordpress\/plugins\/seo\/ -->\n<title>Blue Star Speed - Comagricola Green Europe<\/title>\n<meta name=\"robots\" content=\"index, follow, max-snippet:-1, max-image-preview:large, max-video-preview:-1\" \/>\n<link rel=\"canonical\" href=\"https:\/\/www.comagricola.com\/de\/prodotto\/blue-star-speed\/\" \/>\n<meta property=\"og:locale\" content=\"de_DE\" \/>\n<meta property=\"og:type\" content=\"article\" \/>\n<meta property=\"og:title\" content=\"Blue Star Speed - Comagricola Green Europe\" \/>\n<meta property=\"og:description\" content=\"Ausgezeichnete Trockenheitsresistenz  Geringer Wartungsaufwand  Hohe Resistenz gegen Krankheiten  Gute Winterfarbe  Bestehend aus der neuesten Generation von Kultivaren\" \/>\n<meta property=\"og:url\" content=\"https:\/\/www.comagricola.com\/de\/prodotto\/blue-star-speed\/\" \/>\n<meta property=\"og:site_name\" content=\"Comagricola Green Europe\" \/>\n<meta property=\"article:publisher\" content=\"https:\/\/it-it.facebook.com\/pages\/category\/Company\/Comagricola-Green-Europe-srl-1189465271123595\/\" \/>\n<meta property=\"article:modified_time\" content=\"2022-11-29T17:13:58+00:00\" \/>\n<meta property=\"og:image\" content=\"https:\/\/www.comagricola.com\/wp-content\/uploads\/2020\/12\/Blue-Line.png\" \/>\n\t<meta property=\"og:image:width\" content=\"1080\" \/>\n\t<meta property=\"og:image:height\" content=\"1080\" \/>\n\t<meta property=\"og:image:type\" content=\"image\/png\" \/>\n<meta name=\"twitter:card\" content=\"summary_large_image\" \/>\n<meta name=\"twitter:label1\" content=\"Gesch\u00e4tzte Lesezeit\" \/>\n\t<meta name=\"twitter:data1\" content=\"1\u00a0Minute\" \/>\n<script type=\"application\/ld+json\" class=\"yoast-schema-graph\">{\"@context\":\"https:\/\/schema.org\",\"@graph\":[{\"@type\":\"WebPage\",\"@id\":\"https:\/\/www.comagricola.com\/de\/prodotto\/blue-star-speed\/\",\"url\":\"https:\/\/www.comagricola.com\/de\/prodotto\/blue-star-speed\/\",\"name\":\"Blue Star Speed - Comagricola Green Europe\",\"isPartOf\":{\"@id\":\"https:\/\/www.comagricola.com\/de\/#website\"},\"primaryImageOfPage\":{\"@id\":\"https:\/\/www.comagricola.com\/de\/prodotto\/blue-star-speed\/#primaryimage\"},\"image\":{\"@id\":\"https:\/\/www.comagricola.com\/de\/prodotto\/blue-star-speed\/#primaryimage\"},\"thumbnailUrl\":\"https:\/\/www.comagricola.com\/wp-content\/uploads\/2020\/12\/Blue-Line.png\",\"datePublished\":\"2020-12-14T15:37:35+00:00\",\"dateModified\":\"2022-11-29T17:13:58+00:00\",\"breadcrumb\":{\"@id\":\"https:\/\/www.comagricola.com\/de\/prodotto\/blue-star-speed\/#breadcrumb\"},\"inLanguage\":\"de\",\"potentialAction\":[{\"@type\":\"ReadAction\",\"target\":[\"https:\/\/www.comagricola.com\/de\/prodotto\/blue-star-speed\/\"]}]},{\"@type\":\"ImageObject\",\"inLanguage\":\"de\",\"@id\":\"https:\/\/www.comagricola.com\/de\/prodotto\/blue-star-speed\/#primaryimage\",\"url\":\"https:\/\/www.comagricola.com\/wp-content\/uploads\/2020\/12\/Blue-Line.png\",\"contentUrl\":\"https:\/\/www.comagricola.com\/wp-content\/uploads\/2020\/12\/Blue-Line.png\",\"width\":1080,\"height\":1080,\"caption\":\"Blue Line\"},{\"@type\":\"BreadcrumbList\",\"@id\":\"https:\/\/www.comagricola.com\/de\/prodotto\/blue-star-speed\/#breadcrumb\",\"itemListElement\":[{\"@type\":\"ListItem\",\"position\":1,\"name\":\"Home\",\"item\":\"https:\/\/www.comagricola.com\/de\/\"},{\"@type\":\"ListItem\",\"position\":2,\"name\":\"Shop\",\"item\":\"https:\/\/www.comagricola.com\/de\/shop\/\"},{\"@type\":\"ListItem\",\"position\":3,\"name\":\"Blue Star Speed\"}]},{\"@type\":\"WebSite\",\"@id\":\"https:\/\/www.comagricola.com\/de\/#website\",\"url\":\"https:\/\/www.comagricola.com\/de\/\",\"name\":\"Green Europe Comagricola\",\"description\":\"Semi e Fertilizzanti\",\"publisher\":{\"@id\":\"https:\/\/www.comagricola.com\/de\/#organization\"},\"potentialAction\":[{\"@type\":\"SearchAction\",\"target\":{\"@type\":\"EntryPoint\",\"urlTemplate\":\"https:\/\/www.comagricola.com\/de\/?s={search_term_string}\"},\"query-input\":{\"@type\":\"PropertyValueSpecification\",\"valueRequired\":true,\"valueName\":\"search_term_string\"}}],\"inLanguage\":\"de\"},{\"@type\":\"Organization\",\"@id\":\"https:\/\/www.comagricola.com\/de\/#organization\",\"name\":\"COMAGRICOLA GREEN EUROPE SRL\",\"url\":\"https:\/\/www.comagricola.com\/de\/\",\"logo\":{\"@type\":\"ImageObject\",\"inLanguage\":\"de\",\"@id\":\"https:\/\/www.comagricola.com\/de\/#\/schema\/logo\/image\/\",\"url\":\"https:\/\/www.comagricola.com\/wp-content\/uploads\/2020\/12\/logo-comagricola.svg\",\"contentUrl\":\"https:\/\/www.comagricola.com\/wp-content\/uploads\/2020\/12\/logo-comagricola.svg\",\"width\":\"1024\",\"height\":\"1024\",\"caption\":\"COMAGRICOLA GREEN EUROPE SRL\"},\"image\":{\"@id\":\"https:\/\/www.comagricola.com\/de\/#\/schema\/logo\/image\/\"},\"sameAs\":[\"https:\/\/it-it.facebook.com\/pages\/category\/Company\/Comagricola-Green-Europe-srl-1189465271123595\/\"]}]}<\/script>\n<!-- \/ Yoast SEO plugin. -->","yoast_head_json":{"title":"Blue Star Speed - Comagricola Green Europe","robots":{"index":"index","follow":"follow","max-snippet":"max-snippet:-1","max-image-preview":"max-image-preview:large","max-video-preview":"max-video-preview:-1"},"canonical":"https:\/\/www.comagricola.com\/de\/prodotto\/blue-star-speed\/","og_locale":"de_DE","og_type":"article","og_title":"Blue Star Speed - Comagricola Green Europe","og_description":"Ausgezeichnete Trockenheitsresistenz  Geringer Wartungsaufwand  Hohe Resistenz gegen Krankheiten  Gute Winterfarbe  Bestehend aus der neuesten Generation von Kultivaren","og_url":"https:\/\/www.comagricola.com\/de\/prodotto\/blue-star-speed\/","og_site_name":"Comagricola Green Europe","article_publisher":"https:\/\/it-it.facebook.com\/pages\/category\/Company\/Comagricola-Green-Europe-srl-1189465271123595\/","article_modified_time":"2022-11-29T17:13:58+00:00","og_image":[{"width":1080,"height":1080,"url":"https:\/\/www.comagricola.com\/wp-content\/uploads\/2020\/12\/Blue-Line.png","type":"image\/png"}],"twitter_card":"summary_large_image","twitter_misc":{"Gesch\u00e4tzte Lesezeit":"1\u00a0Minute"},"schema":{"@context":"https:\/\/schema.org","@graph":[{"@type":"WebPage","@id":"https:\/\/www.comagricola.com\/de\/prodotto\/blue-star-speed\/","url":"https:\/\/www.comagricola.com\/de\/prodotto\/blue-star-speed\/","name":"Blue Star Speed - Comagricola Green Europe","isPartOf":{"@id":"https:\/\/www.comagricola.com\/de\/#website"},"primaryImageOfPage":{"@id":"https:\/\/www.comagricola.com\/de\/prodotto\/blue-star-speed\/#primaryimage"},"image":{"@id":"https:\/\/www.comagricola.com\/de\/prodotto\/blue-star-speed\/#primaryimage"},"thumbnailUrl":"https:\/\/www.comagricola.com\/wp-content\/uploads\/2020\/12\/Blue-Line.png","datePublished":"2020-12-14T15:37:35+00:00","dateModified":"2022-11-29T17:13:58+00:00","breadcrumb":{"@id":"https:\/\/www.comagricola.com\/de\/prodotto\/blue-star-speed\/#breadcrumb"},"inLanguage":"de","potentialAction":[{"@type":"ReadAction","target":["https:\/\/www.comagricola.com\/de\/prodotto\/blue-star-speed\/"]}]},{"@type":"ImageObject","inLanguage":"de","@id":"https:\/\/www.comagricola.com\/de\/prodotto\/blue-star-speed\/#primaryimage","url":"https:\/\/www.comagricola.com\/wp-content\/uploads\/2020\/12\/Blue-Line.png","contentUrl":"https:\/\/www.comagricola.com\/wp-content\/uploads\/2020\/12\/Blue-Line.png","width":1080,"height":1080,"caption":"Blue Line"},{"@type":"BreadcrumbList","@id":"https:\/\/www.comagricola.com\/de\/prodotto\/blue-star-speed\/#breadcrumb","itemListElement":[{"@type":"ListItem","position":1,"name":"Home","item":"https:\/\/www.comagricola.com\/de\/"},{"@type":"ListItem","position":2,"name":"Shop","item":"https:\/\/www.comagricola.com\/de\/shop\/"},{"@type":"ListItem","position":3,"name":"Blue Star Speed"}]},{"@type":"WebSite","@id":"https:\/\/www.comagricola.com\/de\/#website","url":"https:\/\/www.comagricola.com\/de\/","name":"Green Europe Comagricola","description":"Semi e Fertilizzanti","publisher":{"@id":"https:\/\/www.comagricola.com\/de\/#organization"},"potentialAction":[{"@type":"SearchAction","target":{"@type":"EntryPoint","urlTemplate":"https:\/\/www.comagricola.com\/de\/?s={search_term_string}"},"query-input":{"@type":"PropertyValueSpecification","valueRequired":true,"valueName":"search_term_string"}}],"inLanguage":"de"},{"@type":"Organization","@id":"https:\/\/www.comagricola.com\/de\/#organization","name":"COMAGRICOLA GREEN EUROPE SRL","url":"https:\/\/www.comagricola.com\/de\/","logo":{"@type":"ImageObject","inLanguage":"de","@id":"https:\/\/www.comagricola.com\/de\/#\/schema\/logo\/image\/","url":"https:\/\/www.comagricola.com\/wp-content\/uploads\/2020\/12\/logo-comagricola.svg","contentUrl":"https:\/\/www.comagricola.com\/wp-content\/uploads\/2020\/12\/logo-comagricola.svg","width":"1024","height":"1024","caption":"COMAGRICOLA GREEN EUROPE SRL"},"image":{"@id":"https:\/\/www.comagricola.com\/de\/#\/schema\/logo\/image\/"},"sameAs":["https:\/\/it-it.facebook.com\/pages\/category\/Company\/Comagricola-Green-Europe-srl-1189465271123595\/"]}]}},"_links":{"self":[{"href":"https:\/\/www.comagricola.com\/de\/wp-json\/wp\/v2\/product\/12355","targetHints":{"allow":["GET"]}}],"collection":[{"href":"https:\/\/www.comagricola.com\/de\/wp-json\/wp\/v2\/product"}],"about":[{"href":"https:\/\/www.comagricola.com\/de\/wp-json\/wp\/v2\/types\/product"}],"wp:featuredmedia":[{"embeddable":true,"href":"https:\/\/www.comagricola.com\/de\/wp-json\/wp\/v2\/media\/13390"}],"wp:attachment":[{"href":"https:\/\/www.comagricola.com\/de\/wp-json\/wp\/v2\/media?parent=12355"}],"wp:term":[{"taxonomy":"product_brand","embeddable":true,"href":"https:\/\/www.comagricola.com\/de\/wp-json\/wp\/v2\/product_brand?post=12355"},{"taxonomy":"product_cat","embeddable":true,"href":"https:\/\/www.comagricola.com\/de\/wp-json\/wp\/v2\/product_cat?post=12355"},{"taxonomy":"product_tag","embeddable":true,"href":"https:\/\/www.comagricola.com\/de\/wp-json\/wp\/v2\/product_tag?post=12355"}],"curies":[{"name":"wp","href":"https:\/\/api.w.org\/{rel}","templated":true}]}}