{"id":12358,"date":"2020-12-14T16:44:33","date_gmt":"2020-12-14T15:44:33","guid":{"rendered":"https:\/\/www.comagricola.com\/prodotto\/blue-star\/"},"modified":"2022-11-29T17:51:53","modified_gmt":"2022-11-29T16:51:53","slug":"blue-star","status":"publish","type":"product","link":"https:\/\/www.comagricola.com\/de\/prodotto\/blue-star\/","title":{"rendered":"Blue Star"},"content":{"rendered":"<p><strong>Blue Star<\/strong> ist eine Mischung aus vielfach getesteten und national anerkannten Sorten. Er setzt sich aus drei verschiedenen Arten zusammen und erm\u00f6glicht es Ihnen, einen wunderbar feinen Rasen mit gr\u00f6\u00dferer Widerstandsf\u00e4higkeit gegen Krankheiten und niedrige Temperaturen zu schaffen.<\/p>\n<table class=\" aligncenter\" style=\"height: auto; width: 100%; border-collapse: collapse;\">\n<thead>\n<tr style=\"height: 23px;\">\n<th style=\"height: 23px; text-align: center; vertical-align: middle; width: 20%;\" scope=\"row\">%<\/th>\n<th style=\"text-align: center; vertical-align: middle; height: 23px; width: 20%;\" scope=\"row\">ZUSAMMENSETZUNG<\/th>\n<th style=\"text-align: center; vertical-align: middle; height: 23px; width: 20%;\" scope=\"row\">AUSSAATMENGE<\/th>\n<th style=\"text-align: center; vertical-align: middle; height: 23px; width: 20%;\" scope=\"row\">SCHNITTH\u00d6HE<\/th>\n<th style=\"text-align: center; vertical-align: middle; height: 23px; width: 20%;\" scope=\"row\">ZEITRAUM<\/th>\n<\/tr>\n<\/thead>\n<tbody>\n<tr style=\"height: 23px;\">\n<td style=\"text-align: center; height: 23px; width: 20%;\">30<\/td>\n<td style=\"text-align: center; height: 23px; width: 20%;\"><a href=\"https:\/\/www.comagricola.com\/wp-content\/uploads\/2020\/12\/LP-Pizzazz-2_TMI_.pdf\" target=\"_blank\" rel=\"noopener noreferrer\">Lolium Perenne Pizzazz II<\/a><\/td>\n<td style=\"text-align: center; height: 92px; width: 20%;\" rowspan=\"4\">30GR\/QM<\/td>\n<td style=\"text-align: center; height: 92px; width: 20%;\" rowspan=\"4\">4\/5 CM<\/td>\n<td style=\"text-align: center; height: 92px; width: 20%;\" rowspan=\"4\">VON FEBRUAR BIS<br \/>\nNOVEMBER<\/td>\n<\/tr>\n<tr style=\"height: 23px;\">\n<td style=\"text-align: center; height: 23px; width: 20%;\">40<\/td>\n<td style=\"text-align: center; height: 23px; width: 20%;\"><a href=\"https:\/\/www.comagricola.com\/wp-content\/uploads\/2022\/11\/LP-ASPIRE.pdf\" target=\"_blank\" rel=\"noopener noreferrer\">Lolium Perenne Aspire<\/a><\/td>\n<\/tr>\n<tr style=\"height: 23px;\">\n<td style=\"text-align: center; height: 23px; width: 20%;\">20<\/td>\n<td style=\"text-align: center; height: 23px; width: 20%;\"><a href=\"https:\/\/www.comagricola.com\/wp-content\/uploads\/2020\/12\/FC-Intrigue.pdf\" target=\"_blank\" rel=\"noopener noreferrer\">Festuca Commutata Intrigue<\/a><\/td>\n<\/tr>\n<tr style=\"height: 23px;\">\n<td style=\"text-align: center; width: 20%; height: 23px;\">10<\/td>\n<td style=\"text-align: center; width: 20%; height: 23px;\"><a href=\"https:\/\/www.comagricola.com\/wp-content\/uploads\/2020\/12\/PP-Liberator.pdf\" target=\"_blank\" rel=\"noopener noreferrer\">Poa Pratensis Liberator<\/a><\/td>\n<\/tr>\n<\/tbody>\n<\/table>\n","protected":false},"excerpt":{"rendered":"<ul>\n<li>Gute Geschwindigkeit der Abwicklung<\/li>\n<li>Feines und widerstandsf\u00e4higes Blatt<\/li>\n<li>Hohe Dichte der Triebe<\/li>\n<li>Hohe Resistenz gegen Pilzkrankheiten<\/li>\n<li>Geringe Schertoleranz<\/li>\n<li>Ausgezeichnete Winter- und Sommerfarbe<\/li>\n<\/ul>\n","protected":false},"featured_media":13390,"template":"","meta":{"inline_featured_image":false},"product_brand":[],"product_cat":[139,138],"product_tag":[],"class_list":{"0":"post-12358","1":"product","2":"type-product","3":"status-publish","4":"has-post-thumbnail","6":"product_cat-blue-line","7":"product_cat-saatgut","9":"first","10":"instock","11":"taxable","12":"shipping-taxable","13":"product-type-variable"},"yoast_head":"<!-- This site is optimized with the Yoast SEO plugin v25.3.1 - https:\/\/yoast.com\/wordpress\/plugins\/seo\/ -->\n<title>Blue Star - Comagricola Green Europe<\/title>\n<meta name=\"robots\" content=\"index, follow, max-snippet:-1, max-image-preview:large, max-video-preview:-1\" \/>\n<link rel=\"canonical\" href=\"https:\/\/www.comagricola.com\/de\/prodotto\/blue-star\/\" \/>\n<meta property=\"og:locale\" content=\"de_DE\" \/>\n<meta property=\"og:type\" content=\"article\" \/>\n<meta property=\"og:title\" content=\"Blue Star - Comagricola Green Europe\" \/>\n<meta property=\"og:description\" content=\"Gute Geschwindigkeit der Abwicklung  Feines und widerstandsf\u00e4higes Blatt  Hohe Dichte der Triebe  Hohe Resistenz gegen Pilzkrankheiten  Geringe Schertoleranz  Ausgezeichnete Winter- und Sommerfarbe\" \/>\n<meta property=\"og:url\" content=\"https:\/\/www.comagricola.com\/de\/prodotto\/blue-star\/\" \/>\n<meta property=\"og:site_name\" content=\"Comagricola Green Europe\" \/>\n<meta property=\"article:publisher\" content=\"https:\/\/it-it.facebook.com\/pages\/category\/Company\/Comagricola-Green-Europe-srl-1189465271123595\/\" \/>\n<meta property=\"article:modified_time\" content=\"2022-11-29T16:51:53+00:00\" \/>\n<meta property=\"og:image\" content=\"https:\/\/www.comagricola.com\/wp-content\/uploads\/2020\/12\/Blue-Line.png\" \/>\n\t<meta property=\"og:image:width\" content=\"1080\" \/>\n\t<meta property=\"og:image:height\" content=\"1080\" \/>\n\t<meta property=\"og:image:type\" content=\"image\/png\" \/>\n<meta name=\"twitter:card\" content=\"summary_large_image\" \/>\n<meta name=\"twitter:label1\" content=\"Gesch\u00e4tzte Lesezeit\" \/>\n\t<meta name=\"twitter:data1\" content=\"1\u00a0Minute\" \/>\n<script type=\"application\/ld+json\" class=\"yoast-schema-graph\">{\"@context\":\"https:\/\/schema.org\",\"@graph\":[{\"@type\":\"WebPage\",\"@id\":\"https:\/\/www.comagricola.com\/de\/prodotto\/blue-star\/\",\"url\":\"https:\/\/www.comagricola.com\/de\/prodotto\/blue-star\/\",\"name\":\"Blue Star - Comagricola Green Europe\",\"isPartOf\":{\"@id\":\"https:\/\/www.comagricola.com\/de\/#website\"},\"primaryImageOfPage\":{\"@id\":\"https:\/\/www.comagricola.com\/de\/prodotto\/blue-star\/#primaryimage\"},\"image\":{\"@id\":\"https:\/\/www.comagricola.com\/de\/prodotto\/blue-star\/#primaryimage\"},\"thumbnailUrl\":\"https:\/\/www.comagricola.com\/wp-content\/uploads\/2020\/12\/Blue-Line.png\",\"datePublished\":\"2020-12-14T15:44:33+00:00\",\"dateModified\":\"2022-11-29T16:51:53+00:00\",\"breadcrumb\":{\"@id\":\"https:\/\/www.comagricola.com\/de\/prodotto\/blue-star\/#breadcrumb\"},\"inLanguage\":\"de\",\"potentialAction\":[{\"@type\":\"ReadAction\",\"target\":[\"https:\/\/www.comagricola.com\/de\/prodotto\/blue-star\/\"]}]},{\"@type\":\"ImageObject\",\"inLanguage\":\"de\",\"@id\":\"https:\/\/www.comagricola.com\/de\/prodotto\/blue-star\/#primaryimage\",\"url\":\"https:\/\/www.comagricola.com\/wp-content\/uploads\/2020\/12\/Blue-Line.png\",\"contentUrl\":\"https:\/\/www.comagricola.com\/wp-content\/uploads\/2020\/12\/Blue-Line.png\",\"width\":1080,\"height\":1080,\"caption\":\"Blue Line\"},{\"@type\":\"BreadcrumbList\",\"@id\":\"https:\/\/www.comagricola.com\/de\/prodotto\/blue-star\/#breadcrumb\",\"itemListElement\":[{\"@type\":\"ListItem\",\"position\":1,\"name\":\"Home\",\"item\":\"https:\/\/www.comagricola.com\/de\/\"},{\"@type\":\"ListItem\",\"position\":2,\"name\":\"Shop\",\"item\":\"https:\/\/www.comagricola.com\/de\/shop\/\"},{\"@type\":\"ListItem\",\"position\":3,\"name\":\"Blue Star\"}]},{\"@type\":\"WebSite\",\"@id\":\"https:\/\/www.comagricola.com\/de\/#website\",\"url\":\"https:\/\/www.comagricola.com\/de\/\",\"name\":\"Green Europe Comagricola\",\"description\":\"Semi e Fertilizzanti\",\"publisher\":{\"@id\":\"https:\/\/www.comagricola.com\/de\/#organization\"},\"potentialAction\":[{\"@type\":\"SearchAction\",\"target\":{\"@type\":\"EntryPoint\",\"urlTemplate\":\"https:\/\/www.comagricola.com\/de\/?s={search_term_string}\"},\"query-input\":{\"@type\":\"PropertyValueSpecification\",\"valueRequired\":true,\"valueName\":\"search_term_string\"}}],\"inLanguage\":\"de\"},{\"@type\":\"Organization\",\"@id\":\"https:\/\/www.comagricola.com\/de\/#organization\",\"name\":\"COMAGRICOLA GREEN EUROPE SRL\",\"url\":\"https:\/\/www.comagricola.com\/de\/\",\"logo\":{\"@type\":\"ImageObject\",\"inLanguage\":\"de\",\"@id\":\"https:\/\/www.comagricola.com\/de\/#\/schema\/logo\/image\/\",\"url\":\"https:\/\/www.comagricola.com\/wp-content\/uploads\/2020\/12\/logo-comagricola.svg\",\"contentUrl\":\"https:\/\/www.comagricola.com\/wp-content\/uploads\/2020\/12\/logo-comagricola.svg\",\"width\":\"1024\",\"height\":\"1024\",\"caption\":\"COMAGRICOLA GREEN EUROPE SRL\"},\"image\":{\"@id\":\"https:\/\/www.comagricola.com\/de\/#\/schema\/logo\/image\/\"},\"sameAs\":[\"https:\/\/it-it.facebook.com\/pages\/category\/Company\/Comagricola-Green-Europe-srl-1189465271123595\/\"]}]}<\/script>\n<!-- \/ Yoast SEO plugin. -->","yoast_head_json":{"title":"Blue Star - Comagricola Green Europe","robots":{"index":"index","follow":"follow","max-snippet":"max-snippet:-1","max-image-preview":"max-image-preview:large","max-video-preview":"max-video-preview:-1"},"canonical":"https:\/\/www.comagricola.com\/de\/prodotto\/blue-star\/","og_locale":"de_DE","og_type":"article","og_title":"Blue Star - Comagricola Green Europe","og_description":"Gute Geschwindigkeit der Abwicklung  Feines und widerstandsf\u00e4higes Blatt  Hohe Dichte der Triebe  Hohe Resistenz gegen Pilzkrankheiten  Geringe Schertoleranz  Ausgezeichnete Winter- und Sommerfarbe","og_url":"https:\/\/www.comagricola.com\/de\/prodotto\/blue-star\/","og_site_name":"Comagricola Green Europe","article_publisher":"https:\/\/it-it.facebook.com\/pages\/category\/Company\/Comagricola-Green-Europe-srl-1189465271123595\/","article_modified_time":"2022-11-29T16:51:53+00:00","og_image":[{"width":1080,"height":1080,"url":"https:\/\/www.comagricola.com\/wp-content\/uploads\/2020\/12\/Blue-Line.png","type":"image\/png"}],"twitter_card":"summary_large_image","twitter_misc":{"Gesch\u00e4tzte Lesezeit":"1\u00a0Minute"},"schema":{"@context":"https:\/\/schema.org","@graph":[{"@type":"WebPage","@id":"https:\/\/www.comagricola.com\/de\/prodotto\/blue-star\/","url":"https:\/\/www.comagricola.com\/de\/prodotto\/blue-star\/","name":"Blue Star - Comagricola Green Europe","isPartOf":{"@id":"https:\/\/www.comagricola.com\/de\/#website"},"primaryImageOfPage":{"@id":"https:\/\/www.comagricola.com\/de\/prodotto\/blue-star\/#primaryimage"},"image":{"@id":"https:\/\/www.comagricola.com\/de\/prodotto\/blue-star\/#primaryimage"},"thumbnailUrl":"https:\/\/www.comagricola.com\/wp-content\/uploads\/2020\/12\/Blue-Line.png","datePublished":"2020-12-14T15:44:33+00:00","dateModified":"2022-11-29T16:51:53+00:00","breadcrumb":{"@id":"https:\/\/www.comagricola.com\/de\/prodotto\/blue-star\/#breadcrumb"},"inLanguage":"de","potentialAction":[{"@type":"ReadAction","target":["https:\/\/www.comagricola.com\/de\/prodotto\/blue-star\/"]}]},{"@type":"ImageObject","inLanguage":"de","@id":"https:\/\/www.comagricola.com\/de\/prodotto\/blue-star\/#primaryimage","url":"https:\/\/www.comagricola.com\/wp-content\/uploads\/2020\/12\/Blue-Line.png","contentUrl":"https:\/\/www.comagricola.com\/wp-content\/uploads\/2020\/12\/Blue-Line.png","width":1080,"height":1080,"caption":"Blue Line"},{"@type":"BreadcrumbList","@id":"https:\/\/www.comagricola.com\/de\/prodotto\/blue-star\/#breadcrumb","itemListElement":[{"@type":"ListItem","position":1,"name":"Home","item":"https:\/\/www.comagricola.com\/de\/"},{"@type":"ListItem","position":2,"name":"Shop","item":"https:\/\/www.comagricola.com\/de\/shop\/"},{"@type":"ListItem","position":3,"name":"Blue Star"}]},{"@type":"WebSite","@id":"https:\/\/www.comagricola.com\/de\/#website","url":"https:\/\/www.comagricola.com\/de\/","name":"Green Europe Comagricola","description":"Semi e Fertilizzanti","publisher":{"@id":"https:\/\/www.comagricola.com\/de\/#organization"},"potentialAction":[{"@type":"SearchAction","target":{"@type":"EntryPoint","urlTemplate":"https:\/\/www.comagricola.com\/de\/?s={search_term_string}"},"query-input":{"@type":"PropertyValueSpecification","valueRequired":true,"valueName":"search_term_string"}}],"inLanguage":"de"},{"@type":"Organization","@id":"https:\/\/www.comagricola.com\/de\/#organization","name":"COMAGRICOLA GREEN EUROPE SRL","url":"https:\/\/www.comagricola.com\/de\/","logo":{"@type":"ImageObject","inLanguage":"de","@id":"https:\/\/www.comagricola.com\/de\/#\/schema\/logo\/image\/","url":"https:\/\/www.comagricola.com\/wp-content\/uploads\/2020\/12\/logo-comagricola.svg","contentUrl":"https:\/\/www.comagricola.com\/wp-content\/uploads\/2020\/12\/logo-comagricola.svg","width":"1024","height":"1024","caption":"COMAGRICOLA GREEN EUROPE SRL"},"image":{"@id":"https:\/\/www.comagricola.com\/de\/#\/schema\/logo\/image\/"},"sameAs":["https:\/\/it-it.facebook.com\/pages\/category\/Company\/Comagricola-Green-Europe-srl-1189465271123595\/"]}]}},"_links":{"self":[{"href":"https:\/\/www.comagricola.com\/de\/wp-json\/wp\/v2\/product\/12358","targetHints":{"allow":["GET"]}}],"collection":[{"href":"https:\/\/www.comagricola.com\/de\/wp-json\/wp\/v2\/product"}],"about":[{"href":"https:\/\/www.comagricola.com\/de\/wp-json\/wp\/v2\/types\/product"}],"wp:featuredmedia":[{"embeddable":true,"href":"https:\/\/www.comagricola.com\/de\/wp-json\/wp\/v2\/media\/13390"}],"wp:attachment":[{"href":"https:\/\/www.comagricola.com\/de\/wp-json\/wp\/v2\/media?parent=12358"}],"wp:term":[{"taxonomy":"product_brand","embeddable":true,"href":"https:\/\/www.comagricola.com\/de\/wp-json\/wp\/v2\/product_brand?post=12358"},{"taxonomy":"product_cat","embeddable":true,"href":"https:\/\/www.comagricola.com\/de\/wp-json\/wp\/v2\/product_cat?post=12358"},{"taxonomy":"product_tag","embeddable":true,"href":"https:\/\/www.comagricola.com\/de\/wp-json\/wp\/v2\/product_tag?post=12358"}],"curies":[{"name":"wp","href":"https:\/\/api.w.org\/{rel}","templated":true}]}}