{"id":12366,"date":"2020-11-26T11:48:26","date_gmt":"2020-11-26T10:48:26","guid":{"rendered":"https:\/\/www.comagricola.com\/prodotto\/green-star-arundinacea\/"},"modified":"2022-11-29T17:46:39","modified_gmt":"2022-11-29T16:46:39","slug":"green-star-arundinacea","status":"publish","type":"product","link":"https:\/\/www.comagricola.com\/de\/prodotto\/green-star-arundinacea\/","title":{"rendered":"Green Star Arundinacea"},"content":{"rendered":"<p><strong>Green Star Arundinacea<\/strong> produziert einen robust aussehenden, trockenheits- und schattenresistenten Rasen. Die Einbeziehung von Schwingel arundinacea, bietet diese Schl\u00fcsseleigenschaften. <strong>Green Star Arundinacea<\/strong> eignet sich auch zur Bodenstabilisierung von B\u00f6schungen und Steilh\u00e4ngen und ist dabei pflegeleicht.<\/p>\n<table class=\" aligncenter\" style=\"height: auto; width: 100%; border-collapse: collapse;\">\n<thead>\n<tr style=\"height: 23px;\">\n<th style=\"height: 23px; text-align: center; vertical-align: middle; width: 20%;\" scope=\"row\">%<\/th>\n<th style=\"text-align: center; vertical-align: middle; height: 23px; width: 20%;\" scope=\"row\">ZUSAMMENSETZUNG<\/th>\n<th style=\"text-align: center; vertical-align: middle; height: 23px; width: 20%;\" scope=\"row\">AUSSAATMENGE<\/th>\n<th style=\"text-align: center; vertical-align: middle; height: 23px; width: 20%;\" scope=\"row\">SCHNITTH\u00d6HE<\/th>\n<th style=\"text-align: center; vertical-align: middle; height: 23px; width: 20%;\" scope=\"row\">ZEITRAUM<\/th>\n<\/tr>\n<\/thead>\n<tbody>\n<tr style=\"height: 23px;\">\n<td style=\"text-align: center; height: 23px; width: 20%;\">30<\/td>\n<td style=\"text-align: center; height: 23px; width: 20%;\"><a href=\"https:\/\/www.comagricola.com\/wp-content\/uploads\/2022\/11\/FA-FOXHOUND.pdf\" target=\"_blank\" rel=\"noopener noreferrer\">Festuca Arundinacea Foxhound<\/a><\/td>\n<td style=\"text-align: center; height: 69px; width: 20%;\" rowspan=\"3\">40GR\/QM<\/td>\n<td style=\"text-align: center; height: 69px; width: 20%;\" rowspan=\"3\">4\/5 CM<\/td>\n<td style=\"text-align: center; height: 69px; width: 20%;\" rowspan=\"3\">VON M\u00c4RZ BIS OKTOBER<\/td>\n<\/tr>\n<tr style=\"height: 23px;\">\n<td style=\"text-align: center; height: 23px; width: 20%;\">40<\/td>\n<td style=\"text-align: center; height: 23px; width: 20%;\"><a href=\"https:\/\/www.comagricola.com\/wp-content\/uploads\/2022\/11\/FA-DEBUSSY-1.pdf\" target=\"_blank\" rel=\"noopener noreferrer\">Festuca Arundinacea Debussy<\/a><\/td>\n<\/tr>\n<tr style=\"height: 23px;\">\n<td style=\"text-align: center; height: 23px; width: 20%;\">30<\/td>\n<td style=\"text-align: center; height: 23px; width: 20%;\"><a href=\"https:\/\/www.comagricola.com\/wp-content\/uploads\/2022\/11\/ESQUIRE.pdf\" target=\"_blank\" rel=\"noopener noreferrer\">Lolium Perenne Esquire<\/a><\/td>\n<\/tr>\n<\/tbody>\n<\/table>\n","protected":false},"excerpt":{"rendered":"<ul>\n<li>Ausgezeichnete Verschlei\u00dftoleranz<\/li>\n<li>Gutes Aussehen das ganze Jahr \u00fcber<\/li>\n<li>Reduzierter Bedarf an N\u00e4hrstoffen, Bew\u00e4sserung und Wartung<\/li>\n<li>Dichtes, hoch krankheitsresistentes Rasengras<\/li>\n<li>Hervorragend geeignet f\u00fcr Neu- und Extensivbepflanzungen<\/li>\n<\/ul>\n","protected":false},"featured_media":13393,"template":"","meta":{"inline_featured_image":false},"product_brand":[],"product_cat":[141,138],"product_tag":[],"class_list":{"0":"post-12366","1":"product","2":"type-product","3":"status-publish","4":"has-post-thumbnail","6":"product_cat-green-line-de","7":"product_cat-saatgut","9":"first","10":"instock","11":"taxable","12":"shipping-taxable","13":"product-type-simple"},"yoast_head":"<!-- This site is optimized with the Yoast SEO plugin v25.3.1 - https:\/\/yoast.com\/wordpress\/plugins\/seo\/ -->\n<title>Green Star Arundinacea - Comagricola Green Europe<\/title>\n<meta name=\"robots\" content=\"index, follow, max-snippet:-1, max-image-preview:large, max-video-preview:-1\" \/>\n<link rel=\"canonical\" href=\"https:\/\/www.comagricola.com\/de\/prodotto\/green-star-arundinacea\/\" \/>\n<meta property=\"og:locale\" content=\"de_DE\" \/>\n<meta property=\"og:type\" content=\"article\" \/>\n<meta property=\"og:title\" content=\"Green Star Arundinacea - Comagricola Green Europe\" \/>\n<meta property=\"og:description\" content=\"Ausgezeichnete Verschlei\u00dftoleranz  Gutes Aussehen das ganze Jahr \u00fcber  Reduzierter Bedarf an N\u00e4hrstoffen, Bew\u00e4sserung und Wartung  Dichtes, hoch krankheitsresistentes Rasengras  Hervorragend geeignet f\u00fcr Neu- und Extensivbepflanzungen\" \/>\n<meta property=\"og:url\" content=\"https:\/\/www.comagricola.com\/de\/prodotto\/green-star-arundinacea\/\" \/>\n<meta property=\"og:site_name\" content=\"Comagricola Green Europe\" \/>\n<meta property=\"article:publisher\" content=\"https:\/\/it-it.facebook.com\/pages\/category\/Company\/Comagricola-Green-Europe-srl-1189465271123595\/\" \/>\n<meta property=\"article:modified_time\" content=\"2022-11-29T16:46:39+00:00\" \/>\n<meta property=\"og:image\" content=\"https:\/\/www.comagricola.com\/wp-content\/uploads\/2020\/12\/Green-Line.png\" \/>\n\t<meta property=\"og:image:width\" content=\"1080\" \/>\n\t<meta property=\"og:image:height\" content=\"1080\" \/>\n\t<meta property=\"og:image:type\" content=\"image\/png\" \/>\n<meta name=\"twitter:card\" content=\"summary_large_image\" \/>\n<script type=\"application\/ld+json\" class=\"yoast-schema-graph\">{\"@context\":\"https:\/\/schema.org\",\"@graph\":[{\"@type\":\"WebPage\",\"@id\":\"https:\/\/www.comagricola.com\/de\/prodotto\/green-star-arundinacea\/\",\"url\":\"https:\/\/www.comagricola.com\/de\/prodotto\/green-star-arundinacea\/\",\"name\":\"Green Star Arundinacea - Comagricola Green Europe\",\"isPartOf\":{\"@id\":\"https:\/\/www.comagricola.com\/de\/#website\"},\"primaryImageOfPage\":{\"@id\":\"https:\/\/www.comagricola.com\/de\/prodotto\/green-star-arundinacea\/#primaryimage\"},\"image\":{\"@id\":\"https:\/\/www.comagricola.com\/de\/prodotto\/green-star-arundinacea\/#primaryimage\"},\"thumbnailUrl\":\"https:\/\/www.comagricola.com\/wp-content\/uploads\/2020\/12\/Green-Line.png\",\"datePublished\":\"2020-11-26T10:48:26+00:00\",\"dateModified\":\"2022-11-29T16:46:39+00:00\",\"breadcrumb\":{\"@id\":\"https:\/\/www.comagricola.com\/de\/prodotto\/green-star-arundinacea\/#breadcrumb\"},\"inLanguage\":\"de\",\"potentialAction\":[{\"@type\":\"ReadAction\",\"target\":[\"https:\/\/www.comagricola.com\/de\/prodotto\/green-star-arundinacea\/\"]}]},{\"@type\":\"ImageObject\",\"inLanguage\":\"de\",\"@id\":\"https:\/\/www.comagricola.com\/de\/prodotto\/green-star-arundinacea\/#primaryimage\",\"url\":\"https:\/\/www.comagricola.com\/wp-content\/uploads\/2020\/12\/Green-Line.png\",\"contentUrl\":\"https:\/\/www.comagricola.com\/wp-content\/uploads\/2020\/12\/Green-Line.png\",\"width\":1080,\"height\":1080},{\"@type\":\"BreadcrumbList\",\"@id\":\"https:\/\/www.comagricola.com\/de\/prodotto\/green-star-arundinacea\/#breadcrumb\",\"itemListElement\":[{\"@type\":\"ListItem\",\"position\":1,\"name\":\"Home\",\"item\":\"https:\/\/www.comagricola.com\/de\/\"},{\"@type\":\"ListItem\",\"position\":2,\"name\":\"Shop\",\"item\":\"https:\/\/www.comagricola.com\/de\/shop\/\"},{\"@type\":\"ListItem\",\"position\":3,\"name\":\"Green Star Arundinacea\"}]},{\"@type\":\"WebSite\",\"@id\":\"https:\/\/www.comagricola.com\/de\/#website\",\"url\":\"https:\/\/www.comagricola.com\/de\/\",\"name\":\"Green Europe Comagricola\",\"description\":\"Semi e Fertilizzanti\",\"publisher\":{\"@id\":\"https:\/\/www.comagricola.com\/de\/#organization\"},\"potentialAction\":[{\"@type\":\"SearchAction\",\"target\":{\"@type\":\"EntryPoint\",\"urlTemplate\":\"https:\/\/www.comagricola.com\/de\/?s={search_term_string}\"},\"query-input\":{\"@type\":\"PropertyValueSpecification\",\"valueRequired\":true,\"valueName\":\"search_term_string\"}}],\"inLanguage\":\"de\"},{\"@type\":\"Organization\",\"@id\":\"https:\/\/www.comagricola.com\/de\/#organization\",\"name\":\"COMAGRICOLA GREEN EUROPE SRL\",\"url\":\"https:\/\/www.comagricola.com\/de\/\",\"logo\":{\"@type\":\"ImageObject\",\"inLanguage\":\"de\",\"@id\":\"https:\/\/www.comagricola.com\/de\/#\/schema\/logo\/image\/\",\"url\":\"https:\/\/www.comagricola.com\/wp-content\/uploads\/2020\/12\/logo-comagricola.svg\",\"contentUrl\":\"https:\/\/www.comagricola.com\/wp-content\/uploads\/2020\/12\/logo-comagricola.svg\",\"width\":\"1024\",\"height\":\"1024\",\"caption\":\"COMAGRICOLA GREEN EUROPE SRL\"},\"image\":{\"@id\":\"https:\/\/www.comagricola.com\/de\/#\/schema\/logo\/image\/\"},\"sameAs\":[\"https:\/\/it-it.facebook.com\/pages\/category\/Company\/Comagricola-Green-Europe-srl-1189465271123595\/\"]}]}<\/script>\n<!-- \/ Yoast SEO plugin. -->","yoast_head_json":{"title":"Green Star Arundinacea - Comagricola Green Europe","robots":{"index":"index","follow":"follow","max-snippet":"max-snippet:-1","max-image-preview":"max-image-preview:large","max-video-preview":"max-video-preview:-1"},"canonical":"https:\/\/www.comagricola.com\/de\/prodotto\/green-star-arundinacea\/","og_locale":"de_DE","og_type":"article","og_title":"Green Star Arundinacea - Comagricola Green Europe","og_description":"Ausgezeichnete Verschlei\u00dftoleranz  Gutes Aussehen das ganze Jahr \u00fcber  Reduzierter Bedarf an N\u00e4hrstoffen, Bew\u00e4sserung und Wartung  Dichtes, hoch krankheitsresistentes Rasengras  Hervorragend geeignet f\u00fcr Neu- und Extensivbepflanzungen","og_url":"https:\/\/www.comagricola.com\/de\/prodotto\/green-star-arundinacea\/","og_site_name":"Comagricola Green Europe","article_publisher":"https:\/\/it-it.facebook.com\/pages\/category\/Company\/Comagricola-Green-Europe-srl-1189465271123595\/","article_modified_time":"2022-11-29T16:46:39+00:00","og_image":[{"width":1080,"height":1080,"url":"https:\/\/www.comagricola.com\/wp-content\/uploads\/2020\/12\/Green-Line.png","type":"image\/png"}],"twitter_card":"summary_large_image","schema":{"@context":"https:\/\/schema.org","@graph":[{"@type":"WebPage","@id":"https:\/\/www.comagricola.com\/de\/prodotto\/green-star-arundinacea\/","url":"https:\/\/www.comagricola.com\/de\/prodotto\/green-star-arundinacea\/","name":"Green Star Arundinacea - Comagricola Green Europe","isPartOf":{"@id":"https:\/\/www.comagricola.com\/de\/#website"},"primaryImageOfPage":{"@id":"https:\/\/www.comagricola.com\/de\/prodotto\/green-star-arundinacea\/#primaryimage"},"image":{"@id":"https:\/\/www.comagricola.com\/de\/prodotto\/green-star-arundinacea\/#primaryimage"},"thumbnailUrl":"https:\/\/www.comagricola.com\/wp-content\/uploads\/2020\/12\/Green-Line.png","datePublished":"2020-11-26T10:48:26+00:00","dateModified":"2022-11-29T16:46:39+00:00","breadcrumb":{"@id":"https:\/\/www.comagricola.com\/de\/prodotto\/green-star-arundinacea\/#breadcrumb"},"inLanguage":"de","potentialAction":[{"@type":"ReadAction","target":["https:\/\/www.comagricola.com\/de\/prodotto\/green-star-arundinacea\/"]}]},{"@type":"ImageObject","inLanguage":"de","@id":"https:\/\/www.comagricola.com\/de\/prodotto\/green-star-arundinacea\/#primaryimage","url":"https:\/\/www.comagricola.com\/wp-content\/uploads\/2020\/12\/Green-Line.png","contentUrl":"https:\/\/www.comagricola.com\/wp-content\/uploads\/2020\/12\/Green-Line.png","width":1080,"height":1080},{"@type":"BreadcrumbList","@id":"https:\/\/www.comagricola.com\/de\/prodotto\/green-star-arundinacea\/#breadcrumb","itemListElement":[{"@type":"ListItem","position":1,"name":"Home","item":"https:\/\/www.comagricola.com\/de\/"},{"@type":"ListItem","position":2,"name":"Shop","item":"https:\/\/www.comagricola.com\/de\/shop\/"},{"@type":"ListItem","position":3,"name":"Green Star Arundinacea"}]},{"@type":"WebSite","@id":"https:\/\/www.comagricola.com\/de\/#website","url":"https:\/\/www.comagricola.com\/de\/","name":"Green Europe Comagricola","description":"Semi e Fertilizzanti","publisher":{"@id":"https:\/\/www.comagricola.com\/de\/#organization"},"potentialAction":[{"@type":"SearchAction","target":{"@type":"EntryPoint","urlTemplate":"https:\/\/www.comagricola.com\/de\/?s={search_term_string}"},"query-input":{"@type":"PropertyValueSpecification","valueRequired":true,"valueName":"search_term_string"}}],"inLanguage":"de"},{"@type":"Organization","@id":"https:\/\/www.comagricola.com\/de\/#organization","name":"COMAGRICOLA GREEN EUROPE SRL","url":"https:\/\/www.comagricola.com\/de\/","logo":{"@type":"ImageObject","inLanguage":"de","@id":"https:\/\/www.comagricola.com\/de\/#\/schema\/logo\/image\/","url":"https:\/\/www.comagricola.com\/wp-content\/uploads\/2020\/12\/logo-comagricola.svg","contentUrl":"https:\/\/www.comagricola.com\/wp-content\/uploads\/2020\/12\/logo-comagricola.svg","width":"1024","height":"1024","caption":"COMAGRICOLA GREEN EUROPE SRL"},"image":{"@id":"https:\/\/www.comagricola.com\/de\/#\/schema\/logo\/image\/"},"sameAs":["https:\/\/it-it.facebook.com\/pages\/category\/Company\/Comagricola-Green-Europe-srl-1189465271123595\/"]}]}},"_links":{"self":[{"href":"https:\/\/www.comagricola.com\/de\/wp-json\/wp\/v2\/product\/12366","targetHints":{"allow":["GET"]}}],"collection":[{"href":"https:\/\/www.comagricola.com\/de\/wp-json\/wp\/v2\/product"}],"about":[{"href":"https:\/\/www.comagricola.com\/de\/wp-json\/wp\/v2\/types\/product"}],"wp:featuredmedia":[{"embeddable":true,"href":"https:\/\/www.comagricola.com\/de\/wp-json\/wp\/v2\/media\/13393"}],"wp:attachment":[{"href":"https:\/\/www.comagricola.com\/de\/wp-json\/wp\/v2\/media?parent=12366"}],"wp:term":[{"taxonomy":"product_brand","embeddable":true,"href":"https:\/\/www.comagricola.com\/de\/wp-json\/wp\/v2\/product_brand?post=12366"},{"taxonomy":"product_cat","embeddable":true,"href":"https:\/\/www.comagricola.com\/de\/wp-json\/wp\/v2\/product_cat?post=12366"},{"taxonomy":"product_tag","embeddable":true,"href":"https:\/\/www.comagricola.com\/de\/wp-json\/wp\/v2\/product_tag?post=12366"}],"curies":[{"name":"wp","href":"https:\/\/api.w.org\/{rel}","templated":true}]}}