{"id":12393,"date":"2020-12-29T14:49:26","date_gmt":"2020-12-29T13:49:26","guid":{"rendered":"https:\/\/www.comagricola.com\/prodotto\/duo\/"},"modified":"2021-09-22T15:14:28","modified_gmt":"2021-09-22T13:14:28","slug":"duo","status":"publish","type":"product","link":"https:\/\/www.comagricola.com\/de\/prodotto\/duo\/","title":{"rendered":"DUO"},"content":{"rendered":"<p>F\u00fcr den Einsatz in den ersten oder letzten Monaten des Jahres haben wir mit DUO eine Titration entwickelt, die auch bei niedrigen Temperaturen wirkt: Der gro\u00dfz\u00fcgige Nitratanteil der Stickstoffzufuhr ist tats\u00e4chlich schnell l\u00f6slich und steht damit auch unter extremen Bedingungen sofort f\u00fcr eine Aufnahme \u00fcber die Wurzeln zur Verf\u00fcgung. Der Rasen erh\u00e4lt also von der ersten zaghaften Vegetationsphase an die richtige N\u00e4hrstoffversorgung, mit einer allm\u00e4hlichen Anpassung an die klimatisch vorteilhafteren Monate.<\/p>\n<p>Dies f\u00fchrt zu einer schnellen Begr\u00fcnung und Vervollst\u00e4ndigung der Gr\u00fcnfl\u00e4che, wodurch sp\u00e4terem Wachstum von Unkraut entgegengewirkt wird, das in einem dichten Rasen keinen Platz findet. Die Abwesenheit von Phosphor, der in diesem Stadium nicht unerl\u00e4sslich ist und von dem jedoch die Unkr\u00e4uter f\u00fcr ihre Verwurzelung profitieren k\u00f6nnten, macht DUO zum echten D\u00fcnger mit \u201eUnkrautfrei&#8221;-Philosophie.<\/p>\n<p>Der hohe Prozentsatz an Methylen-Harnstoff bestimmt seine lang anhaltende Wirkung, w\u00e4hrend das bemerkenswerte Verh\u00e4ltnis zwischen Stickstoff und Kalium (letzteres vollst\u00e4ndig in Form von Kaliumnitrat) seine qualitative Exzellenz aus ern\u00e4hrungswissenschaftlicher Sicht gara (Oktober-Dezember) erleichtert DUO den korrekten Eintritt in die Ruhephase, hilft bei der Bildung von Reserven in der Pflanze und st\u00e4rkt die Zellen dank des gro\u00dfz\u00fcgigen Kaliumangebotes, in Erwartung der negativen winterlichen Temperatur- und Wasserspitzen.<\/p>\n<table class=\" aligncenter\" style=\"height: auto; width: 100%; border-collapse: collapse;\">\n<thead>\n<tr style=\"height: 23px;\">\n<th style=\"text-align: center; vertical-align: middle; height: 23px; width: 17.2843%;\" scope=\"row\">AUSSAATMENGE<\/th>\n<th style=\"text-align: center; vertical-align: middle; height: 23px; width: 14.8882%;\" scope=\"row\">DAUER<\/th>\n<th style=\"text-align: center; vertical-align: middle; height: 23px; width: 27.8275%;\" scope=\"row\">ZEITRAUM<\/th>\n<\/tr>\n<\/thead>\n<tbody>\n<tr style=\"height: 23px;\">\n<td style=\"text-align: center; height: 23px; width: 17.2843%;\">30GR\/QM<\/td>\n<td style=\"text-align: center; height: 69px; width: 14.8882%;\">60-70 Tage<\/td>\n<td style=\"text-align: center; height: 69px; width: 27.8275%;\">Februar-M\u00e4rz und Oktober-November<\/td>\n<\/tr>\n<\/tbody>\n<\/table>\n","protected":false},"excerpt":{"rendered":"<h4>Sofortige Energie<\/h4>\n<ul>\n<li>Sofortige Wirksamkeit<\/li>\n<li>Anhaltende Wirkung \u00fcber einen l\u00e4ngeren Zeitraum<\/li>\n<li>&#8220;Unkrautfrei&#8221;- Philosophie<\/li>\n<\/ul>\n<p>&nbsp;<\/p>\n","protected":false},"featured_media":17633,"template":"","meta":{"inline_featured_image":false},"product_brand":[],"product_cat":[145],"product_tag":[],"class_list":{"0":"post-12393","1":"product","2":"type-product","3":"status-publish","4":"has-post-thumbnail","6":"product_cat-dungemittel","8":"first","9":"instock","10":"taxable","11":"shipping-taxable","12":"product-type-variable"},"yoast_head":"<!-- This site is optimized with the Yoast SEO plugin v25.3.1 - https:\/\/yoast.com\/wordpress\/plugins\/seo\/ -->\n<title>DUO - Comagricola Green Europe<\/title>\n<meta name=\"robots\" content=\"index, follow, max-snippet:-1, max-image-preview:large, max-video-preview:-1\" \/>\n<link rel=\"canonical\" href=\"https:\/\/www.comagricola.com\/de\/prodotto\/duo\/\" \/>\n<meta property=\"og:locale\" content=\"de_DE\" \/>\n<meta property=\"og:type\" content=\"article\" \/>\n<meta property=\"og:title\" content=\"DUO - Comagricola Green Europe\" \/>\n<meta property=\"og:description\" content=\"Sofortige Energie   Sofortige Wirksamkeit  Anhaltende Wirkung \u00fcber einen l\u00e4ngeren Zeitraum  &quot;Unkrautfrei&quot;- Philosophie  &nbsp;\" \/>\n<meta property=\"og:url\" content=\"https:\/\/www.comagricola.com\/de\/prodotto\/duo\/\" \/>\n<meta property=\"og:site_name\" content=\"Comagricola Green Europe\" \/>\n<meta property=\"article:publisher\" content=\"https:\/\/it-it.facebook.com\/pages\/category\/Company\/Comagricola-Green-Europe-srl-1189465271123595\/\" \/>\n<meta property=\"article:modified_time\" content=\"2021-09-22T13:14:28+00:00\" \/>\n<meta name=\"twitter:card\" content=\"summary_large_image\" \/>\n<meta name=\"twitter:label1\" content=\"Gesch\u00e4tzte Lesezeit\" \/>\n\t<meta name=\"twitter:data1\" content=\"1\u00a0Minute\" \/>\n<script type=\"application\/ld+json\" class=\"yoast-schema-graph\">{\"@context\":\"https:\/\/schema.org\",\"@graph\":[{\"@type\":\"WebPage\",\"@id\":\"https:\/\/www.comagricola.com\/de\/prodotto\/duo\/\",\"url\":\"https:\/\/www.comagricola.com\/de\/prodotto\/duo\/\",\"name\":\"DUO - Comagricola Green Europe\",\"isPartOf\":{\"@id\":\"https:\/\/www.comagricola.com\/de\/#website\"},\"primaryImageOfPage\":{\"@id\":\"https:\/\/www.comagricola.com\/de\/prodotto\/duo\/#primaryimage\"},\"image\":{\"@id\":\"https:\/\/www.comagricola.com\/de\/prodotto\/duo\/#primaryimage\"},\"thumbnailUrl\":\"https:\/\/www.comagricola.com\/wp-content\/uploads\/2026\/03\/Duo.svg\",\"datePublished\":\"2020-12-29T13:49:26+00:00\",\"dateModified\":\"2021-09-22T13:14:28+00:00\",\"breadcrumb\":{\"@id\":\"https:\/\/www.comagricola.com\/de\/prodotto\/duo\/#breadcrumb\"},\"inLanguage\":\"de\",\"potentialAction\":[{\"@type\":\"ReadAction\",\"target\":[\"https:\/\/www.comagricola.com\/de\/prodotto\/duo\/\"]}]},{\"@type\":\"ImageObject\",\"inLanguage\":\"de\",\"@id\":\"https:\/\/www.comagricola.com\/de\/prodotto\/duo\/#primaryimage\",\"url\":\"https:\/\/www.comagricola.com\/wp-content\/uploads\/2026\/03\/Duo.svg\",\"contentUrl\":\"https:\/\/www.comagricola.com\/wp-content\/uploads\/2026\/03\/Duo.svg\"},{\"@type\":\"BreadcrumbList\",\"@id\":\"https:\/\/www.comagricola.com\/de\/prodotto\/duo\/#breadcrumb\",\"itemListElement\":[{\"@type\":\"ListItem\",\"position\":1,\"name\":\"Home\",\"item\":\"https:\/\/www.comagricola.com\/de\/\"},{\"@type\":\"ListItem\",\"position\":2,\"name\":\"Shop\",\"item\":\"https:\/\/www.comagricola.com\/de\/shop\/\"},{\"@type\":\"ListItem\",\"position\":3,\"name\":\"DUO\"}]},{\"@type\":\"WebSite\",\"@id\":\"https:\/\/www.comagricola.com\/de\/#website\",\"url\":\"https:\/\/www.comagricola.com\/de\/\",\"name\":\"Green Europe Comagricola\",\"description\":\"Semi e Fertilizzanti\",\"publisher\":{\"@id\":\"https:\/\/www.comagricola.com\/de\/#organization\"},\"potentialAction\":[{\"@type\":\"SearchAction\",\"target\":{\"@type\":\"EntryPoint\",\"urlTemplate\":\"https:\/\/www.comagricola.com\/de\/?s={search_term_string}\"},\"query-input\":{\"@type\":\"PropertyValueSpecification\",\"valueRequired\":true,\"valueName\":\"search_term_string\"}}],\"inLanguage\":\"de\"},{\"@type\":\"Organization\",\"@id\":\"https:\/\/www.comagricola.com\/de\/#organization\",\"name\":\"COMAGRICOLA GREEN EUROPE SRL\",\"url\":\"https:\/\/www.comagricola.com\/de\/\",\"logo\":{\"@type\":\"ImageObject\",\"inLanguage\":\"de\",\"@id\":\"https:\/\/www.comagricola.com\/de\/#\/schema\/logo\/image\/\",\"url\":\"https:\/\/www.comagricola.com\/wp-content\/uploads\/2020\/12\/logo-comagricola.svg\",\"contentUrl\":\"https:\/\/www.comagricola.com\/wp-content\/uploads\/2020\/12\/logo-comagricola.svg\",\"width\":\"1024\",\"height\":\"1024\",\"caption\":\"COMAGRICOLA GREEN EUROPE SRL\"},\"image\":{\"@id\":\"https:\/\/www.comagricola.com\/de\/#\/schema\/logo\/image\/\"},\"sameAs\":[\"https:\/\/it-it.facebook.com\/pages\/category\/Company\/Comagricola-Green-Europe-srl-1189465271123595\/\"]}]}<\/script>\n<!-- \/ Yoast SEO plugin. -->","yoast_head_json":{"title":"DUO - Comagricola Green Europe","robots":{"index":"index","follow":"follow","max-snippet":"max-snippet:-1","max-image-preview":"max-image-preview:large","max-video-preview":"max-video-preview:-1"},"canonical":"https:\/\/www.comagricola.com\/de\/prodotto\/duo\/","og_locale":"de_DE","og_type":"article","og_title":"DUO - Comagricola Green Europe","og_description":"Sofortige Energie   Sofortige Wirksamkeit  Anhaltende Wirkung \u00fcber einen l\u00e4ngeren Zeitraum  \"Unkrautfrei\"- Philosophie  &nbsp;","og_url":"https:\/\/www.comagricola.com\/de\/prodotto\/duo\/","og_site_name":"Comagricola Green Europe","article_publisher":"https:\/\/it-it.facebook.com\/pages\/category\/Company\/Comagricola-Green-Europe-srl-1189465271123595\/","article_modified_time":"2021-09-22T13:14:28+00:00","twitter_card":"summary_large_image","twitter_misc":{"Gesch\u00e4tzte Lesezeit":"1\u00a0Minute"},"schema":{"@context":"https:\/\/schema.org","@graph":[{"@type":"WebPage","@id":"https:\/\/www.comagricola.com\/de\/prodotto\/duo\/","url":"https:\/\/www.comagricola.com\/de\/prodotto\/duo\/","name":"DUO - Comagricola Green Europe","isPartOf":{"@id":"https:\/\/www.comagricola.com\/de\/#website"},"primaryImageOfPage":{"@id":"https:\/\/www.comagricola.com\/de\/prodotto\/duo\/#primaryimage"},"image":{"@id":"https:\/\/www.comagricola.com\/de\/prodotto\/duo\/#primaryimage"},"thumbnailUrl":"https:\/\/www.comagricola.com\/wp-content\/uploads\/2026\/03\/Duo.svg","datePublished":"2020-12-29T13:49:26+00:00","dateModified":"2021-09-22T13:14:28+00:00","breadcrumb":{"@id":"https:\/\/www.comagricola.com\/de\/prodotto\/duo\/#breadcrumb"},"inLanguage":"de","potentialAction":[{"@type":"ReadAction","target":["https:\/\/www.comagricola.com\/de\/prodotto\/duo\/"]}]},{"@type":"ImageObject","inLanguage":"de","@id":"https:\/\/www.comagricola.com\/de\/prodotto\/duo\/#primaryimage","url":"https:\/\/www.comagricola.com\/wp-content\/uploads\/2026\/03\/Duo.svg","contentUrl":"https:\/\/www.comagricola.com\/wp-content\/uploads\/2026\/03\/Duo.svg"},{"@type":"BreadcrumbList","@id":"https:\/\/www.comagricola.com\/de\/prodotto\/duo\/#breadcrumb","itemListElement":[{"@type":"ListItem","position":1,"name":"Home","item":"https:\/\/www.comagricola.com\/de\/"},{"@type":"ListItem","position":2,"name":"Shop","item":"https:\/\/www.comagricola.com\/de\/shop\/"},{"@type":"ListItem","position":3,"name":"DUO"}]},{"@type":"WebSite","@id":"https:\/\/www.comagricola.com\/de\/#website","url":"https:\/\/www.comagricola.com\/de\/","name":"Green Europe Comagricola","description":"Semi e Fertilizzanti","publisher":{"@id":"https:\/\/www.comagricola.com\/de\/#organization"},"potentialAction":[{"@type":"SearchAction","target":{"@type":"EntryPoint","urlTemplate":"https:\/\/www.comagricola.com\/de\/?s={search_term_string}"},"query-input":{"@type":"PropertyValueSpecification","valueRequired":true,"valueName":"search_term_string"}}],"inLanguage":"de"},{"@type":"Organization","@id":"https:\/\/www.comagricola.com\/de\/#organization","name":"COMAGRICOLA GREEN EUROPE SRL","url":"https:\/\/www.comagricola.com\/de\/","logo":{"@type":"ImageObject","inLanguage":"de","@id":"https:\/\/www.comagricola.com\/de\/#\/schema\/logo\/image\/","url":"https:\/\/www.comagricola.com\/wp-content\/uploads\/2020\/12\/logo-comagricola.svg","contentUrl":"https:\/\/www.comagricola.com\/wp-content\/uploads\/2020\/12\/logo-comagricola.svg","width":"1024","height":"1024","caption":"COMAGRICOLA GREEN EUROPE SRL"},"image":{"@id":"https:\/\/www.comagricola.com\/de\/#\/schema\/logo\/image\/"},"sameAs":["https:\/\/it-it.facebook.com\/pages\/category\/Company\/Comagricola-Green-Europe-srl-1189465271123595\/"]}]}},"_links":{"self":[{"href":"https:\/\/www.comagricola.com\/de\/wp-json\/wp\/v2\/product\/12393","targetHints":{"allow":["GET"]}}],"collection":[{"href":"https:\/\/www.comagricola.com\/de\/wp-json\/wp\/v2\/product"}],"about":[{"href":"https:\/\/www.comagricola.com\/de\/wp-json\/wp\/v2\/types\/product"}],"wp:featuredmedia":[{"embeddable":true,"href":"https:\/\/www.comagricola.com\/de\/wp-json\/wp\/v2\/media\/17633"}],"wp:attachment":[{"href":"https:\/\/www.comagricola.com\/de\/wp-json\/wp\/v2\/media?parent=12393"}],"wp:term":[{"taxonomy":"product_brand","embeddable":true,"href":"https:\/\/www.comagricola.com\/de\/wp-json\/wp\/v2\/product_brand?post=12393"},{"taxonomy":"product_cat","embeddable":true,"href":"https:\/\/www.comagricola.com\/de\/wp-json\/wp\/v2\/product_cat?post=12393"},{"taxonomy":"product_tag","embeddable":true,"href":"https:\/\/www.comagricola.com\/de\/wp-json\/wp\/v2\/product_tag?post=12393"}],"curies":[{"name":"wp","href":"https:\/\/api.w.org\/{rel}","templated":true}]}}