{"id":12398,"date":"2020-12-29T15:24:53","date_gmt":"2020-12-29T14:24:53","guid":{"rendered":"https:\/\/www.comagricola.com\/prodotto\/quadro\/"},"modified":"2021-09-22T15:24:49","modified_gmt":"2021-09-22T13:24:49","slug":"quadro","status":"publish","type":"product","link":"https:\/\/www.comagricola.com\/de\/prodotto\/quadro\/","title":{"rendered":"QUADRO"},"content":{"rendered":"<p>Die Eind\u00e4mmung des Wachstumsschubs, der sonst im Fr\u00fchjahr und Herbst \u00fcberschw\u00e4nglich ist, hat die Entwicklung dieses D\u00fcngers inspiriert.<\/p>\n<p>Sorgf\u00e4ltig im Rahmen eines D\u00fcngeprogramms entwickelt, das die Ausbringung des richtigen Anteils an Phosphor in den klimatisch g\u00fcnstigsten Monaten vorsieht, garantiert QUADRO das Wachstum des Rasens und die Konsolidierung der besten Qualit\u00e4tsmerkmale.<\/p>\n<p>Die dreiteilige Zusammensetzung gew\u00e4hrleistet schnelle Ergebnisse und eine sichere Unterst\u00fctzung der N\u00e4hrstoffbed\u00fcrfnisse im entsprechenden Zeitraum. Ein sofort sichtbares und nicht \u00fcberm\u00e4\u00dfiges Ergebnis zum Vorteil der Kundenzufriedenheit, aber gleichzeitig eine geplante Abgabe der Stickstofffraktion, mit positiven Auswirkungen auf die Kosten f\u00fcr Pflege und Erhaltung des Rasens (keine Wachstumsspitzen, Verringerung der Gefahren in Verbindung mit Pathogenen).<\/p>\n<p>Ein Volld\u00fcnger, der beste Verb\u00fcndete f\u00fcr ein harmonisches und ausgewogenes Wachstum.<\/p>\n<table class=\" aligncenter\" style=\"height: auto; width: 100%; border-collapse: collapse;\">\n<thead>\n<tr style=\"height: 23px;\">\n<th style=\"text-align: center; vertical-align: middle; height: 23px; width: 17.2843%;\" scope=\"row\">AUSSAATMENGE<\/th>\n<th style=\"text-align: center; vertical-align: middle; height: 23px; width: 14.8882%;\" scope=\"row\">DAUER<\/th>\n<th style=\"text-align: center; vertical-align: middle; height: 23px; width: 27.8275%;\" scope=\"row\">ZEITRAUM<\/th>\n<\/tr>\n<\/thead>\n<tbody>\n<tr style=\"height: 23px;\">\n<td style=\"text-align: center; height: 23px; width: 17.2843%;\">30GR\/QM<\/td>\n<td style=\"text-align: center; height: 69px; width: 14.8882%;\">60-70 Tage<\/td>\n<td style=\"text-align: center; height: 69px; width: 27.8275%;\">M\u00e4rz-April und September-Oktober<\/td>\n<\/tr>\n<\/tbody>\n<\/table>\n","protected":false},"excerpt":{"rendered":"<h4>Vitalit\u00e4t und Gleichgewicht<\/h4>\n<ul>\n<li>Ausgewogene Stickstoffabgabe<\/li>\n<li>Richtige Zufuhr von Phosphor und Magnesium<\/li>\n<li>Ideal inPhasen maximalen Wachstums<\/li>\n<\/ul>\n","protected":false},"featured_media":17642,"template":"","meta":{"inline_featured_image":false},"product_brand":[],"product_cat":[145],"product_tag":[],"class_list":{"0":"post-12398","1":"product","2":"type-product","3":"status-publish","4":"has-post-thumbnail","6":"product_cat-dungemittel","8":"first","9":"instock","10":"taxable","11":"shipping-taxable","12":"product-type-variable"},"yoast_head":"<!-- This site is optimized with the Yoast SEO plugin v25.3.1 - https:\/\/yoast.com\/wordpress\/plugins\/seo\/ -->\n<title>QUADRO - Comagricola Green Europe<\/title>\n<meta name=\"robots\" content=\"index, follow, max-snippet:-1, max-image-preview:large, max-video-preview:-1\" \/>\n<link rel=\"canonical\" href=\"https:\/\/www.comagricola.com\/de\/prodotto\/quadro\/\" \/>\n<meta property=\"og:locale\" content=\"de_DE\" \/>\n<meta property=\"og:type\" content=\"article\" \/>\n<meta property=\"og:title\" content=\"QUADRO - Comagricola Green Europe\" \/>\n<meta property=\"og:description\" content=\"Vitalit\u00e4t und Gleichgewicht   Ausgewogene Stickstoffabgabe  Richtige Zufuhr von Phosphor und Magnesium  Ideal inPhasen maximalen Wachstums\" \/>\n<meta property=\"og:url\" content=\"https:\/\/www.comagricola.com\/de\/prodotto\/quadro\/\" \/>\n<meta property=\"og:site_name\" content=\"Comagricola Green Europe\" \/>\n<meta property=\"article:publisher\" content=\"https:\/\/it-it.facebook.com\/pages\/category\/Company\/Comagricola-Green-Europe-srl-1189465271123595\/\" \/>\n<meta property=\"article:modified_time\" content=\"2021-09-22T13:24:49+00:00\" \/>\n<meta name=\"twitter:card\" content=\"summary_large_image\" \/>\n<meta name=\"twitter:label1\" content=\"Gesch\u00e4tzte Lesezeit\" \/>\n\t<meta name=\"twitter:data1\" content=\"1\u00a0Minute\" \/>\n<script type=\"application\/ld+json\" class=\"yoast-schema-graph\">{\"@context\":\"https:\/\/schema.org\",\"@graph\":[{\"@type\":\"WebPage\",\"@id\":\"https:\/\/www.comagricola.com\/de\/prodotto\/quadro\/\",\"url\":\"https:\/\/www.comagricola.com\/de\/prodotto\/quadro\/\",\"name\":\"QUADRO - Comagricola Green Europe\",\"isPartOf\":{\"@id\":\"https:\/\/www.comagricola.com\/de\/#website\"},\"primaryImageOfPage\":{\"@id\":\"https:\/\/www.comagricola.com\/de\/prodotto\/quadro\/#primaryimage\"},\"image\":{\"@id\":\"https:\/\/www.comagricola.com\/de\/prodotto\/quadro\/#primaryimage\"},\"thumbnailUrl\":\"https:\/\/www.comagricola.com\/wp-content\/uploads\/2026\/03\/Quadro.svg\",\"datePublished\":\"2020-12-29T14:24:53+00:00\",\"dateModified\":\"2021-09-22T13:24:49+00:00\",\"breadcrumb\":{\"@id\":\"https:\/\/www.comagricola.com\/de\/prodotto\/quadro\/#breadcrumb\"},\"inLanguage\":\"de\",\"potentialAction\":[{\"@type\":\"ReadAction\",\"target\":[\"https:\/\/www.comagricola.com\/de\/prodotto\/quadro\/\"]}]},{\"@type\":\"ImageObject\",\"inLanguage\":\"de\",\"@id\":\"https:\/\/www.comagricola.com\/de\/prodotto\/quadro\/#primaryimage\",\"url\":\"https:\/\/www.comagricola.com\/wp-content\/uploads\/2026\/03\/Quadro.svg\",\"contentUrl\":\"https:\/\/www.comagricola.com\/wp-content\/uploads\/2026\/03\/Quadro.svg\"},{\"@type\":\"BreadcrumbList\",\"@id\":\"https:\/\/www.comagricola.com\/de\/prodotto\/quadro\/#breadcrumb\",\"itemListElement\":[{\"@type\":\"ListItem\",\"position\":1,\"name\":\"Home\",\"item\":\"https:\/\/www.comagricola.com\/de\/\"},{\"@type\":\"ListItem\",\"position\":2,\"name\":\"Shop\",\"item\":\"https:\/\/www.comagricola.com\/de\/shop\/\"},{\"@type\":\"ListItem\",\"position\":3,\"name\":\"QUADRO\"}]},{\"@type\":\"WebSite\",\"@id\":\"https:\/\/www.comagricola.com\/de\/#website\",\"url\":\"https:\/\/www.comagricola.com\/de\/\",\"name\":\"Green Europe Comagricola\",\"description\":\"Semi e Fertilizzanti\",\"publisher\":{\"@id\":\"https:\/\/www.comagricola.com\/de\/#organization\"},\"potentialAction\":[{\"@type\":\"SearchAction\",\"target\":{\"@type\":\"EntryPoint\",\"urlTemplate\":\"https:\/\/www.comagricola.com\/de\/?s={search_term_string}\"},\"query-input\":{\"@type\":\"PropertyValueSpecification\",\"valueRequired\":true,\"valueName\":\"search_term_string\"}}],\"inLanguage\":\"de\"},{\"@type\":\"Organization\",\"@id\":\"https:\/\/www.comagricola.com\/de\/#organization\",\"name\":\"COMAGRICOLA GREEN EUROPE SRL\",\"url\":\"https:\/\/www.comagricola.com\/de\/\",\"logo\":{\"@type\":\"ImageObject\",\"inLanguage\":\"de\",\"@id\":\"https:\/\/www.comagricola.com\/de\/#\/schema\/logo\/image\/\",\"url\":\"https:\/\/www.comagricola.com\/wp-content\/uploads\/2020\/12\/logo-comagricola.svg\",\"contentUrl\":\"https:\/\/www.comagricola.com\/wp-content\/uploads\/2020\/12\/logo-comagricola.svg\",\"width\":\"1024\",\"height\":\"1024\",\"caption\":\"COMAGRICOLA GREEN EUROPE SRL\"},\"image\":{\"@id\":\"https:\/\/www.comagricola.com\/de\/#\/schema\/logo\/image\/\"},\"sameAs\":[\"https:\/\/it-it.facebook.com\/pages\/category\/Company\/Comagricola-Green-Europe-srl-1189465271123595\/\"]}]}<\/script>\n<!-- \/ Yoast SEO plugin. -->","yoast_head_json":{"title":"QUADRO - Comagricola Green Europe","robots":{"index":"index","follow":"follow","max-snippet":"max-snippet:-1","max-image-preview":"max-image-preview:large","max-video-preview":"max-video-preview:-1"},"canonical":"https:\/\/www.comagricola.com\/de\/prodotto\/quadro\/","og_locale":"de_DE","og_type":"article","og_title":"QUADRO - Comagricola Green Europe","og_description":"Vitalit\u00e4t und Gleichgewicht   Ausgewogene Stickstoffabgabe  Richtige Zufuhr von Phosphor und Magnesium  Ideal inPhasen maximalen Wachstums","og_url":"https:\/\/www.comagricola.com\/de\/prodotto\/quadro\/","og_site_name":"Comagricola Green Europe","article_publisher":"https:\/\/it-it.facebook.com\/pages\/category\/Company\/Comagricola-Green-Europe-srl-1189465271123595\/","article_modified_time":"2021-09-22T13:24:49+00:00","twitter_card":"summary_large_image","twitter_misc":{"Gesch\u00e4tzte Lesezeit":"1\u00a0Minute"},"schema":{"@context":"https:\/\/schema.org","@graph":[{"@type":"WebPage","@id":"https:\/\/www.comagricola.com\/de\/prodotto\/quadro\/","url":"https:\/\/www.comagricola.com\/de\/prodotto\/quadro\/","name":"QUADRO - Comagricola Green Europe","isPartOf":{"@id":"https:\/\/www.comagricola.com\/de\/#website"},"primaryImageOfPage":{"@id":"https:\/\/www.comagricola.com\/de\/prodotto\/quadro\/#primaryimage"},"image":{"@id":"https:\/\/www.comagricola.com\/de\/prodotto\/quadro\/#primaryimage"},"thumbnailUrl":"https:\/\/www.comagricola.com\/wp-content\/uploads\/2026\/03\/Quadro.svg","datePublished":"2020-12-29T14:24:53+00:00","dateModified":"2021-09-22T13:24:49+00:00","breadcrumb":{"@id":"https:\/\/www.comagricola.com\/de\/prodotto\/quadro\/#breadcrumb"},"inLanguage":"de","potentialAction":[{"@type":"ReadAction","target":["https:\/\/www.comagricola.com\/de\/prodotto\/quadro\/"]}]},{"@type":"ImageObject","inLanguage":"de","@id":"https:\/\/www.comagricola.com\/de\/prodotto\/quadro\/#primaryimage","url":"https:\/\/www.comagricola.com\/wp-content\/uploads\/2026\/03\/Quadro.svg","contentUrl":"https:\/\/www.comagricola.com\/wp-content\/uploads\/2026\/03\/Quadro.svg"},{"@type":"BreadcrumbList","@id":"https:\/\/www.comagricola.com\/de\/prodotto\/quadro\/#breadcrumb","itemListElement":[{"@type":"ListItem","position":1,"name":"Home","item":"https:\/\/www.comagricola.com\/de\/"},{"@type":"ListItem","position":2,"name":"Shop","item":"https:\/\/www.comagricola.com\/de\/shop\/"},{"@type":"ListItem","position":3,"name":"QUADRO"}]},{"@type":"WebSite","@id":"https:\/\/www.comagricola.com\/de\/#website","url":"https:\/\/www.comagricola.com\/de\/","name":"Green Europe Comagricola","description":"Semi e Fertilizzanti","publisher":{"@id":"https:\/\/www.comagricola.com\/de\/#organization"},"potentialAction":[{"@type":"SearchAction","target":{"@type":"EntryPoint","urlTemplate":"https:\/\/www.comagricola.com\/de\/?s={search_term_string}"},"query-input":{"@type":"PropertyValueSpecification","valueRequired":true,"valueName":"search_term_string"}}],"inLanguage":"de"},{"@type":"Organization","@id":"https:\/\/www.comagricola.com\/de\/#organization","name":"COMAGRICOLA GREEN EUROPE SRL","url":"https:\/\/www.comagricola.com\/de\/","logo":{"@type":"ImageObject","inLanguage":"de","@id":"https:\/\/www.comagricola.com\/de\/#\/schema\/logo\/image\/","url":"https:\/\/www.comagricola.com\/wp-content\/uploads\/2020\/12\/logo-comagricola.svg","contentUrl":"https:\/\/www.comagricola.com\/wp-content\/uploads\/2020\/12\/logo-comagricola.svg","width":"1024","height":"1024","caption":"COMAGRICOLA GREEN EUROPE SRL"},"image":{"@id":"https:\/\/www.comagricola.com\/de\/#\/schema\/logo\/image\/"},"sameAs":["https:\/\/it-it.facebook.com\/pages\/category\/Company\/Comagricola-Green-Europe-srl-1189465271123595\/"]}]}},"_links":{"self":[{"href":"https:\/\/www.comagricola.com\/de\/wp-json\/wp\/v2\/product\/12398","targetHints":{"allow":["GET"]}}],"collection":[{"href":"https:\/\/www.comagricola.com\/de\/wp-json\/wp\/v2\/product"}],"about":[{"href":"https:\/\/www.comagricola.com\/de\/wp-json\/wp\/v2\/types\/product"}],"wp:featuredmedia":[{"embeddable":true,"href":"https:\/\/www.comagricola.com\/de\/wp-json\/wp\/v2\/media\/17642"}],"wp:attachment":[{"href":"https:\/\/www.comagricola.com\/de\/wp-json\/wp\/v2\/media?parent=12398"}],"wp:term":[{"taxonomy":"product_brand","embeddable":true,"href":"https:\/\/www.comagricola.com\/de\/wp-json\/wp\/v2\/product_brand?post=12398"},{"taxonomy":"product_cat","embeddable":true,"href":"https:\/\/www.comagricola.com\/de\/wp-json\/wp\/v2\/product_cat?post=12398"},{"taxonomy":"product_tag","embeddable":true,"href":"https:\/\/www.comagricola.com\/de\/wp-json\/wp\/v2\/product_tag?post=12398"}],"curies":[{"name":"wp","href":"https:\/\/api.w.org\/{rel}","templated":true}]}}