{"id":12402,"date":"2020-12-29T16:18:07","date_gmt":"2020-12-29T15:18:07","guid":{"rendered":"https:\/\/www.comagricola.com\/prodotto\/o-micro\/"},"modified":"2021-09-22T15:41:24","modified_gmt":"2021-09-22T13:41:24","slug":"o-micro","status":"publish","type":"product","link":"https:\/\/www.comagricola.com\/de\/prodotto\/o-micro\/","title":{"rendered":"O-Micro"},"content":{"rendered":"<p>O-Micro Turf-on ist die von Turf-on entwickelte Interpretation des neuen D\u00fcngertrends, der darauf abzielt, die im eigentlichen Sinne biologischen Eigenschaften des Bodens zu verbessern und zu erh\u00f6hen: Geschwindigkeit der Mineralisierung der organischen Substanzen, Gleichgewicht zwischen Bakterien und Pilzen, richtige Enzymaktivit\u00e4t, Freisetzung von sonst unbrauchbaren Elementen, Anregung der Widerstandskraft und mehr. Kurz gesagt, ein neuer Ansatz, der darauf abzielt, die Qualit\u00e4t der Biomasse der obersten Schicht zu Ihrem eigenen Nutzen zu sch\u00fctzen und zu verbessern.<br \/>\nDieses Ziel kann nur durch die Verwendung und Ausbringung von \u201elebendigen&#8221; und dynamischen organischen Matrizen zertifiziertem Ursprungs erreicht werden, die nicht nur Substanz bringen, sondern einen gesunden Kreislauf ansto\u00dfen, der die bereits potenziell im Boden vorhandenen Substanzen reaktiviert.<br \/>\nMit der Entwicklung von 0-Micro hat Turf-on die perfekte Antwort auf all diese Bed\u00fcrfnisse gefunden, mit besonderem Augenmerk auf die Eigenschaften, die ein Produkt f\u00fcr eine optimale Rasenwartung haben muss, ohne jegliche Kontraindikationen: Die Homogenit\u00e4t des Mikrodurchmessers erm\u00f6glicht auch das Ausbringen auf Stoloniferen und Rhizomaten, w\u00e4hrend die Reduzierung unerw\u00fcnschter Ger\u00fcche eine wesentliche Voraussetzung f\u00fcr den uneingeschr\u00e4nkten Einsatz ist.<br \/>\nDieser D\u00fcnger ist das Ergebnis einer Mischung von nur zwei Komponenten: einerseits laut entsprechendem Zertifizierungsprotokoll zertifizierter und gereifter Mist (d. h. 9 Monate und ohne k\u00fcnstliche Beschleunigung des Reifeprozesses), andererseits und in gleichen Mengen eine naturreine, besonders geruchsabsorbierende Pflanzenart; Ersteres stellt den Gesamtkeimgehalt sicher, der s\u00e4mtliche oben genannten gesunden Prozesse ausl\u00f6st, w\u00e4hrend Letzteres die Funktion eines ausgezeichneten organischen \u201eKraftstoffs&#8221; f\u00fcr diese Prozesse hat.<br \/>\nHierbei wird vollkommen auf alles, was nicht hundertprozentig mit der Pflanzenbiologie vereinbar und schnell mineralisiert ist, verzichtet, wie Kompost, Leder, Wolle, Blut, Horn oder Rinde. Au\u00dferdem enth\u00e4lt O-Micro Phosphor-, Kalium- und Spurenelementanteile sowie hohe Prozents\u00e4tze 18 hochwertiger Aminos\u00e4uren: Glutamin, Glycin, Asparagins\u00e4ure, Tryptophan, Arginin, Lysin, Prolin, Leucin, Isoleucin, Serin, Alanin, Histidin, Methionin, Valin, Tyrosin, Threonin, Cystin und Phenylalanin. Aminos\u00e4uren sind f\u00fcr die Stoffwechselprozesse der Pflanze von wesentlicher Bedeutung, sodass deren Mangel das richtige, harmonische Wachstum beeintr\u00e4chtigt und die Entwicklung der Stomata, die Aufnahme von Spurenelementen, die Photosynthese, die Produktion von Auxinen, die Resistenz gegen thermischen Stress, Salzgehalt, Beanspruchung durch Begehen und Bespielen, die St\u00e4rkung der Zellw\u00e4nde und die Regulierung des osmotischen Gleichgewichts der Pflanzenzelle wesentlich erh\u00f6ht.<br \/>\nO-Micro: die nat\u00fcrliche Antwort auf neue Wartungsanforderungen.<\/p>\n<table class=\" aligncenter\" style=\"height: auto; width: 100%; border-collapse: collapse;\">\n<thead>\n<tr style=\"height: 23px;\">\n<th style=\"text-align: center; vertical-align: middle; height: 23px; width: 17.2843%;\" scope=\"row\">AUSSAATMENGE<\/th>\n<th style=\"text-align: center; vertical-align: middle; height: 23px; width: 14.8882%;\" scope=\"row\">DAUER<\/th>\n<th style=\"text-align: center; vertical-align: middle; height: 23px; width: 27.8275%;\" scope=\"row\">ZEITRAUM<\/th>\n<\/tr>\n<\/thead>\n<tbody>\n<tr style=\"height: 23px;\">\n<td style=\"text-align: center; height: 23px; width: 17.2843%;\">20GR\/QM<\/td>\n<td style=\"text-align: center; height: 69px; width: 14.8882%;\">40-50 Tage<\/td>\n<td style=\"text-align: center; height: 69px; width: 27.8275%;\">M\u00e4rz-April und September-Oktober<\/td>\n<\/tr>\n<\/tbody>\n<\/table>\n","protected":false},"excerpt":{"rendered":"<h4>Professioneller D\u00fcnger f\u00fcr Rasenfl\u00e4chen<\/h4>\n<h4>Leben und dynamik<\/h4>\n<ul>\n<li>Zertifizierte organische matrizen<\/li>\n<li>Neutraler geruch<\/li>\n<li>18 aktive aminos\u00e4uren<\/li>\n<\/ul>\n","protected":false},"featured_media":17636,"template":"","meta":{"inline_featured_image":false},"product_brand":[],"product_cat":[145],"product_tag":[],"class_list":{"0":"post-12402","1":"product","2":"type-product","3":"status-publish","4":"has-post-thumbnail","6":"product_cat-dungemittel","8":"first","9":"instock","10":"taxable","11":"shipping-taxable","12":"product-type-simple"},"yoast_head":"<!-- This site is optimized with the Yoast SEO plugin v25.3.1 - https:\/\/yoast.com\/wordpress\/plugins\/seo\/ -->\n<title>O-Micro - Comagricola Green Europe<\/title>\n<meta name=\"robots\" content=\"index, follow, max-snippet:-1, max-image-preview:large, max-video-preview:-1\" \/>\n<link rel=\"canonical\" href=\"https:\/\/www.comagricola.com\/de\/prodotto\/o-micro\/\" \/>\n<meta property=\"og:locale\" content=\"de_DE\" \/>\n<meta property=\"og:type\" content=\"article\" \/>\n<meta property=\"og:title\" content=\"O-Micro - Comagricola Green Europe\" \/>\n<meta property=\"og:description\" content=\"Professioneller D\u00fcnger f\u00fcr Rasenfl\u00e4chen Leben und dynamik   Zertifizierte organische matrizen  Neutraler geruch  18 aktive aminos\u00e4uren\" \/>\n<meta property=\"og:url\" content=\"https:\/\/www.comagricola.com\/de\/prodotto\/o-micro\/\" \/>\n<meta property=\"og:site_name\" content=\"Comagricola Green Europe\" \/>\n<meta property=\"article:publisher\" content=\"https:\/\/it-it.facebook.com\/pages\/category\/Company\/Comagricola-Green-Europe-srl-1189465271123595\/\" \/>\n<meta property=\"article:modified_time\" content=\"2021-09-22T13:41:24+00:00\" \/>\n<meta name=\"twitter:card\" content=\"summary_large_image\" \/>\n<meta name=\"twitter:label1\" content=\"Gesch\u00e4tzte Lesezeit\" \/>\n\t<meta name=\"twitter:data1\" content=\"2\u00a0Minuten\" \/>\n<script type=\"application\/ld+json\" class=\"yoast-schema-graph\">{\"@context\":\"https:\/\/schema.org\",\"@graph\":[{\"@type\":\"WebPage\",\"@id\":\"https:\/\/www.comagricola.com\/de\/prodotto\/o-micro\/\",\"url\":\"https:\/\/www.comagricola.com\/de\/prodotto\/o-micro\/\",\"name\":\"O-Micro - Comagricola Green Europe\",\"isPartOf\":{\"@id\":\"https:\/\/www.comagricola.com\/de\/#website\"},\"primaryImageOfPage\":{\"@id\":\"https:\/\/www.comagricola.com\/de\/prodotto\/o-micro\/#primaryimage\"},\"image\":{\"@id\":\"https:\/\/www.comagricola.com\/de\/prodotto\/o-micro\/#primaryimage\"},\"thumbnailUrl\":\"https:\/\/www.comagricola.com\/wp-content\/uploads\/2026\/03\/O-Micro.svg\",\"datePublished\":\"2020-12-29T15:18:07+00:00\",\"dateModified\":\"2021-09-22T13:41:24+00:00\",\"breadcrumb\":{\"@id\":\"https:\/\/www.comagricola.com\/de\/prodotto\/o-micro\/#breadcrumb\"},\"inLanguage\":\"de\",\"potentialAction\":[{\"@type\":\"ReadAction\",\"target\":[\"https:\/\/www.comagricola.com\/de\/prodotto\/o-micro\/\"]}]},{\"@type\":\"ImageObject\",\"inLanguage\":\"de\",\"@id\":\"https:\/\/www.comagricola.com\/de\/prodotto\/o-micro\/#primaryimage\",\"url\":\"https:\/\/www.comagricola.com\/wp-content\/uploads\/2026\/03\/O-Micro.svg\",\"contentUrl\":\"https:\/\/www.comagricola.com\/wp-content\/uploads\/2026\/03\/O-Micro.svg\"},{\"@type\":\"BreadcrumbList\",\"@id\":\"https:\/\/www.comagricola.com\/de\/prodotto\/o-micro\/#breadcrumb\",\"itemListElement\":[{\"@type\":\"ListItem\",\"position\":1,\"name\":\"Home\",\"item\":\"https:\/\/www.comagricola.com\/de\/\"},{\"@type\":\"ListItem\",\"position\":2,\"name\":\"Shop\",\"item\":\"https:\/\/www.comagricola.com\/de\/shop\/\"},{\"@type\":\"ListItem\",\"position\":3,\"name\":\"O-Micro\"}]},{\"@type\":\"WebSite\",\"@id\":\"https:\/\/www.comagricola.com\/de\/#website\",\"url\":\"https:\/\/www.comagricola.com\/de\/\",\"name\":\"Green Europe Comagricola\",\"description\":\"Semi e Fertilizzanti\",\"publisher\":{\"@id\":\"https:\/\/www.comagricola.com\/de\/#organization\"},\"potentialAction\":[{\"@type\":\"SearchAction\",\"target\":{\"@type\":\"EntryPoint\",\"urlTemplate\":\"https:\/\/www.comagricola.com\/de\/?s={search_term_string}\"},\"query-input\":{\"@type\":\"PropertyValueSpecification\",\"valueRequired\":true,\"valueName\":\"search_term_string\"}}],\"inLanguage\":\"de\"},{\"@type\":\"Organization\",\"@id\":\"https:\/\/www.comagricola.com\/de\/#organization\",\"name\":\"COMAGRICOLA GREEN EUROPE SRL\",\"url\":\"https:\/\/www.comagricola.com\/de\/\",\"logo\":{\"@type\":\"ImageObject\",\"inLanguage\":\"de\",\"@id\":\"https:\/\/www.comagricola.com\/de\/#\/schema\/logo\/image\/\",\"url\":\"https:\/\/www.comagricola.com\/wp-content\/uploads\/2020\/12\/logo-comagricola.svg\",\"contentUrl\":\"https:\/\/www.comagricola.com\/wp-content\/uploads\/2020\/12\/logo-comagricola.svg\",\"width\":\"1024\",\"height\":\"1024\",\"caption\":\"COMAGRICOLA GREEN EUROPE SRL\"},\"image\":{\"@id\":\"https:\/\/www.comagricola.com\/de\/#\/schema\/logo\/image\/\"},\"sameAs\":[\"https:\/\/it-it.facebook.com\/pages\/category\/Company\/Comagricola-Green-Europe-srl-1189465271123595\/\"]}]}<\/script>\n<!-- \/ Yoast SEO plugin. -->","yoast_head_json":{"title":"O-Micro - Comagricola Green Europe","robots":{"index":"index","follow":"follow","max-snippet":"max-snippet:-1","max-image-preview":"max-image-preview:large","max-video-preview":"max-video-preview:-1"},"canonical":"https:\/\/www.comagricola.com\/de\/prodotto\/o-micro\/","og_locale":"de_DE","og_type":"article","og_title":"O-Micro - Comagricola Green Europe","og_description":"Professioneller D\u00fcnger f\u00fcr Rasenfl\u00e4chen Leben und dynamik   Zertifizierte organische matrizen  Neutraler geruch  18 aktive aminos\u00e4uren","og_url":"https:\/\/www.comagricola.com\/de\/prodotto\/o-micro\/","og_site_name":"Comagricola Green Europe","article_publisher":"https:\/\/it-it.facebook.com\/pages\/category\/Company\/Comagricola-Green-Europe-srl-1189465271123595\/","article_modified_time":"2021-09-22T13:41:24+00:00","twitter_card":"summary_large_image","twitter_misc":{"Gesch\u00e4tzte Lesezeit":"2\u00a0Minuten"},"schema":{"@context":"https:\/\/schema.org","@graph":[{"@type":"WebPage","@id":"https:\/\/www.comagricola.com\/de\/prodotto\/o-micro\/","url":"https:\/\/www.comagricola.com\/de\/prodotto\/o-micro\/","name":"O-Micro - Comagricola Green Europe","isPartOf":{"@id":"https:\/\/www.comagricola.com\/de\/#website"},"primaryImageOfPage":{"@id":"https:\/\/www.comagricola.com\/de\/prodotto\/o-micro\/#primaryimage"},"image":{"@id":"https:\/\/www.comagricola.com\/de\/prodotto\/o-micro\/#primaryimage"},"thumbnailUrl":"https:\/\/www.comagricola.com\/wp-content\/uploads\/2026\/03\/O-Micro.svg","datePublished":"2020-12-29T15:18:07+00:00","dateModified":"2021-09-22T13:41:24+00:00","breadcrumb":{"@id":"https:\/\/www.comagricola.com\/de\/prodotto\/o-micro\/#breadcrumb"},"inLanguage":"de","potentialAction":[{"@type":"ReadAction","target":["https:\/\/www.comagricola.com\/de\/prodotto\/o-micro\/"]}]},{"@type":"ImageObject","inLanguage":"de","@id":"https:\/\/www.comagricola.com\/de\/prodotto\/o-micro\/#primaryimage","url":"https:\/\/www.comagricola.com\/wp-content\/uploads\/2026\/03\/O-Micro.svg","contentUrl":"https:\/\/www.comagricola.com\/wp-content\/uploads\/2026\/03\/O-Micro.svg"},{"@type":"BreadcrumbList","@id":"https:\/\/www.comagricola.com\/de\/prodotto\/o-micro\/#breadcrumb","itemListElement":[{"@type":"ListItem","position":1,"name":"Home","item":"https:\/\/www.comagricola.com\/de\/"},{"@type":"ListItem","position":2,"name":"Shop","item":"https:\/\/www.comagricola.com\/de\/shop\/"},{"@type":"ListItem","position":3,"name":"O-Micro"}]},{"@type":"WebSite","@id":"https:\/\/www.comagricola.com\/de\/#website","url":"https:\/\/www.comagricola.com\/de\/","name":"Green Europe Comagricola","description":"Semi e Fertilizzanti","publisher":{"@id":"https:\/\/www.comagricola.com\/de\/#organization"},"potentialAction":[{"@type":"SearchAction","target":{"@type":"EntryPoint","urlTemplate":"https:\/\/www.comagricola.com\/de\/?s={search_term_string}"},"query-input":{"@type":"PropertyValueSpecification","valueRequired":true,"valueName":"search_term_string"}}],"inLanguage":"de"},{"@type":"Organization","@id":"https:\/\/www.comagricola.com\/de\/#organization","name":"COMAGRICOLA GREEN EUROPE SRL","url":"https:\/\/www.comagricola.com\/de\/","logo":{"@type":"ImageObject","inLanguage":"de","@id":"https:\/\/www.comagricola.com\/de\/#\/schema\/logo\/image\/","url":"https:\/\/www.comagricola.com\/wp-content\/uploads\/2020\/12\/logo-comagricola.svg","contentUrl":"https:\/\/www.comagricola.com\/wp-content\/uploads\/2020\/12\/logo-comagricola.svg","width":"1024","height":"1024","caption":"COMAGRICOLA GREEN EUROPE SRL"},"image":{"@id":"https:\/\/www.comagricola.com\/de\/#\/schema\/logo\/image\/"},"sameAs":["https:\/\/it-it.facebook.com\/pages\/category\/Company\/Comagricola-Green-Europe-srl-1189465271123595\/"]}]}},"_links":{"self":[{"href":"https:\/\/www.comagricola.com\/de\/wp-json\/wp\/v2\/product\/12402","targetHints":{"allow":["GET"]}}],"collection":[{"href":"https:\/\/www.comagricola.com\/de\/wp-json\/wp\/v2\/product"}],"about":[{"href":"https:\/\/www.comagricola.com\/de\/wp-json\/wp\/v2\/types\/product"}],"wp:featuredmedia":[{"embeddable":true,"href":"https:\/\/www.comagricola.com\/de\/wp-json\/wp\/v2\/media\/17636"}],"wp:attachment":[{"href":"https:\/\/www.comagricola.com\/de\/wp-json\/wp\/v2\/media?parent=12402"}],"wp:term":[{"taxonomy":"product_brand","embeddable":true,"href":"https:\/\/www.comagricola.com\/de\/wp-json\/wp\/v2\/product_brand?post=12402"},{"taxonomy":"product_cat","embeddable":true,"href":"https:\/\/www.comagricola.com\/de\/wp-json\/wp\/v2\/product_cat?post=12402"},{"taxonomy":"product_tag","embeddable":true,"href":"https:\/\/www.comagricola.com\/de\/wp-json\/wp\/v2\/product_tag?post=12402"}],"curies":[{"name":"wp","href":"https:\/\/api.w.org\/{rel}","templated":true}]}}