{"id":12404,"date":"2020-12-29T16:29:20","date_gmt":"2020-12-29T15:29:20","guid":{"rendered":"https:\/\/www.comagricola.com\/prodotto\/uno-chelated\/"},"modified":"2021-09-22T15:56:54","modified_gmt":"2021-09-22T13:56:54","slug":"uno-chelated","status":"publish","type":"product","link":"https:\/\/www.comagricola.com\/de\/prodotto\/uno-chelated\/","title":{"rendered":"Uno Chelated"},"content":{"rendered":"<p>Als Fl\u00fcssigd\u00fcnger mit einzigartigen Eigenschaften wirkt Turf-on UNO Bio Chelated schnell und effektiv durch eine doppelte (synthetische und organische) Chelatbildung und v\u00f6llige Abwesenheit von Sulfaten: ein nat\u00fcrlicher Gr\u00fcnmacher, der f\u00fcr Farbbrillanz und kr\u00e4ftigen Stoffwechsel sorgt, ohne thermische Einschr\u00e4nkungen (keine Temperaturbegrenzung zum Zeitpunkt der Ausbringung) und mit entgiftenden N\u00e4hreigenschaften (nur Eisen und Kalium in Reinform und zertifizierter Herkunft).<\/p>\n<p>Ein immer in L\u00f6sung befindlicher Fl\u00fcssigd\u00fcnger (vor der Anwendung kein Sch\u00fctteln notwendig, verstopft niemals Stangen und D\u00fcsen), ohne Kontraindikationen, auch im Falle einer unbeabsichtigten \u00dcberdosierung, wertvoll im D\u00fcngungsplan, der Blattd\u00fcngung ohne physiologischen Stress bietet, ein ideales Pr\u00e4parat f\u00fcr alle Gelegenheiten, bei denen Spritzanwendungen zur Vorbeugung oder Behandlung eingesetzt werden, auch in kontrolliert integrierter oder \u00f6kologischer Landwirtschaft.<\/p>\n<p>Die Assimilationszeiten sind dank der hochwirksamen Chelatformen so schnell, dass der Rasen bereits nach wenigen Minuten begehbar ist.<\/p>\n<table class=\" aligncenter\" style=\"height: auto; width: 100%; border-collapse: collapse;\">\n<thead>\n<tr style=\"height: 23px;\">\n<th style=\"text-align: center; vertical-align: middle; height: 23px; width: 17.2843%;\" scope=\"row\">AUSSAATMENGE<\/th>\n<th style=\"text-align: center; vertical-align: middle; height: 23px; width: 14.8882%;\" scope=\"row\">DAUER<\/th>\n<th style=\"text-align: center; vertical-align: middle; height: 23px; width: 27.8275%;\" scope=\"row\">ZEITRAUM<\/th>\n<\/tr>\n<\/thead>\n<tbody>\n<tr style=\"height: 23px;\">\n<td style=\"text-align: center; height: 23px; width: 17.2843%;\">15-20l\/ha<\/td>\n<td style=\"text-align: center; height: 69px; width: 14.8882%;\">20-30 Tage<\/td>\n<td style=\"text-align: center; height: 69px; width: 27.8275%;\">Von Februar bis November<\/td>\n<\/tr>\n<\/tbody>\n<\/table>\n","protected":false},"excerpt":{"rendered":"<h4>PROFESSIONAL FLUID<br \/>\nGesundes Gr\u00fcn<\/h4>\n<ul>\n<li>Vollst\u00e4ndig chelatisierte Fl\u00fcssigkeit<\/li>\n<li>Verschmutzt nicht, verstopft nicht<\/li>\n<li>Entgiftend<\/li>\n<\/ul>\n","protected":false},"featured_media":13561,"template":"","meta":{"inline_featured_image":false},"product_brand":[],"product_cat":[145],"product_tag":[],"class_list":{"0":"post-12404","1":"product","2":"type-product","3":"status-publish","4":"has-post-thumbnail","6":"product_cat-dungemittel","8":"first","9":"instock","10":"taxable","11":"shipping-taxable","12":"product-type-variable"},"yoast_head":"<!-- This site is optimized with the Yoast SEO plugin v25.3.1 - https:\/\/yoast.com\/wordpress\/plugins\/seo\/ -->\n<title>Uno Chelated - Comagricola Green Europe<\/title>\n<meta name=\"robots\" content=\"index, follow, max-snippet:-1, max-image-preview:large, max-video-preview:-1\" \/>\n<link rel=\"canonical\" href=\"https:\/\/www.comagricola.com\/de\/prodotto\/uno-chelated\/\" \/>\n<meta property=\"og:locale\" content=\"de_DE\" \/>\n<meta property=\"og:type\" content=\"article\" \/>\n<meta property=\"og:title\" content=\"Uno Chelated - Comagricola Green Europe\" \/>\n<meta property=\"og:description\" content=\"PROFESSIONAL FLUID Gesundes Gr\u00fcn   Vollst\u00e4ndig chelatisierte Fl\u00fcssigkeit  Verschmutzt nicht, verstopft nicht  Entgiftend\" \/>\n<meta property=\"og:url\" content=\"https:\/\/www.comagricola.com\/de\/prodotto\/uno-chelated\/\" \/>\n<meta property=\"og:site_name\" content=\"Comagricola Green Europe\" \/>\n<meta property=\"article:publisher\" content=\"https:\/\/it-it.facebook.com\/pages\/category\/Company\/Comagricola-Green-Europe-srl-1189465271123595\/\" \/>\n<meta property=\"article:modified_time\" content=\"2021-09-22T13:56:54+00:00\" \/>\n<meta property=\"og:image\" content=\"https:\/\/www.comagricola.com\/wp-content\/uploads\/2020\/12\/tanica-uno-chelated.png\" \/>\n\t<meta property=\"og:image:width\" content=\"450\" \/>\n\t<meta property=\"og:image:height\" content=\"500\" \/>\n\t<meta property=\"og:image:type\" content=\"image\/png\" \/>\n<meta name=\"twitter:card\" content=\"summary_large_image\" \/>\n<meta name=\"twitter:label1\" content=\"Gesch\u00e4tzte Lesezeit\" \/>\n\t<meta name=\"twitter:data1\" content=\"1\u00a0Minute\" \/>\n<script type=\"application\/ld+json\" class=\"yoast-schema-graph\">{\"@context\":\"https:\/\/schema.org\",\"@graph\":[{\"@type\":\"WebPage\",\"@id\":\"https:\/\/www.comagricola.com\/de\/prodotto\/uno-chelated\/\",\"url\":\"https:\/\/www.comagricola.com\/de\/prodotto\/uno-chelated\/\",\"name\":\"Uno Chelated - Comagricola Green Europe\",\"isPartOf\":{\"@id\":\"https:\/\/www.comagricola.com\/de\/#website\"},\"primaryImageOfPage\":{\"@id\":\"https:\/\/www.comagricola.com\/de\/prodotto\/uno-chelated\/#primaryimage\"},\"image\":{\"@id\":\"https:\/\/www.comagricola.com\/de\/prodotto\/uno-chelated\/#primaryimage\"},\"thumbnailUrl\":\"https:\/\/www.comagricola.com\/wp-content\/uploads\/2020\/12\/Uno-chelated.png\",\"datePublished\":\"2020-12-29T15:29:20+00:00\",\"dateModified\":\"2021-09-22T13:56:54+00:00\",\"breadcrumb\":{\"@id\":\"https:\/\/www.comagricola.com\/de\/prodotto\/uno-chelated\/#breadcrumb\"},\"inLanguage\":\"de\",\"potentialAction\":[{\"@type\":\"ReadAction\",\"target\":[\"https:\/\/www.comagricola.com\/de\/prodotto\/uno-chelated\/\"]}]},{\"@type\":\"ImageObject\",\"inLanguage\":\"de\",\"@id\":\"https:\/\/www.comagricola.com\/de\/prodotto\/uno-chelated\/#primaryimage\",\"url\":\"https:\/\/www.comagricola.com\/wp-content\/uploads\/2020\/12\/Uno-chelated.png\",\"contentUrl\":\"https:\/\/www.comagricola.com\/wp-content\/uploads\/2020\/12\/Uno-chelated.png\",\"width\":1080,\"height\":1080},{\"@type\":\"BreadcrumbList\",\"@id\":\"https:\/\/www.comagricola.com\/de\/prodotto\/uno-chelated\/#breadcrumb\",\"itemListElement\":[{\"@type\":\"ListItem\",\"position\":1,\"name\":\"Home\",\"item\":\"https:\/\/www.comagricola.com\/de\/\"},{\"@type\":\"ListItem\",\"position\":2,\"name\":\"Shop\",\"item\":\"https:\/\/www.comagricola.com\/de\/shop\/\"},{\"@type\":\"ListItem\",\"position\":3,\"name\":\"Uno Chelated\"}]},{\"@type\":\"WebSite\",\"@id\":\"https:\/\/www.comagricola.com\/de\/#website\",\"url\":\"https:\/\/www.comagricola.com\/de\/\",\"name\":\"Green Europe Comagricola\",\"description\":\"Semi e Fertilizzanti\",\"publisher\":{\"@id\":\"https:\/\/www.comagricola.com\/de\/#organization\"},\"potentialAction\":[{\"@type\":\"SearchAction\",\"target\":{\"@type\":\"EntryPoint\",\"urlTemplate\":\"https:\/\/www.comagricola.com\/de\/?s={search_term_string}\"},\"query-input\":{\"@type\":\"PropertyValueSpecification\",\"valueRequired\":true,\"valueName\":\"search_term_string\"}}],\"inLanguage\":\"de\"},{\"@type\":\"Organization\",\"@id\":\"https:\/\/www.comagricola.com\/de\/#organization\",\"name\":\"COMAGRICOLA GREEN EUROPE SRL\",\"url\":\"https:\/\/www.comagricola.com\/de\/\",\"logo\":{\"@type\":\"ImageObject\",\"inLanguage\":\"de\",\"@id\":\"https:\/\/www.comagricola.com\/de\/#\/schema\/logo\/image\/\",\"url\":\"https:\/\/www.comagricola.com\/wp-content\/uploads\/2020\/12\/logo-comagricola.svg\",\"contentUrl\":\"https:\/\/www.comagricola.com\/wp-content\/uploads\/2020\/12\/logo-comagricola.svg\",\"width\":\"1024\",\"height\":\"1024\",\"caption\":\"COMAGRICOLA GREEN EUROPE SRL\"},\"image\":{\"@id\":\"https:\/\/www.comagricola.com\/de\/#\/schema\/logo\/image\/\"},\"sameAs\":[\"https:\/\/it-it.facebook.com\/pages\/category\/Company\/Comagricola-Green-Europe-srl-1189465271123595\/\"]}]}<\/script>\n<!-- \/ Yoast SEO plugin. -->","yoast_head_json":{"title":"Uno Chelated - Comagricola Green Europe","robots":{"index":"index","follow":"follow","max-snippet":"max-snippet:-1","max-image-preview":"max-image-preview:large","max-video-preview":"max-video-preview:-1"},"canonical":"https:\/\/www.comagricola.com\/de\/prodotto\/uno-chelated\/","og_locale":"de_DE","og_type":"article","og_title":"Uno Chelated - Comagricola Green Europe","og_description":"PROFESSIONAL FLUID Gesundes Gr\u00fcn   Vollst\u00e4ndig chelatisierte Fl\u00fcssigkeit  Verschmutzt nicht, verstopft nicht  Entgiftend","og_url":"https:\/\/www.comagricola.com\/de\/prodotto\/uno-chelated\/","og_site_name":"Comagricola Green Europe","article_publisher":"https:\/\/it-it.facebook.com\/pages\/category\/Company\/Comagricola-Green-Europe-srl-1189465271123595\/","article_modified_time":"2021-09-22T13:56:54+00:00","og_image":[{"width":450,"height":500,"url":"https:\/\/www.comagricola.com\/wp-content\/uploads\/2020\/12\/tanica-uno-chelated.png","type":"image\/png"}],"twitter_card":"summary_large_image","twitter_misc":{"Gesch\u00e4tzte Lesezeit":"1\u00a0Minute"},"schema":{"@context":"https:\/\/schema.org","@graph":[{"@type":"WebPage","@id":"https:\/\/www.comagricola.com\/de\/prodotto\/uno-chelated\/","url":"https:\/\/www.comagricola.com\/de\/prodotto\/uno-chelated\/","name":"Uno Chelated - Comagricola Green Europe","isPartOf":{"@id":"https:\/\/www.comagricola.com\/de\/#website"},"primaryImageOfPage":{"@id":"https:\/\/www.comagricola.com\/de\/prodotto\/uno-chelated\/#primaryimage"},"image":{"@id":"https:\/\/www.comagricola.com\/de\/prodotto\/uno-chelated\/#primaryimage"},"thumbnailUrl":"https:\/\/www.comagricola.com\/wp-content\/uploads\/2020\/12\/Uno-chelated.png","datePublished":"2020-12-29T15:29:20+00:00","dateModified":"2021-09-22T13:56:54+00:00","breadcrumb":{"@id":"https:\/\/www.comagricola.com\/de\/prodotto\/uno-chelated\/#breadcrumb"},"inLanguage":"de","potentialAction":[{"@type":"ReadAction","target":["https:\/\/www.comagricola.com\/de\/prodotto\/uno-chelated\/"]}]},{"@type":"ImageObject","inLanguage":"de","@id":"https:\/\/www.comagricola.com\/de\/prodotto\/uno-chelated\/#primaryimage","url":"https:\/\/www.comagricola.com\/wp-content\/uploads\/2020\/12\/Uno-chelated.png","contentUrl":"https:\/\/www.comagricola.com\/wp-content\/uploads\/2020\/12\/Uno-chelated.png","width":1080,"height":1080},{"@type":"BreadcrumbList","@id":"https:\/\/www.comagricola.com\/de\/prodotto\/uno-chelated\/#breadcrumb","itemListElement":[{"@type":"ListItem","position":1,"name":"Home","item":"https:\/\/www.comagricola.com\/de\/"},{"@type":"ListItem","position":2,"name":"Shop","item":"https:\/\/www.comagricola.com\/de\/shop\/"},{"@type":"ListItem","position":3,"name":"Uno Chelated"}]},{"@type":"WebSite","@id":"https:\/\/www.comagricola.com\/de\/#website","url":"https:\/\/www.comagricola.com\/de\/","name":"Green Europe Comagricola","description":"Semi e Fertilizzanti","publisher":{"@id":"https:\/\/www.comagricola.com\/de\/#organization"},"potentialAction":[{"@type":"SearchAction","target":{"@type":"EntryPoint","urlTemplate":"https:\/\/www.comagricola.com\/de\/?s={search_term_string}"},"query-input":{"@type":"PropertyValueSpecification","valueRequired":true,"valueName":"search_term_string"}}],"inLanguage":"de"},{"@type":"Organization","@id":"https:\/\/www.comagricola.com\/de\/#organization","name":"COMAGRICOLA GREEN EUROPE SRL","url":"https:\/\/www.comagricola.com\/de\/","logo":{"@type":"ImageObject","inLanguage":"de","@id":"https:\/\/www.comagricola.com\/de\/#\/schema\/logo\/image\/","url":"https:\/\/www.comagricola.com\/wp-content\/uploads\/2020\/12\/logo-comagricola.svg","contentUrl":"https:\/\/www.comagricola.com\/wp-content\/uploads\/2020\/12\/logo-comagricola.svg","width":"1024","height":"1024","caption":"COMAGRICOLA GREEN EUROPE SRL"},"image":{"@id":"https:\/\/www.comagricola.com\/de\/#\/schema\/logo\/image\/"},"sameAs":["https:\/\/it-it.facebook.com\/pages\/category\/Company\/Comagricola-Green-Europe-srl-1189465271123595\/"]}]}},"_links":{"self":[{"href":"https:\/\/www.comagricola.com\/de\/wp-json\/wp\/v2\/product\/12404","targetHints":{"allow":["GET"]}}],"collection":[{"href":"https:\/\/www.comagricola.com\/de\/wp-json\/wp\/v2\/product"}],"about":[{"href":"https:\/\/www.comagricola.com\/de\/wp-json\/wp\/v2\/types\/product"}],"wp:featuredmedia":[{"embeddable":true,"href":"https:\/\/www.comagricola.com\/de\/wp-json\/wp\/v2\/media\/13561"}],"wp:attachment":[{"href":"https:\/\/www.comagricola.com\/de\/wp-json\/wp\/v2\/media?parent=12404"}],"wp:term":[{"taxonomy":"product_brand","embeddable":true,"href":"https:\/\/www.comagricola.com\/de\/wp-json\/wp\/v2\/product_brand?post=12404"},{"taxonomy":"product_cat","embeddable":true,"href":"https:\/\/www.comagricola.com\/de\/wp-json\/wp\/v2\/product_cat?post=12404"},{"taxonomy":"product_tag","embeddable":true,"href":"https:\/\/www.comagricola.com\/de\/wp-json\/wp\/v2\/product_tag?post=12404"}],"curies":[{"name":"wp","href":"https:\/\/api.w.org\/{rel}","templated":true}]}}