{"id":12406,"date":"2021-02-17T14:44:42","date_gmt":"2021-02-17T13:44:42","guid":{"rendered":"https:\/\/www.comagricola.com\/prodotto\/pop-up\/"},"modified":"2021-09-22T14:25:36","modified_gmt":"2021-09-22T12:25:36","slug":"pop-up","status":"publish","type":"product","link":"https:\/\/www.comagricola.com\/de\/prodotto\/pop-up\/","title":{"rendered":"POP-UP"},"content":{"rendered":"<p>Dreiteiliger D\u00fcnger, der auf die spezifischen Bed\u00fcrfnisse in der Aussaat- und Nachsaatphase abgestimmt ist, sowohl auf nacktem Boden als auch bei dem Nachs\u00e4en des bestehenden Rasens.<\/p>\n<p>Dem hohen Gehalt an Phosphor, der bekannterma\u00dfen den Bewurzelungsprozess erleichtert, haben wir einen Anteil an langsam freigesetztem Stickstoff hinzugef\u00fcgt: Ziel ist es, den jungen Keimling nach und nach mit Nahrung zu versorgen und in einer einzigen Ausbringung das Wachstum der Wurzeln und der k\u00fcnftigen Pflanze zu garantieren. Die Zufuhr an Kalium und ammoniakalischem Stickstoff gew\u00e4hrleistet ein einzigartiges D\u00fcngegleichgewicht, sodass der D\u00fcnger sogar f\u00fcr das Nachs\u00e4en auf \u00e4lteren Rasenfl\u00e4chen effektiv eingesetzt werden kann und somit dem Rasen erm\u00f6glicht, den physiologischen Stress zu \u00fcberwinden, der durch die bisweilen invasiven und in jedem Fall konditionierenden mechanischen Bearbeitungsverfahren (Vertikutieren) entsteht.<\/p>\n<p>Ein vielseitiges D\u00fcngemittel f\u00fcr jede Art von Aussaat: von der Wasseraussaat bis zur Aussaat mit S\u00e4maschinen, von der Breitsaat bis zur Reihenaussaat.<\/p>\n<table class=\" aligncenter\" style=\"height: auto; width: 100%; border-collapse: collapse;\">\n<thead>\n<tr style=\"height: 23px;\">\n<th style=\"text-align: center; vertical-align: middle; height: 23px; width: 17.2843%;\" scope=\"row\">AUSSAATMENGE<\/th>\n<th style=\"text-align: center; vertical-align: middle; height: 23px; width: 14.8882%;\" scope=\"row\">DAUER<\/th>\n<th style=\"text-align: center; vertical-align: middle; height: 23px; width: 27.8275%;\" scope=\"row\">ZEITRAUM<\/th>\n<\/tr>\n<\/thead>\n<tbody>\n<tr style=\"height: 23px;\">\n<td style=\"text-align: center; height: 23px; width: 17.2843%;\">30GR\/QM<\/td>\n<td style=\"text-align: center; height: 69px; width: 14.8882%;\">60 Tage<\/td>\n<td style=\"text-align: center; height: 69px; width: 27.8275%;\">Von Februar bis November<\/td>\n<\/tr>\n<\/tbody>\n<\/table>\n","protected":false},"excerpt":{"rendered":"<h4>Root-booster<\/h4>\n<ul>\n<li>Anregung des Wurzelwachstums<\/li>\n<li>Kalibrierter Stickstoff f\u00fcr richtiges Wachstum nach der Keimung<\/li>\n<li>Geeignet f\u00fcr alle Aussaaten<\/li>\n<\/ul>\n","protected":false},"featured_media":17639,"template":"","meta":{"inline_featured_image":false},"product_brand":[],"product_cat":[145],"product_tag":[],"class_list":{"0":"post-12406","1":"product","2":"type-product","3":"status-publish","4":"has-post-thumbnail","6":"product_cat-dungemittel","8":"first","9":"instock","10":"taxable","11":"shipping-taxable","12":"product-type-simple"},"yoast_head":"<!-- This site is optimized with the Yoast SEO plugin v25.3.1 - https:\/\/yoast.com\/wordpress\/plugins\/seo\/ -->\n<title>POP-UP - Comagricola Green Europe<\/title>\n<meta name=\"robots\" content=\"index, follow, max-snippet:-1, max-image-preview:large, max-video-preview:-1\" \/>\n<link rel=\"canonical\" href=\"https:\/\/www.comagricola.com\/de\/prodotto\/pop-up\/\" \/>\n<meta property=\"og:locale\" content=\"de_DE\" \/>\n<meta property=\"og:type\" content=\"article\" \/>\n<meta property=\"og:title\" content=\"POP-UP - Comagricola Green Europe\" \/>\n<meta property=\"og:description\" content=\"Root-booster   Anregung des Wurzelwachstums  Kalibrierter Stickstoff f\u00fcr richtiges Wachstum nach der Keimung  Geeignet f\u00fcr alle Aussaaten\" \/>\n<meta property=\"og:url\" content=\"https:\/\/www.comagricola.com\/de\/prodotto\/pop-up\/\" \/>\n<meta property=\"og:site_name\" content=\"Comagricola Green Europe\" \/>\n<meta property=\"article:publisher\" content=\"https:\/\/it-it.facebook.com\/pages\/category\/Company\/Comagricola-Green-Europe-srl-1189465271123595\/\" \/>\n<meta property=\"article:modified_time\" content=\"2021-09-22T12:25:36+00:00\" \/>\n<meta name=\"twitter:card\" content=\"summary_large_image\" \/>\n<meta name=\"twitter:label1\" content=\"Gesch\u00e4tzte Lesezeit\" \/>\n\t<meta name=\"twitter:data1\" content=\"1\u00a0Minute\" \/>\n<script type=\"application\/ld+json\" class=\"yoast-schema-graph\">{\"@context\":\"https:\/\/schema.org\",\"@graph\":[{\"@type\":\"WebPage\",\"@id\":\"https:\/\/www.comagricola.com\/de\/prodotto\/pop-up\/\",\"url\":\"https:\/\/www.comagricola.com\/de\/prodotto\/pop-up\/\",\"name\":\"POP-UP - Comagricola Green Europe\",\"isPartOf\":{\"@id\":\"https:\/\/www.comagricola.com\/de\/#website\"},\"primaryImageOfPage\":{\"@id\":\"https:\/\/www.comagricola.com\/de\/prodotto\/pop-up\/#primaryimage\"},\"image\":{\"@id\":\"https:\/\/www.comagricola.com\/de\/prodotto\/pop-up\/#primaryimage\"},\"thumbnailUrl\":\"https:\/\/www.comagricola.com\/wp-content\/uploads\/2026\/03\/Pop-up.svg\",\"datePublished\":\"2021-02-17T13:44:42+00:00\",\"dateModified\":\"2021-09-22T12:25:36+00:00\",\"breadcrumb\":{\"@id\":\"https:\/\/www.comagricola.com\/de\/prodotto\/pop-up\/#breadcrumb\"},\"inLanguage\":\"de\",\"potentialAction\":[{\"@type\":\"ReadAction\",\"target\":[\"https:\/\/www.comagricola.com\/de\/prodotto\/pop-up\/\"]}]},{\"@type\":\"ImageObject\",\"inLanguage\":\"de\",\"@id\":\"https:\/\/www.comagricola.com\/de\/prodotto\/pop-up\/#primaryimage\",\"url\":\"https:\/\/www.comagricola.com\/wp-content\/uploads\/2026\/03\/Pop-up.svg\",\"contentUrl\":\"https:\/\/www.comagricola.com\/wp-content\/uploads\/2026\/03\/Pop-up.svg\"},{\"@type\":\"BreadcrumbList\",\"@id\":\"https:\/\/www.comagricola.com\/de\/prodotto\/pop-up\/#breadcrumb\",\"itemListElement\":[{\"@type\":\"ListItem\",\"position\":1,\"name\":\"Home\",\"item\":\"https:\/\/www.comagricola.com\/de\/\"},{\"@type\":\"ListItem\",\"position\":2,\"name\":\"Shop\",\"item\":\"https:\/\/www.comagricola.com\/de\/shop\/\"},{\"@type\":\"ListItem\",\"position\":3,\"name\":\"POP-UP\"}]},{\"@type\":\"WebSite\",\"@id\":\"https:\/\/www.comagricola.com\/de\/#website\",\"url\":\"https:\/\/www.comagricola.com\/de\/\",\"name\":\"Green Europe Comagricola\",\"description\":\"Semi e Fertilizzanti\",\"publisher\":{\"@id\":\"https:\/\/www.comagricola.com\/de\/#organization\"},\"potentialAction\":[{\"@type\":\"SearchAction\",\"target\":{\"@type\":\"EntryPoint\",\"urlTemplate\":\"https:\/\/www.comagricola.com\/de\/?s={search_term_string}\"},\"query-input\":{\"@type\":\"PropertyValueSpecification\",\"valueRequired\":true,\"valueName\":\"search_term_string\"}}],\"inLanguage\":\"de\"},{\"@type\":\"Organization\",\"@id\":\"https:\/\/www.comagricola.com\/de\/#organization\",\"name\":\"COMAGRICOLA GREEN EUROPE SRL\",\"url\":\"https:\/\/www.comagricola.com\/de\/\",\"logo\":{\"@type\":\"ImageObject\",\"inLanguage\":\"de\",\"@id\":\"https:\/\/www.comagricola.com\/de\/#\/schema\/logo\/image\/\",\"url\":\"https:\/\/www.comagricola.com\/wp-content\/uploads\/2020\/12\/logo-comagricola.svg\",\"contentUrl\":\"https:\/\/www.comagricola.com\/wp-content\/uploads\/2020\/12\/logo-comagricola.svg\",\"width\":\"1024\",\"height\":\"1024\",\"caption\":\"COMAGRICOLA GREEN EUROPE SRL\"},\"image\":{\"@id\":\"https:\/\/www.comagricola.com\/de\/#\/schema\/logo\/image\/\"},\"sameAs\":[\"https:\/\/it-it.facebook.com\/pages\/category\/Company\/Comagricola-Green-Europe-srl-1189465271123595\/\"]}]}<\/script>\n<!-- \/ Yoast SEO plugin. -->","yoast_head_json":{"title":"POP-UP - Comagricola Green Europe","robots":{"index":"index","follow":"follow","max-snippet":"max-snippet:-1","max-image-preview":"max-image-preview:large","max-video-preview":"max-video-preview:-1"},"canonical":"https:\/\/www.comagricola.com\/de\/prodotto\/pop-up\/","og_locale":"de_DE","og_type":"article","og_title":"POP-UP - Comagricola Green Europe","og_description":"Root-booster   Anregung des Wurzelwachstums  Kalibrierter Stickstoff f\u00fcr richtiges Wachstum nach der Keimung  Geeignet f\u00fcr alle Aussaaten","og_url":"https:\/\/www.comagricola.com\/de\/prodotto\/pop-up\/","og_site_name":"Comagricola Green Europe","article_publisher":"https:\/\/it-it.facebook.com\/pages\/category\/Company\/Comagricola-Green-Europe-srl-1189465271123595\/","article_modified_time":"2021-09-22T12:25:36+00:00","twitter_card":"summary_large_image","twitter_misc":{"Gesch\u00e4tzte Lesezeit":"1\u00a0Minute"},"schema":{"@context":"https:\/\/schema.org","@graph":[{"@type":"WebPage","@id":"https:\/\/www.comagricola.com\/de\/prodotto\/pop-up\/","url":"https:\/\/www.comagricola.com\/de\/prodotto\/pop-up\/","name":"POP-UP - Comagricola Green Europe","isPartOf":{"@id":"https:\/\/www.comagricola.com\/de\/#website"},"primaryImageOfPage":{"@id":"https:\/\/www.comagricola.com\/de\/prodotto\/pop-up\/#primaryimage"},"image":{"@id":"https:\/\/www.comagricola.com\/de\/prodotto\/pop-up\/#primaryimage"},"thumbnailUrl":"https:\/\/www.comagricola.com\/wp-content\/uploads\/2026\/03\/Pop-up.svg","datePublished":"2021-02-17T13:44:42+00:00","dateModified":"2021-09-22T12:25:36+00:00","breadcrumb":{"@id":"https:\/\/www.comagricola.com\/de\/prodotto\/pop-up\/#breadcrumb"},"inLanguage":"de","potentialAction":[{"@type":"ReadAction","target":["https:\/\/www.comagricola.com\/de\/prodotto\/pop-up\/"]}]},{"@type":"ImageObject","inLanguage":"de","@id":"https:\/\/www.comagricola.com\/de\/prodotto\/pop-up\/#primaryimage","url":"https:\/\/www.comagricola.com\/wp-content\/uploads\/2026\/03\/Pop-up.svg","contentUrl":"https:\/\/www.comagricola.com\/wp-content\/uploads\/2026\/03\/Pop-up.svg"},{"@type":"BreadcrumbList","@id":"https:\/\/www.comagricola.com\/de\/prodotto\/pop-up\/#breadcrumb","itemListElement":[{"@type":"ListItem","position":1,"name":"Home","item":"https:\/\/www.comagricola.com\/de\/"},{"@type":"ListItem","position":2,"name":"Shop","item":"https:\/\/www.comagricola.com\/de\/shop\/"},{"@type":"ListItem","position":3,"name":"POP-UP"}]},{"@type":"WebSite","@id":"https:\/\/www.comagricola.com\/de\/#website","url":"https:\/\/www.comagricola.com\/de\/","name":"Green Europe Comagricola","description":"Semi e Fertilizzanti","publisher":{"@id":"https:\/\/www.comagricola.com\/de\/#organization"},"potentialAction":[{"@type":"SearchAction","target":{"@type":"EntryPoint","urlTemplate":"https:\/\/www.comagricola.com\/de\/?s={search_term_string}"},"query-input":{"@type":"PropertyValueSpecification","valueRequired":true,"valueName":"search_term_string"}}],"inLanguage":"de"},{"@type":"Organization","@id":"https:\/\/www.comagricola.com\/de\/#organization","name":"COMAGRICOLA GREEN EUROPE SRL","url":"https:\/\/www.comagricola.com\/de\/","logo":{"@type":"ImageObject","inLanguage":"de","@id":"https:\/\/www.comagricola.com\/de\/#\/schema\/logo\/image\/","url":"https:\/\/www.comagricola.com\/wp-content\/uploads\/2020\/12\/logo-comagricola.svg","contentUrl":"https:\/\/www.comagricola.com\/wp-content\/uploads\/2020\/12\/logo-comagricola.svg","width":"1024","height":"1024","caption":"COMAGRICOLA GREEN EUROPE SRL"},"image":{"@id":"https:\/\/www.comagricola.com\/de\/#\/schema\/logo\/image\/"},"sameAs":["https:\/\/it-it.facebook.com\/pages\/category\/Company\/Comagricola-Green-Europe-srl-1189465271123595\/"]}]}},"_links":{"self":[{"href":"https:\/\/www.comagricola.com\/de\/wp-json\/wp\/v2\/product\/12406","targetHints":{"allow":["GET"]}}],"collection":[{"href":"https:\/\/www.comagricola.com\/de\/wp-json\/wp\/v2\/product"}],"about":[{"href":"https:\/\/www.comagricola.com\/de\/wp-json\/wp\/v2\/types\/product"}],"wp:featuredmedia":[{"embeddable":true,"href":"https:\/\/www.comagricola.com\/de\/wp-json\/wp\/v2\/media\/17639"}],"wp:attachment":[{"href":"https:\/\/www.comagricola.com\/de\/wp-json\/wp\/v2\/media?parent=12406"}],"wp:term":[{"taxonomy":"product_brand","embeddable":true,"href":"https:\/\/www.comagricola.com\/de\/wp-json\/wp\/v2\/product_brand?post=12406"},{"taxonomy":"product_cat","embeddable":true,"href":"https:\/\/www.comagricola.com\/de\/wp-json\/wp\/v2\/product_cat?post=12406"},{"taxonomy":"product_tag","embeddable":true,"href":"https:\/\/www.comagricola.com\/de\/wp-json\/wp\/v2\/product_tag?post=12406"}],"curies":[{"name":"wp","href":"https:\/\/api.w.org\/{rel}","templated":true}]}}