{"id":12408,"date":"2020-12-29T16:12:18","date_gmt":"2020-12-29T15:12:18","guid":{"rendered":"https:\/\/www.comagricola.com\/prodotto\/micro-thermo-6-0-12-5mg\/"},"modified":"2021-09-22T15:49:34","modified_gmt":"2021-09-22T13:49:34","slug":"micro-thermo-6-0-12-5mg","status":"publish","type":"product","link":"https:\/\/www.comagricola.com\/de\/prodotto\/micro-thermo-6-0-12-5mg\/","title":{"rendered":"MICRO-THERMO 6-0-12 +5Mg"},"content":{"rendered":"<p>MICRO THERM0 6-0-12 + 5Mg besteht aus zwei im Greenkeeping weithin bekannten Einzelkomponenten (Sazolene SGN 120 und Polysulfat in gleichgro\u00dfer K\u00f6rnung) und ist gleichzeitig ein vielseitiger und zielgerichteter D\u00fcnger. Die unverkennbaren Eigenschaften der spezifischen Stickstofffraktion garantieren eine kontrollierte Freisetzung, die ein gleichm\u00e4\u00dfiges, robustes Wachstum ohne nachteilige Vegetationsspitzen erm\u00f6glicht (wodurch s\u00e4mtliche unerw\u00fcnschte Auswirkungen in der Erhaltung, wie reichliches Schneiden oder Befall durch Pathogene vermieden werden). Der Mikrodurchmesser der Partikel, aus denen sich der D\u00fcnger zusammensetzt, ist f\u00fcr die N\u00e4hrstoffzufuhr beim Einsatz auf besonders hochwertigen Sport- oder Freizeitgr\u00fcnfl\u00e4chen (krautige Rhizom- oder Stolonifera- Arten) w\u00fcnschenswert, aber auch in weniger ,wichtigen&#8221; Bereichen.<\/p>\n<p>MICRO THERMO 6-0-12 +5Mg zeigt sein Gleichgewicht, was die urspr\u00fcngliche Bezeichnung \u201evielseitig&#8221; best\u00e4tigt: die Abwesenheit von Phosphor gem\u00e4\u00df der \u201eUnkrautfrei&#8221;-Philosophie von Turf-on und die 12 % Kaliumoxid, die f\u00fcr eine beneidenswerte metabolische Stabilit\u00e4t ideal sind, werden in der Tat durch 5% Magnesiumoxid verst\u00e4rkt, einem f\u00fcr die Synthese, die Bef\u00f6rderung und die Einlagerung von Kohlenhydraten, Proteinen und Fetten grundlegenden Kation. Um die Kalium- und Magnesiumzufuhr auszugleichen, sind 15 % Kalziumoxid enthalten, damit das D\u00fcngemittel bei richtiger Dosierung und zeitlicher Abstimmung den Gro\u00dfteil der N\u00e4hrstoffbed\u00fcrfnisse jeder Grasfl\u00e4che erf\u00fcllen kann.<\/p>\n<table class=\" aligncenter\" style=\"height: auto; width: 100%; border-collapse: collapse;\">\n<thead>\n<tr style=\"height: 23px;\">\n<th style=\"text-align: center; vertical-align: middle; height: 23px; width: 17.2843%;\" scope=\"row\">AUSSAATMENGE<\/th>\n<th style=\"text-align: center; vertical-align: middle; height: 23px; width: 14.8882%;\" scope=\"row\">DAUER<\/th>\n<th style=\"text-align: center; vertical-align: middle; height: 23px; width: 27.8275%;\" scope=\"row\">ZEITRAUM<\/th>\n<\/tr>\n<\/thead>\n<tbody>\n<tr style=\"height: 23px;\">\n<td style=\"text-align: center; height: 23px; width: 17.2843%;\"><\/td>\n<td style=\"text-align: center; height: 69px; width: 14.8882%;\"><\/td>\n<td style=\"text-align: center; height: 69px; width: 27.8275%;\">Von Februar bis November<\/td>\n<\/tr>\n<\/tbody>\n<\/table>\n","protected":false},"excerpt":{"rendered":"<h4>Wunderbarer Mini<\/h4>\n<ul>\n<li>Sehr feine Korngr\u00f6\u00dfe<\/li>\n<li>Stickstoff mit kontrollierter Freisetzung<\/li>\n<li>Ideal f\u00fcr Makrotherme und Agrostis<\/li>\n<\/ul>\n","protected":false},"featured_media":13825,"template":"","meta":{"inline_featured_image":false},"product_brand":[],"product_cat":[145],"product_tag":[],"class_list":{"0":"post-12408","1":"product","2":"type-product","3":"status-publish","4":"has-post-thumbnail","6":"product_cat-dungemittel","8":"first","9":"instock","10":"taxable","11":"shipping-taxable","12":"product-type-simple"},"yoast_head":"<!-- This site is optimized with the Yoast SEO plugin v25.3.1 - https:\/\/yoast.com\/wordpress\/plugins\/seo\/ -->\n<title>MICRO-THERMO 6-0-12 +5Mg - Comagricola Green Europe<\/title>\n<meta name=\"robots\" content=\"index, follow, max-snippet:-1, max-image-preview:large, max-video-preview:-1\" \/>\n<link rel=\"canonical\" href=\"https:\/\/www.comagricola.com\/de\/prodotto\/micro-thermo-6-0-12-5mg\/\" \/>\n<meta property=\"og:locale\" content=\"de_DE\" \/>\n<meta property=\"og:type\" content=\"article\" \/>\n<meta property=\"og:title\" content=\"MICRO-THERMO 6-0-12 +5Mg - Comagricola Green Europe\" \/>\n<meta property=\"og:description\" content=\"Wunderbarer Mini   Sehr feine Korngr\u00f6\u00dfe  Stickstoff mit kontrollierter Freisetzung  Ideal f\u00fcr Makrotherme und Agrostis\" \/>\n<meta property=\"og:url\" content=\"https:\/\/www.comagricola.com\/de\/prodotto\/micro-thermo-6-0-12-5mg\/\" \/>\n<meta property=\"og:site_name\" content=\"Comagricola Green Europe\" \/>\n<meta property=\"article:publisher\" content=\"https:\/\/it-it.facebook.com\/pages\/category\/Company\/Comagricola-Green-Europe-srl-1189465271123595\/\" \/>\n<meta property=\"article:modified_time\" content=\"2021-09-22T13:49:34+00:00\" \/>\n<meta name=\"twitter:card\" content=\"summary_large_image\" \/>\n<meta name=\"twitter:label1\" content=\"Gesch\u00e4tzte Lesezeit\" \/>\n\t<meta name=\"twitter:data1\" content=\"1\u00a0Minute\" \/>\n<script type=\"application\/ld+json\" class=\"yoast-schema-graph\">{\"@context\":\"https:\/\/schema.org\",\"@graph\":[{\"@type\":\"WebPage\",\"@id\":\"https:\/\/www.comagricola.com\/de\/prodotto\/micro-thermo-6-0-12-5mg\/\",\"url\":\"https:\/\/www.comagricola.com\/de\/prodotto\/micro-thermo-6-0-12-5mg\/\",\"name\":\"MICRO-THERMO 6-0-12 +5Mg - Comagricola Green Europe\",\"isPartOf\":{\"@id\":\"https:\/\/www.comagricola.com\/de\/#website\"},\"primaryImageOfPage\":{\"@id\":\"https:\/\/www.comagricola.com\/de\/prodotto\/micro-thermo-6-0-12-5mg\/#primaryimage\"},\"image\":{\"@id\":\"https:\/\/www.comagricola.com\/de\/prodotto\/micro-thermo-6-0-12-5mg\/#primaryimage\"},\"thumbnailUrl\":\"https:\/\/www.comagricola.com\/wp-content\/uploads\/2020\/12\/MINI-THERMO.png\",\"datePublished\":\"2020-12-29T15:12:18+00:00\",\"dateModified\":\"2021-09-22T13:49:34+00:00\",\"breadcrumb\":{\"@id\":\"https:\/\/www.comagricola.com\/de\/prodotto\/micro-thermo-6-0-12-5mg\/#breadcrumb\"},\"inLanguage\":\"de\",\"potentialAction\":[{\"@type\":\"ReadAction\",\"target\":[\"https:\/\/www.comagricola.com\/de\/prodotto\/micro-thermo-6-0-12-5mg\/\"]}]},{\"@type\":\"ImageObject\",\"inLanguage\":\"de\",\"@id\":\"https:\/\/www.comagricola.com\/de\/prodotto\/micro-thermo-6-0-12-5mg\/#primaryimage\",\"url\":\"https:\/\/www.comagricola.com\/wp-content\/uploads\/2020\/12\/MINI-THERMO.png\",\"contentUrl\":\"https:\/\/www.comagricola.com\/wp-content\/uploads\/2020\/12\/MINI-THERMO.png\",\"width\":1134,\"height\":1094},{\"@type\":\"BreadcrumbList\",\"@id\":\"https:\/\/www.comagricola.com\/de\/prodotto\/micro-thermo-6-0-12-5mg\/#breadcrumb\",\"itemListElement\":[{\"@type\":\"ListItem\",\"position\":1,\"name\":\"Home\",\"item\":\"https:\/\/www.comagricola.com\/de\/\"},{\"@type\":\"ListItem\",\"position\":2,\"name\":\"Shop\",\"item\":\"https:\/\/www.comagricola.com\/de\/shop\/\"},{\"@type\":\"ListItem\",\"position\":3,\"name\":\"MICRO-THERMO 6-0-12 +5Mg\"}]},{\"@type\":\"WebSite\",\"@id\":\"https:\/\/www.comagricola.com\/de\/#website\",\"url\":\"https:\/\/www.comagricola.com\/de\/\",\"name\":\"Green Europe Comagricola\",\"description\":\"Semi e Fertilizzanti\",\"publisher\":{\"@id\":\"https:\/\/www.comagricola.com\/de\/#organization\"},\"potentialAction\":[{\"@type\":\"SearchAction\",\"target\":{\"@type\":\"EntryPoint\",\"urlTemplate\":\"https:\/\/www.comagricola.com\/de\/?s={search_term_string}\"},\"query-input\":{\"@type\":\"PropertyValueSpecification\",\"valueRequired\":true,\"valueName\":\"search_term_string\"}}],\"inLanguage\":\"de\"},{\"@type\":\"Organization\",\"@id\":\"https:\/\/www.comagricola.com\/de\/#organization\",\"name\":\"COMAGRICOLA GREEN EUROPE SRL\",\"url\":\"https:\/\/www.comagricola.com\/de\/\",\"logo\":{\"@type\":\"ImageObject\",\"inLanguage\":\"de\",\"@id\":\"https:\/\/www.comagricola.com\/de\/#\/schema\/logo\/image\/\",\"url\":\"https:\/\/www.comagricola.com\/wp-content\/uploads\/2020\/12\/logo-comagricola.svg\",\"contentUrl\":\"https:\/\/www.comagricola.com\/wp-content\/uploads\/2020\/12\/logo-comagricola.svg\",\"width\":\"1024\",\"height\":\"1024\",\"caption\":\"COMAGRICOLA GREEN EUROPE SRL\"},\"image\":{\"@id\":\"https:\/\/www.comagricola.com\/de\/#\/schema\/logo\/image\/\"},\"sameAs\":[\"https:\/\/it-it.facebook.com\/pages\/category\/Company\/Comagricola-Green-Europe-srl-1189465271123595\/\"]}]}<\/script>\n<!-- \/ Yoast SEO plugin. -->","yoast_head_json":{"title":"MICRO-THERMO 6-0-12 +5Mg - Comagricola Green Europe","robots":{"index":"index","follow":"follow","max-snippet":"max-snippet:-1","max-image-preview":"max-image-preview:large","max-video-preview":"max-video-preview:-1"},"canonical":"https:\/\/www.comagricola.com\/de\/prodotto\/micro-thermo-6-0-12-5mg\/","og_locale":"de_DE","og_type":"article","og_title":"MICRO-THERMO 6-0-12 +5Mg - Comagricola Green Europe","og_description":"Wunderbarer Mini   Sehr feine Korngr\u00f6\u00dfe  Stickstoff mit kontrollierter Freisetzung  Ideal f\u00fcr Makrotherme und Agrostis","og_url":"https:\/\/www.comagricola.com\/de\/prodotto\/micro-thermo-6-0-12-5mg\/","og_site_name":"Comagricola Green Europe","article_publisher":"https:\/\/it-it.facebook.com\/pages\/category\/Company\/Comagricola-Green-Europe-srl-1189465271123595\/","article_modified_time":"2021-09-22T13:49:34+00:00","twitter_card":"summary_large_image","twitter_misc":{"Gesch\u00e4tzte Lesezeit":"1\u00a0Minute"},"schema":{"@context":"https:\/\/schema.org","@graph":[{"@type":"WebPage","@id":"https:\/\/www.comagricola.com\/de\/prodotto\/micro-thermo-6-0-12-5mg\/","url":"https:\/\/www.comagricola.com\/de\/prodotto\/micro-thermo-6-0-12-5mg\/","name":"MICRO-THERMO 6-0-12 +5Mg - Comagricola Green Europe","isPartOf":{"@id":"https:\/\/www.comagricola.com\/de\/#website"},"primaryImageOfPage":{"@id":"https:\/\/www.comagricola.com\/de\/prodotto\/micro-thermo-6-0-12-5mg\/#primaryimage"},"image":{"@id":"https:\/\/www.comagricola.com\/de\/prodotto\/micro-thermo-6-0-12-5mg\/#primaryimage"},"thumbnailUrl":"https:\/\/www.comagricola.com\/wp-content\/uploads\/2020\/12\/MINI-THERMO.png","datePublished":"2020-12-29T15:12:18+00:00","dateModified":"2021-09-22T13:49:34+00:00","breadcrumb":{"@id":"https:\/\/www.comagricola.com\/de\/prodotto\/micro-thermo-6-0-12-5mg\/#breadcrumb"},"inLanguage":"de","potentialAction":[{"@type":"ReadAction","target":["https:\/\/www.comagricola.com\/de\/prodotto\/micro-thermo-6-0-12-5mg\/"]}]},{"@type":"ImageObject","inLanguage":"de","@id":"https:\/\/www.comagricola.com\/de\/prodotto\/micro-thermo-6-0-12-5mg\/#primaryimage","url":"https:\/\/www.comagricola.com\/wp-content\/uploads\/2020\/12\/MINI-THERMO.png","contentUrl":"https:\/\/www.comagricola.com\/wp-content\/uploads\/2020\/12\/MINI-THERMO.png","width":1134,"height":1094},{"@type":"BreadcrumbList","@id":"https:\/\/www.comagricola.com\/de\/prodotto\/micro-thermo-6-0-12-5mg\/#breadcrumb","itemListElement":[{"@type":"ListItem","position":1,"name":"Home","item":"https:\/\/www.comagricola.com\/de\/"},{"@type":"ListItem","position":2,"name":"Shop","item":"https:\/\/www.comagricola.com\/de\/shop\/"},{"@type":"ListItem","position":3,"name":"MICRO-THERMO 6-0-12 +5Mg"}]},{"@type":"WebSite","@id":"https:\/\/www.comagricola.com\/de\/#website","url":"https:\/\/www.comagricola.com\/de\/","name":"Green Europe Comagricola","description":"Semi e Fertilizzanti","publisher":{"@id":"https:\/\/www.comagricola.com\/de\/#organization"},"potentialAction":[{"@type":"SearchAction","target":{"@type":"EntryPoint","urlTemplate":"https:\/\/www.comagricola.com\/de\/?s={search_term_string}"},"query-input":{"@type":"PropertyValueSpecification","valueRequired":true,"valueName":"search_term_string"}}],"inLanguage":"de"},{"@type":"Organization","@id":"https:\/\/www.comagricola.com\/de\/#organization","name":"COMAGRICOLA GREEN EUROPE SRL","url":"https:\/\/www.comagricola.com\/de\/","logo":{"@type":"ImageObject","inLanguage":"de","@id":"https:\/\/www.comagricola.com\/de\/#\/schema\/logo\/image\/","url":"https:\/\/www.comagricola.com\/wp-content\/uploads\/2020\/12\/logo-comagricola.svg","contentUrl":"https:\/\/www.comagricola.com\/wp-content\/uploads\/2020\/12\/logo-comagricola.svg","width":"1024","height":"1024","caption":"COMAGRICOLA GREEN EUROPE SRL"},"image":{"@id":"https:\/\/www.comagricola.com\/de\/#\/schema\/logo\/image\/"},"sameAs":["https:\/\/it-it.facebook.com\/pages\/category\/Company\/Comagricola-Green-Europe-srl-1189465271123595\/"]}]}},"_links":{"self":[{"href":"https:\/\/www.comagricola.com\/de\/wp-json\/wp\/v2\/product\/12408","targetHints":{"allow":["GET"]}}],"collection":[{"href":"https:\/\/www.comagricola.com\/de\/wp-json\/wp\/v2\/product"}],"about":[{"href":"https:\/\/www.comagricola.com\/de\/wp-json\/wp\/v2\/types\/product"}],"wp:featuredmedia":[{"embeddable":true,"href":"https:\/\/www.comagricola.com\/de\/wp-json\/wp\/v2\/media\/13825"}],"wp:attachment":[{"href":"https:\/\/www.comagricola.com\/de\/wp-json\/wp\/v2\/media?parent=12408"}],"wp:term":[{"taxonomy":"product_brand","embeddable":true,"href":"https:\/\/www.comagricola.com\/de\/wp-json\/wp\/v2\/product_brand?post=12408"},{"taxonomy":"product_cat","embeddable":true,"href":"https:\/\/www.comagricola.com\/de\/wp-json\/wp\/v2\/product_cat?post=12408"},{"taxonomy":"product_tag","embeddable":true,"href":"https:\/\/www.comagricola.com\/de\/wp-json\/wp\/v2\/product_tag?post=12408"}],"curies":[{"name":"wp","href":"https:\/\/api.w.org\/{rel}","templated":true}]}}