{"id":12416,"date":"2020-12-16T13:13:55","date_gmt":"2020-12-16T12:13:55","guid":{"rendered":"https:\/\/www.comagricola.com\/prodotto\/staudenlandschaft\/"},"modified":"2021-05-31T09:46:54","modified_gmt":"2021-05-31T07:46:54","slug":"staudenlandschaft","status":"publish","type":"product","link":"https:\/\/www.comagricola.com\/de\/prodotto\/staudenlandschaft\/","title":{"rendered":"Staudenlandschaft"},"content":{"rendered":"[vc_row][vc_column width=&#8221;3\/12&#8243;][vc_column_text]\n<h4>Dosierung S\u00e4en<\/h4>\n<p>von 1,5 bis 2,5 gr \/ mq[\/vc_column_text][\/vc_column][vc_column width=&#8221;9\/12&#8243;][vc_column_text]\n<table style=\"width: 60.2575%; border-collapse: collapse; border-style: none;\" border=\"0\" cellspacing=\"0\" cellpadding=\"0\">\n<tbody>\n<tr>\n<td style=\"width: 50%; padding-right: 20px; border-style: none; vertical-align: top;\">\n<h4>ZUSAMMENSETZUNG<\/h4>\n<\/td>\n<td style=\"width: 50%; padding-right: 20px; vertical-align: top; border-style: none;\"><\/td>\n<\/tr>\n<tr>\n<td style=\"vertical-align: top; border-style: none; width: 50%; padding-right: 20px;\">Linum usitatissinum<br \/>\n<strong>Centaurea cyanus<\/strong><br \/>\n<strong>Coreopsis lanceolata<\/strong><br \/>\n<strong>Leucanthemum vulgare<\/strong><\/td>\n<td style=\"vertical-align: top; border-style: none; width: 50%; padding-right: 20px;\"><strong>Linum perenne<\/strong><br \/>\nMalva sylvestris<br \/>\nNigella damascena<br \/>\n<strong>Saponaria vaccaria<\/strong><\/td>\n<\/tr>\n<\/tbody>\n<\/table>\n[\/vc_column_text][\/vc_column][\/vc_row]\n","protected":false},"excerpt":{"rendered":"<h3>\u00c4sthetik<\/h3>\n<p>Eine Mischung aus ein- und mehrj\u00e4hrigen Blumen, die f\u00fcr die Rekultivierung von Brachfl\u00e4chen entwickelt wurde und eine lange Bl\u00fctezeit \u00fcber mehrere Jahre auf ausgedehnten Fl\u00e4chen garantiert.<br \/>\nDas Vorhandensein von einj\u00e4hrigen Essenzen erm\u00f6glicht eine recht sp\u00e4te Aussaat in der Saison, so dass die Bl\u00fcte zu Beginn der folgenden Saison beginnt und eine H\u00f6he von 60-80 cm erreicht.<br \/>\nFr\u00fchjahrs- oder Herbstaussaat.<\/p>\n","protected":false},"featured_media":12417,"template":"","meta":{"inline_featured_image":false},"product_brand":[],"product_cat":[146,147],"product_tag":[],"class_list":{"0":"post-12416","1":"product","2":"type-product","3":"status-publish","4":"has-post-thumbnail","6":"product_cat-blumenwiese","7":"product_cat-landschaft","9":"first","10":"instock","11":"taxable","12":"shipping-taxable","13":"product-type-simple"},"yoast_head":"<!-- This site is optimized with the Yoast SEO plugin v25.3.1 - https:\/\/yoast.com\/wordpress\/plugins\/seo\/ -->\n<title>Staudenlandschaft - Comagricola Green Europe<\/title>\n<meta name=\"robots\" content=\"index, follow, max-snippet:-1, max-image-preview:large, max-video-preview:-1\" \/>\n<link rel=\"canonical\" href=\"https:\/\/www.comagricola.com\/de\/prodotto\/staudenlandschaft\/\" \/>\n<meta property=\"og:locale\" content=\"de_DE\" \/>\n<meta property=\"og:type\" content=\"article\" \/>\n<meta property=\"og:title\" content=\"Staudenlandschaft - Comagricola Green Europe\" \/>\n<meta property=\"og:description\" content=\"\u00c4sthetik Eine Mischung aus ein- und mehrj\u00e4hrigen Blumen, die f\u00fcr die Rekultivierung von Brachfl\u00e4chen entwickelt wurde und eine lange Bl\u00fctezeit \u00fcber mehrere Jahre auf ausgedehnten Fl\u00e4chen garantiert. Das Vorhandensein von einj\u00e4hrigen Essenzen erm\u00f6glicht eine recht sp\u00e4te Aussaat in der Saison, so dass die Bl\u00fcte zu Beginn der folgenden Saison beginnt und eine H\u00f6he von 60-80 cm erreicht. Fr\u00fchjahrs- oder Herbstaussaat.\" \/>\n<meta property=\"og:url\" content=\"https:\/\/www.comagricola.com\/de\/prodotto\/staudenlandschaft\/\" \/>\n<meta property=\"og:site_name\" content=\"Comagricola Green Europe\" \/>\n<meta property=\"article:publisher\" content=\"https:\/\/it-it.facebook.com\/pages\/category\/Company\/Comagricola-Green-Europe-srl-1189465271123595\/\" \/>\n<meta property=\"article:modified_time\" content=\"2021-05-31T07:46:54+00:00\" \/>\n<meta property=\"og:image\" content=\"https:\/\/www.comagricola.com\/wp-content\/uploads\/2020\/12\/Jachere-pluri-annuelle.jpg\" \/>\n\t<meta property=\"og:image:width\" content=\"449\" \/>\n\t<meta property=\"og:image:height\" content=\"283\" \/>\n\t<meta property=\"og:image:type\" content=\"image\/jpeg\" \/>\n<meta name=\"twitter:card\" content=\"summary_large_image\" \/>\n<script type=\"application\/ld+json\" class=\"yoast-schema-graph\">{\"@context\":\"https:\/\/schema.org\",\"@graph\":[{\"@type\":\"WebPage\",\"@id\":\"https:\/\/www.comagricola.com\/de\/prodotto\/staudenlandschaft\/\",\"url\":\"https:\/\/www.comagricola.com\/de\/prodotto\/staudenlandschaft\/\",\"name\":\"Staudenlandschaft - Comagricola Green Europe\",\"isPartOf\":{\"@id\":\"https:\/\/www.comagricola.com\/de\/#website\"},\"primaryImageOfPage\":{\"@id\":\"https:\/\/www.comagricola.com\/de\/prodotto\/staudenlandschaft\/#primaryimage\"},\"image\":{\"@id\":\"https:\/\/www.comagricola.com\/de\/prodotto\/staudenlandschaft\/#primaryimage\"},\"thumbnailUrl\":\"https:\/\/www.comagricola.com\/wp-content\/uploads\/2020\/12\/Jachere-pluri-annuelle.jpg\",\"datePublished\":\"2020-12-16T12:13:55+00:00\",\"dateModified\":\"2021-05-31T07:46:54+00:00\",\"breadcrumb\":{\"@id\":\"https:\/\/www.comagricola.com\/de\/prodotto\/staudenlandschaft\/#breadcrumb\"},\"inLanguage\":\"de\",\"potentialAction\":[{\"@type\":\"ReadAction\",\"target\":[\"https:\/\/www.comagricola.com\/de\/prodotto\/staudenlandschaft\/\"]}]},{\"@type\":\"ImageObject\",\"inLanguage\":\"de\",\"@id\":\"https:\/\/www.comagricola.com\/de\/prodotto\/staudenlandschaft\/#primaryimage\",\"url\":\"https:\/\/www.comagricola.com\/wp-content\/uploads\/2020\/12\/Jachere-pluri-annuelle.jpg\",\"contentUrl\":\"https:\/\/www.comagricola.com\/wp-content\/uploads\/2020\/12\/Jachere-pluri-annuelle.jpg\",\"width\":449,\"height\":283},{\"@type\":\"BreadcrumbList\",\"@id\":\"https:\/\/www.comagricola.com\/de\/prodotto\/staudenlandschaft\/#breadcrumb\",\"itemListElement\":[{\"@type\":\"ListItem\",\"position\":1,\"name\":\"Home\",\"item\":\"https:\/\/www.comagricola.com\/de\/\"},{\"@type\":\"ListItem\",\"position\":2,\"name\":\"Shop\",\"item\":\"https:\/\/www.comagricola.com\/de\/shop\/\"},{\"@type\":\"ListItem\",\"position\":3,\"name\":\"Staudenlandschaft\"}]},{\"@type\":\"WebSite\",\"@id\":\"https:\/\/www.comagricola.com\/de\/#website\",\"url\":\"https:\/\/www.comagricola.com\/de\/\",\"name\":\"Green Europe Comagricola\",\"description\":\"Semi e Fertilizzanti\",\"publisher\":{\"@id\":\"https:\/\/www.comagricola.com\/de\/#organization\"},\"potentialAction\":[{\"@type\":\"SearchAction\",\"target\":{\"@type\":\"EntryPoint\",\"urlTemplate\":\"https:\/\/www.comagricola.com\/de\/?s={search_term_string}\"},\"query-input\":{\"@type\":\"PropertyValueSpecification\",\"valueRequired\":true,\"valueName\":\"search_term_string\"}}],\"inLanguage\":\"de\"},{\"@type\":\"Organization\",\"@id\":\"https:\/\/www.comagricola.com\/de\/#organization\",\"name\":\"COMAGRICOLA GREEN EUROPE SRL\",\"url\":\"https:\/\/www.comagricola.com\/de\/\",\"logo\":{\"@type\":\"ImageObject\",\"inLanguage\":\"de\",\"@id\":\"https:\/\/www.comagricola.com\/de\/#\/schema\/logo\/image\/\",\"url\":\"https:\/\/www.comagricola.com\/wp-content\/uploads\/2020\/12\/logo-comagricola.svg\",\"contentUrl\":\"https:\/\/www.comagricola.com\/wp-content\/uploads\/2020\/12\/logo-comagricola.svg\",\"width\":\"1024\",\"height\":\"1024\",\"caption\":\"COMAGRICOLA GREEN EUROPE SRL\"},\"image\":{\"@id\":\"https:\/\/www.comagricola.com\/de\/#\/schema\/logo\/image\/\"},\"sameAs\":[\"https:\/\/it-it.facebook.com\/pages\/category\/Company\/Comagricola-Green-Europe-srl-1189465271123595\/\"]}]}<\/script>\n<!-- \/ Yoast SEO plugin. -->","yoast_head_json":{"title":"Staudenlandschaft - Comagricola Green Europe","robots":{"index":"index","follow":"follow","max-snippet":"max-snippet:-1","max-image-preview":"max-image-preview:large","max-video-preview":"max-video-preview:-1"},"canonical":"https:\/\/www.comagricola.com\/de\/prodotto\/staudenlandschaft\/","og_locale":"de_DE","og_type":"article","og_title":"Staudenlandschaft - Comagricola Green Europe","og_description":"\u00c4sthetik Eine Mischung aus ein- und mehrj\u00e4hrigen Blumen, die f\u00fcr die Rekultivierung von Brachfl\u00e4chen entwickelt wurde und eine lange Bl\u00fctezeit \u00fcber mehrere Jahre auf ausgedehnten Fl\u00e4chen garantiert. Das Vorhandensein von einj\u00e4hrigen Essenzen erm\u00f6glicht eine recht sp\u00e4te Aussaat in der Saison, so dass die Bl\u00fcte zu Beginn der folgenden Saison beginnt und eine H\u00f6he von 60-80 cm erreicht. Fr\u00fchjahrs- oder Herbstaussaat.","og_url":"https:\/\/www.comagricola.com\/de\/prodotto\/staudenlandschaft\/","og_site_name":"Comagricola Green Europe","article_publisher":"https:\/\/it-it.facebook.com\/pages\/category\/Company\/Comagricola-Green-Europe-srl-1189465271123595\/","article_modified_time":"2021-05-31T07:46:54+00:00","og_image":[{"width":449,"height":283,"url":"https:\/\/www.comagricola.com\/wp-content\/uploads\/2020\/12\/Jachere-pluri-annuelle.jpg","type":"image\/jpeg"}],"twitter_card":"summary_large_image","schema":{"@context":"https:\/\/schema.org","@graph":[{"@type":"WebPage","@id":"https:\/\/www.comagricola.com\/de\/prodotto\/staudenlandschaft\/","url":"https:\/\/www.comagricola.com\/de\/prodotto\/staudenlandschaft\/","name":"Staudenlandschaft - Comagricola Green Europe","isPartOf":{"@id":"https:\/\/www.comagricola.com\/de\/#website"},"primaryImageOfPage":{"@id":"https:\/\/www.comagricola.com\/de\/prodotto\/staudenlandschaft\/#primaryimage"},"image":{"@id":"https:\/\/www.comagricola.com\/de\/prodotto\/staudenlandschaft\/#primaryimage"},"thumbnailUrl":"https:\/\/www.comagricola.com\/wp-content\/uploads\/2020\/12\/Jachere-pluri-annuelle.jpg","datePublished":"2020-12-16T12:13:55+00:00","dateModified":"2021-05-31T07:46:54+00:00","breadcrumb":{"@id":"https:\/\/www.comagricola.com\/de\/prodotto\/staudenlandschaft\/#breadcrumb"},"inLanguage":"de","potentialAction":[{"@type":"ReadAction","target":["https:\/\/www.comagricola.com\/de\/prodotto\/staudenlandschaft\/"]}]},{"@type":"ImageObject","inLanguage":"de","@id":"https:\/\/www.comagricola.com\/de\/prodotto\/staudenlandschaft\/#primaryimage","url":"https:\/\/www.comagricola.com\/wp-content\/uploads\/2020\/12\/Jachere-pluri-annuelle.jpg","contentUrl":"https:\/\/www.comagricola.com\/wp-content\/uploads\/2020\/12\/Jachere-pluri-annuelle.jpg","width":449,"height":283},{"@type":"BreadcrumbList","@id":"https:\/\/www.comagricola.com\/de\/prodotto\/staudenlandschaft\/#breadcrumb","itemListElement":[{"@type":"ListItem","position":1,"name":"Home","item":"https:\/\/www.comagricola.com\/de\/"},{"@type":"ListItem","position":2,"name":"Shop","item":"https:\/\/www.comagricola.com\/de\/shop\/"},{"@type":"ListItem","position":3,"name":"Staudenlandschaft"}]},{"@type":"WebSite","@id":"https:\/\/www.comagricola.com\/de\/#website","url":"https:\/\/www.comagricola.com\/de\/","name":"Green Europe Comagricola","description":"Semi e Fertilizzanti","publisher":{"@id":"https:\/\/www.comagricola.com\/de\/#organization"},"potentialAction":[{"@type":"SearchAction","target":{"@type":"EntryPoint","urlTemplate":"https:\/\/www.comagricola.com\/de\/?s={search_term_string}"},"query-input":{"@type":"PropertyValueSpecification","valueRequired":true,"valueName":"search_term_string"}}],"inLanguage":"de"},{"@type":"Organization","@id":"https:\/\/www.comagricola.com\/de\/#organization","name":"COMAGRICOLA GREEN EUROPE SRL","url":"https:\/\/www.comagricola.com\/de\/","logo":{"@type":"ImageObject","inLanguage":"de","@id":"https:\/\/www.comagricola.com\/de\/#\/schema\/logo\/image\/","url":"https:\/\/www.comagricola.com\/wp-content\/uploads\/2020\/12\/logo-comagricola.svg","contentUrl":"https:\/\/www.comagricola.com\/wp-content\/uploads\/2020\/12\/logo-comagricola.svg","width":"1024","height":"1024","caption":"COMAGRICOLA GREEN EUROPE SRL"},"image":{"@id":"https:\/\/www.comagricola.com\/de\/#\/schema\/logo\/image\/"},"sameAs":["https:\/\/it-it.facebook.com\/pages\/category\/Company\/Comagricola-Green-Europe-srl-1189465271123595\/"]}]}},"_links":{"self":[{"href":"https:\/\/www.comagricola.com\/de\/wp-json\/wp\/v2\/product\/12416","targetHints":{"allow":["GET"]}}],"collection":[{"href":"https:\/\/www.comagricola.com\/de\/wp-json\/wp\/v2\/product"}],"about":[{"href":"https:\/\/www.comagricola.com\/de\/wp-json\/wp\/v2\/types\/product"}],"wp:featuredmedia":[{"embeddable":true,"href":"https:\/\/www.comagricola.com\/de\/wp-json\/wp\/v2\/media\/12417"}],"wp:attachment":[{"href":"https:\/\/www.comagricola.com\/de\/wp-json\/wp\/v2\/media?parent=12416"}],"wp:term":[{"taxonomy":"product_brand","embeddable":true,"href":"https:\/\/www.comagricola.com\/de\/wp-json\/wp\/v2\/product_brand?post=12416"},{"taxonomy":"product_cat","embeddable":true,"href":"https:\/\/www.comagricola.com\/de\/wp-json\/wp\/v2\/product_cat?post=12416"},{"taxonomy":"product_tag","embeddable":true,"href":"https:\/\/www.comagricola.com\/de\/wp-json\/wp\/v2\/product_tag?post=12416"}],"curies":[{"name":"wp","href":"https:\/\/api.w.org\/{rel}","templated":true}]}}