{"id":12436,"date":"2020-12-16T13:59:32","date_gmt":"2020-12-16T12:59:32","guid":{"rendered":"https:\/\/www.comagricola.com\/prodotto\/bluhende-wuste\/"},"modified":"2021-05-31T10:08:22","modified_gmt":"2021-05-31T08:08:22","slug":"bluhende-wuste","status":"publish","type":"product","link":"https:\/\/www.comagricola.com\/de\/prodotto\/bluhende-wuste\/","title":{"rendered":"Bl\u00fchende W\u00fcste"},"content":{"rendered":"[vc_row][vc_column width=&#8221;3\/12&#8243;][vc_column_text]\n<h4>Dosierung S\u00e4en<\/h4>\n<p>von 1,5 bis 3 gr\/qm[\/vc_column_text][\/vc_column][vc_column width=&#8221;9\/12&#8243;][vc_column_text]\n<table style=\"width: 100%; border-collapse: collapse; border-style: none;\" border=\"0\" cellspacing=\"0\" cellpadding=\"0\">\n<tbody>\n<tr>\n<td style=\"width: 151px; padding-right: 20px; border-style: none; vertical-align: top;\">\n<h4>ZUSAMMENSETZUNG<\/h4>\n<\/td>\n<td style=\"width: 166px; padding-right: 20px; vertical-align: top; border-style: none;\"><\/td>\n<td style=\"width: 166px; padding-right: 20px; vertical-align: top; border-style: none;\"><\/td>\n<\/tr>\n<tr>\n<td style=\"border-style: none; width: 33%; padding-right: 20px; vertical-align: top;\">Achillea millefolium<br \/>\nAdonis aestivalis<br \/>\nAlyssum saxatile<br \/>\nAnthyllis vulneraria<br \/>\n<strong>Bellis perenne<\/strong><br \/>\nCalendula officinalis<\/td>\n<td style=\"border-style: none; width: 33%; padding-right: 20px; vertical-align: top;\"><strong>Cerastium <\/strong><strong>tomemntosum<\/strong><br \/>\nCheiranthus cheiri<br \/>\nCheiranthus segetum<br \/>\nNigella sativa<br \/>\nGalium verum<br \/>\n<strong>Gypsophila repens<\/strong><\/td>\n<td style=\"border-style: none; width: 33%; padding-right: 20px; vertical-align: top;\">Heliantemum mutabile<br \/>\nHypericum perforatum<br \/>\n<strong>Leucanthemum <\/strong><strong>vulgare<\/strong><br \/>\n<strong>Linum perenne<\/strong><br \/>\n<strong>Linum grandiflrum<\/strong><br \/>\nMalva moschata<\/td>\n<\/tr>\n<\/tbody>\n<\/table>\n[\/vc_column_text][\/vc_column][\/vc_row]\n","protected":false},"excerpt":{"rendered":"<h3>\u00c4sthetik<\/h3>\n<p>Vereinigung von 18 Arten, die wegen der Sch\u00f6nheit ihrer Bl\u00fcten und ihrer hohen Widerstandsf\u00e4higkeit gegen Trockenheit und hohe Temperaturen ausgew\u00e4hlt wurden.<br \/>\nSie ist ideal f\u00fcr entw\u00e4ssernde B\u00f6den und erreicht eine H\u00f6he von 60-70 cm.<br \/>\nBen\u00f6tigt keine Bew\u00e4sserung.<\/p>\n","protected":false},"featured_media":12440,"template":"","meta":{"inline_featured_image":false},"product_brand":[],"product_cat":[146,149],"product_tag":[],"class_list":{"0":"post-12436","1":"product","2":"type-product","3":"status-publish","4":"has-post-thumbnail","6":"product_cat-blumenwiese","7":"product_cat-speziale","9":"first","10":"instock","11":"taxable","12":"shipping-taxable","13":"product-type-simple"},"yoast_head":"<!-- This site is optimized with the Yoast SEO plugin v25.3.1 - https:\/\/yoast.com\/wordpress\/plugins\/seo\/ -->\n<title>Bl\u00fchende W\u00fcste - Comagricola Green Europe<\/title>\n<meta name=\"robots\" content=\"index, follow, max-snippet:-1, max-image-preview:large, max-video-preview:-1\" \/>\n<link rel=\"canonical\" href=\"https:\/\/www.comagricola.com\/de\/prodotto\/bluhende-wuste\/\" \/>\n<meta property=\"og:locale\" content=\"de_DE\" \/>\n<meta property=\"og:type\" content=\"article\" \/>\n<meta property=\"og:title\" content=\"Bl\u00fchende W\u00fcste - Comagricola Green Europe\" \/>\n<meta property=\"og:description\" content=\"\u00c4sthetik Vereinigung von 18 Arten, die wegen der Sch\u00f6nheit ihrer Bl\u00fcten und ihrer hohen Widerstandsf\u00e4higkeit gegen Trockenheit und hohe Temperaturen ausgew\u00e4hlt wurden. Sie ist ideal f\u00fcr entw\u00e4ssernde B\u00f6den und erreicht eine H\u00f6he von 60-70 cm. Ben\u00f6tigt keine Bew\u00e4sserung.\" \/>\n<meta property=\"og:url\" content=\"https:\/\/www.comagricola.com\/de\/prodotto\/bluhende-wuste\/\" \/>\n<meta property=\"og:site_name\" content=\"Comagricola Green Europe\" \/>\n<meta property=\"article:publisher\" content=\"https:\/\/it-it.facebook.com\/pages\/category\/Company\/Comagricola-Green-Europe-srl-1189465271123595\/\" \/>\n<meta property=\"article:modified_time\" content=\"2021-05-31T08:08:22+00:00\" \/>\n<meta property=\"og:image\" content=\"https:\/\/www.comagricola.com\/wp-content\/uploads\/2020\/12\/deserto-fiorito-e1612341567177.jpg\" \/>\n\t<meta property=\"og:image:width\" content=\"742\" \/>\n\t<meta property=\"og:image:height\" content=\"557\" \/>\n\t<meta property=\"og:image:type\" content=\"image\/jpeg\" \/>\n<meta name=\"twitter:card\" content=\"summary_large_image\" \/>\n<script type=\"application\/ld+json\" class=\"yoast-schema-graph\">{\"@context\":\"https:\/\/schema.org\",\"@graph\":[{\"@type\":\"WebPage\",\"@id\":\"https:\/\/www.comagricola.com\/de\/prodotto\/bluhende-wuste\/\",\"url\":\"https:\/\/www.comagricola.com\/de\/prodotto\/bluhende-wuste\/\",\"name\":\"Bl\u00fchende W\u00fcste - Comagricola Green Europe\",\"isPartOf\":{\"@id\":\"https:\/\/www.comagricola.com\/de\/#website\"},\"primaryImageOfPage\":{\"@id\":\"https:\/\/www.comagricola.com\/de\/prodotto\/bluhende-wuste\/#primaryimage\"},\"image\":{\"@id\":\"https:\/\/www.comagricola.com\/de\/prodotto\/bluhende-wuste\/#primaryimage\"},\"thumbnailUrl\":\"https:\/\/www.comagricola.com\/wp-content\/uploads\/2020\/12\/deserto-fiorito-e1612341567177.jpg\",\"datePublished\":\"2020-12-16T12:59:32+00:00\",\"dateModified\":\"2021-05-31T08:08:22+00:00\",\"breadcrumb\":{\"@id\":\"https:\/\/www.comagricola.com\/de\/prodotto\/bluhende-wuste\/#breadcrumb\"},\"inLanguage\":\"de\",\"potentialAction\":[{\"@type\":\"ReadAction\",\"target\":[\"https:\/\/www.comagricola.com\/de\/prodotto\/bluhende-wuste\/\"]}]},{\"@type\":\"ImageObject\",\"inLanguage\":\"de\",\"@id\":\"https:\/\/www.comagricola.com\/de\/prodotto\/bluhende-wuste\/#primaryimage\",\"url\":\"https:\/\/www.comagricola.com\/wp-content\/uploads\/2020\/12\/deserto-fiorito-e1612341567177.jpg\",\"contentUrl\":\"https:\/\/www.comagricola.com\/wp-content\/uploads\/2020\/12\/deserto-fiorito-e1612341567177.jpg\",\"width\":742,\"height\":557},{\"@type\":\"BreadcrumbList\",\"@id\":\"https:\/\/www.comagricola.com\/de\/prodotto\/bluhende-wuste\/#breadcrumb\",\"itemListElement\":[{\"@type\":\"ListItem\",\"position\":1,\"name\":\"Home\",\"item\":\"https:\/\/www.comagricola.com\/de\/\"},{\"@type\":\"ListItem\",\"position\":2,\"name\":\"Shop\",\"item\":\"https:\/\/www.comagricola.com\/de\/shop\/\"},{\"@type\":\"ListItem\",\"position\":3,\"name\":\"Bl\u00fchende W\u00fcste\"}]},{\"@type\":\"WebSite\",\"@id\":\"https:\/\/www.comagricola.com\/de\/#website\",\"url\":\"https:\/\/www.comagricola.com\/de\/\",\"name\":\"Green Europe Comagricola\",\"description\":\"Semi e Fertilizzanti\",\"publisher\":{\"@id\":\"https:\/\/www.comagricola.com\/de\/#organization\"},\"potentialAction\":[{\"@type\":\"SearchAction\",\"target\":{\"@type\":\"EntryPoint\",\"urlTemplate\":\"https:\/\/www.comagricola.com\/de\/?s={search_term_string}\"},\"query-input\":{\"@type\":\"PropertyValueSpecification\",\"valueRequired\":true,\"valueName\":\"search_term_string\"}}],\"inLanguage\":\"de\"},{\"@type\":\"Organization\",\"@id\":\"https:\/\/www.comagricola.com\/de\/#organization\",\"name\":\"COMAGRICOLA GREEN EUROPE SRL\",\"url\":\"https:\/\/www.comagricola.com\/de\/\",\"logo\":{\"@type\":\"ImageObject\",\"inLanguage\":\"de\",\"@id\":\"https:\/\/www.comagricola.com\/de\/#\/schema\/logo\/image\/\",\"url\":\"https:\/\/www.comagricola.com\/wp-content\/uploads\/2020\/12\/logo-comagricola.svg\",\"contentUrl\":\"https:\/\/www.comagricola.com\/wp-content\/uploads\/2020\/12\/logo-comagricola.svg\",\"width\":\"1024\",\"height\":\"1024\",\"caption\":\"COMAGRICOLA GREEN EUROPE SRL\"},\"image\":{\"@id\":\"https:\/\/www.comagricola.com\/de\/#\/schema\/logo\/image\/\"},\"sameAs\":[\"https:\/\/it-it.facebook.com\/pages\/category\/Company\/Comagricola-Green-Europe-srl-1189465271123595\/\"]}]}<\/script>\n<!-- \/ Yoast SEO plugin. -->","yoast_head_json":{"title":"Bl\u00fchende W\u00fcste - Comagricola Green Europe","robots":{"index":"index","follow":"follow","max-snippet":"max-snippet:-1","max-image-preview":"max-image-preview:large","max-video-preview":"max-video-preview:-1"},"canonical":"https:\/\/www.comagricola.com\/de\/prodotto\/bluhende-wuste\/","og_locale":"de_DE","og_type":"article","og_title":"Bl\u00fchende W\u00fcste - Comagricola Green Europe","og_description":"\u00c4sthetik Vereinigung von 18 Arten, die wegen der Sch\u00f6nheit ihrer Bl\u00fcten und ihrer hohen Widerstandsf\u00e4higkeit gegen Trockenheit und hohe Temperaturen ausgew\u00e4hlt wurden. Sie ist ideal f\u00fcr entw\u00e4ssernde B\u00f6den und erreicht eine H\u00f6he von 60-70 cm. Ben\u00f6tigt keine Bew\u00e4sserung.","og_url":"https:\/\/www.comagricola.com\/de\/prodotto\/bluhende-wuste\/","og_site_name":"Comagricola Green Europe","article_publisher":"https:\/\/it-it.facebook.com\/pages\/category\/Company\/Comagricola-Green-Europe-srl-1189465271123595\/","article_modified_time":"2021-05-31T08:08:22+00:00","og_image":[{"width":742,"height":557,"url":"https:\/\/www.comagricola.com\/wp-content\/uploads\/2020\/12\/deserto-fiorito-e1612341567177.jpg","type":"image\/jpeg"}],"twitter_card":"summary_large_image","schema":{"@context":"https:\/\/schema.org","@graph":[{"@type":"WebPage","@id":"https:\/\/www.comagricola.com\/de\/prodotto\/bluhende-wuste\/","url":"https:\/\/www.comagricola.com\/de\/prodotto\/bluhende-wuste\/","name":"Bl\u00fchende W\u00fcste - Comagricola Green Europe","isPartOf":{"@id":"https:\/\/www.comagricola.com\/de\/#website"},"primaryImageOfPage":{"@id":"https:\/\/www.comagricola.com\/de\/prodotto\/bluhende-wuste\/#primaryimage"},"image":{"@id":"https:\/\/www.comagricola.com\/de\/prodotto\/bluhende-wuste\/#primaryimage"},"thumbnailUrl":"https:\/\/www.comagricola.com\/wp-content\/uploads\/2020\/12\/deserto-fiorito-e1612341567177.jpg","datePublished":"2020-12-16T12:59:32+00:00","dateModified":"2021-05-31T08:08:22+00:00","breadcrumb":{"@id":"https:\/\/www.comagricola.com\/de\/prodotto\/bluhende-wuste\/#breadcrumb"},"inLanguage":"de","potentialAction":[{"@type":"ReadAction","target":["https:\/\/www.comagricola.com\/de\/prodotto\/bluhende-wuste\/"]}]},{"@type":"ImageObject","inLanguage":"de","@id":"https:\/\/www.comagricola.com\/de\/prodotto\/bluhende-wuste\/#primaryimage","url":"https:\/\/www.comagricola.com\/wp-content\/uploads\/2020\/12\/deserto-fiorito-e1612341567177.jpg","contentUrl":"https:\/\/www.comagricola.com\/wp-content\/uploads\/2020\/12\/deserto-fiorito-e1612341567177.jpg","width":742,"height":557},{"@type":"BreadcrumbList","@id":"https:\/\/www.comagricola.com\/de\/prodotto\/bluhende-wuste\/#breadcrumb","itemListElement":[{"@type":"ListItem","position":1,"name":"Home","item":"https:\/\/www.comagricola.com\/de\/"},{"@type":"ListItem","position":2,"name":"Shop","item":"https:\/\/www.comagricola.com\/de\/shop\/"},{"@type":"ListItem","position":3,"name":"Bl\u00fchende W\u00fcste"}]},{"@type":"WebSite","@id":"https:\/\/www.comagricola.com\/de\/#website","url":"https:\/\/www.comagricola.com\/de\/","name":"Green Europe Comagricola","description":"Semi e Fertilizzanti","publisher":{"@id":"https:\/\/www.comagricola.com\/de\/#organization"},"potentialAction":[{"@type":"SearchAction","target":{"@type":"EntryPoint","urlTemplate":"https:\/\/www.comagricola.com\/de\/?s={search_term_string}"},"query-input":{"@type":"PropertyValueSpecification","valueRequired":true,"valueName":"search_term_string"}}],"inLanguage":"de"},{"@type":"Organization","@id":"https:\/\/www.comagricola.com\/de\/#organization","name":"COMAGRICOLA GREEN EUROPE SRL","url":"https:\/\/www.comagricola.com\/de\/","logo":{"@type":"ImageObject","inLanguage":"de","@id":"https:\/\/www.comagricola.com\/de\/#\/schema\/logo\/image\/","url":"https:\/\/www.comagricola.com\/wp-content\/uploads\/2020\/12\/logo-comagricola.svg","contentUrl":"https:\/\/www.comagricola.com\/wp-content\/uploads\/2020\/12\/logo-comagricola.svg","width":"1024","height":"1024","caption":"COMAGRICOLA GREEN EUROPE SRL"},"image":{"@id":"https:\/\/www.comagricola.com\/de\/#\/schema\/logo\/image\/"},"sameAs":["https:\/\/it-it.facebook.com\/pages\/category\/Company\/Comagricola-Green-Europe-srl-1189465271123595\/"]}]}},"_links":{"self":[{"href":"https:\/\/www.comagricola.com\/de\/wp-json\/wp\/v2\/product\/12436","targetHints":{"allow":["GET"]}}],"collection":[{"href":"https:\/\/www.comagricola.com\/de\/wp-json\/wp\/v2\/product"}],"about":[{"href":"https:\/\/www.comagricola.com\/de\/wp-json\/wp\/v2\/types\/product"}],"wp:featuredmedia":[{"embeddable":true,"href":"https:\/\/www.comagricola.com\/de\/wp-json\/wp\/v2\/media\/12440"}],"wp:attachment":[{"href":"https:\/\/www.comagricola.com\/de\/wp-json\/wp\/v2\/media?parent=12436"}],"wp:term":[{"taxonomy":"product_brand","embeddable":true,"href":"https:\/\/www.comagricola.com\/de\/wp-json\/wp\/v2\/product_brand?post=12436"},{"taxonomy":"product_cat","embeddable":true,"href":"https:\/\/www.comagricola.com\/de\/wp-json\/wp\/v2\/product_cat?post=12436"},{"taxonomy":"product_tag","embeddable":true,"href":"https:\/\/www.comagricola.com\/de\/wp-json\/wp\/v2\/product_tag?post=12436"}],"curies":[{"name":"wp","href":"https:\/\/api.w.org\/{rel}","templated":true}]}}