{"id":12441,"date":"2020-12-16T14:59:06","date_gmt":"2020-12-16T13:59:06","guid":{"rendered":"https:\/\/www.comagricola.com\/prodotto\/bluhende-ufer\/"},"modified":"2021-05-31T10:09:58","modified_gmt":"2021-05-31T08:09:58","slug":"bluhende-ufer","status":"publish","type":"product","link":"https:\/\/www.comagricola.com\/de\/prodotto\/bluhende-ufer\/","title":{"rendered":"Bl\u00fchende Ufer"},"content":{"rendered":"[vc_row][vc_column width=&#8221;3\/12&#8243;][vc_column_text]\n<h4>Dosierung S\u00e4en<\/h4>\n<p>von 1,5 bis 3 gr\/qm[\/vc_column_text][\/vc_column][vc_column width=&#8221;9\/12&#8243;][vc_column_text]\n<table style=\"width: 100%; border-collapse: collapse; border-style: none;\" border=\"0\" cellspacing=\"0\" cellpadding=\"0\">\n<tbody>\n<tr>\n<td style=\"width: 151px; padding-right: 20px; border-style: none; vertical-align: top;\">\n<h4>ZUSAMMENSETZUNG<\/h4>\n<\/td>\n<td style=\"width: 166px; padding-right: 20px; vertical-align: top; border-style: none;\"><\/td>\n<td style=\"width: 166px; padding-right: 20px; vertical-align: top; border-style: none;\"><\/td>\n<\/tr>\n<tr>\n<td style=\"border-style: none; width: 33%; padding-right: 20px; vertical-align: top;\">Trifolium incarnatum<br \/>\nAchillea millefolium<br \/>\n<strong>Anthemis mar\u00edtima<\/strong><br \/>\nAnthyllis vulneraria<br \/>\nBarbarea vulgaris<br \/>\nBorago officinalis<br \/>\n<strong>Centaurea cyanus<\/strong><br \/>\nCichorium intybus<br \/>\n<strong>Daucus carota<\/strong><\/td>\n<td style=\"border-style: none; width: 33%; padding-right: 20px; vertical-align: top;\">Achium plantagineum<br \/>\nEpilobium hirsutum<br \/>\nErysimum cheiri<br \/>\nEupatorium cannabinum<br \/>\nFilipendula ulmaria<br \/>\nGalium mollugo<br \/>\nGlebionis segetum<br \/>\n<strong>Leucanthemum vulgare<\/strong><br \/>\nLobularia mar\u00edtima<\/td>\n<td style=\"border-style: none; width: 33%; padding-right: 20px; vertical-align: top;\">Lupinus perennis<br \/>\nLythrum salicaria<br \/>\nMelva moschata<br \/>\nNigella damascena<br \/>\nOenathera biennis<br \/>\nRanunculus acri<br \/>\n<strong>Saponaria officinalis<\/strong><br \/>\nSilena latifolia<\/td>\n<\/tr>\n<\/tbody>\n<\/table>\n[\/vc_column_text][\/vc_column][\/vc_row]\n","protected":false},"excerpt":{"rendered":"<h3>\u00c4sthetik<\/h3>\n<p>Die Blumenmischung ist resistent gegen stressige Bedingungen in Verbindung mit Wasserstagnation. Ideal in der N\u00e4he von Teichen, Schwimmb\u00e4dern oder bei der Wiederherstellung von Flussgebieten, sie erreicht eine H\u00f6he von 60-90 cm.<\/p>\n","protected":false},"featured_media":12442,"template":"","meta":{"inline_featured_image":false},"product_brand":[],"product_cat":[146,149],"product_tag":[],"class_list":{"0":"post-12441","1":"product","2":"type-product","3":"status-publish","4":"has-post-thumbnail","6":"product_cat-blumenwiese","7":"product_cat-speziale","9":"first","10":"instock","11":"taxable","12":"shipping-taxable","13":"product-type-simple"},"yoast_head":"<!-- This site is optimized with the Yoast SEO plugin v25.3.1 - https:\/\/yoast.com\/wordpress\/plugins\/seo\/ -->\n<title>Bl\u00fchende Ufer - Comagricola Green Europe<\/title>\n<meta name=\"robots\" content=\"index, follow, max-snippet:-1, max-image-preview:large, max-video-preview:-1\" \/>\n<link rel=\"canonical\" href=\"https:\/\/www.comagricola.com\/de\/prodotto\/bluhende-ufer\/\" \/>\n<meta property=\"og:locale\" content=\"de_DE\" \/>\n<meta property=\"og:type\" content=\"article\" \/>\n<meta property=\"og:title\" content=\"Bl\u00fchende Ufer - Comagricola Green Europe\" \/>\n<meta property=\"og:description\" content=\"\u00c4sthetik Die Blumenmischung ist resistent gegen stressige Bedingungen in Verbindung mit Wasserstagnation. Ideal in der N\u00e4he von Teichen, Schwimmb\u00e4dern oder bei der Wiederherstellung von Flussgebieten, sie erreicht eine H\u00f6he von 60-90 cm.\" \/>\n<meta property=\"og:url\" content=\"https:\/\/www.comagricola.com\/de\/prodotto\/bluhende-ufer\/\" \/>\n<meta property=\"og:site_name\" content=\"Comagricola Green Europe\" \/>\n<meta property=\"article:publisher\" content=\"https:\/\/it-it.facebook.com\/pages\/category\/Company\/Comagricola-Green-Europe-srl-1189465271123595\/\" \/>\n<meta property=\"article:modified_time\" content=\"2021-05-31T08:09:58+00:00\" \/>\n<meta property=\"og:image\" content=\"https:\/\/www.comagricola.com\/wp-content\/uploads\/2020\/12\/Bassin-fleuri-e1612341780812.jpg\" \/>\n\t<meta property=\"og:image:width\" content=\"371\" \/>\n\t<meta property=\"og:image:height\" content=\"278\" \/>\n\t<meta property=\"og:image:type\" content=\"image\/jpeg\" \/>\n<meta name=\"twitter:card\" content=\"summary_large_image\" \/>\n<script type=\"application\/ld+json\" class=\"yoast-schema-graph\">{\"@context\":\"https:\/\/schema.org\",\"@graph\":[{\"@type\":\"WebPage\",\"@id\":\"https:\/\/www.comagricola.com\/de\/prodotto\/bluhende-ufer\/\",\"url\":\"https:\/\/www.comagricola.com\/de\/prodotto\/bluhende-ufer\/\",\"name\":\"Bl\u00fchende Ufer - Comagricola Green Europe\",\"isPartOf\":{\"@id\":\"https:\/\/www.comagricola.com\/de\/#website\"},\"primaryImageOfPage\":{\"@id\":\"https:\/\/www.comagricola.com\/de\/prodotto\/bluhende-ufer\/#primaryimage\"},\"image\":{\"@id\":\"https:\/\/www.comagricola.com\/de\/prodotto\/bluhende-ufer\/#primaryimage\"},\"thumbnailUrl\":\"https:\/\/www.comagricola.com\/wp-content\/uploads\/2020\/12\/Bassin-fleuri-e1612341780812.jpg\",\"datePublished\":\"2020-12-16T13:59:06+00:00\",\"dateModified\":\"2021-05-31T08:09:58+00:00\",\"breadcrumb\":{\"@id\":\"https:\/\/www.comagricola.com\/de\/prodotto\/bluhende-ufer\/#breadcrumb\"},\"inLanguage\":\"de\",\"potentialAction\":[{\"@type\":\"ReadAction\",\"target\":[\"https:\/\/www.comagricola.com\/de\/prodotto\/bluhende-ufer\/\"]}]},{\"@type\":\"ImageObject\",\"inLanguage\":\"de\",\"@id\":\"https:\/\/www.comagricola.com\/de\/prodotto\/bluhende-ufer\/#primaryimage\",\"url\":\"https:\/\/www.comagricola.com\/wp-content\/uploads\/2020\/12\/Bassin-fleuri-e1612341780812.jpg\",\"contentUrl\":\"https:\/\/www.comagricola.com\/wp-content\/uploads\/2020\/12\/Bassin-fleuri-e1612341780812.jpg\",\"width\":371,\"height\":278},{\"@type\":\"BreadcrumbList\",\"@id\":\"https:\/\/www.comagricola.com\/de\/prodotto\/bluhende-ufer\/#breadcrumb\",\"itemListElement\":[{\"@type\":\"ListItem\",\"position\":1,\"name\":\"Home\",\"item\":\"https:\/\/www.comagricola.com\/de\/\"},{\"@type\":\"ListItem\",\"position\":2,\"name\":\"Shop\",\"item\":\"https:\/\/www.comagricola.com\/de\/shop\/\"},{\"@type\":\"ListItem\",\"position\":3,\"name\":\"Bl\u00fchende Ufer\"}]},{\"@type\":\"WebSite\",\"@id\":\"https:\/\/www.comagricola.com\/de\/#website\",\"url\":\"https:\/\/www.comagricola.com\/de\/\",\"name\":\"Green Europe Comagricola\",\"description\":\"Semi e Fertilizzanti\",\"publisher\":{\"@id\":\"https:\/\/www.comagricola.com\/de\/#organization\"},\"potentialAction\":[{\"@type\":\"SearchAction\",\"target\":{\"@type\":\"EntryPoint\",\"urlTemplate\":\"https:\/\/www.comagricola.com\/de\/?s={search_term_string}\"},\"query-input\":{\"@type\":\"PropertyValueSpecification\",\"valueRequired\":true,\"valueName\":\"search_term_string\"}}],\"inLanguage\":\"de\"},{\"@type\":\"Organization\",\"@id\":\"https:\/\/www.comagricola.com\/de\/#organization\",\"name\":\"COMAGRICOLA GREEN EUROPE SRL\",\"url\":\"https:\/\/www.comagricola.com\/de\/\",\"logo\":{\"@type\":\"ImageObject\",\"inLanguage\":\"de\",\"@id\":\"https:\/\/www.comagricola.com\/de\/#\/schema\/logo\/image\/\",\"url\":\"https:\/\/www.comagricola.com\/wp-content\/uploads\/2020\/12\/logo-comagricola.svg\",\"contentUrl\":\"https:\/\/www.comagricola.com\/wp-content\/uploads\/2020\/12\/logo-comagricola.svg\",\"width\":\"1024\",\"height\":\"1024\",\"caption\":\"COMAGRICOLA GREEN EUROPE SRL\"},\"image\":{\"@id\":\"https:\/\/www.comagricola.com\/de\/#\/schema\/logo\/image\/\"},\"sameAs\":[\"https:\/\/it-it.facebook.com\/pages\/category\/Company\/Comagricola-Green-Europe-srl-1189465271123595\/\"]}]}<\/script>\n<!-- \/ Yoast SEO plugin. -->","yoast_head_json":{"title":"Bl\u00fchende Ufer - Comagricola Green Europe","robots":{"index":"index","follow":"follow","max-snippet":"max-snippet:-1","max-image-preview":"max-image-preview:large","max-video-preview":"max-video-preview:-1"},"canonical":"https:\/\/www.comagricola.com\/de\/prodotto\/bluhende-ufer\/","og_locale":"de_DE","og_type":"article","og_title":"Bl\u00fchende Ufer - Comagricola Green Europe","og_description":"\u00c4sthetik Die Blumenmischung ist resistent gegen stressige Bedingungen in Verbindung mit Wasserstagnation. Ideal in der N\u00e4he von Teichen, Schwimmb\u00e4dern oder bei der Wiederherstellung von Flussgebieten, sie erreicht eine H\u00f6he von 60-90 cm.","og_url":"https:\/\/www.comagricola.com\/de\/prodotto\/bluhende-ufer\/","og_site_name":"Comagricola Green Europe","article_publisher":"https:\/\/it-it.facebook.com\/pages\/category\/Company\/Comagricola-Green-Europe-srl-1189465271123595\/","article_modified_time":"2021-05-31T08:09:58+00:00","og_image":[{"width":371,"height":278,"url":"https:\/\/www.comagricola.com\/wp-content\/uploads\/2020\/12\/Bassin-fleuri-e1612341780812.jpg","type":"image\/jpeg"}],"twitter_card":"summary_large_image","schema":{"@context":"https:\/\/schema.org","@graph":[{"@type":"WebPage","@id":"https:\/\/www.comagricola.com\/de\/prodotto\/bluhende-ufer\/","url":"https:\/\/www.comagricola.com\/de\/prodotto\/bluhende-ufer\/","name":"Bl\u00fchende Ufer - Comagricola Green Europe","isPartOf":{"@id":"https:\/\/www.comagricola.com\/de\/#website"},"primaryImageOfPage":{"@id":"https:\/\/www.comagricola.com\/de\/prodotto\/bluhende-ufer\/#primaryimage"},"image":{"@id":"https:\/\/www.comagricola.com\/de\/prodotto\/bluhende-ufer\/#primaryimage"},"thumbnailUrl":"https:\/\/www.comagricola.com\/wp-content\/uploads\/2020\/12\/Bassin-fleuri-e1612341780812.jpg","datePublished":"2020-12-16T13:59:06+00:00","dateModified":"2021-05-31T08:09:58+00:00","breadcrumb":{"@id":"https:\/\/www.comagricola.com\/de\/prodotto\/bluhende-ufer\/#breadcrumb"},"inLanguage":"de","potentialAction":[{"@type":"ReadAction","target":["https:\/\/www.comagricola.com\/de\/prodotto\/bluhende-ufer\/"]}]},{"@type":"ImageObject","inLanguage":"de","@id":"https:\/\/www.comagricola.com\/de\/prodotto\/bluhende-ufer\/#primaryimage","url":"https:\/\/www.comagricola.com\/wp-content\/uploads\/2020\/12\/Bassin-fleuri-e1612341780812.jpg","contentUrl":"https:\/\/www.comagricola.com\/wp-content\/uploads\/2020\/12\/Bassin-fleuri-e1612341780812.jpg","width":371,"height":278},{"@type":"BreadcrumbList","@id":"https:\/\/www.comagricola.com\/de\/prodotto\/bluhende-ufer\/#breadcrumb","itemListElement":[{"@type":"ListItem","position":1,"name":"Home","item":"https:\/\/www.comagricola.com\/de\/"},{"@type":"ListItem","position":2,"name":"Shop","item":"https:\/\/www.comagricola.com\/de\/shop\/"},{"@type":"ListItem","position":3,"name":"Bl\u00fchende Ufer"}]},{"@type":"WebSite","@id":"https:\/\/www.comagricola.com\/de\/#website","url":"https:\/\/www.comagricola.com\/de\/","name":"Green Europe Comagricola","description":"Semi e Fertilizzanti","publisher":{"@id":"https:\/\/www.comagricola.com\/de\/#organization"},"potentialAction":[{"@type":"SearchAction","target":{"@type":"EntryPoint","urlTemplate":"https:\/\/www.comagricola.com\/de\/?s={search_term_string}"},"query-input":{"@type":"PropertyValueSpecification","valueRequired":true,"valueName":"search_term_string"}}],"inLanguage":"de"},{"@type":"Organization","@id":"https:\/\/www.comagricola.com\/de\/#organization","name":"COMAGRICOLA GREEN EUROPE SRL","url":"https:\/\/www.comagricola.com\/de\/","logo":{"@type":"ImageObject","inLanguage":"de","@id":"https:\/\/www.comagricola.com\/de\/#\/schema\/logo\/image\/","url":"https:\/\/www.comagricola.com\/wp-content\/uploads\/2020\/12\/logo-comagricola.svg","contentUrl":"https:\/\/www.comagricola.com\/wp-content\/uploads\/2020\/12\/logo-comagricola.svg","width":"1024","height":"1024","caption":"COMAGRICOLA GREEN EUROPE SRL"},"image":{"@id":"https:\/\/www.comagricola.com\/de\/#\/schema\/logo\/image\/"},"sameAs":["https:\/\/it-it.facebook.com\/pages\/category\/Company\/Comagricola-Green-Europe-srl-1189465271123595\/"]}]}},"_links":{"self":[{"href":"https:\/\/www.comagricola.com\/de\/wp-json\/wp\/v2\/product\/12441","targetHints":{"allow":["GET"]}}],"collection":[{"href":"https:\/\/www.comagricola.com\/de\/wp-json\/wp\/v2\/product"}],"about":[{"href":"https:\/\/www.comagricola.com\/de\/wp-json\/wp\/v2\/types\/product"}],"wp:featuredmedia":[{"embeddable":true,"href":"https:\/\/www.comagricola.com\/de\/wp-json\/wp\/v2\/media\/12442"}],"wp:attachment":[{"href":"https:\/\/www.comagricola.com\/de\/wp-json\/wp\/v2\/media?parent=12441"}],"wp:term":[{"taxonomy":"product_brand","embeddable":true,"href":"https:\/\/www.comagricola.com\/de\/wp-json\/wp\/v2\/product_brand?post=12441"},{"taxonomy":"product_cat","embeddable":true,"href":"https:\/\/www.comagricola.com\/de\/wp-json\/wp\/v2\/product_cat?post=12441"},{"taxonomy":"product_tag","embeddable":true,"href":"https:\/\/www.comagricola.com\/de\/wp-json\/wp\/v2\/product_tag?post=12441"}],"curies":[{"name":"wp","href":"https:\/\/api.w.org\/{rel}","templated":true}]}}