{"id":12461,"date":"2020-12-16T16:21:50","date_gmt":"2020-12-16T15:21:50","guid":{"rendered":"https:\/\/www.comagricola.com\/prodotto\/insekt-blumen\/"},"modified":"2021-05-31T10:20:35","modified_gmt":"2021-05-31T08:20:35","slug":"insekt-blumen","status":"publish","type":"product","link":"https:\/\/www.comagricola.com\/de\/prodotto\/insekt-blumen\/","title":{"rendered":"Insekt Blumen"},"content":{"rendered":"[vc_row][vc_column width=&#8221;3\/12&#8243;][vc_column_text]\n<h4>Dosierung S\u00e4en<\/h4>\n<p>von 1 bis 3 gr\/qm[\/vc_column_text][\/vc_column][vc_column width=&#8221;9\/12&#8243;][vc_column_text]\n<table style=\"width: 100%; border-collapse: collapse; border-style: none;\" border=\"0\" cellspacing=\"0\" cellpadding=\"0\">\n<tbody>\n<tr>\n<td style=\"width: 151px; padding-right: 20px; border-style: none; vertical-align: top;\">\n<h4>ZUSAMMENSETZUNG<\/h4>\n<\/td>\n<td style=\"width: 166px; padding-right: 20px; vertical-align: top; border-style: none;\"><\/td>\n<td style=\"width: 166px; padding-right: 20px; vertical-align: top; border-style: none;\"><\/td>\n<\/tr>\n<tr>\n<td style=\"border-style: none; width: 33%; padding-right: 20px; vertical-align: top;\">Achillea millefolium<br \/>\nAnethum graveolens<br \/>\n<strong>Anthemis nobilis<\/strong><br \/>\nBorago officinalis<br \/>\n<strong>Centaurea cyanus<\/strong><br \/>\nCichorium intybus<br \/>\nCoriandrum sativum<br \/>\n<strong>Daucus carota<\/strong><\/td>\n<td style=\"border-style: none; width: 33%; padding-right: 20px; vertical-align: top;\">Foeniculum volgare<br \/>\nGlebionis segetum<br \/>\nHypericum perforatum<strong><br \/>\nLeucanthemum <\/strong><strong>vulgare<\/strong><br \/>\n<strong>Linum perenne<\/strong><br \/>\nMatricaria mar\u00edtima<br \/>\nMelilotus alba<br \/>\nOriganum vulgare<\/td>\n<td style=\"border-style: none; width: 33%; padding-right: 20px; vertical-align: top;\">Papaver rhoeas<br \/>\nPastinaca sativa<br \/>\nSalvia pratensis<br \/>\nSanguisorba minor<br \/>\n<strong>Saponaria <\/strong><strong>vaccaria<\/strong><br \/>\nSecurigera varia<strong><br \/>\n<\/strong><\/td>\n<\/tr>\n<\/tbody>\n<\/table>\n[\/vc_column_text][\/vc_column][\/vc_row]\n","protected":false},"excerpt":{"rendered":"<h3>\u00c4sthetik<\/h3>\n<p>Mischung aus mehrj\u00e4hrigen Essenzen, die Nahrung und Unterschlupf f\u00fcr Hilfsinsekten bieten, die f\u00fcr Nutzpflanzen n\u00fctzlich sind<br \/>\nDurchschnittliche H\u00f6he 60 bis 100 cm, Fr\u00fchjahrs- oder Herbstaussaat.<\/p>\n","protected":false},"featured_media":12465,"template":"","meta":{"inline_featured_image":false},"product_brand":[],"product_cat":[146,150],"product_tag":[],"class_list":{"0":"post-12461","1":"product","2":"type-product","3":"status-publish","4":"has-post-thumbnail","6":"product_cat-blumenwiese","7":"product_cat-insektenpopulation","9":"first","10":"instock","11":"taxable","12":"shipping-taxable","13":"product-type-simple"},"yoast_head":"<!-- This site is optimized with the Yoast SEO plugin v25.3.1 - https:\/\/yoast.com\/wordpress\/plugins\/seo\/ -->\n<title>Insekt Blumen - Comagricola Green Europe<\/title>\n<meta name=\"robots\" content=\"index, follow, max-snippet:-1, max-image-preview:large, max-video-preview:-1\" \/>\n<link rel=\"canonical\" href=\"https:\/\/www.comagricola.com\/de\/prodotto\/insekt-blumen\/\" \/>\n<meta property=\"og:locale\" content=\"de_DE\" \/>\n<meta property=\"og:type\" content=\"article\" \/>\n<meta property=\"og:title\" content=\"Insekt Blumen - Comagricola Green Europe\" \/>\n<meta property=\"og:description\" content=\"\u00c4sthetik Mischung aus mehrj\u00e4hrigen Essenzen, die Nahrung und Unterschlupf f\u00fcr Hilfsinsekten bieten, die f\u00fcr Nutzpflanzen n\u00fctzlich sind Durchschnittliche H\u00f6he 60 bis 100 cm, Fr\u00fchjahrs- oder Herbstaussaat.\" \/>\n<meta property=\"og:url\" content=\"https:\/\/www.comagricola.com\/de\/prodotto\/insekt-blumen\/\" \/>\n<meta property=\"og:site_name\" content=\"Comagricola Green Europe\" \/>\n<meta property=\"article:publisher\" content=\"https:\/\/it-it.facebook.com\/pages\/category\/Company\/Comagricola-Green-Europe-srl-1189465271123595\/\" \/>\n<meta property=\"article:modified_time\" content=\"2021-05-31T08:20:35+00:00\" \/>\n<meta property=\"og:image\" content=\"https:\/\/www.comagricola.com\/wp-content\/uploads\/2020\/12\/fiori-degli-insetti-2.jpg\" \/>\n\t<meta property=\"og:image:width\" content=\"448\" \/>\n\t<meta property=\"og:image:height\" content=\"336\" \/>\n\t<meta property=\"og:image:type\" content=\"image\/jpeg\" \/>\n<meta name=\"twitter:card\" content=\"summary_large_image\" \/>\n<script type=\"application\/ld+json\" class=\"yoast-schema-graph\">{\"@context\":\"https:\/\/schema.org\",\"@graph\":[{\"@type\":\"WebPage\",\"@id\":\"https:\/\/www.comagricola.com\/de\/prodotto\/insekt-blumen\/\",\"url\":\"https:\/\/www.comagricola.com\/de\/prodotto\/insekt-blumen\/\",\"name\":\"Insekt Blumen - Comagricola Green Europe\",\"isPartOf\":{\"@id\":\"https:\/\/www.comagricola.com\/de\/#website\"},\"primaryImageOfPage\":{\"@id\":\"https:\/\/www.comagricola.com\/de\/prodotto\/insekt-blumen\/#primaryimage\"},\"image\":{\"@id\":\"https:\/\/www.comagricola.com\/de\/prodotto\/insekt-blumen\/#primaryimage\"},\"thumbnailUrl\":\"https:\/\/www.comagricola.com\/wp-content\/uploads\/2020\/12\/fiori-degli-insetti-2.jpg\",\"datePublished\":\"2020-12-16T15:21:50+00:00\",\"dateModified\":\"2021-05-31T08:20:35+00:00\",\"breadcrumb\":{\"@id\":\"https:\/\/www.comagricola.com\/de\/prodotto\/insekt-blumen\/#breadcrumb\"},\"inLanguage\":\"de\",\"potentialAction\":[{\"@type\":\"ReadAction\",\"target\":[\"https:\/\/www.comagricola.com\/de\/prodotto\/insekt-blumen\/\"]}]},{\"@type\":\"ImageObject\",\"inLanguage\":\"de\",\"@id\":\"https:\/\/www.comagricola.com\/de\/prodotto\/insekt-blumen\/#primaryimage\",\"url\":\"https:\/\/www.comagricola.com\/wp-content\/uploads\/2020\/12\/fiori-degli-insetti-2.jpg\",\"contentUrl\":\"https:\/\/www.comagricola.com\/wp-content\/uploads\/2020\/12\/fiori-degli-insetti-2.jpg\",\"width\":448,\"height\":336},{\"@type\":\"BreadcrumbList\",\"@id\":\"https:\/\/www.comagricola.com\/de\/prodotto\/insekt-blumen\/#breadcrumb\",\"itemListElement\":[{\"@type\":\"ListItem\",\"position\":1,\"name\":\"Home\",\"item\":\"https:\/\/www.comagricola.com\/de\/\"},{\"@type\":\"ListItem\",\"position\":2,\"name\":\"Shop\",\"item\":\"https:\/\/www.comagricola.com\/de\/shop\/\"},{\"@type\":\"ListItem\",\"position\":3,\"name\":\"Insekt Blumen\"}]},{\"@type\":\"WebSite\",\"@id\":\"https:\/\/www.comagricola.com\/de\/#website\",\"url\":\"https:\/\/www.comagricola.com\/de\/\",\"name\":\"Green Europe Comagricola\",\"description\":\"Semi e Fertilizzanti\",\"publisher\":{\"@id\":\"https:\/\/www.comagricola.com\/de\/#organization\"},\"potentialAction\":[{\"@type\":\"SearchAction\",\"target\":{\"@type\":\"EntryPoint\",\"urlTemplate\":\"https:\/\/www.comagricola.com\/de\/?s={search_term_string}\"},\"query-input\":{\"@type\":\"PropertyValueSpecification\",\"valueRequired\":true,\"valueName\":\"search_term_string\"}}],\"inLanguage\":\"de\"},{\"@type\":\"Organization\",\"@id\":\"https:\/\/www.comagricola.com\/de\/#organization\",\"name\":\"COMAGRICOLA GREEN EUROPE SRL\",\"url\":\"https:\/\/www.comagricola.com\/de\/\",\"logo\":{\"@type\":\"ImageObject\",\"inLanguage\":\"de\",\"@id\":\"https:\/\/www.comagricola.com\/de\/#\/schema\/logo\/image\/\",\"url\":\"https:\/\/www.comagricola.com\/wp-content\/uploads\/2020\/12\/logo-comagricola.svg\",\"contentUrl\":\"https:\/\/www.comagricola.com\/wp-content\/uploads\/2020\/12\/logo-comagricola.svg\",\"width\":\"1024\",\"height\":\"1024\",\"caption\":\"COMAGRICOLA GREEN EUROPE SRL\"},\"image\":{\"@id\":\"https:\/\/www.comagricola.com\/de\/#\/schema\/logo\/image\/\"},\"sameAs\":[\"https:\/\/it-it.facebook.com\/pages\/category\/Company\/Comagricola-Green-Europe-srl-1189465271123595\/\"]}]}<\/script>\n<!-- \/ Yoast SEO plugin. -->","yoast_head_json":{"title":"Insekt Blumen - Comagricola Green Europe","robots":{"index":"index","follow":"follow","max-snippet":"max-snippet:-1","max-image-preview":"max-image-preview:large","max-video-preview":"max-video-preview:-1"},"canonical":"https:\/\/www.comagricola.com\/de\/prodotto\/insekt-blumen\/","og_locale":"de_DE","og_type":"article","og_title":"Insekt Blumen - Comagricola Green Europe","og_description":"\u00c4sthetik Mischung aus mehrj\u00e4hrigen Essenzen, die Nahrung und Unterschlupf f\u00fcr Hilfsinsekten bieten, die f\u00fcr Nutzpflanzen n\u00fctzlich sind Durchschnittliche H\u00f6he 60 bis 100 cm, Fr\u00fchjahrs- oder Herbstaussaat.","og_url":"https:\/\/www.comagricola.com\/de\/prodotto\/insekt-blumen\/","og_site_name":"Comagricola Green Europe","article_publisher":"https:\/\/it-it.facebook.com\/pages\/category\/Company\/Comagricola-Green-Europe-srl-1189465271123595\/","article_modified_time":"2021-05-31T08:20:35+00:00","og_image":[{"width":448,"height":336,"url":"https:\/\/www.comagricola.com\/wp-content\/uploads\/2020\/12\/fiori-degli-insetti-2.jpg","type":"image\/jpeg"}],"twitter_card":"summary_large_image","schema":{"@context":"https:\/\/schema.org","@graph":[{"@type":"WebPage","@id":"https:\/\/www.comagricola.com\/de\/prodotto\/insekt-blumen\/","url":"https:\/\/www.comagricola.com\/de\/prodotto\/insekt-blumen\/","name":"Insekt Blumen - Comagricola Green Europe","isPartOf":{"@id":"https:\/\/www.comagricola.com\/de\/#website"},"primaryImageOfPage":{"@id":"https:\/\/www.comagricola.com\/de\/prodotto\/insekt-blumen\/#primaryimage"},"image":{"@id":"https:\/\/www.comagricola.com\/de\/prodotto\/insekt-blumen\/#primaryimage"},"thumbnailUrl":"https:\/\/www.comagricola.com\/wp-content\/uploads\/2020\/12\/fiori-degli-insetti-2.jpg","datePublished":"2020-12-16T15:21:50+00:00","dateModified":"2021-05-31T08:20:35+00:00","breadcrumb":{"@id":"https:\/\/www.comagricola.com\/de\/prodotto\/insekt-blumen\/#breadcrumb"},"inLanguage":"de","potentialAction":[{"@type":"ReadAction","target":["https:\/\/www.comagricola.com\/de\/prodotto\/insekt-blumen\/"]}]},{"@type":"ImageObject","inLanguage":"de","@id":"https:\/\/www.comagricola.com\/de\/prodotto\/insekt-blumen\/#primaryimage","url":"https:\/\/www.comagricola.com\/wp-content\/uploads\/2020\/12\/fiori-degli-insetti-2.jpg","contentUrl":"https:\/\/www.comagricola.com\/wp-content\/uploads\/2020\/12\/fiori-degli-insetti-2.jpg","width":448,"height":336},{"@type":"BreadcrumbList","@id":"https:\/\/www.comagricola.com\/de\/prodotto\/insekt-blumen\/#breadcrumb","itemListElement":[{"@type":"ListItem","position":1,"name":"Home","item":"https:\/\/www.comagricola.com\/de\/"},{"@type":"ListItem","position":2,"name":"Shop","item":"https:\/\/www.comagricola.com\/de\/shop\/"},{"@type":"ListItem","position":3,"name":"Insekt Blumen"}]},{"@type":"WebSite","@id":"https:\/\/www.comagricola.com\/de\/#website","url":"https:\/\/www.comagricola.com\/de\/","name":"Green Europe Comagricola","description":"Semi e Fertilizzanti","publisher":{"@id":"https:\/\/www.comagricola.com\/de\/#organization"},"potentialAction":[{"@type":"SearchAction","target":{"@type":"EntryPoint","urlTemplate":"https:\/\/www.comagricola.com\/de\/?s={search_term_string}"},"query-input":{"@type":"PropertyValueSpecification","valueRequired":true,"valueName":"search_term_string"}}],"inLanguage":"de"},{"@type":"Organization","@id":"https:\/\/www.comagricola.com\/de\/#organization","name":"COMAGRICOLA GREEN EUROPE SRL","url":"https:\/\/www.comagricola.com\/de\/","logo":{"@type":"ImageObject","inLanguage":"de","@id":"https:\/\/www.comagricola.com\/de\/#\/schema\/logo\/image\/","url":"https:\/\/www.comagricola.com\/wp-content\/uploads\/2020\/12\/logo-comagricola.svg","contentUrl":"https:\/\/www.comagricola.com\/wp-content\/uploads\/2020\/12\/logo-comagricola.svg","width":"1024","height":"1024","caption":"COMAGRICOLA GREEN EUROPE SRL"},"image":{"@id":"https:\/\/www.comagricola.com\/de\/#\/schema\/logo\/image\/"},"sameAs":["https:\/\/it-it.facebook.com\/pages\/category\/Company\/Comagricola-Green-Europe-srl-1189465271123595\/"]}]}},"_links":{"self":[{"href":"https:\/\/www.comagricola.com\/de\/wp-json\/wp\/v2\/product\/12461","targetHints":{"allow":["GET"]}}],"collection":[{"href":"https:\/\/www.comagricola.com\/de\/wp-json\/wp\/v2\/product"}],"about":[{"href":"https:\/\/www.comagricola.com\/de\/wp-json\/wp\/v2\/types\/product"}],"wp:featuredmedia":[{"embeddable":true,"href":"https:\/\/www.comagricola.com\/de\/wp-json\/wp\/v2\/media\/12465"}],"wp:attachment":[{"href":"https:\/\/www.comagricola.com\/de\/wp-json\/wp\/v2\/media?parent=12461"}],"wp:term":[{"taxonomy":"product_brand","embeddable":true,"href":"https:\/\/www.comagricola.com\/de\/wp-json\/wp\/v2\/product_brand?post=12461"},{"taxonomy":"product_cat","embeddable":true,"href":"https:\/\/www.comagricola.com\/de\/wp-json\/wp\/v2\/product_cat?post=12461"},{"taxonomy":"product_tag","embeddable":true,"href":"https:\/\/www.comagricola.com\/de\/wp-json\/wp\/v2\/product_tag?post=12461"}],"curies":[{"name":"wp","href":"https:\/\/api.w.org\/{rel}","templated":true}]}}