{"id":12498,"date":"2021-02-17T13:37:37","date_gmt":"2021-02-17T12:37:37","guid":{"rendered":"https:\/\/www.comagricola.com\/prodotto\/mico-ge\/"},"modified":"2021-02-17T13:37:37","modified_gmt":"2021-02-17T12:37:37","slug":"mico-ge","status":"publish","type":"product","link":"https:\/\/www.comagricola.com\/de\/prodotto\/mico-ge\/","title":{"rendered":"MICO-GE"},"content":{"rendered":"<h4>EIGENSCHAFTEN<\/h4>\n<p><strong>MICO-GE<\/strong> ist eine einzigartige Kombination aus Mykorrhizapilzen (AMF) und Rhizobakterien, die das Pflanzenwachstum f\u00f6rdert (PGPR) und die Bodengesundheit verbessert.<br \/>\nMykorrhizapilze gehen eine symbiotische Beziehung mit der Wirtspflanze ein, f\u00f6rdern die Wurzelentwicklung und verbessern die N\u00e4hrstoffaufnahme, w\u00e4hrend Rhizobakterien (atmosph\u00e4rische Stickstofffixierer) die mikrobielle Aktivit\u00e4t erh\u00f6hen.<\/p>\n<h4>ST\u00c4RKEN<\/h4>\n<ul>\n<li>Erweitert das Wurzelsystem<\/li>\n<li>Verbessert die Aufnahme von Phosphor, Eisen, Kalzium und Kalium aus dem Boden.<\/li>\n<li>Es erm\u00f6glicht den Pflanzen, eine gro\u00dfe Menge atmosph\u00e4rischen Stickstoffs durch Actinorizes zu fixieren<\/li>\n<li>Verbessert die biologische Fruchtbarkeit des Bodens<\/li>\n<\/ul>\n","protected":false},"excerpt":{"rendered":"<p><strong>Spezifische Aktion Produkt<\/strong><br \/>\nInokulation von Mykorrhizapilzen<\/p>\n<p><span style=\"color: #339966;\">IM \u00d6KOLOGISCHEN LANDBAU ERLAUBT<\/span><\/p>\n","protected":false},"featured_media":13361,"template":"","meta":{"inline_featured_image":false},"product_brand":[],"product_cat":[153],"product_tag":[],"class_list":{"0":"post-12498","1":"product","2":"type-product","3":"status-publish","4":"has-post-thumbnail","6":"product_cat-bio-linie","8":"first","9":"instock","10":"taxable","11":"shipping-taxable","12":"product-type-variable"},"yoast_head":"<!-- This site is optimized with the Yoast SEO plugin v25.3.1 - https:\/\/yoast.com\/wordpress\/plugins\/seo\/ -->\n<title>MICO-GE - Comagricola Green Europe<\/title>\n<meta name=\"robots\" content=\"index, follow, max-snippet:-1, max-image-preview:large, max-video-preview:-1\" \/>\n<link rel=\"canonical\" href=\"https:\/\/www.comagricola.com\/de\/prodotto\/mico-ge\/\" \/>\n<meta property=\"og:locale\" content=\"de_DE\" \/>\n<meta property=\"og:type\" content=\"article\" \/>\n<meta property=\"og:title\" content=\"MICO-GE - Comagricola Green Europe\" \/>\n<meta property=\"og:description\" content=\"Spezifische Aktion Produkt Inokulation von Mykorrhizapilzen  IM \u00d6KOLOGISCHEN LANDBAU ERLAUBT\" \/>\n<meta property=\"og:url\" content=\"https:\/\/www.comagricola.com\/de\/prodotto\/mico-ge\/\" \/>\n<meta property=\"og:site_name\" content=\"Comagricola Green Europe\" \/>\n<meta property=\"article:publisher\" content=\"https:\/\/it-it.facebook.com\/pages\/category\/Company\/Comagricola-Green-Europe-srl-1189465271123595\/\" \/>\n<meta property=\"og:image\" content=\"https:\/\/www.comagricola.com\/wp-content\/uploads\/2022\/03\/6425F32D-0916-4ED5-BEAF-202844642CC9.png\" \/>\n\t<meta property=\"og:image:width\" content=\"1076\" \/>\n\t<meta property=\"og:image:height\" content=\"982\" \/>\n\t<meta property=\"og:image:type\" content=\"image\/png\" \/>\n<meta name=\"twitter:card\" content=\"summary_large_image\" \/>\n<script type=\"application\/ld+json\" class=\"yoast-schema-graph\">{\"@context\":\"https:\/\/schema.org\",\"@graph\":[{\"@type\":\"WebPage\",\"@id\":\"https:\/\/www.comagricola.com\/de\/prodotto\/mico-ge\/\",\"url\":\"https:\/\/www.comagricola.com\/de\/prodotto\/mico-ge\/\",\"name\":\"MICO-GE - Comagricola Green Europe\",\"isPartOf\":{\"@id\":\"https:\/\/www.comagricola.com\/de\/#website\"},\"primaryImageOfPage\":{\"@id\":\"https:\/\/www.comagricola.com\/de\/prodotto\/mico-ge\/#primaryimage\"},\"image\":{\"@id\":\"https:\/\/www.comagricola.com\/de\/prodotto\/mico-ge\/#primaryimage\"},\"thumbnailUrl\":\"https:\/\/www.comagricola.com\/wp-content\/uploads\/2022\/03\/6425F32D-0916-4ED5-BEAF-202844642CC9.png\",\"datePublished\":\"2021-02-17T12:37:37+00:00\",\"breadcrumb\":{\"@id\":\"https:\/\/www.comagricola.com\/de\/prodotto\/mico-ge\/#breadcrumb\"},\"inLanguage\":\"de\",\"potentialAction\":[{\"@type\":\"ReadAction\",\"target\":[\"https:\/\/www.comagricola.com\/de\/prodotto\/mico-ge\/\"]}]},{\"@type\":\"ImageObject\",\"inLanguage\":\"de\",\"@id\":\"https:\/\/www.comagricola.com\/de\/prodotto\/mico-ge\/#primaryimage\",\"url\":\"https:\/\/www.comagricola.com\/wp-content\/uploads\/2022\/03\/6425F32D-0916-4ED5-BEAF-202844642CC9.png\",\"contentUrl\":\"https:\/\/www.comagricola.com\/wp-content\/uploads\/2022\/03\/6425F32D-0916-4ED5-BEAF-202844642CC9.png\",\"width\":1076,\"height\":982},{\"@type\":\"BreadcrumbList\",\"@id\":\"https:\/\/www.comagricola.com\/de\/prodotto\/mico-ge\/#breadcrumb\",\"itemListElement\":[{\"@type\":\"ListItem\",\"position\":1,\"name\":\"Home\",\"item\":\"https:\/\/www.comagricola.com\/de\/\"},{\"@type\":\"ListItem\",\"position\":2,\"name\":\"Shop\",\"item\":\"https:\/\/www.comagricola.com\/de\/shop\/\"},{\"@type\":\"ListItem\",\"position\":3,\"name\":\"MICO-GE\"}]},{\"@type\":\"WebSite\",\"@id\":\"https:\/\/www.comagricola.com\/de\/#website\",\"url\":\"https:\/\/www.comagricola.com\/de\/\",\"name\":\"Green Europe Comagricola\",\"description\":\"Semi e Fertilizzanti\",\"publisher\":{\"@id\":\"https:\/\/www.comagricola.com\/de\/#organization\"},\"potentialAction\":[{\"@type\":\"SearchAction\",\"target\":{\"@type\":\"EntryPoint\",\"urlTemplate\":\"https:\/\/www.comagricola.com\/de\/?s={search_term_string}\"},\"query-input\":{\"@type\":\"PropertyValueSpecification\",\"valueRequired\":true,\"valueName\":\"search_term_string\"}}],\"inLanguage\":\"de\"},{\"@type\":\"Organization\",\"@id\":\"https:\/\/www.comagricola.com\/de\/#organization\",\"name\":\"COMAGRICOLA GREEN EUROPE SRL\",\"url\":\"https:\/\/www.comagricola.com\/de\/\",\"logo\":{\"@type\":\"ImageObject\",\"inLanguage\":\"de\",\"@id\":\"https:\/\/www.comagricola.com\/de\/#\/schema\/logo\/image\/\",\"url\":\"https:\/\/www.comagricola.com\/wp-content\/uploads\/2020\/12\/logo-comagricola.svg\",\"contentUrl\":\"https:\/\/www.comagricola.com\/wp-content\/uploads\/2020\/12\/logo-comagricola.svg\",\"width\":\"1024\",\"height\":\"1024\",\"caption\":\"COMAGRICOLA GREEN EUROPE SRL\"},\"image\":{\"@id\":\"https:\/\/www.comagricola.com\/de\/#\/schema\/logo\/image\/\"},\"sameAs\":[\"https:\/\/it-it.facebook.com\/pages\/category\/Company\/Comagricola-Green-Europe-srl-1189465271123595\/\"]}]}<\/script>\n<!-- \/ Yoast SEO plugin. -->","yoast_head_json":{"title":"MICO-GE - Comagricola Green Europe","robots":{"index":"index","follow":"follow","max-snippet":"max-snippet:-1","max-image-preview":"max-image-preview:large","max-video-preview":"max-video-preview:-1"},"canonical":"https:\/\/www.comagricola.com\/de\/prodotto\/mico-ge\/","og_locale":"de_DE","og_type":"article","og_title":"MICO-GE - Comagricola Green Europe","og_description":"Spezifische Aktion Produkt Inokulation von Mykorrhizapilzen  IM \u00d6KOLOGISCHEN LANDBAU ERLAUBT","og_url":"https:\/\/www.comagricola.com\/de\/prodotto\/mico-ge\/","og_site_name":"Comagricola Green Europe","article_publisher":"https:\/\/it-it.facebook.com\/pages\/category\/Company\/Comagricola-Green-Europe-srl-1189465271123595\/","og_image":[{"width":1076,"height":982,"url":"https:\/\/www.comagricola.com\/wp-content\/uploads\/2022\/03\/6425F32D-0916-4ED5-BEAF-202844642CC9.png","type":"image\/png"}],"twitter_card":"summary_large_image","schema":{"@context":"https:\/\/schema.org","@graph":[{"@type":"WebPage","@id":"https:\/\/www.comagricola.com\/de\/prodotto\/mico-ge\/","url":"https:\/\/www.comagricola.com\/de\/prodotto\/mico-ge\/","name":"MICO-GE - Comagricola Green Europe","isPartOf":{"@id":"https:\/\/www.comagricola.com\/de\/#website"},"primaryImageOfPage":{"@id":"https:\/\/www.comagricola.com\/de\/prodotto\/mico-ge\/#primaryimage"},"image":{"@id":"https:\/\/www.comagricola.com\/de\/prodotto\/mico-ge\/#primaryimage"},"thumbnailUrl":"https:\/\/www.comagricola.com\/wp-content\/uploads\/2022\/03\/6425F32D-0916-4ED5-BEAF-202844642CC9.png","datePublished":"2021-02-17T12:37:37+00:00","breadcrumb":{"@id":"https:\/\/www.comagricola.com\/de\/prodotto\/mico-ge\/#breadcrumb"},"inLanguage":"de","potentialAction":[{"@type":"ReadAction","target":["https:\/\/www.comagricola.com\/de\/prodotto\/mico-ge\/"]}]},{"@type":"ImageObject","inLanguage":"de","@id":"https:\/\/www.comagricola.com\/de\/prodotto\/mico-ge\/#primaryimage","url":"https:\/\/www.comagricola.com\/wp-content\/uploads\/2022\/03\/6425F32D-0916-4ED5-BEAF-202844642CC9.png","contentUrl":"https:\/\/www.comagricola.com\/wp-content\/uploads\/2022\/03\/6425F32D-0916-4ED5-BEAF-202844642CC9.png","width":1076,"height":982},{"@type":"BreadcrumbList","@id":"https:\/\/www.comagricola.com\/de\/prodotto\/mico-ge\/#breadcrumb","itemListElement":[{"@type":"ListItem","position":1,"name":"Home","item":"https:\/\/www.comagricola.com\/de\/"},{"@type":"ListItem","position":2,"name":"Shop","item":"https:\/\/www.comagricola.com\/de\/shop\/"},{"@type":"ListItem","position":3,"name":"MICO-GE"}]},{"@type":"WebSite","@id":"https:\/\/www.comagricola.com\/de\/#website","url":"https:\/\/www.comagricola.com\/de\/","name":"Green Europe Comagricola","description":"Semi e Fertilizzanti","publisher":{"@id":"https:\/\/www.comagricola.com\/de\/#organization"},"potentialAction":[{"@type":"SearchAction","target":{"@type":"EntryPoint","urlTemplate":"https:\/\/www.comagricola.com\/de\/?s={search_term_string}"},"query-input":{"@type":"PropertyValueSpecification","valueRequired":true,"valueName":"search_term_string"}}],"inLanguage":"de"},{"@type":"Organization","@id":"https:\/\/www.comagricola.com\/de\/#organization","name":"COMAGRICOLA GREEN EUROPE SRL","url":"https:\/\/www.comagricola.com\/de\/","logo":{"@type":"ImageObject","inLanguage":"de","@id":"https:\/\/www.comagricola.com\/de\/#\/schema\/logo\/image\/","url":"https:\/\/www.comagricola.com\/wp-content\/uploads\/2020\/12\/logo-comagricola.svg","contentUrl":"https:\/\/www.comagricola.com\/wp-content\/uploads\/2020\/12\/logo-comagricola.svg","width":"1024","height":"1024","caption":"COMAGRICOLA GREEN EUROPE SRL"},"image":{"@id":"https:\/\/www.comagricola.com\/de\/#\/schema\/logo\/image\/"},"sameAs":["https:\/\/it-it.facebook.com\/pages\/category\/Company\/Comagricola-Green-Europe-srl-1189465271123595\/"]}]}},"_links":{"self":[{"href":"https:\/\/www.comagricola.com\/de\/wp-json\/wp\/v2\/product\/12498","targetHints":{"allow":["GET"]}}],"collection":[{"href":"https:\/\/www.comagricola.com\/de\/wp-json\/wp\/v2\/product"}],"about":[{"href":"https:\/\/www.comagricola.com\/de\/wp-json\/wp\/v2\/types\/product"}],"wp:featuredmedia":[{"embeddable":true,"href":"https:\/\/www.comagricola.com\/de\/wp-json\/wp\/v2\/media\/13361"}],"wp:attachment":[{"href":"https:\/\/www.comagricola.com\/de\/wp-json\/wp\/v2\/media?parent=12498"}],"wp:term":[{"taxonomy":"product_brand","embeddable":true,"href":"https:\/\/www.comagricola.com\/de\/wp-json\/wp\/v2\/product_brand?post=12498"},{"taxonomy":"product_cat","embeddable":true,"href":"https:\/\/www.comagricola.com\/de\/wp-json\/wp\/v2\/product_cat?post=12498"},{"taxonomy":"product_tag","embeddable":true,"href":"https:\/\/www.comagricola.com\/de\/wp-json\/wp\/v2\/product_tag?post=12498"}],"curies":[{"name":"wp","href":"https:\/\/api.w.org\/{rel}","templated":true}]}}