{"id":12593,"date":"2021-01-13T09:43:28","date_gmt":"2021-01-13T08:43:28","guid":{"rendered":"https:\/\/www.comagricola.com\/prodotto\/euro-mat-f-g-m\/"},"modified":"2021-01-13T09:43:28","modified_gmt":"2021-01-13T08:43:28","slug":"euro-mat-f-g-m","status":"publish","type":"product","link":"https:\/\/www.comagricola.com\/de\/prodotto\/euro-mat-f-g-m\/","title":{"rendered":"EURO-MAT F.G.M."},"content":{"rendered":"<p><strong>EURO-MAT F.G.M.<\/strong> ist ein gebrauchsfertiger, 100% biologisch abbaubarer Mulch aus Pflanzenfasern<br \/>\n&#8220;PREMIUM&#8221; (NFU 44-4551), mit zus\u00e4tzlichen st\u00e4rkenden und stabilisierenden Fasern sowie Keimungs- und Wachstumsaktivatoren.<br \/>\nIm Bereich der Hydrosaat ist es das beste verf\u00fcgbare Produkt und bietet eine bessere Leistung als S.M.M (Stabilized Mulch Matrix); B.F.M (Bonded Fiber Matrix) und E.F.M (Engineered Fiber Mulch).<\/p>\n<h4>AKTION<\/h4>\n<p><strong>Hydro-mulch agisce su tre livelli:<\/strong><\/p>\n<ul>\n<li><strong>&#8220;Tempor\u00e4rer&#8221; Erosionsschutz (&gt;6 &lt;24 Monate):<\/strong> Er bildet eine \u201eBarriere&#8221;, die den Aufprall von Regen absorbiert (Splash-Effekt) und den Abfluss von Regenwasser f\u00f6rdert<\/li>\n<li><strong>Keimungsbeschleuniger:<\/strong> Sein Wasserhalteverm\u00f6gen erm\u00f6glicht den Samen<br \/>\nsich in einer geeigneten Umgebung in Bezug auf Temperatur und Luftfeuchtigkeit zu entwickeln, wobei Temperaturschwankungen und Verdunstung begrenzt werden. Die Anwesenheit von Keimungs- und Wachstumsaktivatoren erm\u00f6glicht eine schnelle Entwicklung des Rasens<\/li>\n<li><strong>Leistungssteigerung:<\/strong> Verbesserung der Mischung mit Saatgut, D\u00fcnger und Fixiermitteln<br \/>\nau\u00dferdem sch\u00fctzt es das Saatgut, indem es die Auswirkungen der Reibung beim Durchlaufen der Pumpe von Hydrosaatger\u00e4ten reduziert.<br \/>\nEs erfordert keine besondere Vorbereitung und macht alle m\u00f6glichen Befestigungsvorg\u00e4nge \u00fcberfl\u00fcssig<\/li>\n<\/ul>\n","protected":false},"excerpt":{"rendered":"<p><strong>Gebrauchsfertiger Mulch, 100% biologisch abbaubar.<\/strong><\/p>\n<ul>\n<li>&#8220;Tempor\u00e4rer&#8221; Schutz gegen Erosion (&gt;6 &lt;24 Monate)<\/li>\n<li>Keimungsbeschleuniger<\/li>\n<li>Leistungsverbesserung<\/li>\n<\/ul>\n","protected":false},"featured_media":12594,"template":"","meta":{"inline_featured_image":false},"product_brand":[],"product_cat":[159],"product_tag":[],"class_list":{"0":"post-12593","1":"product","2":"type-product","3":"status-publish","4":"has-post-thumbnail","6":"product_cat-hydrosaat","8":"first","9":"instock","10":"taxable","11":"shipping-taxable","12":"product-type-simple"},"yoast_head":"<!-- This site is optimized with the Yoast SEO plugin v25.3.1 - https:\/\/yoast.com\/wordpress\/plugins\/seo\/ -->\n<title>EURO-MAT F.G.M. - Comagricola Green Europe<\/title>\n<meta name=\"robots\" content=\"index, follow, max-snippet:-1, max-image-preview:large, max-video-preview:-1\" \/>\n<link rel=\"canonical\" href=\"https:\/\/www.comagricola.com\/de\/prodotto\/euro-mat-f-g-m\/\" \/>\n<meta property=\"og:locale\" content=\"de_DE\" \/>\n<meta property=\"og:type\" content=\"article\" \/>\n<meta property=\"og:title\" content=\"EURO-MAT F.G.M. - Comagricola Green Europe\" \/>\n<meta property=\"og:description\" content=\"Gebrauchsfertiger Mulch, 100% biologisch abbaubar.   &quot;Tempor\u00e4rer&quot; Schutz gegen Erosion (&gt;6 &lt;24 Monate)  Keimungsbeschleuniger  Leistungsverbesserung\" \/>\n<meta property=\"og:url\" content=\"https:\/\/www.comagricola.com\/de\/prodotto\/euro-mat-f-g-m\/\" \/>\n<meta property=\"og:site_name\" content=\"Comagricola Green Europe\" \/>\n<meta property=\"article:publisher\" content=\"https:\/\/it-it.facebook.com\/pages\/category\/Company\/Comagricola-Green-Europe-srl-1189465271123595\/\" \/>\n<meta property=\"og:image\" content=\"https:\/\/www.comagricola.com\/wp-content\/uploads\/2021\/01\/EURO-MAT-FGM.jpg\" \/>\n\t<meta property=\"og:image:width\" content=\"300\" \/>\n\t<meta property=\"og:image:height\" content=\"253\" \/>\n\t<meta property=\"og:image:type\" content=\"image\/jpeg\" \/>\n<meta name=\"twitter:card\" content=\"summary_large_image\" \/>\n<meta name=\"twitter:label1\" content=\"Gesch\u00e4tzte Lesezeit\" \/>\n\t<meta name=\"twitter:data1\" content=\"1\u00a0Minute\" \/>\n<script type=\"application\/ld+json\" class=\"yoast-schema-graph\">{\"@context\":\"https:\/\/schema.org\",\"@graph\":[{\"@type\":\"WebPage\",\"@id\":\"https:\/\/www.comagricola.com\/de\/prodotto\/euro-mat-f-g-m\/\",\"url\":\"https:\/\/www.comagricola.com\/de\/prodotto\/euro-mat-f-g-m\/\",\"name\":\"EURO-MAT F.G.M. - Comagricola Green Europe\",\"isPartOf\":{\"@id\":\"https:\/\/www.comagricola.com\/de\/#website\"},\"primaryImageOfPage\":{\"@id\":\"https:\/\/www.comagricola.com\/de\/prodotto\/euro-mat-f-g-m\/#primaryimage\"},\"image\":{\"@id\":\"https:\/\/www.comagricola.com\/de\/prodotto\/euro-mat-f-g-m\/#primaryimage\"},\"thumbnailUrl\":\"https:\/\/www.comagricola.com\/wp-content\/uploads\/2021\/01\/EURO-MAT-FGM.jpg\",\"datePublished\":\"2021-01-13T08:43:28+00:00\",\"breadcrumb\":{\"@id\":\"https:\/\/www.comagricola.com\/de\/prodotto\/euro-mat-f-g-m\/#breadcrumb\"},\"inLanguage\":\"de\",\"potentialAction\":[{\"@type\":\"ReadAction\",\"target\":[\"https:\/\/www.comagricola.com\/de\/prodotto\/euro-mat-f-g-m\/\"]}]},{\"@type\":\"ImageObject\",\"inLanguage\":\"de\",\"@id\":\"https:\/\/www.comagricola.com\/de\/prodotto\/euro-mat-f-g-m\/#primaryimage\",\"url\":\"https:\/\/www.comagricola.com\/wp-content\/uploads\/2021\/01\/EURO-MAT-FGM.jpg\",\"contentUrl\":\"https:\/\/www.comagricola.com\/wp-content\/uploads\/2021\/01\/EURO-MAT-FGM.jpg\",\"width\":300,\"height\":253},{\"@type\":\"BreadcrumbList\",\"@id\":\"https:\/\/www.comagricola.com\/de\/prodotto\/euro-mat-f-g-m\/#breadcrumb\",\"itemListElement\":[{\"@type\":\"ListItem\",\"position\":1,\"name\":\"Home\",\"item\":\"https:\/\/www.comagricola.com\/de\/\"},{\"@type\":\"ListItem\",\"position\":2,\"name\":\"Shop\",\"item\":\"https:\/\/www.comagricola.com\/de\/shop\/\"},{\"@type\":\"ListItem\",\"position\":3,\"name\":\"EURO-MAT F.G.M.\"}]},{\"@type\":\"WebSite\",\"@id\":\"https:\/\/www.comagricola.com\/de\/#website\",\"url\":\"https:\/\/www.comagricola.com\/de\/\",\"name\":\"Green Europe Comagricola\",\"description\":\"Semi e Fertilizzanti\",\"publisher\":{\"@id\":\"https:\/\/www.comagricola.com\/de\/#organization\"},\"potentialAction\":[{\"@type\":\"SearchAction\",\"target\":{\"@type\":\"EntryPoint\",\"urlTemplate\":\"https:\/\/www.comagricola.com\/de\/?s={search_term_string}\"},\"query-input\":{\"@type\":\"PropertyValueSpecification\",\"valueRequired\":true,\"valueName\":\"search_term_string\"}}],\"inLanguage\":\"de\"},{\"@type\":\"Organization\",\"@id\":\"https:\/\/www.comagricola.com\/de\/#organization\",\"name\":\"COMAGRICOLA GREEN EUROPE SRL\",\"url\":\"https:\/\/www.comagricola.com\/de\/\",\"logo\":{\"@type\":\"ImageObject\",\"inLanguage\":\"de\",\"@id\":\"https:\/\/www.comagricola.com\/de\/#\/schema\/logo\/image\/\",\"url\":\"https:\/\/www.comagricola.com\/wp-content\/uploads\/2020\/12\/logo-comagricola.svg\",\"contentUrl\":\"https:\/\/www.comagricola.com\/wp-content\/uploads\/2020\/12\/logo-comagricola.svg\",\"width\":\"1024\",\"height\":\"1024\",\"caption\":\"COMAGRICOLA GREEN EUROPE SRL\"},\"image\":{\"@id\":\"https:\/\/www.comagricola.com\/de\/#\/schema\/logo\/image\/\"},\"sameAs\":[\"https:\/\/it-it.facebook.com\/pages\/category\/Company\/Comagricola-Green-Europe-srl-1189465271123595\/\"]}]}<\/script>\n<!-- \/ Yoast SEO plugin. -->","yoast_head_json":{"title":"EURO-MAT F.G.M. - Comagricola Green Europe","robots":{"index":"index","follow":"follow","max-snippet":"max-snippet:-1","max-image-preview":"max-image-preview:large","max-video-preview":"max-video-preview:-1"},"canonical":"https:\/\/www.comagricola.com\/de\/prodotto\/euro-mat-f-g-m\/","og_locale":"de_DE","og_type":"article","og_title":"EURO-MAT F.G.M. - Comagricola Green Europe","og_description":"Gebrauchsfertiger Mulch, 100% biologisch abbaubar.   \"Tempor\u00e4rer\" Schutz gegen Erosion (&gt;6 &lt;24 Monate)  Keimungsbeschleuniger  Leistungsverbesserung","og_url":"https:\/\/www.comagricola.com\/de\/prodotto\/euro-mat-f-g-m\/","og_site_name":"Comagricola Green Europe","article_publisher":"https:\/\/it-it.facebook.com\/pages\/category\/Company\/Comagricola-Green-Europe-srl-1189465271123595\/","og_image":[{"width":300,"height":253,"url":"https:\/\/www.comagricola.com\/wp-content\/uploads\/2021\/01\/EURO-MAT-FGM.jpg","type":"image\/jpeg"}],"twitter_card":"summary_large_image","twitter_misc":{"Gesch\u00e4tzte Lesezeit":"1\u00a0Minute"},"schema":{"@context":"https:\/\/schema.org","@graph":[{"@type":"WebPage","@id":"https:\/\/www.comagricola.com\/de\/prodotto\/euro-mat-f-g-m\/","url":"https:\/\/www.comagricola.com\/de\/prodotto\/euro-mat-f-g-m\/","name":"EURO-MAT F.G.M. - Comagricola Green Europe","isPartOf":{"@id":"https:\/\/www.comagricola.com\/de\/#website"},"primaryImageOfPage":{"@id":"https:\/\/www.comagricola.com\/de\/prodotto\/euro-mat-f-g-m\/#primaryimage"},"image":{"@id":"https:\/\/www.comagricola.com\/de\/prodotto\/euro-mat-f-g-m\/#primaryimage"},"thumbnailUrl":"https:\/\/www.comagricola.com\/wp-content\/uploads\/2021\/01\/EURO-MAT-FGM.jpg","datePublished":"2021-01-13T08:43:28+00:00","breadcrumb":{"@id":"https:\/\/www.comagricola.com\/de\/prodotto\/euro-mat-f-g-m\/#breadcrumb"},"inLanguage":"de","potentialAction":[{"@type":"ReadAction","target":["https:\/\/www.comagricola.com\/de\/prodotto\/euro-mat-f-g-m\/"]}]},{"@type":"ImageObject","inLanguage":"de","@id":"https:\/\/www.comagricola.com\/de\/prodotto\/euro-mat-f-g-m\/#primaryimage","url":"https:\/\/www.comagricola.com\/wp-content\/uploads\/2021\/01\/EURO-MAT-FGM.jpg","contentUrl":"https:\/\/www.comagricola.com\/wp-content\/uploads\/2021\/01\/EURO-MAT-FGM.jpg","width":300,"height":253},{"@type":"BreadcrumbList","@id":"https:\/\/www.comagricola.com\/de\/prodotto\/euro-mat-f-g-m\/#breadcrumb","itemListElement":[{"@type":"ListItem","position":1,"name":"Home","item":"https:\/\/www.comagricola.com\/de\/"},{"@type":"ListItem","position":2,"name":"Shop","item":"https:\/\/www.comagricola.com\/de\/shop\/"},{"@type":"ListItem","position":3,"name":"EURO-MAT F.G.M."}]},{"@type":"WebSite","@id":"https:\/\/www.comagricola.com\/de\/#website","url":"https:\/\/www.comagricola.com\/de\/","name":"Green Europe Comagricola","description":"Semi e Fertilizzanti","publisher":{"@id":"https:\/\/www.comagricola.com\/de\/#organization"},"potentialAction":[{"@type":"SearchAction","target":{"@type":"EntryPoint","urlTemplate":"https:\/\/www.comagricola.com\/de\/?s={search_term_string}"},"query-input":{"@type":"PropertyValueSpecification","valueRequired":true,"valueName":"search_term_string"}}],"inLanguage":"de"},{"@type":"Organization","@id":"https:\/\/www.comagricola.com\/de\/#organization","name":"COMAGRICOLA GREEN EUROPE SRL","url":"https:\/\/www.comagricola.com\/de\/","logo":{"@type":"ImageObject","inLanguage":"de","@id":"https:\/\/www.comagricola.com\/de\/#\/schema\/logo\/image\/","url":"https:\/\/www.comagricola.com\/wp-content\/uploads\/2020\/12\/logo-comagricola.svg","contentUrl":"https:\/\/www.comagricola.com\/wp-content\/uploads\/2020\/12\/logo-comagricola.svg","width":"1024","height":"1024","caption":"COMAGRICOLA GREEN EUROPE SRL"},"image":{"@id":"https:\/\/www.comagricola.com\/de\/#\/schema\/logo\/image\/"},"sameAs":["https:\/\/it-it.facebook.com\/pages\/category\/Company\/Comagricola-Green-Europe-srl-1189465271123595\/"]}]}},"_links":{"self":[{"href":"https:\/\/www.comagricola.com\/de\/wp-json\/wp\/v2\/product\/12593","targetHints":{"allow":["GET"]}}],"collection":[{"href":"https:\/\/www.comagricola.com\/de\/wp-json\/wp\/v2\/product"}],"about":[{"href":"https:\/\/www.comagricola.com\/de\/wp-json\/wp\/v2\/types\/product"}],"wp:featuredmedia":[{"embeddable":true,"href":"https:\/\/www.comagricola.com\/de\/wp-json\/wp\/v2\/media\/12594"}],"wp:attachment":[{"href":"https:\/\/www.comagricola.com\/de\/wp-json\/wp\/v2\/media?parent=12593"}],"wp:term":[{"taxonomy":"product_brand","embeddable":true,"href":"https:\/\/www.comagricola.com\/de\/wp-json\/wp\/v2\/product_brand?post=12593"},{"taxonomy":"product_cat","embeddable":true,"href":"https:\/\/www.comagricola.com\/de\/wp-json\/wp\/v2\/product_cat?post=12593"},{"taxonomy":"product_tag","embeddable":true,"href":"https:\/\/www.comagricola.com\/de\/wp-json\/wp\/v2\/product_tag?post=12593"}],"curies":[{"name":"wp","href":"https:\/\/api.w.org\/{rel}","templated":true}]}}