{"id":12595,"date":"2021-01-13T11:16:31","date_gmt":"2021-01-13T10:16:31","guid":{"rendered":"https:\/\/www.comagricola.com\/prodotto\/hydro-mulch-100-holzfasern\/"},"modified":"2021-01-13T11:16:31","modified_gmt":"2021-01-13T10:16:31","slug":"hydro-mulch-100-holzfasern","status":"publish","type":"product","link":"https:\/\/www.comagricola.com\/de\/prodotto\/hydro-mulch-100-holzfasern\/","title":{"rendered":"HYDRO MULCH 100% Holzfasern"},"content":{"rendered":"<p>HYDRO-MULCH &#8220;UE&#8221; ist ein Pflanzenfaserkomplex (NFU 44-4551), der speziell f\u00fcr Hydrosaat- und Hydromulcharbeiten entwickelt wurde.<br \/>\nGewonnen aus &#8220;edlem&#8221; Material, ist es leicht biologisch abbaubar und wird von Pflanzen assimiliert.<\/p>\n<h4>AKTION<\/h4>\n<p><strong>Hydro-Mulch wirkt auf drei Ebenen:<\/strong><\/p>\n<ul>\n<li><strong>\u201eTempor\u00e4rer&#8221; Schutz vor Erosion (&lt;6 Monate)<\/strong>: Er bildet eine &#8220;Barriere&#8221;, die den Aufprall von Regen absorbiert (Spritzwasser-Effekt) und den Abfluss von Regenwasser f\u00f6rdert<\/li>\n<li><strong>Keimungsbeschleuniger:<\/strong> Seine Wasserr\u00fcckhaltekapazit\u00e4t erm\u00f6glicht es den Samen, sich in einer f\u00fcr Temperatur und Feuchtigkeit geeigneten Umgebung zu entwickeln, wobei Temperaturschwankungen und Verdunstung begrenzt werden.<\/li>\n<li><strong>Verbesserte Leistung:<\/strong> Verbessert die Mischung mit Saatgut, D\u00fcnger und Fixiermitteln durch homogenere Verteilung auf dem Boden. Sch\u00fctzt au\u00dferdem das Saatgut, indem es die Auswirkungen der Reibung w\u00e4hrend des Durchgangs durch die Pumpe der Hydrosaatausr\u00fcstung reduziert.<\/li>\n<\/ul>\n","protected":false},"excerpt":{"rendered":"<p><strong>Pflanzenfaserkomplex (NFU 44-4551), speziell entwickelt f\u00fcr Hydrosaat- und Hydromulcharbeiten<\/strong><\/p>\n<ul>\n<li>\u201eTempor\u00e4rer&#8221; Schutz gegen Erosion (&lt;6 Monate)<\/li>\n<li>Keimungsbeschleuniger<\/li>\n<li>Leistungsverbesserung<\/li>\n<\/ul>\n","protected":false},"featured_media":15544,"template":"","meta":{"inline_featured_image":false},"product_brand":[],"product_cat":[159],"product_tag":[],"class_list":{"0":"post-12595","1":"product","2":"type-product","3":"status-publish","4":"has-post-thumbnail","6":"product_cat-hydrosaat","8":"first","9":"instock","10":"taxable","11":"shipping-taxable","12":"product-type-simple"},"yoast_head":"<!-- This site is optimized with the Yoast SEO plugin v25.3.1 - https:\/\/yoast.com\/wordpress\/plugins\/seo\/ -->\n<title>HYDRO MULCH 100% Holzfasern - Comagricola Green Europe<\/title>\n<meta name=\"robots\" content=\"index, follow, max-snippet:-1, max-image-preview:large, max-video-preview:-1\" \/>\n<link rel=\"canonical\" href=\"https:\/\/www.comagricola.com\/de\/prodotto\/hydro-mulch-100-holzfasern\/\" \/>\n<meta property=\"og:locale\" content=\"de_DE\" \/>\n<meta property=\"og:type\" content=\"article\" \/>\n<meta property=\"og:title\" content=\"HYDRO MULCH 100% Holzfasern - Comagricola Green Europe\" \/>\n<meta property=\"og:description\" content=\"Pflanzenfaserkomplex (NFU 44-4551), speziell entwickelt f\u00fcr Hydrosaat- und Hydromulcharbeiten   \u201eTempor\u00e4rer&quot; Schutz gegen Erosion (&lt;6 Monate)  Keimungsbeschleuniger  Leistungsverbesserung\" \/>\n<meta property=\"og:url\" content=\"https:\/\/www.comagricola.com\/de\/prodotto\/hydro-mulch-100-holzfasern\/\" \/>\n<meta property=\"og:site_name\" content=\"Comagricola Green Europe\" \/>\n<meta property=\"article:publisher\" content=\"https:\/\/it-it.facebook.com\/pages\/category\/Company\/Comagricola-Green-Europe-srl-1189465271123595\/\" \/>\n<meta property=\"og:image\" content=\"https:\/\/www.comagricola.com\/wp-content\/uploads\/2021\/01\/HYDRO-MULCH-100-Fibre-di-legno.jpg\" \/>\n\t<meta property=\"og:image:width\" content=\"300\" \/>\n\t<meta property=\"og:image:height\" content=\"229\" \/>\n\t<meta property=\"og:image:type\" content=\"image\/jpeg\" \/>\n<meta name=\"twitter:card\" content=\"summary_large_image\" \/>\n<meta name=\"twitter:label1\" content=\"Gesch\u00e4tzte Lesezeit\" \/>\n\t<meta name=\"twitter:data1\" content=\"1\u00a0Minute\" \/>\n<script type=\"application\/ld+json\" class=\"yoast-schema-graph\">{\"@context\":\"https:\/\/schema.org\",\"@graph\":[{\"@type\":\"WebPage\",\"@id\":\"https:\/\/www.comagricola.com\/de\/prodotto\/hydro-mulch-100-holzfasern\/\",\"url\":\"https:\/\/www.comagricola.com\/de\/prodotto\/hydro-mulch-100-holzfasern\/\",\"name\":\"HYDRO MULCH 100% Holzfasern - Comagricola Green Europe\",\"isPartOf\":{\"@id\":\"https:\/\/www.comagricola.com\/de\/#website\"},\"primaryImageOfPage\":{\"@id\":\"https:\/\/www.comagricola.com\/de\/prodotto\/hydro-mulch-100-holzfasern\/#primaryimage\"},\"image\":{\"@id\":\"https:\/\/www.comagricola.com\/de\/prodotto\/hydro-mulch-100-holzfasern\/#primaryimage\"},\"thumbnailUrl\":\"https:\/\/www.comagricola.com\/wp-content\/uploads\/2021\/01\/Screenshot-2024-06-27-alle-14.20.24.png\",\"datePublished\":\"2021-01-13T10:16:31+00:00\",\"breadcrumb\":{\"@id\":\"https:\/\/www.comagricola.com\/de\/prodotto\/hydro-mulch-100-holzfasern\/#breadcrumb\"},\"inLanguage\":\"de\",\"potentialAction\":[{\"@type\":\"ReadAction\",\"target\":[\"https:\/\/www.comagricola.com\/de\/prodotto\/hydro-mulch-100-holzfasern\/\"]}]},{\"@type\":\"ImageObject\",\"inLanguage\":\"de\",\"@id\":\"https:\/\/www.comagricola.com\/de\/prodotto\/hydro-mulch-100-holzfasern\/#primaryimage\",\"url\":\"https:\/\/www.comagricola.com\/wp-content\/uploads\/2021\/01\/Screenshot-2024-06-27-alle-14.20.24.png\",\"contentUrl\":\"https:\/\/www.comagricola.com\/wp-content\/uploads\/2021\/01\/Screenshot-2024-06-27-alle-14.20.24.png\",\"width\":794,\"height\":782},{\"@type\":\"BreadcrumbList\",\"@id\":\"https:\/\/www.comagricola.com\/de\/prodotto\/hydro-mulch-100-holzfasern\/#breadcrumb\",\"itemListElement\":[{\"@type\":\"ListItem\",\"position\":1,\"name\":\"Home\",\"item\":\"https:\/\/www.comagricola.com\/de\/\"},{\"@type\":\"ListItem\",\"position\":2,\"name\":\"Shop\",\"item\":\"https:\/\/www.comagricola.com\/de\/shop\/\"},{\"@type\":\"ListItem\",\"position\":3,\"name\":\"HYDRO MULCH 100% Holzfasern\"}]},{\"@type\":\"WebSite\",\"@id\":\"https:\/\/www.comagricola.com\/de\/#website\",\"url\":\"https:\/\/www.comagricola.com\/de\/\",\"name\":\"Green Europe Comagricola\",\"description\":\"Semi e Fertilizzanti\",\"publisher\":{\"@id\":\"https:\/\/www.comagricola.com\/de\/#organization\"},\"potentialAction\":[{\"@type\":\"SearchAction\",\"target\":{\"@type\":\"EntryPoint\",\"urlTemplate\":\"https:\/\/www.comagricola.com\/de\/?s={search_term_string}\"},\"query-input\":{\"@type\":\"PropertyValueSpecification\",\"valueRequired\":true,\"valueName\":\"search_term_string\"}}],\"inLanguage\":\"de\"},{\"@type\":\"Organization\",\"@id\":\"https:\/\/www.comagricola.com\/de\/#organization\",\"name\":\"COMAGRICOLA GREEN EUROPE SRL\",\"url\":\"https:\/\/www.comagricola.com\/de\/\",\"logo\":{\"@type\":\"ImageObject\",\"inLanguage\":\"de\",\"@id\":\"https:\/\/www.comagricola.com\/de\/#\/schema\/logo\/image\/\",\"url\":\"https:\/\/www.comagricola.com\/wp-content\/uploads\/2020\/12\/logo-comagricola.svg\",\"contentUrl\":\"https:\/\/www.comagricola.com\/wp-content\/uploads\/2020\/12\/logo-comagricola.svg\",\"width\":\"1024\",\"height\":\"1024\",\"caption\":\"COMAGRICOLA GREEN EUROPE SRL\"},\"image\":{\"@id\":\"https:\/\/www.comagricola.com\/de\/#\/schema\/logo\/image\/\"},\"sameAs\":[\"https:\/\/it-it.facebook.com\/pages\/category\/Company\/Comagricola-Green-Europe-srl-1189465271123595\/\"]}]}<\/script>\n<!-- \/ Yoast SEO plugin. -->","yoast_head_json":{"title":"HYDRO MULCH 100% Holzfasern - Comagricola Green Europe","robots":{"index":"index","follow":"follow","max-snippet":"max-snippet:-1","max-image-preview":"max-image-preview:large","max-video-preview":"max-video-preview:-1"},"canonical":"https:\/\/www.comagricola.com\/de\/prodotto\/hydro-mulch-100-holzfasern\/","og_locale":"de_DE","og_type":"article","og_title":"HYDRO MULCH 100% Holzfasern - Comagricola Green Europe","og_description":"Pflanzenfaserkomplex (NFU 44-4551), speziell entwickelt f\u00fcr Hydrosaat- und Hydromulcharbeiten   \u201eTempor\u00e4rer\" Schutz gegen Erosion (&lt;6 Monate)  Keimungsbeschleuniger  Leistungsverbesserung","og_url":"https:\/\/www.comagricola.com\/de\/prodotto\/hydro-mulch-100-holzfasern\/","og_site_name":"Comagricola Green Europe","article_publisher":"https:\/\/it-it.facebook.com\/pages\/category\/Company\/Comagricola-Green-Europe-srl-1189465271123595\/","og_image":[{"width":300,"height":229,"url":"https:\/\/www.comagricola.com\/wp-content\/uploads\/2021\/01\/HYDRO-MULCH-100-Fibre-di-legno.jpg","type":"image\/jpeg"}],"twitter_card":"summary_large_image","twitter_misc":{"Gesch\u00e4tzte Lesezeit":"1\u00a0Minute"},"schema":{"@context":"https:\/\/schema.org","@graph":[{"@type":"WebPage","@id":"https:\/\/www.comagricola.com\/de\/prodotto\/hydro-mulch-100-holzfasern\/","url":"https:\/\/www.comagricola.com\/de\/prodotto\/hydro-mulch-100-holzfasern\/","name":"HYDRO MULCH 100% Holzfasern - Comagricola Green Europe","isPartOf":{"@id":"https:\/\/www.comagricola.com\/de\/#website"},"primaryImageOfPage":{"@id":"https:\/\/www.comagricola.com\/de\/prodotto\/hydro-mulch-100-holzfasern\/#primaryimage"},"image":{"@id":"https:\/\/www.comagricola.com\/de\/prodotto\/hydro-mulch-100-holzfasern\/#primaryimage"},"thumbnailUrl":"https:\/\/www.comagricola.com\/wp-content\/uploads\/2021\/01\/Screenshot-2024-06-27-alle-14.20.24.png","datePublished":"2021-01-13T10:16:31+00:00","breadcrumb":{"@id":"https:\/\/www.comagricola.com\/de\/prodotto\/hydro-mulch-100-holzfasern\/#breadcrumb"},"inLanguage":"de","potentialAction":[{"@type":"ReadAction","target":["https:\/\/www.comagricola.com\/de\/prodotto\/hydro-mulch-100-holzfasern\/"]}]},{"@type":"ImageObject","inLanguage":"de","@id":"https:\/\/www.comagricola.com\/de\/prodotto\/hydro-mulch-100-holzfasern\/#primaryimage","url":"https:\/\/www.comagricola.com\/wp-content\/uploads\/2021\/01\/Screenshot-2024-06-27-alle-14.20.24.png","contentUrl":"https:\/\/www.comagricola.com\/wp-content\/uploads\/2021\/01\/Screenshot-2024-06-27-alle-14.20.24.png","width":794,"height":782},{"@type":"BreadcrumbList","@id":"https:\/\/www.comagricola.com\/de\/prodotto\/hydro-mulch-100-holzfasern\/#breadcrumb","itemListElement":[{"@type":"ListItem","position":1,"name":"Home","item":"https:\/\/www.comagricola.com\/de\/"},{"@type":"ListItem","position":2,"name":"Shop","item":"https:\/\/www.comagricola.com\/de\/shop\/"},{"@type":"ListItem","position":3,"name":"HYDRO MULCH 100% Holzfasern"}]},{"@type":"WebSite","@id":"https:\/\/www.comagricola.com\/de\/#website","url":"https:\/\/www.comagricola.com\/de\/","name":"Green Europe Comagricola","description":"Semi e Fertilizzanti","publisher":{"@id":"https:\/\/www.comagricola.com\/de\/#organization"},"potentialAction":[{"@type":"SearchAction","target":{"@type":"EntryPoint","urlTemplate":"https:\/\/www.comagricola.com\/de\/?s={search_term_string}"},"query-input":{"@type":"PropertyValueSpecification","valueRequired":true,"valueName":"search_term_string"}}],"inLanguage":"de"},{"@type":"Organization","@id":"https:\/\/www.comagricola.com\/de\/#organization","name":"COMAGRICOLA GREEN EUROPE SRL","url":"https:\/\/www.comagricola.com\/de\/","logo":{"@type":"ImageObject","inLanguage":"de","@id":"https:\/\/www.comagricola.com\/de\/#\/schema\/logo\/image\/","url":"https:\/\/www.comagricola.com\/wp-content\/uploads\/2020\/12\/logo-comagricola.svg","contentUrl":"https:\/\/www.comagricola.com\/wp-content\/uploads\/2020\/12\/logo-comagricola.svg","width":"1024","height":"1024","caption":"COMAGRICOLA GREEN EUROPE SRL"},"image":{"@id":"https:\/\/www.comagricola.com\/de\/#\/schema\/logo\/image\/"},"sameAs":["https:\/\/it-it.facebook.com\/pages\/category\/Company\/Comagricola-Green-Europe-srl-1189465271123595\/"]}]}},"_links":{"self":[{"href":"https:\/\/www.comagricola.com\/de\/wp-json\/wp\/v2\/product\/12595","targetHints":{"allow":["GET"]}}],"collection":[{"href":"https:\/\/www.comagricola.com\/de\/wp-json\/wp\/v2\/product"}],"about":[{"href":"https:\/\/www.comagricola.com\/de\/wp-json\/wp\/v2\/types\/product"}],"wp:featuredmedia":[{"embeddable":true,"href":"https:\/\/www.comagricola.com\/de\/wp-json\/wp\/v2\/media\/15544"}],"wp:attachment":[{"href":"https:\/\/www.comagricola.com\/de\/wp-json\/wp\/v2\/media?parent=12595"}],"wp:term":[{"taxonomy":"product_brand","embeddable":true,"href":"https:\/\/www.comagricola.com\/de\/wp-json\/wp\/v2\/product_brand?post=12595"},{"taxonomy":"product_cat","embeddable":true,"href":"https:\/\/www.comagricola.com\/de\/wp-json\/wp\/v2\/product_cat?post=12595"},{"taxonomy":"product_tag","embeddable":true,"href":"https:\/\/www.comagricola.com\/de\/wp-json\/wp\/v2\/product_tag?post=12595"}],"curies":[{"name":"wp","href":"https:\/\/api.w.org\/{rel}","templated":true}]}}