{"id":12599,"date":"2021-01-13T11:49:42","date_gmt":"2021-01-13T10:49:42","guid":{"rendered":"https:\/\/www.comagricola.com\/prodotto\/soil-fix\/"},"modified":"2021-06-17T10:32:58","modified_gmt":"2021-06-17T08:32:58","slug":"soil-fix","status":"publish","type":"product","link":"https:\/\/www.comagricola.com\/de\/prodotto\/soil-fix\/","title":{"rendered":"SOIL-FIX"},"content":{"rendered":"<p><strong>SOIL-FIX<\/strong> ist ein wasserl\u00f6slicher Bodenstabilisator auf Polyacrylamid-Basis, der speziell f\u00fcr die Hydro-Saat entwickelt wurde.<br \/>\nEs reduziert die Bodenerosion durch Oberfl\u00e4chenwasserabfluss erheblich und erh\u00f6ht die Bodendurchl\u00e4ssigkeit.<br \/>\nKeine toxischen R\u00fcckst\u00e4nde in Wasser oder Boden nachgewiesen.<br \/>\nDas Produkt ist in den Vereinigten Staaten von der Food and Drug Administration und in Frankreich vom Gesundheitsministerium zugelassen.<\/p>\n<h4>AKTION<\/h4>\n<p><strong>Soil-fix wirkt auf drei Ebenen:<\/strong><\/p>\n<ul>\n<li><strong>Erh\u00f6hte Koh\u00e4sion von schwach strukturierten B\u00f6den und reduzierte Auswaschung:<br \/>\n<\/strong>Verringert den Abfluss von Bodensedimenten erheblich<br \/>\n95 % weniger Erosion<br \/>\n84 % weniger N\u00e4hrstoffauswaschung (Phosphate und Nitrate)<\/li>\n<\/ul>\n<ul>\n<li><strong>Verbesserte Bodenporosit\u00e4t:<br \/>\n<\/strong>F\u00f6rdert die Wasserinfiltration im Boden<br \/>\n35% auf tonig-lehmigen B\u00f6den<br \/>\n50% auf Lehmb\u00f6den<\/li>\n<\/ul>\n<ul>\n<li><strong>Verbesserte Keimung und Bewurzelung:<br \/>\n<\/strong>35% mehr f\u00fcr Pflanzen, die empfindlich auf schwere oder trockene B\u00f6den reagieren<\/li>\n<\/ul>\n","protected":false},"excerpt":{"rendered":"<p><strong>Bodenfixierer und Bodenverbesserer<\/strong><\/p>\n<ul>\n<li>Erh\u00f6hte Koh\u00e4sion von schwach strukturierten B\u00f6den und reduzierte Auswaschung<\/li>\n<li>Verbesserte Bodenporosit\u00e4t<\/li>\n<li>Verbesserte Keimung und Bewurzelung<\/li>\n<\/ul>\n","protected":false},"featured_media":12600,"template":"","meta":{"inline_featured_image":false},"product_brand":[],"product_cat":[159],"product_tag":[],"class_list":{"0":"post-12599","1":"product","2":"type-product","3":"status-publish","4":"has-post-thumbnail","6":"product_cat-hydrosaat","8":"first","9":"instock","10":"taxable","11":"shipping-taxable","12":"product-type-simple"},"yoast_head":"<!-- This site is optimized with the Yoast SEO plugin v25.3.1 - https:\/\/yoast.com\/wordpress\/plugins\/seo\/ -->\n<title>SOIL-FIX - Comagricola Green Europe<\/title>\n<meta name=\"robots\" content=\"index, follow, max-snippet:-1, max-image-preview:large, max-video-preview:-1\" \/>\n<link rel=\"canonical\" href=\"https:\/\/www.comagricola.com\/de\/prodotto\/soil-fix\/\" \/>\n<meta property=\"og:locale\" content=\"de_DE\" \/>\n<meta property=\"og:type\" content=\"article\" \/>\n<meta property=\"og:title\" content=\"SOIL-FIX - Comagricola Green Europe\" \/>\n<meta property=\"og:description\" content=\"Bodenfixierer und Bodenverbesserer   Erh\u00f6hte Koh\u00e4sion von schwach strukturierten B\u00f6den und reduzierte Auswaschung  Verbesserte Bodenporosit\u00e4t  Verbesserte Keimung und Bewurzelung\" \/>\n<meta property=\"og:url\" content=\"https:\/\/www.comagricola.com\/de\/prodotto\/soil-fix\/\" \/>\n<meta property=\"og:site_name\" content=\"Comagricola Green Europe\" \/>\n<meta property=\"article:publisher\" content=\"https:\/\/it-it.facebook.com\/pages\/category\/Company\/Comagricola-Green-Europe-srl-1189465271123595\/\" \/>\n<meta property=\"article:modified_time\" content=\"2021-06-17T08:32:58+00:00\" \/>\n<meta property=\"og:image\" content=\"https:\/\/www.comagricola.com\/wp-content\/uploads\/2021\/01\/Soil-fix.jpg\" \/>\n\t<meta property=\"og:image:width\" content=\"300\" \/>\n\t<meta property=\"og:image:height\" content=\"225\" \/>\n\t<meta property=\"og:image:type\" content=\"image\/jpeg\" \/>\n<meta name=\"twitter:card\" content=\"summary_large_image\" \/>\n<meta name=\"twitter:label1\" content=\"Gesch\u00e4tzte Lesezeit\" \/>\n\t<meta name=\"twitter:data1\" content=\"1\u00a0Minute\" \/>\n<script type=\"application\/ld+json\" class=\"yoast-schema-graph\">{\"@context\":\"https:\/\/schema.org\",\"@graph\":[{\"@type\":\"WebPage\",\"@id\":\"https:\/\/www.comagricola.com\/de\/prodotto\/soil-fix\/\",\"url\":\"https:\/\/www.comagricola.com\/de\/prodotto\/soil-fix\/\",\"name\":\"SOIL-FIX - Comagricola Green Europe\",\"isPartOf\":{\"@id\":\"https:\/\/www.comagricola.com\/de\/#website\"},\"primaryImageOfPage\":{\"@id\":\"https:\/\/www.comagricola.com\/de\/prodotto\/soil-fix\/#primaryimage\"},\"image\":{\"@id\":\"https:\/\/www.comagricola.com\/de\/prodotto\/soil-fix\/#primaryimage\"},\"thumbnailUrl\":\"https:\/\/www.comagricola.com\/wp-content\/uploads\/2021\/01\/Soil-fix.jpg\",\"datePublished\":\"2021-01-13T10:49:42+00:00\",\"dateModified\":\"2021-06-17T08:32:58+00:00\",\"breadcrumb\":{\"@id\":\"https:\/\/www.comagricola.com\/de\/prodotto\/soil-fix\/#breadcrumb\"},\"inLanguage\":\"de\",\"potentialAction\":[{\"@type\":\"ReadAction\",\"target\":[\"https:\/\/www.comagricola.com\/de\/prodotto\/soil-fix\/\"]}]},{\"@type\":\"ImageObject\",\"inLanguage\":\"de\",\"@id\":\"https:\/\/www.comagricola.com\/de\/prodotto\/soil-fix\/#primaryimage\",\"url\":\"https:\/\/www.comagricola.com\/wp-content\/uploads\/2021\/01\/Soil-fix.jpg\",\"contentUrl\":\"https:\/\/www.comagricola.com\/wp-content\/uploads\/2021\/01\/Soil-fix.jpg\",\"width\":300,\"height\":225},{\"@type\":\"BreadcrumbList\",\"@id\":\"https:\/\/www.comagricola.com\/de\/prodotto\/soil-fix\/#breadcrumb\",\"itemListElement\":[{\"@type\":\"ListItem\",\"position\":1,\"name\":\"Home\",\"item\":\"https:\/\/www.comagricola.com\/de\/\"},{\"@type\":\"ListItem\",\"position\":2,\"name\":\"Shop\",\"item\":\"https:\/\/www.comagricola.com\/de\/shop\/\"},{\"@type\":\"ListItem\",\"position\":3,\"name\":\"SOIL-FIX\"}]},{\"@type\":\"WebSite\",\"@id\":\"https:\/\/www.comagricola.com\/de\/#website\",\"url\":\"https:\/\/www.comagricola.com\/de\/\",\"name\":\"Green Europe Comagricola\",\"description\":\"Semi e Fertilizzanti\",\"publisher\":{\"@id\":\"https:\/\/www.comagricola.com\/de\/#organization\"},\"potentialAction\":[{\"@type\":\"SearchAction\",\"target\":{\"@type\":\"EntryPoint\",\"urlTemplate\":\"https:\/\/www.comagricola.com\/de\/?s={search_term_string}\"},\"query-input\":{\"@type\":\"PropertyValueSpecification\",\"valueRequired\":true,\"valueName\":\"search_term_string\"}}],\"inLanguage\":\"de\"},{\"@type\":\"Organization\",\"@id\":\"https:\/\/www.comagricola.com\/de\/#organization\",\"name\":\"COMAGRICOLA GREEN EUROPE SRL\",\"url\":\"https:\/\/www.comagricola.com\/de\/\",\"logo\":{\"@type\":\"ImageObject\",\"inLanguage\":\"de\",\"@id\":\"https:\/\/www.comagricola.com\/de\/#\/schema\/logo\/image\/\",\"url\":\"https:\/\/www.comagricola.com\/wp-content\/uploads\/2020\/12\/logo-comagricola.svg\",\"contentUrl\":\"https:\/\/www.comagricola.com\/wp-content\/uploads\/2020\/12\/logo-comagricola.svg\",\"width\":\"1024\",\"height\":\"1024\",\"caption\":\"COMAGRICOLA GREEN EUROPE SRL\"},\"image\":{\"@id\":\"https:\/\/www.comagricola.com\/de\/#\/schema\/logo\/image\/\"},\"sameAs\":[\"https:\/\/it-it.facebook.com\/pages\/category\/Company\/Comagricola-Green-Europe-srl-1189465271123595\/\"]}]}<\/script>\n<!-- \/ Yoast SEO plugin. -->","yoast_head_json":{"title":"SOIL-FIX - Comagricola Green Europe","robots":{"index":"index","follow":"follow","max-snippet":"max-snippet:-1","max-image-preview":"max-image-preview:large","max-video-preview":"max-video-preview:-1"},"canonical":"https:\/\/www.comagricola.com\/de\/prodotto\/soil-fix\/","og_locale":"de_DE","og_type":"article","og_title":"SOIL-FIX - Comagricola Green Europe","og_description":"Bodenfixierer und Bodenverbesserer   Erh\u00f6hte Koh\u00e4sion von schwach strukturierten B\u00f6den und reduzierte Auswaschung  Verbesserte Bodenporosit\u00e4t  Verbesserte Keimung und Bewurzelung","og_url":"https:\/\/www.comagricola.com\/de\/prodotto\/soil-fix\/","og_site_name":"Comagricola Green Europe","article_publisher":"https:\/\/it-it.facebook.com\/pages\/category\/Company\/Comagricola-Green-Europe-srl-1189465271123595\/","article_modified_time":"2021-06-17T08:32:58+00:00","og_image":[{"width":300,"height":225,"url":"https:\/\/www.comagricola.com\/wp-content\/uploads\/2021\/01\/Soil-fix.jpg","type":"image\/jpeg"}],"twitter_card":"summary_large_image","twitter_misc":{"Gesch\u00e4tzte Lesezeit":"1\u00a0Minute"},"schema":{"@context":"https:\/\/schema.org","@graph":[{"@type":"WebPage","@id":"https:\/\/www.comagricola.com\/de\/prodotto\/soil-fix\/","url":"https:\/\/www.comagricola.com\/de\/prodotto\/soil-fix\/","name":"SOIL-FIX - Comagricola Green Europe","isPartOf":{"@id":"https:\/\/www.comagricola.com\/de\/#website"},"primaryImageOfPage":{"@id":"https:\/\/www.comagricola.com\/de\/prodotto\/soil-fix\/#primaryimage"},"image":{"@id":"https:\/\/www.comagricola.com\/de\/prodotto\/soil-fix\/#primaryimage"},"thumbnailUrl":"https:\/\/www.comagricola.com\/wp-content\/uploads\/2021\/01\/Soil-fix.jpg","datePublished":"2021-01-13T10:49:42+00:00","dateModified":"2021-06-17T08:32:58+00:00","breadcrumb":{"@id":"https:\/\/www.comagricola.com\/de\/prodotto\/soil-fix\/#breadcrumb"},"inLanguage":"de","potentialAction":[{"@type":"ReadAction","target":["https:\/\/www.comagricola.com\/de\/prodotto\/soil-fix\/"]}]},{"@type":"ImageObject","inLanguage":"de","@id":"https:\/\/www.comagricola.com\/de\/prodotto\/soil-fix\/#primaryimage","url":"https:\/\/www.comagricola.com\/wp-content\/uploads\/2021\/01\/Soil-fix.jpg","contentUrl":"https:\/\/www.comagricola.com\/wp-content\/uploads\/2021\/01\/Soil-fix.jpg","width":300,"height":225},{"@type":"BreadcrumbList","@id":"https:\/\/www.comagricola.com\/de\/prodotto\/soil-fix\/#breadcrumb","itemListElement":[{"@type":"ListItem","position":1,"name":"Home","item":"https:\/\/www.comagricola.com\/de\/"},{"@type":"ListItem","position":2,"name":"Shop","item":"https:\/\/www.comagricola.com\/de\/shop\/"},{"@type":"ListItem","position":3,"name":"SOIL-FIX"}]},{"@type":"WebSite","@id":"https:\/\/www.comagricola.com\/de\/#website","url":"https:\/\/www.comagricola.com\/de\/","name":"Green Europe Comagricola","description":"Semi e Fertilizzanti","publisher":{"@id":"https:\/\/www.comagricola.com\/de\/#organization"},"potentialAction":[{"@type":"SearchAction","target":{"@type":"EntryPoint","urlTemplate":"https:\/\/www.comagricola.com\/de\/?s={search_term_string}"},"query-input":{"@type":"PropertyValueSpecification","valueRequired":true,"valueName":"search_term_string"}}],"inLanguage":"de"},{"@type":"Organization","@id":"https:\/\/www.comagricola.com\/de\/#organization","name":"COMAGRICOLA GREEN EUROPE SRL","url":"https:\/\/www.comagricola.com\/de\/","logo":{"@type":"ImageObject","inLanguage":"de","@id":"https:\/\/www.comagricola.com\/de\/#\/schema\/logo\/image\/","url":"https:\/\/www.comagricola.com\/wp-content\/uploads\/2020\/12\/logo-comagricola.svg","contentUrl":"https:\/\/www.comagricola.com\/wp-content\/uploads\/2020\/12\/logo-comagricola.svg","width":"1024","height":"1024","caption":"COMAGRICOLA GREEN EUROPE SRL"},"image":{"@id":"https:\/\/www.comagricola.com\/de\/#\/schema\/logo\/image\/"},"sameAs":["https:\/\/it-it.facebook.com\/pages\/category\/Company\/Comagricola-Green-Europe-srl-1189465271123595\/"]}]}},"_links":{"self":[{"href":"https:\/\/www.comagricola.com\/de\/wp-json\/wp\/v2\/product\/12599","targetHints":{"allow":["GET"]}}],"collection":[{"href":"https:\/\/www.comagricola.com\/de\/wp-json\/wp\/v2\/product"}],"about":[{"href":"https:\/\/www.comagricola.com\/de\/wp-json\/wp\/v2\/types\/product"}],"wp:featuredmedia":[{"embeddable":true,"href":"https:\/\/www.comagricola.com\/de\/wp-json\/wp\/v2\/media\/12600"}],"wp:attachment":[{"href":"https:\/\/www.comagricola.com\/de\/wp-json\/wp\/v2\/media?parent=12599"}],"wp:term":[{"taxonomy":"product_brand","embeddable":true,"href":"https:\/\/www.comagricola.com\/de\/wp-json\/wp\/v2\/product_brand?post=12599"},{"taxonomy":"product_cat","embeddable":true,"href":"https:\/\/www.comagricola.com\/de\/wp-json\/wp\/v2\/product_cat?post=12599"},{"taxonomy":"product_tag","embeddable":true,"href":"https:\/\/www.comagricola.com\/de\/wp-json\/wp\/v2\/product_tag?post=12599"}],"curies":[{"name":"wp","href":"https:\/\/api.w.org\/{rel}","templated":true}]}}