{"id":12748,"date":"2020-12-16T15:03:13","date_gmt":"2020-12-16T14:03:13","guid":{"rendered":"https:\/\/www.comagricola.com\/prodotto\/schatten-blumen\/"},"modified":"2021-06-16T12:47:08","modified_gmt":"2021-06-16T10:47:08","slug":"schatten-blumen","status":"publish","type":"product","link":"https:\/\/www.comagricola.com\/de\/prodotto\/schatten-blumen\/","title":{"rendered":"Schatten Blumen"},"content":{"rendered":"[vc_row][vc_column width=&#8221;3\/12&#8243;][vc_column_text]\n<h4>Dosierung S\u00e4en<\/h4>\n<p>da 1,5 a 3 gr\/mq[\/vc_column_text][\/vc_column][vc_column width=&#8221;9\/12&#8243;][vc_column_text]\n<table style=\"width: 100%; border-collapse: collapse; border-style: none;\" border=\"0\" cellspacing=\"0\" cellpadding=\"0\">\n<tbody>\n<tr>\n<td style=\"width: 151px; padding-right: 20px; border-style: none; vertical-align: top;\">\n<h4>ZUSAMMENSETZUNG<\/h4>\n<\/td>\n<td style=\"width: 166px; padding-right: 20px; vertical-align: top; border-style: none;\"><\/td>\n<td style=\"width: 166px; padding-right: 20px; vertical-align: top; border-style: none;\"><\/td>\n<\/tr>\n<tr>\n<td style=\"border-style: none; width: 33%; padding-right: 20px; vertical-align: top;\">Lotus corniculatus<br \/>\nAchillea millefolium<br \/>\n<strong>Anthemis tinctoria<\/strong><br \/>\nAquilegia vulgaris<br \/>\n<strong>Bellis perennis<\/strong><br \/>\nBorago officinalis<br \/>\nCalendula officinalis<br \/>\n<strong>Coreopsis tinctoria<\/strong><\/td>\n<td style=\"border-style: none; width: 33%; padding-right: 20px; vertical-align: top;\">Digitalis purpurea<br \/>\nErysimum cheirantoides<br \/>\nGalium verum<br \/>\nHesperis matronalis<br \/>\n<strong>Leucanthemum vulgare<\/strong><br \/>\n<strong>Linum perenne<\/strong><br \/>\nLobularia maritima<br \/>\nLunaria biennis<\/td>\n<td style=\"border-style: none; width: 33%; padding-right: 20px; vertical-align: top;\">Malva sylvestris<br \/>\nMyosotis alpestris\/sylvatica<br \/>\nOriganum vulgare<br \/>\nSalvia nemorosa<br \/>\nSilene dioica<br \/>\nViola tricolor\/cornuta<\/td>\n<\/tr>\n<\/tbody>\n<\/table>\n[\/vc_column_text][\/vc_column][\/vc_row]\n","protected":false},"excerpt":{"rendered":"<h3>\u00c4sthetik<\/h3>\n<p>Mischung, die durch die Auswahl von Essenzen, die die Bl\u00fcte bei der vegetativen Entwicklung beg\u00fcnstigen, f\u00fcr die Bl\u00fcte in stark beschatteten Bereichen entwickelt wurde.<br \/>\nIdeal f\u00fcr die Aussaat am Fu\u00dfe von Hecken, hohen B\u00e4umen oder in der N\u00e4he von Wohngeb\u00e4uden. Sie erreichen eine H\u00f6he von 40 bis 80 cm.<\/p>\n","protected":false},"featured_media":12749,"template":"","meta":{"inline_featured_image":false},"product_brand":[],"product_cat":[146,149],"product_tag":[],"class_list":{"0":"post-12748","1":"product","2":"type-product","3":"status-publish","4":"has-post-thumbnail","6":"product_cat-blumenwiese","7":"product_cat-speziale","9":"first","10":"instock","11":"taxable","12":"shipping-taxable","13":"product-type-simple"},"yoast_head":"<!-- This site is optimized with the Yoast SEO plugin v25.3.1 - https:\/\/yoast.com\/wordpress\/plugins\/seo\/ -->\n<title>Schatten Blumen - Comagricola Green Europe<\/title>\n<meta name=\"robots\" content=\"index, follow, max-snippet:-1, max-image-preview:large, max-video-preview:-1\" \/>\n<link rel=\"canonical\" href=\"https:\/\/www.comagricola.com\/de\/prodotto\/schatten-blumen\/\" \/>\n<meta property=\"og:locale\" content=\"de_DE\" \/>\n<meta property=\"og:type\" content=\"article\" \/>\n<meta property=\"og:title\" content=\"Schatten Blumen - Comagricola Green Europe\" \/>\n<meta property=\"og:description\" content=\"\u00c4sthetik Mischung, die durch die Auswahl von Essenzen, die die Bl\u00fcte bei der vegetativen Entwicklung beg\u00fcnstigen, f\u00fcr die Bl\u00fcte in stark beschatteten Bereichen entwickelt wurde. Ideal f\u00fcr die Aussaat am Fu\u00dfe von Hecken, hohen B\u00e4umen oder in der N\u00e4he von Wohngeb\u00e4uden. Sie erreichen eine H\u00f6he von 40 bis 80 cm.\" \/>\n<meta property=\"og:url\" content=\"https:\/\/www.comagricola.com\/de\/prodotto\/schatten-blumen\/\" \/>\n<meta property=\"og:site_name\" content=\"Comagricola Green Europe\" \/>\n<meta property=\"article:publisher\" content=\"https:\/\/it-it.facebook.com\/pages\/category\/Company\/Comagricola-Green-Europe-srl-1189465271123595\/\" \/>\n<meta property=\"article:modified_time\" content=\"2021-06-16T10:47:08+00:00\" \/>\n<meta property=\"og:image\" content=\"https:\/\/www.comagricola.com\/wp-content\/uploads\/2020\/12\/Ombre-fleuri.jpg\" \/>\n\t<meta property=\"og:image:width\" content=\"495\" \/>\n\t<meta property=\"og:image:height\" content=\"372\" \/>\n\t<meta property=\"og:image:type\" content=\"image\/jpeg\" \/>\n<meta name=\"twitter:card\" content=\"summary_large_image\" \/>\n<script type=\"application\/ld+json\" class=\"yoast-schema-graph\">{\"@context\":\"https:\/\/schema.org\",\"@graph\":[{\"@type\":\"WebPage\",\"@id\":\"https:\/\/www.comagricola.com\/de\/prodotto\/schatten-blumen\/\",\"url\":\"https:\/\/www.comagricola.com\/de\/prodotto\/schatten-blumen\/\",\"name\":\"Schatten Blumen - Comagricola Green Europe\",\"isPartOf\":{\"@id\":\"https:\/\/www.comagricola.com\/de\/#website\"},\"primaryImageOfPage\":{\"@id\":\"https:\/\/www.comagricola.com\/de\/prodotto\/schatten-blumen\/#primaryimage\"},\"image\":{\"@id\":\"https:\/\/www.comagricola.com\/de\/prodotto\/schatten-blumen\/#primaryimage\"},\"thumbnailUrl\":\"https:\/\/www.comagricola.com\/wp-content\/uploads\/2020\/12\/Ombre-fleuri.jpg\",\"datePublished\":\"2020-12-16T14:03:13+00:00\",\"dateModified\":\"2021-06-16T10:47:08+00:00\",\"breadcrumb\":{\"@id\":\"https:\/\/www.comagricola.com\/de\/prodotto\/schatten-blumen\/#breadcrumb\"},\"inLanguage\":\"de\",\"potentialAction\":[{\"@type\":\"ReadAction\",\"target\":[\"https:\/\/www.comagricola.com\/de\/prodotto\/schatten-blumen\/\"]}]},{\"@type\":\"ImageObject\",\"inLanguage\":\"de\",\"@id\":\"https:\/\/www.comagricola.com\/de\/prodotto\/schatten-blumen\/#primaryimage\",\"url\":\"https:\/\/www.comagricola.com\/wp-content\/uploads\/2020\/12\/Ombre-fleuri.jpg\",\"contentUrl\":\"https:\/\/www.comagricola.com\/wp-content\/uploads\/2020\/12\/Ombre-fleuri.jpg\",\"width\":495,\"height\":372},{\"@type\":\"BreadcrumbList\",\"@id\":\"https:\/\/www.comagricola.com\/de\/prodotto\/schatten-blumen\/#breadcrumb\",\"itemListElement\":[{\"@type\":\"ListItem\",\"position\":1,\"name\":\"Home\",\"item\":\"https:\/\/www.comagricola.com\/de\/\"},{\"@type\":\"ListItem\",\"position\":2,\"name\":\"Shop\",\"item\":\"https:\/\/www.comagricola.com\/de\/shop\/\"},{\"@type\":\"ListItem\",\"position\":3,\"name\":\"Schatten Blumen\"}]},{\"@type\":\"WebSite\",\"@id\":\"https:\/\/www.comagricola.com\/de\/#website\",\"url\":\"https:\/\/www.comagricola.com\/de\/\",\"name\":\"Green Europe Comagricola\",\"description\":\"Semi e Fertilizzanti\",\"publisher\":{\"@id\":\"https:\/\/www.comagricola.com\/de\/#organization\"},\"potentialAction\":[{\"@type\":\"SearchAction\",\"target\":{\"@type\":\"EntryPoint\",\"urlTemplate\":\"https:\/\/www.comagricola.com\/de\/?s={search_term_string}\"},\"query-input\":{\"@type\":\"PropertyValueSpecification\",\"valueRequired\":true,\"valueName\":\"search_term_string\"}}],\"inLanguage\":\"de\"},{\"@type\":\"Organization\",\"@id\":\"https:\/\/www.comagricola.com\/de\/#organization\",\"name\":\"COMAGRICOLA GREEN EUROPE SRL\",\"url\":\"https:\/\/www.comagricola.com\/de\/\",\"logo\":{\"@type\":\"ImageObject\",\"inLanguage\":\"de\",\"@id\":\"https:\/\/www.comagricola.com\/de\/#\/schema\/logo\/image\/\",\"url\":\"https:\/\/www.comagricola.com\/wp-content\/uploads\/2020\/12\/logo-comagricola.svg\",\"contentUrl\":\"https:\/\/www.comagricola.com\/wp-content\/uploads\/2020\/12\/logo-comagricola.svg\",\"width\":\"1024\",\"height\":\"1024\",\"caption\":\"COMAGRICOLA GREEN EUROPE SRL\"},\"image\":{\"@id\":\"https:\/\/www.comagricola.com\/de\/#\/schema\/logo\/image\/\"},\"sameAs\":[\"https:\/\/it-it.facebook.com\/pages\/category\/Company\/Comagricola-Green-Europe-srl-1189465271123595\/\"]}]}<\/script>\n<!-- \/ Yoast SEO plugin. -->","yoast_head_json":{"title":"Schatten Blumen - Comagricola Green Europe","robots":{"index":"index","follow":"follow","max-snippet":"max-snippet:-1","max-image-preview":"max-image-preview:large","max-video-preview":"max-video-preview:-1"},"canonical":"https:\/\/www.comagricola.com\/de\/prodotto\/schatten-blumen\/","og_locale":"de_DE","og_type":"article","og_title":"Schatten Blumen - Comagricola Green Europe","og_description":"\u00c4sthetik Mischung, die durch die Auswahl von Essenzen, die die Bl\u00fcte bei der vegetativen Entwicklung beg\u00fcnstigen, f\u00fcr die Bl\u00fcte in stark beschatteten Bereichen entwickelt wurde. Ideal f\u00fcr die Aussaat am Fu\u00dfe von Hecken, hohen B\u00e4umen oder in der N\u00e4he von Wohngeb\u00e4uden. Sie erreichen eine H\u00f6he von 40 bis 80 cm.","og_url":"https:\/\/www.comagricola.com\/de\/prodotto\/schatten-blumen\/","og_site_name":"Comagricola Green Europe","article_publisher":"https:\/\/it-it.facebook.com\/pages\/category\/Company\/Comagricola-Green-Europe-srl-1189465271123595\/","article_modified_time":"2021-06-16T10:47:08+00:00","og_image":[{"width":495,"height":372,"url":"https:\/\/www.comagricola.com\/wp-content\/uploads\/2020\/12\/Ombre-fleuri.jpg","type":"image\/jpeg"}],"twitter_card":"summary_large_image","schema":{"@context":"https:\/\/schema.org","@graph":[{"@type":"WebPage","@id":"https:\/\/www.comagricola.com\/de\/prodotto\/schatten-blumen\/","url":"https:\/\/www.comagricola.com\/de\/prodotto\/schatten-blumen\/","name":"Schatten Blumen - Comagricola Green Europe","isPartOf":{"@id":"https:\/\/www.comagricola.com\/de\/#website"},"primaryImageOfPage":{"@id":"https:\/\/www.comagricola.com\/de\/prodotto\/schatten-blumen\/#primaryimage"},"image":{"@id":"https:\/\/www.comagricola.com\/de\/prodotto\/schatten-blumen\/#primaryimage"},"thumbnailUrl":"https:\/\/www.comagricola.com\/wp-content\/uploads\/2020\/12\/Ombre-fleuri.jpg","datePublished":"2020-12-16T14:03:13+00:00","dateModified":"2021-06-16T10:47:08+00:00","breadcrumb":{"@id":"https:\/\/www.comagricola.com\/de\/prodotto\/schatten-blumen\/#breadcrumb"},"inLanguage":"de","potentialAction":[{"@type":"ReadAction","target":["https:\/\/www.comagricola.com\/de\/prodotto\/schatten-blumen\/"]}]},{"@type":"ImageObject","inLanguage":"de","@id":"https:\/\/www.comagricola.com\/de\/prodotto\/schatten-blumen\/#primaryimage","url":"https:\/\/www.comagricola.com\/wp-content\/uploads\/2020\/12\/Ombre-fleuri.jpg","contentUrl":"https:\/\/www.comagricola.com\/wp-content\/uploads\/2020\/12\/Ombre-fleuri.jpg","width":495,"height":372},{"@type":"BreadcrumbList","@id":"https:\/\/www.comagricola.com\/de\/prodotto\/schatten-blumen\/#breadcrumb","itemListElement":[{"@type":"ListItem","position":1,"name":"Home","item":"https:\/\/www.comagricola.com\/de\/"},{"@type":"ListItem","position":2,"name":"Shop","item":"https:\/\/www.comagricola.com\/de\/shop\/"},{"@type":"ListItem","position":3,"name":"Schatten Blumen"}]},{"@type":"WebSite","@id":"https:\/\/www.comagricola.com\/de\/#website","url":"https:\/\/www.comagricola.com\/de\/","name":"Green Europe Comagricola","description":"Semi e Fertilizzanti","publisher":{"@id":"https:\/\/www.comagricola.com\/de\/#organization"},"potentialAction":[{"@type":"SearchAction","target":{"@type":"EntryPoint","urlTemplate":"https:\/\/www.comagricola.com\/de\/?s={search_term_string}"},"query-input":{"@type":"PropertyValueSpecification","valueRequired":true,"valueName":"search_term_string"}}],"inLanguage":"de"},{"@type":"Organization","@id":"https:\/\/www.comagricola.com\/de\/#organization","name":"COMAGRICOLA GREEN EUROPE SRL","url":"https:\/\/www.comagricola.com\/de\/","logo":{"@type":"ImageObject","inLanguage":"de","@id":"https:\/\/www.comagricola.com\/de\/#\/schema\/logo\/image\/","url":"https:\/\/www.comagricola.com\/wp-content\/uploads\/2020\/12\/logo-comagricola.svg","contentUrl":"https:\/\/www.comagricola.com\/wp-content\/uploads\/2020\/12\/logo-comagricola.svg","width":"1024","height":"1024","caption":"COMAGRICOLA GREEN EUROPE SRL"},"image":{"@id":"https:\/\/www.comagricola.com\/de\/#\/schema\/logo\/image\/"},"sameAs":["https:\/\/it-it.facebook.com\/pages\/category\/Company\/Comagricola-Green-Europe-srl-1189465271123595\/"]}]}},"_links":{"self":[{"href":"https:\/\/www.comagricola.com\/de\/wp-json\/wp\/v2\/product\/12748","targetHints":{"allow":["GET"]}}],"collection":[{"href":"https:\/\/www.comagricola.com\/de\/wp-json\/wp\/v2\/product"}],"about":[{"href":"https:\/\/www.comagricola.com\/de\/wp-json\/wp\/v2\/types\/product"}],"wp:featuredmedia":[{"embeddable":true,"href":"https:\/\/www.comagricola.com\/de\/wp-json\/wp\/v2\/media\/12749"}],"wp:attachment":[{"href":"https:\/\/www.comagricola.com\/de\/wp-json\/wp\/v2\/media?parent=12748"}],"wp:term":[{"taxonomy":"product_brand","embeddable":true,"href":"https:\/\/www.comagricola.com\/de\/wp-json\/wp\/v2\/product_brand?post=12748"},{"taxonomy":"product_cat","embeddable":true,"href":"https:\/\/www.comagricola.com\/de\/wp-json\/wp\/v2\/product_cat?post=12748"},{"taxonomy":"product_tag","embeddable":true,"href":"https:\/\/www.comagricola.com\/de\/wp-json\/wp\/v2\/product_tag?post=12748"}],"curies":[{"name":"wp","href":"https:\/\/api.w.org\/{rel}","templated":true}]}}